{"id":5861,"date":"2022-06-06T07:46:33","date_gmt":"2022-06-06T07:46:33","guid":{"rendered":"https:\/\/spskincare.ee\/aparaatkosmetoloogia-overline\/"},"modified":"2023-07-06T10:35:45","modified_gmt":"2023-07-06T10:35:45","slug":"aparaatkosmetoloogia-overline","status":"publish","type":"page","link":"https:\/\/spskincare.ee\/et\/aparaatkosmetoloogia-overline\/","title":{"rendered":"APARAATKOSMETOLOOGIA OVERLINE"},"content":{"rendered":"\t\t<div data-elementor-type=\"wp-page\" data-elementor-id=\"5861\" class=\"elementor elementor-5861 elementor-25\">\n\t\t\t\t\t\t<section class=\"elementor-section elementor-top-section elementor-element elementor-element-9856b16 elementor-section-content-bottom elementor-reverse-tablet elementor-reverse-mobile_extra elementor-reverse-mobile elementor-section-boxed elementor-section-height-default elementor-section-height-default\" data-id=\"9856b16\" data-element_type=\"section\">\n\t\t\t\t\t\t<div class=\"elementor-container elementor-column-gap-wide\">\n\t\t\t\t\t<div class=\"elementor-column elementor-col-50 elementor-top-column elementor-element elementor-element-3b04e2c\" data-id=\"3b04e2c\" data-element_type=\"column\">\n\t\t\t<div class=\"elementor-widget-wrap elementor-element-populated\">\n\t\t\t\t\t\t<div class=\"elementor-element elementor-element-246a256 elementor-widget elementor-widget-image\" data-id=\"246a256\" data-element_type=\"widget\" data-widget_type=\"image.default\">\n\t\t\t\t<div class=\"elementor-widget-container\">\n\t\t\t\t\t\t\t\t\t\t\t\t\t\t\t<img fetchpriority=\"high\" decoding=\"async\" width=\"682\" height=\"1024\" src=\"https:\/\/spskincare.ee\/wp-content\/uploads\/2023\/06\/photo_2023-06-19-08.19.52-682x1024.jpeg\" class=\"attachment-large size-large wp-image-5632\" alt=\"\" srcset=\"https:\/\/spskincare.ee\/wp-content\/uploads\/2023\/06\/photo_2023-06-19-08.19.52-682x1024.jpeg 682w, https:\/\/spskincare.ee\/wp-content\/uploads\/2023\/06\/photo_2023-06-19-08.19.52-200x300.jpeg 200w, https:\/\/spskincare.ee\/wp-content\/uploads\/2023\/06\/photo_2023-06-19-08.19.52-768x1152.jpeg 768w, https:\/\/spskincare.ee\/wp-content\/uploads\/2023\/06\/photo_2023-06-19-08.19.52-600x900.jpeg 600w, https:\/\/spskincare.ee\/wp-content\/uploads\/2023\/06\/photo_2023-06-19-08.19.52.jpeg 853w\" sizes=\"(max-width: 682px) 100vw, 682px\" \/>\t\t\t\t\t\t\t\t\t\t\t\t\t\t\t<\/div>\n\t\t\t\t<\/div>\n\t\t\t\t\t<\/div>\n\t\t<\/div>\n\t\t\t\t<div class=\"elementor-column elementor-col-50 elementor-top-column elementor-element elementor-element-ded06dc\" data-id=\"ded06dc\" data-element_type=\"column\">\n\t\t\t<div class=\"elementor-widget-wrap elementor-element-populated\">\n\t\t\t\t\t\t<div class=\"elementor-element elementor-element-11196c3 subheading-pos-laptop-below subheading-pos-tablet-aside subheading-pos-mobile_extra-aside subheading-pos-aside subheading-pos-tablet_extra-below subheading-pos-mobile-below elementor-widget elementor-widget-beautium_heading\" data-id=\"11196c3\" data-element_type=\"widget\" data-widget_type=\"beautium_heading.default\">\n\t\t\t\t<div class=\"elementor-widget-container\">\n\t\t\t\t\t<div class=\"beautium-heading-widget\"><div class=\"beautium-heading\"><h2 class=\"beautium-heading-content\">APARAATKOSMETOLOOGIA\u00a0<\/h2><span class=\"beautium-subheading\">Overline<\/span><\/div><\/div>\t\t\t\t<\/div>\n\t\t\t\t<\/div>\n\t\t\t\t<div class=\"elementor-element elementor-element-ef3c37a elementor-widget elementor-widget-text-editor\" data-id=\"ef3c37a\" data-element_type=\"widget\" data-widget_type=\"text-editor.default\">\n\t\t\t\t<div class=\"elementor-widget-container\">\n\t\t\t\t\t\t\t\t\t<p>Ilumasina klass &#8211; deluxe<\/p>\n<p>P\u00e4ritoluriik &#8211; Itaalia<span class=\"Apple-converted-space\"> <\/span><\/p>\n<p>Sertifitseerimine \u2013 ISO, CE<\/p>\n<p>Spetsiaalselt meie jaoks ehitatud lisafunktsioonidega meie tootmiskohas Milanos.<\/p>\n<p>Seade on multifunktsionaalne, m\u00f5eldud t\u00e4isvalikuks n\u00e4ohooldusteks, vastab klientide k\u00f5rgeimatele n\u00f5udmistele.<\/p>\n<p>Overline \u043f\u043e\u0437\u0432\u043e\u043b\u044f\u0435\u0442 \u0432\u044b\u043f\u043e\u043b\u043d\u044f\u0442\u044c \u0432\u0441\u0435 \u043f\u0440\u043e\u0446\u0435\u0434\u0443\u0440\u044b \u0430\u0431\u0441\u043e\u043b\u044e\u0442\u043d\u043e \u0431\u0435\u0437\u0431\u043e\u043b\u0435\u0437\u043d\u0435\u043d\u043d\u043e \u0438 \u0441 \u043c\u0430\u043a\u0441\u0438\u043c\u0430\u043b\u044c\u043d\u044b\u043c \u044d\u0444\u0444\u0435\u043a\u0442\u043e\u043c \u0434\u043b\u044f \u043a\u043b\u0438\u0435\u043d\u0442\u0430.<\/p>\n\t\t\t\t\t\t\t\t<\/div>\n\t\t\t\t<\/div>\n\t\t\t\t\t<\/div>\n\t\t<\/div>\n\t\t\t\t\t<\/div>\n\t\t<\/section>\n\t\t\t\t<section class=\"elementor-section elementor-top-section elementor-element elementor-element-fb707f3 elementor-section-boxed elementor-section-height-default elementor-section-height-default\" data-id=\"fb707f3\" data-element_type=\"section\">\n\t\t\t\t\t\t<div class=\"elementor-container elementor-column-gap-default\">\n\t\t\t\t\t<div class=\"elementor-column elementor-col-50 elementor-top-column elementor-element elementor-element-2d806af\" data-id=\"2d806af\" data-element_type=\"column\">\n\t\t\t<div class=\"elementor-widget-wrap elementor-element-populated\">\n\t\t\t\t\t\t<div class=\"elementor-element elementor-element-4908451 elementor-widget elementor-widget-text-editor\" data-id=\"4908451\" data-element_type=\"widget\" data-widget_type=\"text-editor.default\">\n\t\t\t\t<div class=\"elementor-widget-container\">\n\t\t\t\t\t\t\t\t\t<p><strong>Aparaadi funktsioonid:<\/strong><\/p>\n<p>1. Naha niiskuse kontroll <br \/>2. Mehaaniline koorimine pintslitega<br \/>3. Ultraheli<br \/>4. Galvaaniline vool<br \/>5. Teemantlihvimine (n\u00e4ole ja kehale)<br \/>6. RF lifting (n\u00e4ole)<br \/>7. Elektroporatsioon<br \/>8. Mikrovoolud<br \/>9. Bipolaarne elektriline stimulatsioon (mikrovoolude t\u00fc\u00fcp)<br \/>10. Endodermaalne massaa\u017e<\/p>\n\t\t\t\t\t\t\t\t<\/div>\n\t\t\t\t<\/div>\n\t\t\t\t\t<\/div>\n\t\t<\/div>\n\t\t\t\t<div class=\"elementor-column elementor-col-50 elementor-top-column elementor-element elementor-element-2bad9f2\" data-id=\"2bad9f2\" data-element_type=\"column\">\n\t\t\t<div class=\"elementor-widget-wrap elementor-element-populated\">\n\t\t\t\t\t\t<div class=\"elementor-element elementor-element-19676be elementor-widget elementor-widget-text-editor\" data-id=\"19676be\" data-element_type=\"widget\" data-widget_type=\"text-editor.default\">\n\t\t\t\t<div class=\"elementor-widget-container\">\n\t\t\t\t\t\t\t\t\t<p><strong><b>N\u00e4idustused:<\/b><\/strong><\/p>\n<ul>\n<li>-Probleemne nahk<\/li>\n<li> &#8211; Paistetus<\/li>\n<li>-Eba\u00fchtlane jume<\/li>\n<li>-Vanusega seotud muutused (kortsud, ptoos jne)<\/li>\n<li>-Lihaste toonuse, elastsuse kaotus<\/li>\n<\/ul>\n\t\t\t\t\t\t\t\t<\/div>\n\t\t\t\t<\/div>\n\t\t\t\t\t<\/div>\n\t\t<\/div>\n\t\t\t\t\t<\/div>\n\t\t<\/section>\n\t\t\t\t<section class=\"elementor-section elementor-top-section elementor-element elementor-element-a19fff1 elementor-section-boxed elementor-section-height-default elementor-section-height-default\" data-id=\"a19fff1\" data-element_type=\"section\">\n\t\t\t\t\t\t<div class=\"elementor-container elementor-column-gap-default\">\n\t\t\t\t\t<div class=\"elementor-column elementor-col-100 elementor-top-column elementor-element elementor-element-b195f55\" data-id=\"b195f55\" data-element_type=\"column\">\n\t\t\t<div class=\"elementor-widget-wrap elementor-element-populated\">\n\t\t\t\t\t\t<div class=\"elementor-element elementor-element-24c074b elementor-widget elementor-widget-text-editor\" data-id=\"24c074b\" data-element_type=\"widget\" data-widget_type=\"text-editor.default\">\n\t\t\t\t<div class=\"elementor-widget-container\">\n\t\t\t\t\t\t\t\t\t<p><b>Vastun\u00e4idustused:<\/b><\/p>\n<ul>\n<li>-Kardiovaskulaars\u00fcsteemi haigused<\/li>\n<li>-Pahaloomulised kasvajad<\/li>\n<li>-H\u00fcpertoonia<\/li>\n<li>-Ajuveresoonte v\u00e4ljendunud skleroos<\/li>\n<li>-Verehaigused<\/li>\n<li>-Verejooksud v\u00f5i kalduvus sellele<\/li>\n<li>&#8211; Kahheksia<\/li>\n<li>&#8211; Palavik (kehatemperatuur 38 kraadi v\u00f5i \u00fcle)<\/li>\n<li>-Vaimse tervise h\u00e4ired (epilepsia, h\u00fcsteeria, ps\u00fchhoos)<\/li>\n<li>-Ateroskleroos, peamiselt koronaar- ja ajuveresooned;<\/li>\n<li>-Neerude, maksa ja kilpn\u00e4\u00e4rme funktsiooni kahjustus<\/li>\n<li>-Rasedus, imetamine (1 kuu alates imetamise l\u00f5petamise hetkest)<\/li>\n<li>-Naha terviklikkuse rikkumine kahjustatud piirkonnas<\/li>\n<li>-Nahahaigused \u00e4gedas staadiumis, protseduuri piirkonnas<\/li>\n<li>-M\u00e4dased ja seenhaiguste nahakahjustused<\/li>\n<\/ul>\n\t\t\t\t\t\t\t\t<\/div>\n\t\t\t\t<\/div>\n\t\t\t\t\t<\/div>\n\t\t<\/div>\n\t\t\t\t\t<\/div>\n\t\t<\/section>\n\t\t\t\t<section class=\"elementor-section elementor-top-section elementor-element elementor-element-4af431f elementor-section-boxed elementor-section-height-default elementor-section-height-default\" data-id=\"4af431f\" data-element_type=\"section\">\n\t\t\t\t\t\t<div class=\"elementor-container elementor-column-gap-default\">\n\t\t\t\t\t<div class=\"elementor-column elementor-col-100 elementor-top-column elementor-element elementor-element-b39160c\" data-id=\"b39160c\" data-element_type=\"column\">\n\t\t\t<div class=\"elementor-widget-wrap elementor-element-populated\">\n\t\t\t\t\t\t<div class=\"elementor-element elementor-element-b7a67e7 elementor-widget elementor-widget-beautium_heading\" data-id=\"b7a67e7\" data-element_type=\"widget\" data-widget_type=\"beautium_heading.default\">\n\t\t\t\t<div class=\"elementor-widget-container\">\n\t\t\t\t\t<div class=\"beautium-heading-widget\"><div class=\"beautium-heading\"><h2 class=\"beautium-heading-content\">Overline<\/h2><\/div><\/div>\t\t\t\t<\/div>\n\t\t\t\t<\/div>\n\t\t\t\t\t<\/div>\n\t\t<\/div>\n\t\t\t\t\t<\/div>\n\t\t<\/section>\n\t\t\t\t<section class=\"elementor-section elementor-top-section elementor-element elementor-element-7113c9c elementor-section-boxed elementor-section-height-default elementor-section-height-default\" data-id=\"7113c9c\" data-element_type=\"section\">\n\t\t\t\t\t\t<div class=\"elementor-container elementor-column-gap-default\">\n\t\t\t\t\t<div class=\"elementor-column elementor-col-100 elementor-top-column elementor-element elementor-element-44c3ffb\" data-id=\"44c3ffb\" data-element_type=\"column\">\n\t\t\t<div class=\"elementor-widget-wrap elementor-element-populated\">\n\t\t\t\t\t\t<div class=\"elementor-element elementor-element-4436aa8 subheading-pos-tablet_extra-aside subheading-pos-tablet-aside subheading-pos-mobile_extra-aside subheading-pos-aside subheading-pos-laptop-aside subheading-pos-mobile-below elementor-widget elementor-widget-beautium_heading\" data-id=\"4436aa8\" data-element_type=\"widget\" data-widget_type=\"beautium_heading.default\">\n\t\t\t\t<div class=\"elementor-widget-container\">\n\t\t\t\t\t<div class=\"beautium-heading-widget\"><div class=\"beautium-heading\"><h2 class=\"beautium-heading-content\">\u00d5ppige mind paremini tundma<\/h2><span class=\"beautium-subheading\">SPskincare<\/span><\/div><\/div>\t\t\t\t<\/div>\n\t\t\t\t<\/div>\n\t\t\t\t<div class=\"elementor-element elementor-element-8a91ed6 elementor-absolute elementor-hidden-tablet_extra elementor-hidden-tablet elementor-hidden-mobile_extra elementor-hidden-mobile elementor-widget elementor-widget-image\" data-id=\"8a91ed6\" data-element_type=\"widget\" data-settings=\"{&quot;_position&quot;:&quot;absolute&quot;}\" data-widget_type=\"image.default\">\n\t\t\t\t<div class=\"elementor-widget-container\">\n\t\t\t\t\t\t\t\t\t\t\t\t\t\t\t<img decoding=\"async\" src=\"https:\/\/spskincare.ee\/wp-content\/uploads\/2023\/05\/Frame-7-1.png\" title=\"Frame 7\" alt=\"Frame 7\" loading=\"lazy\" \/>\t\t\t\t\t\t\t\t\t\t\t\t\t\t\t<\/div>\n\t\t\t\t<\/div>\n\t\t\t\t<div class=\"elementor-element elementor-element-c877f48 elementor-widget elementor-widget-beautium_team_listing\" data-id=\"c877f48\" data-element_type=\"widget\" data-widget_type=\"beautium_team_listing.default\">\n\t\t\t\t<div class=\"elementor-widget-container\">\n\t\t\t\t\t\n        <div class=\"beautium-team-listing-widget\">\n\n            <div class=\"archive-listing\" data-ajax='{&quot;post_type&quot;:&quot;beautium_team_member&quot;,&quot;ignore_sticky_posts&quot;:true,&quot;suppress_filters&quot;:true,&quot;orderby&quot;:&quot;post__in&quot;,&quot;order&quot;:&quot;asc&quot;,&quot;link_base&quot;:&quot;https:\\\/\\\/spskincare.ee\\\/et\\\/wp-json\\\/wp\\\/v2\\\/pages\\\/5861\\\/&quot;,&quot;post__in&quot;:[&quot;5832&quot;],&quot;posts_per_page&quot;:4,&quot;columns_number&quot;:4,&quot;paged&quot;:1}' data-widget='{&quot;show_media&quot;:true,&quot;show_name&quot;:true,&quot;show_socials&quot;:true,&quot;show_position&quot;:false,&quot;show_pagination&quot;:&quot;&quot;,&quot;item_class&quot;:&quot;team-item-wrapper&quot;,&quot;columns_number&quot;:4,&quot;listing_type&quot;:&quot;grid&quot;}'>\n                <div class=\"archive-listing-wrapper team-listing-wrapper team-grid-listing columns-4\">\n                    \n<div class=\"team-item-wrapper post-5832 beautium_team_member type-beautium_team_member status-publish has-post-thumbnail hentry beautium_team_category-kosmeetik\">\n    <div class=\"team-item\">\n        <a class=\"team-item-media\" href=\"https:\/\/spskincare.ee\/et\/team\/sabina-puskina\/\"><img decoding=\"async\" alt=\"IMG_1362\" title=\"IMG_1362\" src=\"https:\/\/spskincare.ee\/wp-content\/uploads\/2022\/09\/IMG_1362-413x530.jpg\" class=\"attachment-beautium_team_thumbnail size-beautium_team_thumbnail wp-post-image\" \/><\/a><div class=\"team-item-socials\"><ul class=\"team-socials wrapper-socials\"><li><span>Fb<\/span><\/li><li><span>In<\/span><\/li><\/ul><\/div>    <\/div>\n<\/div>                <\/div>\n\n                            <\/div>\n\n        <\/div>\n\n        \t\t\t\t<\/div>\n\t\t\t\t<\/div>\n\t\t\t\t\t<\/div>\n\t\t<\/div>\n\t\t\t\t\t<\/div>\n\t\t<\/section>\n\t\t\t\t<\/div>\n\t\t","protected":false},"excerpt":{"rendered":"<p>Ilumasina klass &#8211; deluxe P\u00e4ritoluriik &#8211; Itaalia Sertifitseerimine \u2013 ISO, CE Spetsiaalselt meie jaoks ehitatud lisafunktsioonidega meie tootmiskohas Milanos. Seade on multifunktsionaalne, m\u00f5eldud t\u00e4isvalikuks n\u00e4ohooldusteks, vastab klientide k\u00f5rgeimatele n\u00f5udmistele. Overline \u043f\u043e\u0437\u0432\u043e\u043b\u044f\u0435\u0442 \u0432\u044b\u043f\u043e\u043b\u043d\u044f\u0442\u044c \u0432\u0441\u0435 \u043f\u0440\u043e\u0446\u0435\u0434\u0443\u0440\u044b \u0430\u0431\u0441\u043e\u043b\u044e\u0442\u043d\u043e \u0431\u0435\u0437\u0431\u043e\u043b\u0435\u0437\u043d\u0435\u043d\u043d\u043e \u0438 \u0441 \u043c\u0430\u043a\u0441\u0438\u043c\u0430\u043b\u044c\u043d\u044b\u043c \u044d\u0444\u0444\u0435\u043a\u0442\u043e\u043c \u0434\u043b\u044f&#8230;<\/p>\n","protected":false},"author":1,"featured_media":0,"parent":0,"menu_order":0,"comment_status":"closed","ping_status":"closed","template":"","meta":{"footnotes":""},"class_list":["post-5861","page","type-page","status-publish","hentry"],"yoast_head":"<!-- This site is optimized with the Yoast SEO plugin v26.2 - https:\/\/yoast.com\/wordpress\/plugins\/seo\/ -->\n<title>APARAATKOSMETOLOOGIA OVERLINE - SPskincare<\/title>\n<meta name=\"robots\" content=\"index, follow, max-snippet:-1, max-image-preview:large, max-video-preview:-1\" \/>\n<link rel=\"canonical\" href=\"https:\/\/spskincare.ee\/et\/aparaatkosmetoloogia-overline\/\" \/>\n<meta property=\"og:locale\" content=\"et_EE\" \/>\n<meta property=\"og:type\" content=\"article\" \/>\n<meta property=\"og:title\" content=\"APARAATKOSMETOLOOGIA OVERLINE - SPskincare\" \/>\n<meta property=\"og:description\" content=\"Ilumasina klass &#8211; deluxe P\u00e4ritoluriik &#8211; Itaalia Sertifitseerimine \u2013 ISO, CE Spetsiaalselt meie jaoks ehitatud lisafunktsioonidega meie tootmiskohas Milanos. Seade on multifunktsionaalne, m\u00f5eldud t\u00e4isvalikuks n\u00e4ohooldusteks, vastab klientide k\u00f5rgeimatele n\u00f5udmistele. Overline \u043f\u043e\u0437\u0432\u043e\u043b\u044f\u0435\u0442 \u0432\u044b\u043f\u043e\u043b\u043d\u044f\u0442\u044c \u0432\u0441\u0435 \u043f\u0440\u043e\u0446\u0435\u0434\u0443\u0440\u044b \u0430\u0431\u0441\u043e\u043b\u044e\u0442\u043d\u043e \u0431\u0435\u0437\u0431\u043e\u043b\u0435\u0437\u043d\u0435\u043d\u043d\u043e \u0438 \u0441 \u043c\u0430\u043a\u0441\u0438\u043c\u0430\u043b\u044c\u043d\u044b\u043c \u044d\u0444\u0444\u0435\u043a\u0442\u043e\u043c \u0434\u043b\u044f...\" \/>\n<meta property=\"og:url\" content=\"https:\/\/spskincare.ee\/et\/aparaatkosmetoloogia-overline\/\" \/>\n<meta property=\"og:site_name\" content=\"SPskincare\" \/>\n<meta property=\"article:publisher\" content=\"https:\/\/www.facebook.com\/sabina.marahhovskaja\" \/>\n<meta property=\"article:modified_time\" content=\"2023-07-06T10:35:45+00:00\" \/>\n<meta property=\"og:image\" content=\"https:\/\/spskincare.ee\/wp-content\/uploads\/2023\/06\/photo_2023-06-19-08.19.52-682x1024.jpeg\" \/>\n<meta name=\"twitter:card\" content=\"summary_large_image\" \/>\n<meta name=\"twitter:label1\" content=\"Est. reading time\" \/>\n\t<meta name=\"twitter:data1\" content=\"1 minut\" \/>\n<script type=\"application\/ld+json\" class=\"yoast-schema-graph\">{\"@context\":\"https:\/\/schema.org\",\"@graph\":[{\"@type\":\"WebPage\",\"@id\":\"https:\/\/spskincare.ee\/et\/aparaatkosmetoloogia-overline\/\",\"url\":\"https:\/\/spskincare.ee\/et\/aparaatkosmetoloogia-overline\/\",\"name\":\"APARAATKOSMETOLOOGIA OVERLINE - SPskincare\",\"isPartOf\":{\"@id\":\"https:\/\/spskincare.ee\/et\/#website\"},\"primaryImageOfPage\":{\"@id\":\"https:\/\/spskincare.ee\/et\/aparaatkosmetoloogia-overline\/#primaryimage\"},\"image\":{\"@id\":\"https:\/\/spskincare.ee\/et\/aparaatkosmetoloogia-overline\/#primaryimage\"},\"thumbnailUrl\":\"https:\/\/spskincare.ee\/wp-content\/uploads\/2023\/06\/photo_2023-06-19-08.19.52-682x1024.jpeg\",\"datePublished\":\"2022-06-06T07:46:33+00:00\",\"dateModified\":\"2023-07-06T10:35:45+00:00\",\"breadcrumb\":{\"@id\":\"https:\/\/spskincare.ee\/et\/aparaatkosmetoloogia-overline\/#breadcrumb\"},\"inLanguage\":\"et\",\"potentialAction\":[{\"@type\":\"ReadAction\",\"target\":[\"https:\/\/spskincare.ee\/et\/aparaatkosmetoloogia-overline\/\"]}]},{\"@type\":\"ImageObject\",\"inLanguage\":\"et\",\"@id\":\"https:\/\/spskincare.ee\/et\/aparaatkosmetoloogia-overline\/#primaryimage\",\"url\":\"https:\/\/spskincare.ee\/wp-content\/uploads\/2023\/06\/photo_2023-06-19-08.19.52-682x1024.jpeg\",\"contentUrl\":\"https:\/\/spskincare.ee\/wp-content\/uploads\/2023\/06\/photo_2023-06-19-08.19.52-682x1024.jpeg\"},{\"@type\":\"BreadcrumbList\",\"@id\":\"https:\/\/spskincare.ee\/et\/aparaatkosmetoloogia-overline\/#breadcrumb\",\"itemListElement\":[{\"@type\":\"ListItem\",\"position\":1,\"name\":\"\u0413\u043b\u0430\u0432\u043d\u0430\u044f \u0441\u0442\u0440\u0430\u043d\u0438\u0446\u0430\",\"item\":\"https:\/\/spskincare.ee\/et\/\"},{\"@type\":\"ListItem\",\"position\":2,\"name\":\"APARAATKOSMETOLOOGIA OVERLINE\"}]},{\"@type\":\"WebSite\",\"@id\":\"https:\/\/spskincare.ee\/et\/#website\",\"url\":\"https:\/\/spskincare.ee\/et\/\",\"name\":\"SPskincare\",\"description\":\"kosmeetik Tallinnas\",\"publisher\":{\"@id\":\"https:\/\/spskincare.ee\/et\/#organization\"},\"potentialAction\":[{\"@type\":\"SearchAction\",\"target\":{\"@type\":\"EntryPoint\",\"urlTemplate\":\"https:\/\/spskincare.ee\/et\/?s={search_term_string}\"},\"query-input\":{\"@type\":\"PropertyValueSpecification\",\"valueRequired\":true,\"valueName\":\"search_term_string\"}}],\"inLanguage\":\"et\"},{\"@type\":\"Organization\",\"@id\":\"https:\/\/spskincare.ee\/et\/#organization\",\"name\":\"SPskincare\",\"url\":\"https:\/\/spskincare.ee\/et\/\",\"logo\":{\"@type\":\"ImageObject\",\"inLanguage\":\"et\",\"@id\":\"https:\/\/spskincare.ee\/et\/#\/schema\/logo\/image\/\",\"url\":\"https:\/\/spskincare.ee\/wp-content\/uploads\/2023\/05\/SP_logo_trans.png\",\"contentUrl\":\"https:\/\/spskincare.ee\/wp-content\/uploads\/2023\/05\/SP_logo_trans.png\",\"width\":500,\"height\":500,\"caption\":\"SPskincare\"},\"image\":{\"@id\":\"https:\/\/spskincare.ee\/et\/#\/schema\/logo\/image\/\"},\"sameAs\":[\"https:\/\/www.facebook.com\/sabina.marahhovskaja\",\"https:\/\/www.instagram.com\/sabinapuskina.kosmetoloog\/\"]}]}<\/script>\n<!-- \/ Yoast SEO plugin. -->","yoast_head_json":{"title":"APARAATKOSMETOLOOGIA OVERLINE - SPskincare","robots":{"index":"index","follow":"follow","max-snippet":"max-snippet:-1","max-image-preview":"max-image-preview:large","max-video-preview":"max-video-preview:-1"},"canonical":"https:\/\/spskincare.ee\/et\/aparaatkosmetoloogia-overline\/","og_locale":"et_EE","og_type":"article","og_title":"APARAATKOSMETOLOOGIA OVERLINE - SPskincare","og_description":"Ilumasina klass &#8211; deluxe P\u00e4ritoluriik &#8211; Itaalia Sertifitseerimine \u2013 ISO, CE Spetsiaalselt meie jaoks ehitatud lisafunktsioonidega meie tootmiskohas Milanos. Seade on multifunktsionaalne, m\u00f5eldud t\u00e4isvalikuks n\u00e4ohooldusteks, vastab klientide k\u00f5rgeimatele n\u00f5udmistele. Overline \u043f\u043e\u0437\u0432\u043e\u043b\u044f\u0435\u0442 \u0432\u044b\u043f\u043e\u043b\u043d\u044f\u0442\u044c \u0432\u0441\u0435 \u043f\u0440\u043e\u0446\u0435\u0434\u0443\u0440\u044b \u0430\u0431\u0441\u043e\u043b\u044e\u0442\u043d\u043e \u0431\u0435\u0437\u0431\u043e\u043b\u0435\u0437\u043d\u0435\u043d\u043d\u043e \u0438 \u0441 \u043c\u0430\u043a\u0441\u0438\u043c\u0430\u043b\u044c\u043d\u044b\u043c \u044d\u0444\u0444\u0435\u043a\u0442\u043e\u043c \u0434\u043b\u044f...","og_url":"https:\/\/spskincare.ee\/et\/aparaatkosmetoloogia-overline\/","og_site_name":"SPskincare","article_publisher":"https:\/\/www.facebook.com\/sabina.marahhovskaja","article_modified_time":"2023-07-06T10:35:45+00:00","og_image":[{"url":"https:\/\/spskincare.ee\/wp-content\/uploads\/2023\/06\/photo_2023-06-19-08.19.52-682x1024.jpeg","type":"","width":"","height":""}],"twitter_card":"summary_large_image","twitter_misc":{"Est. reading time":"1 minut"},"schema":{"@context":"https:\/\/schema.org","@graph":[{"@type":"WebPage","@id":"https:\/\/spskincare.ee\/et\/aparaatkosmetoloogia-overline\/","url":"https:\/\/spskincare.ee\/et\/aparaatkosmetoloogia-overline\/","name":"APARAATKOSMETOLOOGIA OVERLINE - SPskincare","isPartOf":{"@id":"https:\/\/spskincare.ee\/et\/#website"},"primaryImageOfPage":{"@id":"https:\/\/spskincare.ee\/et\/aparaatkosmetoloogia-overline\/#primaryimage"},"image":{"@id":"https:\/\/spskincare.ee\/et\/aparaatkosmetoloogia-overline\/#primaryimage"},"thumbnailUrl":"https:\/\/spskincare.ee\/wp-content\/uploads\/2023\/06\/photo_2023-06-19-08.19.52-682x1024.jpeg","datePublished":"2022-06-06T07:46:33+00:00","dateModified":"2023-07-06T10:35:45+00:00","breadcrumb":{"@id":"https:\/\/spskincare.ee\/et\/aparaatkosmetoloogia-overline\/#breadcrumb"},"inLanguage":"et","potentialAction":[{"@type":"ReadAction","target":["https:\/\/spskincare.ee\/et\/aparaatkosmetoloogia-overline\/"]}]},{"@type":"ImageObject","inLanguage":"et","@id":"https:\/\/spskincare.ee\/et\/aparaatkosmetoloogia-overline\/#primaryimage","url":"https:\/\/spskincare.ee\/wp-content\/uploads\/2023\/06\/photo_2023-06-19-08.19.52-682x1024.jpeg","contentUrl":"https:\/\/spskincare.ee\/wp-content\/uploads\/2023\/06\/photo_2023-06-19-08.19.52-682x1024.jpeg"},{"@type":"BreadcrumbList","@id":"https:\/\/spskincare.ee\/et\/aparaatkosmetoloogia-overline\/#breadcrumb","itemListElement":[{"@type":"ListItem","position":1,"name":"\u0413\u043b\u0430\u0432\u043d\u0430\u044f \u0441\u0442\u0440\u0430\u043d\u0438\u0446\u0430","item":"https:\/\/spskincare.ee\/et\/"},{"@type":"ListItem","position":2,"name":"APARAATKOSMETOLOOGIA OVERLINE"}]},{"@type":"WebSite","@id":"https:\/\/spskincare.ee\/et\/#website","url":"https:\/\/spskincare.ee\/et\/","name":"SPskincare","description":"kosmeetik Tallinnas","publisher":{"@id":"https:\/\/spskincare.ee\/et\/#organization"},"potentialAction":[{"@type":"SearchAction","target":{"@type":"EntryPoint","urlTemplate":"https:\/\/spskincare.ee\/et\/?s={search_term_string}"},"query-input":{"@type":"PropertyValueSpecification","valueRequired":true,"valueName":"search_term_string"}}],"inLanguage":"et"},{"@type":"Organization","@id":"https:\/\/spskincare.ee\/et\/#organization","name":"SPskincare","url":"https:\/\/spskincare.ee\/et\/","logo":{"@type":"ImageObject","inLanguage":"et","@id":"https:\/\/spskincare.ee\/et\/#\/schema\/logo\/image\/","url":"https:\/\/spskincare.ee\/wp-content\/uploads\/2023\/05\/SP_logo_trans.png","contentUrl":"https:\/\/spskincare.ee\/wp-content\/uploads\/2023\/05\/SP_logo_trans.png","width":500,"height":500,"caption":"SPskincare"},"image":{"@id":"https:\/\/spskincare.ee\/et\/#\/schema\/logo\/image\/"},"sameAs":["https:\/\/www.facebook.com\/sabina.marahhovskaja","https:\/\/www.instagram.com\/sabinapuskina.kosmetoloog\/"]}]}},"_links":{"self":[{"href":"https:\/\/spskincare.ee\/et\/wp-json\/wp\/v2\/pages\/5861","targetHints":{"allow":["GET"]}}],"collection":[{"href":"https:\/\/spskincare.ee\/et\/wp-json\/wp\/v2\/pages"}],"about":[{"href":"https:\/\/spskincare.ee\/et\/wp-json\/wp\/v2\/types\/page"}],"author":[{"embeddable":true,"href":"https:\/\/spskincare.ee\/et\/wp-json\/wp\/v2\/users\/1"}],"replies":[{"embeddable":true,"href":"https:\/\/spskincare.ee\/et\/wp-json\/wp\/v2\/comments?post=5861"}],"version-history":[{"count":17,"href":"https:\/\/spskincare.ee\/et\/wp-json\/wp\/v2\/pages\/5861\/revisions"}],"predecessor-version":[{"id":6023,"href":"https:\/\/spskincare.ee\/et\/wp-json\/wp\/v2\/pages\/5861\/revisions\/6023"}],"wp:attachment":[{"href":"https:\/\/spskincare.ee\/et\/wp-json\/wp\/v2\/media?parent=5861"}],"curies":[{"name":"wp","href":"https:\/\/api.w.org\/{rel}","templated":true}]}}