{"id":5863,"date":"2023-06-28T16:32:06","date_gmt":"2023-06-28T16:32:06","guid":{"rendered":"https:\/\/spskincare.ee\/product\/biome-niisutav-pilvekreem\/"},"modified":"2023-07-06T11:26:41","modified_gmt":"2023-07-06T11:26:41","slug":"biome-niisutav-pilvekreem","status":"publish","type":"product","link":"https:\/\/spskincare.ee\/et\/toode\/biome-niisutav-pilvekreem\/","title":{"rendered":"BIOME+ Niisutav pilvekreem"},"content":{"rendered":"<p>Kasutamine:<\/p>\n<p>Kanna puhastatud nahale hommikul ja\/v\u00f5i \u00f5htul.<\/p>\n<p>Koostis:<\/p>\n<p>AQUA\/WATER\/EAU, CAPRYLIC\/CAPRIC TRIGLYCERIDE, HYDROGENATED VEGETABLE OIL, PROPANEDIOL, SQUALANE, GLYCERIN, PENTYLENE GLYCOL, JOJOBA ESTERS, PENTAERYTHRITYL DISTEARATE, SODIUM POLYACRYLATE, CETEARYL ALCOHOL, SODIUM STEAROYL GLUTAMATE, CHLORPHENESIN, HELIANTHUS ANNUUS (SUNFLOWER) SEED OIL, CARBOMER, TREMELLA FUCIFORMIS SPOROCARP EXTRACT, CITRUS AURANTIUM DULCIS (ORANGE) PEEL OIL, LIMONENE, ACRYLATES\/C10-30 ALKYL ACRYLATE CROSSPOLYMER, HYDROLYZED HYALURONIC ACID, SORBITAN TRIOLEATE, TRISODIUM ETHYLENEDIAMINE DISUCCINATE, TOCOPHEROL, CISTUS INCANUS FLOWER\/LEAF\/STEM EXTRACT, SODIUM HYDROXIDE, PHENYLPROPANOL, CITRUS NOBILIS (MANDARIN ORANGE) PEEL OIL, APIUM GRAVEOLENS (CELERY) SEED EXTRACT, 1,2-HEXANEDIOL, LINUM USITATISSIMUM (LINSEED) SEED EXTRACT, HELIANTHUS ANNUUS LEAF\/STEM EXTRACT, BAROSMA BETULINA LEAF OIL, VANILLA PLANIFOLIA FRUIT EXTRACT.<\/p>\n<p>*Toote koostises v\u00f5ib esineda m\u00f5ningaid muudatusi. T\u00e4pne koostis toote pakendil.<\/p>\n","protected":false},"excerpt":{"rendered":"<div class=\"woocommerce-product-details__short-description\">\n<p>\u00d5hulise tekstuuri t\u00f5ttu nime saanud k\u00fclluslikult niisutav kreem, mis turgutab mikrobioomi, j\u00e4tab naha pehmeks ja siledaks ning ahendab poore.<\/p>\n<p>Fermenteeritud suhkruroost p\u00e4rinev skvalaan aitab turgutada naha mikrofloorat, tugevdades naha loomulikku kaitsebarj\u00e4\u00e4ri. \u00dclima niisutatuse eest hoolitseb kombinatsioon valge lume seenest ja h\u00fcaluroonhappest. Lina, selleri ja p\u00e4evalille superseemnete kompleks \u00fchtlustab naha tekstuuri, ahendab poore ja lisab s\u00e4ravalt terve jume.<\/p>\n<p>Vegan. Mittekomedogeenne. 98% looduslikku p\u00e4ritolu koostisosadest.<\/p>\n<p><strong>Image Skincare 28-p\u00e4evase kliinilise katse tulemused*:<\/strong><br \/>\nM\u00f5\u00f5tmistulemused 30 minutit p\u00e4rast kreemi nahale kandmist:<\/p>\n<ul>\n<li>t\u00f5stab naha niisutatust 44%<\/li>\n<\/ul>\n<p>P\u00e4rast 7 p\u00e4eva kasutamist:<\/p>\n<ul>\n<li>T\u00f5stab naha niisutatust 17%<\/li>\n<li>V\u00e4hendab naha tekstuuri karedust 12%<\/li>\n<\/ul>\n<p>P\u00e4rast nelja n\u00e4dalat kasutamist:<\/p>\n<ul>\n<li>97% osalenutest tundis, et nahk on siledam<\/li>\n<li>88% osalenutest tundis, et nahk on paremini niisutatud<\/li>\n<li>81% osalenutest tundis, et nahk on parema tervise juures<\/li>\n<\/ul>\n<p><em>*Baseerub 12-n\u00e4dalasel kliinilisel ja osalenute hinnangutel p\u00f5hineval katsel. Osalejaid 32, vanusevahemik 18-35. Osalenud kasutasid BIOME+ Niisutavat pilvekreemi 1 kord p\u00e4evas.<\/em><\/p>\n<p>Toote suurus 50 g.<\/p>\n<\/div>\n","protected":false},"featured_media":5736,"template":"","meta":[],"product_brand":[],"product_cat":[102,101],"product_tag":[104,103],"class_list":{"0":"post-5863","1":"product","2":"type-product","3":"status-publish","4":"has-post-thumbnail","6":"product_cat-ookreemid","7":"product_cat-paevakreemid","8":"product_tag-ookreem","9":"product_tag-paevakreem","11":"first","12":"instock","13":"shipping-taxable","14":"purchasable","15":"product-type-simple"},"yoast_head":"<!-- This site is optimized with the Yoast SEO plugin v26.2 - https:\/\/yoast.com\/wordpress\/plugins\/seo\/ -->\n<title>BIOME+ Niisutav pilvekreem - SPskincare<\/title>\n<meta name=\"robots\" content=\"index, follow, max-snippet:-1, max-image-preview:large, max-video-preview:-1\" \/>\n<link rel=\"canonical\" href=\"https:\/\/spskincare.ee\/et\/toode\/biome-niisutav-pilvekreem\/\" \/>\n<meta property=\"og:locale\" content=\"et_EE\" \/>\n<meta property=\"og:type\" content=\"article\" \/>\n<meta property=\"og:title\" content=\"BIOME+ Niisutav pilvekreem - SPskincare\" \/>\n<meta property=\"og:description\" content=\"\u00d5hulise tekstuuri t\u00f5ttu nime saanud k\u00fclluslikult niisutav kreem, mis turgutab mikrobioomi, j\u00e4tab naha pehmeks ja siledaks ning ahendab poore. Fermenteeritud suhkruroost p\u00e4rinev skvalaan aitab turgutada naha mikrofloorat, tugevdades naha loomulikku kaitsebarj\u00e4\u00e4ri. \u00dclima niisutatuse eest hoolitseb kombinatsioon valge lume seenest ja h\u00fcaluroonhappest. Lina, selleri ja p\u00e4evalille superseemnete kompleks \u00fchtlustab naha tekstuuri, ahendab poore ja lisab s\u00e4ravalt terve jume. Vegan. Mittekomedogeenne. 98% looduslikku p\u00e4ritolu koostisosadest. Image Skincare 28-p\u00e4evase kliinilise katse tulemused*: M\u00f5\u00f5tmistulemused 30 minutit p\u00e4rast kreemi nahale kandmist:  t\u00f5stab naha niisutatust 44% P\u00e4rast 7 p\u00e4eva kasutamist:  T\u00f5stab naha niisutatust 17%  V\u00e4hendab naha tekstuuri karedust 12% P\u00e4rast nelja n\u00e4dalat kasutamist:  97% osalenutest tundis, et nahk on siledam  88% osalenutest tundis, et nahk on paremini niisutatud  81% osalenutest tundis, et nahk on parema tervise juures *Baseerub 12-n\u00e4dalasel kliinilisel ja osalenute hinnangutel p\u00f5hineval katsel. Osalejaid 32, vanusevahemik 18-35. Osalenud kasutasid BIOME+ Niisutavat pilvekreemi 1 kord p\u00e4evas. Toote suurus 50 g.\" \/>\n<meta property=\"og:url\" content=\"https:\/\/spskincare.ee\/et\/toode\/biome-niisutav-pilvekreem\/\" \/>\n<meta property=\"og:site_name\" content=\"SPskincare\" \/>\n<meta property=\"article:publisher\" content=\"https:\/\/www.facebook.com\/sabina.marahhovskaja\" \/>\n<meta property=\"article:modified_time\" content=\"2023-07-06T11:26:41+00:00\" \/>\n<meta property=\"og:image\" content=\"https:\/\/spskincare.ee\/wp-content\/uploads\/2023\/06\/pilvekreem.webp\" \/>\n\t<meta property=\"og:image:width\" content=\"1024\" \/>\n\t<meta property=\"og:image:height\" content=\"1024\" \/>\n\t<meta property=\"og:image:type\" content=\"image\/webp\" \/>\n<meta name=\"twitter:card\" content=\"summary_large_image\" \/>\n<meta name=\"twitter:label1\" content=\"Est. reading time\" \/>\n\t<meta name=\"twitter:data1\" content=\"1 minut\" \/>\n<script type=\"application\/ld+json\" class=\"yoast-schema-graph\">{\"@context\":\"https:\/\/schema.org\",\"@graph\":[{\"@type\":\"WebPage\",\"@id\":\"https:\/\/spskincare.ee\/et\/toode\/biome-niisutav-pilvekreem\/\",\"url\":\"https:\/\/spskincare.ee\/et\/toode\/biome-niisutav-pilvekreem\/\",\"name\":\"BIOME+ Niisutav pilvekreem - SPskincare\",\"isPartOf\":{\"@id\":\"https:\/\/spskincare.ee\/et\/#website\"},\"primaryImageOfPage\":{\"@id\":\"https:\/\/spskincare.ee\/et\/toode\/biome-niisutav-pilvekreem\/#primaryimage\"},\"image\":{\"@id\":\"https:\/\/spskincare.ee\/et\/toode\/biome-niisutav-pilvekreem\/#primaryimage\"},\"thumbnailUrl\":\"https:\/\/spskincare.ee\/wp-content\/uploads\/2023\/06\/pilvekreem.webp\",\"datePublished\":\"2023-06-28T16:32:06+00:00\",\"dateModified\":\"2023-07-06T11:26:41+00:00\",\"breadcrumb\":{\"@id\":\"https:\/\/spskincare.ee\/et\/toode\/biome-niisutav-pilvekreem\/#breadcrumb\"},\"inLanguage\":\"et\",\"potentialAction\":[{\"@type\":\"ReadAction\",\"target\":[\"https:\/\/spskincare.ee\/et\/toode\/biome-niisutav-pilvekreem\/\"]}]},{\"@type\":\"ImageObject\",\"inLanguage\":\"et\",\"@id\":\"https:\/\/spskincare.ee\/et\/toode\/biome-niisutav-pilvekreem\/#primaryimage\",\"url\":\"https:\/\/spskincare.ee\/wp-content\/uploads\/2023\/06\/pilvekreem.webp\",\"contentUrl\":\"https:\/\/spskincare.ee\/wp-content\/uploads\/2023\/06\/pilvekreem.webp\",\"width\":1024,\"height\":1024},{\"@type\":\"BreadcrumbList\",\"@id\":\"https:\/\/spskincare.ee\/et\/toode\/biome-niisutav-pilvekreem\/#breadcrumb\",\"itemListElement\":[{\"@type\":\"ListItem\",\"position\":1,\"name\":\"\u0413\u043b\u0430\u0432\u043d\u0430\u044f \u0441\u0442\u0440\u0430\u043d\u0438\u0446\u0430\",\"item\":\"https:\/\/spskincare.ee\/et\/\"},{\"@type\":\"ListItem\",\"position\":2,\"name\":\"Shop\",\"item\":\"https:\/\/spskincare.ee\/shop\/\"},{\"@type\":\"ListItem\",\"position\":3,\"name\":\"BIOME+ Niisutav pilvekreem\"}]},{\"@type\":\"WebSite\",\"@id\":\"https:\/\/spskincare.ee\/et\/#website\",\"url\":\"https:\/\/spskincare.ee\/et\/\",\"name\":\"SPskincare\",\"description\":\"kosmeetik Tallinnas\",\"publisher\":{\"@id\":\"https:\/\/spskincare.ee\/et\/#organization\"},\"potentialAction\":[{\"@type\":\"SearchAction\",\"target\":{\"@type\":\"EntryPoint\",\"urlTemplate\":\"https:\/\/spskincare.ee\/et\/?s={search_term_string}\"},\"query-input\":{\"@type\":\"PropertyValueSpecification\",\"valueRequired\":true,\"valueName\":\"search_term_string\"}}],\"inLanguage\":\"et\"},{\"@type\":\"Organization\",\"@id\":\"https:\/\/spskincare.ee\/et\/#organization\",\"name\":\"SPskincare\",\"url\":\"https:\/\/spskincare.ee\/et\/\",\"logo\":{\"@type\":\"ImageObject\",\"inLanguage\":\"et\",\"@id\":\"https:\/\/spskincare.ee\/et\/#\/schema\/logo\/image\/\",\"url\":\"https:\/\/spskincare.ee\/wp-content\/uploads\/2023\/05\/SP_logo_trans.png\",\"contentUrl\":\"https:\/\/spskincare.ee\/wp-content\/uploads\/2023\/05\/SP_logo_trans.png\",\"width\":500,\"height\":500,\"caption\":\"SPskincare\"},\"image\":{\"@id\":\"https:\/\/spskincare.ee\/et\/#\/schema\/logo\/image\/\"},\"sameAs\":[\"https:\/\/www.facebook.com\/sabina.marahhovskaja\",\"https:\/\/www.instagram.com\/sabinapuskina.kosmetoloog\/\"]}]}<\/script>\n<!-- \/ Yoast SEO plugin. -->","yoast_head_json":{"title":"BIOME+ Niisutav pilvekreem - SPskincare","robots":{"index":"index","follow":"follow","max-snippet":"max-snippet:-1","max-image-preview":"max-image-preview:large","max-video-preview":"max-video-preview:-1"},"canonical":"https:\/\/spskincare.ee\/et\/toode\/biome-niisutav-pilvekreem\/","og_locale":"et_EE","og_type":"article","og_title":"BIOME+ Niisutav pilvekreem - SPskincare","og_description":"\u00d5hulise tekstuuri t\u00f5ttu nime saanud k\u00fclluslikult niisutav kreem, mis turgutab mikrobioomi, j\u00e4tab naha pehmeks ja siledaks ning ahendab poore. Fermenteeritud suhkruroost p\u00e4rinev skvalaan aitab turgutada naha mikrofloorat, tugevdades naha loomulikku kaitsebarj\u00e4\u00e4ri. \u00dclima niisutatuse eest hoolitseb kombinatsioon valge lume seenest ja h\u00fcaluroonhappest. Lina, selleri ja p\u00e4evalille superseemnete kompleks \u00fchtlustab naha tekstuuri, ahendab poore ja lisab s\u00e4ravalt terve jume. Vegan. Mittekomedogeenne. 98% looduslikku p\u00e4ritolu koostisosadest. Image Skincare 28-p\u00e4evase kliinilise katse tulemused*: M\u00f5\u00f5tmistulemused 30 minutit p\u00e4rast kreemi nahale kandmist:  t\u00f5stab naha niisutatust 44% P\u00e4rast 7 p\u00e4eva kasutamist:  T\u00f5stab naha niisutatust 17%  V\u00e4hendab naha tekstuuri karedust 12% P\u00e4rast nelja n\u00e4dalat kasutamist:  97% osalenutest tundis, et nahk on siledam  88% osalenutest tundis, et nahk on paremini niisutatud  81% osalenutest tundis, et nahk on parema tervise juures *Baseerub 12-n\u00e4dalasel kliinilisel ja osalenute hinnangutel p\u00f5hineval katsel. Osalejaid 32, vanusevahemik 18-35. Osalenud kasutasid BIOME+ Niisutavat pilvekreemi 1 kord p\u00e4evas. Toote suurus 50 g.","og_url":"https:\/\/spskincare.ee\/et\/toode\/biome-niisutav-pilvekreem\/","og_site_name":"SPskincare","article_publisher":"https:\/\/www.facebook.com\/sabina.marahhovskaja","article_modified_time":"2023-07-06T11:26:41+00:00","og_image":[{"width":1024,"height":1024,"url":"https:\/\/spskincare.ee\/wp-content\/uploads\/2023\/06\/pilvekreem.webp","type":"image\/webp"}],"twitter_card":"summary_large_image","twitter_misc":{"Est. reading time":"1 minut"},"schema":{"@context":"https:\/\/schema.org","@graph":[{"@type":"WebPage","@id":"https:\/\/spskincare.ee\/et\/toode\/biome-niisutav-pilvekreem\/","url":"https:\/\/spskincare.ee\/et\/toode\/biome-niisutav-pilvekreem\/","name":"BIOME+ Niisutav pilvekreem - SPskincare","isPartOf":{"@id":"https:\/\/spskincare.ee\/et\/#website"},"primaryImageOfPage":{"@id":"https:\/\/spskincare.ee\/et\/toode\/biome-niisutav-pilvekreem\/#primaryimage"},"image":{"@id":"https:\/\/spskincare.ee\/et\/toode\/biome-niisutav-pilvekreem\/#primaryimage"},"thumbnailUrl":"https:\/\/spskincare.ee\/wp-content\/uploads\/2023\/06\/pilvekreem.webp","datePublished":"2023-06-28T16:32:06+00:00","dateModified":"2023-07-06T11:26:41+00:00","breadcrumb":{"@id":"https:\/\/spskincare.ee\/et\/toode\/biome-niisutav-pilvekreem\/#breadcrumb"},"inLanguage":"et","potentialAction":[{"@type":"ReadAction","target":["https:\/\/spskincare.ee\/et\/toode\/biome-niisutav-pilvekreem\/"]}]},{"@type":"ImageObject","inLanguage":"et","@id":"https:\/\/spskincare.ee\/et\/toode\/biome-niisutav-pilvekreem\/#primaryimage","url":"https:\/\/spskincare.ee\/wp-content\/uploads\/2023\/06\/pilvekreem.webp","contentUrl":"https:\/\/spskincare.ee\/wp-content\/uploads\/2023\/06\/pilvekreem.webp","width":1024,"height":1024},{"@type":"BreadcrumbList","@id":"https:\/\/spskincare.ee\/et\/toode\/biome-niisutav-pilvekreem\/#breadcrumb","itemListElement":[{"@type":"ListItem","position":1,"name":"\u0413\u043b\u0430\u0432\u043d\u0430\u044f \u0441\u0442\u0440\u0430\u043d\u0438\u0446\u0430","item":"https:\/\/spskincare.ee\/et\/"},{"@type":"ListItem","position":2,"name":"Shop","item":"https:\/\/spskincare.ee\/shop\/"},{"@type":"ListItem","position":3,"name":"BIOME+ Niisutav pilvekreem"}]},{"@type":"WebSite","@id":"https:\/\/spskincare.ee\/et\/#website","url":"https:\/\/spskincare.ee\/et\/","name":"SPskincare","description":"kosmeetik Tallinnas","publisher":{"@id":"https:\/\/spskincare.ee\/et\/#organization"},"potentialAction":[{"@type":"SearchAction","target":{"@type":"EntryPoint","urlTemplate":"https:\/\/spskincare.ee\/et\/?s={search_term_string}"},"query-input":{"@type":"PropertyValueSpecification","valueRequired":true,"valueName":"search_term_string"}}],"inLanguage":"et"},{"@type":"Organization","@id":"https:\/\/spskincare.ee\/et\/#organization","name":"SPskincare","url":"https:\/\/spskincare.ee\/et\/","logo":{"@type":"ImageObject","inLanguage":"et","@id":"https:\/\/spskincare.ee\/et\/#\/schema\/logo\/image\/","url":"https:\/\/spskincare.ee\/wp-content\/uploads\/2023\/05\/SP_logo_trans.png","contentUrl":"https:\/\/spskincare.ee\/wp-content\/uploads\/2023\/05\/SP_logo_trans.png","width":500,"height":500,"caption":"SPskincare"},"image":{"@id":"https:\/\/spskincare.ee\/et\/#\/schema\/logo\/image\/"},"sameAs":["https:\/\/www.facebook.com\/sabina.marahhovskaja","https:\/\/www.instagram.com\/sabinapuskina.kosmetoloog\/"]}]}},"_links":{"self":[{"href":"https:\/\/spskincare.ee\/et\/wp-json\/wp\/v2\/product\/5863","targetHints":{"allow":["GET"]}}],"collection":[{"href":"https:\/\/spskincare.ee\/et\/wp-json\/wp\/v2\/product"}],"about":[{"href":"https:\/\/spskincare.ee\/et\/wp-json\/wp\/v2\/types\/product"}],"wp:featuredmedia":[{"embeddable":true,"href":"https:\/\/spskincare.ee\/et\/wp-json\/wp\/v2\/media\/5736"}],"wp:attachment":[{"href":"https:\/\/spskincare.ee\/et\/wp-json\/wp\/v2\/media?parent=5863"}],"wp:term":[{"taxonomy":"product_brand","embeddable":true,"href":"https:\/\/spskincare.ee\/et\/wp-json\/wp\/v2\/product_brand?post=5863"},{"taxonomy":"product_cat","embeddable":true,"href":"https:\/\/spskincare.ee\/et\/wp-json\/wp\/v2\/product_cat?post=5863"},{"taxonomy":"product_tag","embeddable":true,"href":"https:\/\/spskincare.ee\/et\/wp-json\/wp\/v2\/product_tag?post=5863"}],"curies":[{"name":"wp","href":"https:\/\/api.w.org\/{rel}","templated":true}]}}