{"id":5864,"date":"2023-06-28T16:26:44","date_gmt":"2023-06-28T16:26:44","guid":{"rendered":"https:\/\/spskincare.ee\/product\/biome-varskendav-hubriidseerum\/"},"modified":"2023-07-06T11:27:21","modified_gmt":"2023-07-06T11:27:21","slug":"biome-varskendav-hubriidseerum","status":"publish","type":"product","link":"https:\/\/spskincare.ee\/et\/toode\/biome-varskendav-hubriidseerum\/","title":{"rendered":"BIOME+ V\u00e4rskendav h\u00fcbriidseerum"},"content":{"rendered":"<p>Kasutamine:<\/p>\n<p>Kanna puhastatud nahale hommikul ja\/v\u00f5i \u00f5htul.<\/p>\n<p>Koostis:<\/p>\n<p>AQUA\/WATER\/EAU, GLYCERIN, PROPANEDIOL, SQUALANE, 2,3-BUTANEDIOL, NIACINAMIDE, TRIHEPTANOIN, COCO-CAPRYLATE\/CAPRATE, PENTYLENE GLYCOL, C13-15 ALKANE, POLYACRYLATE CROSSPOLYMER-6, CHLORPHENESIN, TRIETHYL CITRATE, CENTELLA ASIATICA LEAF EXTRACT, CARBOMER, OCIMUM SANCTUM LEAF EXTRACT, TRISODIUM ETHYLENEDIAMINE DISUCCINATE, SODIUM HYALURONATE CROSSPOLYMER, LAVANDULA ANGUSTIFOLIA (LAVENDER) FLOWER\/LEAF\/STEM EXTRACT, LINALOOL, CAMELLIA SINENSIS LEAF EXTRACT, CITRUS LIMON (LEMON) PEEL EXTRACT, PYRUS MALUS (APPLE) FRUIT EXTRACT, SODIUM HYDROXIDE, AMYL CINNAMAL, LIMONENE, ROSMARINUS OFFICINALIS (ROSEMARY) LEAF EXTRACT, RUBUS IDAEUS (RASPBERRY) FRUIT EXTRACT, SALVIA OFFICINALIS (SAGE) LEAF EXTRACT, SALVIA SCLAREA (CLARY) EXTRACT, VACCINIUM MACROCARPON (CRANBERRY) FRUIT EXTRACT, VANILLA PLANIFOLIA FRUIT EXTRACT, TOCOPHEROL, HELIANTHUS ANNUUS LEAF\/STEM EXTRACT.<\/p>\n<p>*Toote koostises v\u00f5ib esineda m\u00f5ningaid muudatusi. T\u00e4pne koostis toote pakendil.<\/p>\n","protected":false},"excerpt":{"rendered":"<div class=\"woocommerce-product-details__short-description\">\n<div class=\"woocommerce-product-details__short-description\">\n<p>Niisutav ja jume v\u00e4rskendav seerum, milles on kombineeritud vesi- ja rasvlahustuvate koostisosade parimad omadused unikaalseks h\u00fcbriidformulatsiooniks.<\/p>\n<p>Fermenteeritud suhkruroost p\u00e4rinev skvalaan aitab turgutada naha mikrofloorat, tugevdades naha loomulikku kaitsebarj\u00e4\u00e4ri. Jume \u00fchtlustamise ja s\u00e4ra esile toomise eest hoolitseb trio niatsinamiidist, p\u00e4evalille idu ekstraktist ja tiigrirohust. K\u00fcllusliku ja kauakestva niisutuse tagab vegan fermenteeritud ristseotud h\u00fcaluroonhape.<\/p>\n<p>Vegan. Mittekomedogeenne. 92% looduslikku p\u00e4ritolu koostisosadest.<\/p>\n<p><strong>Image Skincare 28-p\u00e4evase kliinilise katse tulemused*:<\/strong><\/p>\n<ul>\n<li>22% v\u00e4henenud pigment<\/li>\n<li>18% naha elastsuse paranemist<\/li>\n<li>84% osalenutest tundis, et nahk on paremini niisutatud<\/li>\n<li>77% osalenutest tundis, et nahk on pehmem<\/li>\n<\/ul>\n<p>*Baseerub 12-n\u00e4dalasel kliinilisel ja osalenute hinnangutel p\u00f5hineval katsel. Osalejaid 31, vanusevahemik 20-35. Osalenud kasutasid BIOME+ V\u00e4rskendavat h\u00fcbriidseerumit 1 kord p\u00e4evas.<\/p>\n<\/div>\n<p>Toote suurus 30 ml.<\/p>\n<\/div>\n","protected":false},"featured_media":5748,"template":"","meta":[],"product_brand":[],"product_cat":[105],"product_tag":[117],"class_list":{"0":"post-5864","1":"product","2":"type-product","3":"status-publish","4":"has-post-thumbnail","6":"product_cat-seerumid","7":"product_tag-seerum","9":"first","10":"instock","11":"shipping-taxable","12":"purchasable","13":"product-type-simple"},"yoast_head":"<!-- This site is optimized with the Yoast SEO plugin v26.2 - https:\/\/yoast.com\/wordpress\/plugins\/seo\/ -->\n<title>BIOME+ V\u00e4rskendav h\u00fcbriidseerum - SPskincare<\/title>\n<meta name=\"robots\" content=\"index, follow, max-snippet:-1, max-image-preview:large, max-video-preview:-1\" \/>\n<link rel=\"canonical\" href=\"https:\/\/spskincare.ee\/et\/toode\/biome-varskendav-hubriidseerum\/\" \/>\n<meta property=\"og:locale\" content=\"et_EE\" \/>\n<meta property=\"og:type\" content=\"article\" \/>\n<meta property=\"og:title\" content=\"BIOME+ V\u00e4rskendav h\u00fcbriidseerum - SPskincare\" \/>\n<meta property=\"og:description\" content=\"Niisutav ja jume v\u00e4rskendav seerum, milles on kombineeritud vesi- ja rasvlahustuvate koostisosade parimad omadused unikaalseks h\u00fcbriidformulatsiooniks. Fermenteeritud suhkruroost p\u00e4rinev skvalaan aitab turgutada naha mikrofloorat, tugevdades naha loomulikku kaitsebarj\u00e4\u00e4ri. Jume \u00fchtlustamise ja s\u00e4ra esile toomise eest hoolitseb trio niatsinamiidist, p\u00e4evalille idu ekstraktist ja tiigrirohust. K\u00fcllusliku ja kauakestva niisutuse tagab vegan fermenteeritud ristseotud h\u00fcaluroonhape. Vegan. Mittekomedogeenne. 92% looduslikku p\u00e4ritolu koostisosadest. Image Skincare 28-p\u00e4evase kliinilise katse tulemused*:  22% v\u00e4henenud pigment  18% naha elastsuse paranemist  84% osalenutest tundis, et nahk on paremini niisutatud  77% osalenutest tundis, et nahk on pehmem *Baseerub 12-n\u00e4dalasel kliinilisel ja osalenute hinnangutel p\u00f5hineval katsel. Osalejaid 31, vanusevahemik 20-35. Osalenud kasutasid BIOME+ V\u00e4rskendavat h\u00fcbriidseerumit 1 kord p\u00e4evas.  Toote suurus 30 ml.\" \/>\n<meta property=\"og:url\" content=\"https:\/\/spskincare.ee\/et\/toode\/biome-varskendav-hubriidseerum\/\" \/>\n<meta property=\"og:site_name\" content=\"SPskincare\" \/>\n<meta property=\"article:publisher\" content=\"https:\/\/www.facebook.com\/sabina.marahhovskaja\" \/>\n<meta property=\"article:modified_time\" content=\"2023-07-06T11:27:21+00:00\" \/>\n<meta property=\"og:image\" content=\"https:\/\/spskincare.ee\/wp-content\/uploads\/2023\/06\/hubriidseerum-2.webp\" \/>\n\t<meta property=\"og:image:width\" content=\"1600\" \/>\n\t<meta property=\"og:image:height\" content=\"1600\" \/>\n\t<meta property=\"og:image:type\" content=\"image\/webp\" \/>\n<meta name=\"twitter:card\" content=\"summary_large_image\" \/>\n<meta name=\"twitter:label1\" content=\"Est. reading time\" \/>\n\t<meta name=\"twitter:data1\" content=\"1 minut\" \/>\n<script type=\"application\/ld+json\" class=\"yoast-schema-graph\">{\"@context\":\"https:\/\/schema.org\",\"@graph\":[{\"@type\":\"WebPage\",\"@id\":\"https:\/\/spskincare.ee\/et\/toode\/biome-varskendav-hubriidseerum\/\",\"url\":\"https:\/\/spskincare.ee\/et\/toode\/biome-varskendav-hubriidseerum\/\",\"name\":\"BIOME+ V\u00e4rskendav h\u00fcbriidseerum - SPskincare\",\"isPartOf\":{\"@id\":\"https:\/\/spskincare.ee\/et\/#website\"},\"primaryImageOfPage\":{\"@id\":\"https:\/\/spskincare.ee\/et\/toode\/biome-varskendav-hubriidseerum\/#primaryimage\"},\"image\":{\"@id\":\"https:\/\/spskincare.ee\/et\/toode\/biome-varskendav-hubriidseerum\/#primaryimage\"},\"thumbnailUrl\":\"https:\/\/spskincare.ee\/wp-content\/uploads\/2023\/06\/hubriidseerum-2.webp\",\"datePublished\":\"2023-06-28T16:26:44+00:00\",\"dateModified\":\"2023-07-06T11:27:21+00:00\",\"breadcrumb\":{\"@id\":\"https:\/\/spskincare.ee\/et\/toode\/biome-varskendav-hubriidseerum\/#breadcrumb\"},\"inLanguage\":\"et\",\"potentialAction\":[{\"@type\":\"ReadAction\",\"target\":[\"https:\/\/spskincare.ee\/et\/toode\/biome-varskendav-hubriidseerum\/\"]}]},{\"@type\":\"ImageObject\",\"inLanguage\":\"et\",\"@id\":\"https:\/\/spskincare.ee\/et\/toode\/biome-varskendav-hubriidseerum\/#primaryimage\",\"url\":\"https:\/\/spskincare.ee\/wp-content\/uploads\/2023\/06\/hubriidseerum-2.webp\",\"contentUrl\":\"https:\/\/spskincare.ee\/wp-content\/uploads\/2023\/06\/hubriidseerum-2.webp\",\"width\":1600,\"height\":1600},{\"@type\":\"BreadcrumbList\",\"@id\":\"https:\/\/spskincare.ee\/et\/toode\/biome-varskendav-hubriidseerum\/#breadcrumb\",\"itemListElement\":[{\"@type\":\"ListItem\",\"position\":1,\"name\":\"\u0413\u043b\u0430\u0432\u043d\u0430\u044f \u0441\u0442\u0440\u0430\u043d\u0438\u0446\u0430\",\"item\":\"https:\/\/spskincare.ee\/et\/\"},{\"@type\":\"ListItem\",\"position\":2,\"name\":\"Shop\",\"item\":\"https:\/\/spskincare.ee\/shop\/\"},{\"@type\":\"ListItem\",\"position\":3,\"name\":\"BIOME+ V\u00e4rskendav h\u00fcbriidseerum\"}]},{\"@type\":\"WebSite\",\"@id\":\"https:\/\/spskincare.ee\/et\/#website\",\"url\":\"https:\/\/spskincare.ee\/et\/\",\"name\":\"SPskincare\",\"description\":\"kosmeetik Tallinnas\",\"publisher\":{\"@id\":\"https:\/\/spskincare.ee\/et\/#organization\"},\"potentialAction\":[{\"@type\":\"SearchAction\",\"target\":{\"@type\":\"EntryPoint\",\"urlTemplate\":\"https:\/\/spskincare.ee\/et\/?s={search_term_string}\"},\"query-input\":{\"@type\":\"PropertyValueSpecification\",\"valueRequired\":true,\"valueName\":\"search_term_string\"}}],\"inLanguage\":\"et\"},{\"@type\":\"Organization\",\"@id\":\"https:\/\/spskincare.ee\/et\/#organization\",\"name\":\"SPskincare\",\"url\":\"https:\/\/spskincare.ee\/et\/\",\"logo\":{\"@type\":\"ImageObject\",\"inLanguage\":\"et\",\"@id\":\"https:\/\/spskincare.ee\/et\/#\/schema\/logo\/image\/\",\"url\":\"https:\/\/spskincare.ee\/wp-content\/uploads\/2023\/05\/SP_logo_trans.png\",\"contentUrl\":\"https:\/\/spskincare.ee\/wp-content\/uploads\/2023\/05\/SP_logo_trans.png\",\"width\":500,\"height\":500,\"caption\":\"SPskincare\"},\"image\":{\"@id\":\"https:\/\/spskincare.ee\/et\/#\/schema\/logo\/image\/\"},\"sameAs\":[\"https:\/\/www.facebook.com\/sabina.marahhovskaja\",\"https:\/\/www.instagram.com\/sabinapuskina.kosmetoloog\/\"]}]}<\/script>\n<!-- \/ Yoast SEO plugin. -->","yoast_head_json":{"title":"BIOME+ V\u00e4rskendav h\u00fcbriidseerum - SPskincare","robots":{"index":"index","follow":"follow","max-snippet":"max-snippet:-1","max-image-preview":"max-image-preview:large","max-video-preview":"max-video-preview:-1"},"canonical":"https:\/\/spskincare.ee\/et\/toode\/biome-varskendav-hubriidseerum\/","og_locale":"et_EE","og_type":"article","og_title":"BIOME+ V\u00e4rskendav h\u00fcbriidseerum - SPskincare","og_description":"Niisutav ja jume v\u00e4rskendav seerum, milles on kombineeritud vesi- ja rasvlahustuvate koostisosade parimad omadused unikaalseks h\u00fcbriidformulatsiooniks. Fermenteeritud suhkruroost p\u00e4rinev skvalaan aitab turgutada naha mikrofloorat, tugevdades naha loomulikku kaitsebarj\u00e4\u00e4ri. Jume \u00fchtlustamise ja s\u00e4ra esile toomise eest hoolitseb trio niatsinamiidist, p\u00e4evalille idu ekstraktist ja tiigrirohust. K\u00fcllusliku ja kauakestva niisutuse tagab vegan fermenteeritud ristseotud h\u00fcaluroonhape. Vegan. Mittekomedogeenne. 92% looduslikku p\u00e4ritolu koostisosadest. Image Skincare 28-p\u00e4evase kliinilise katse tulemused*:  22% v\u00e4henenud pigment  18% naha elastsuse paranemist  84% osalenutest tundis, et nahk on paremini niisutatud  77% osalenutest tundis, et nahk on pehmem *Baseerub 12-n\u00e4dalasel kliinilisel ja osalenute hinnangutel p\u00f5hineval katsel. Osalejaid 31, vanusevahemik 20-35. Osalenud kasutasid BIOME+ V\u00e4rskendavat h\u00fcbriidseerumit 1 kord p\u00e4evas.  Toote suurus 30 ml.","og_url":"https:\/\/spskincare.ee\/et\/toode\/biome-varskendav-hubriidseerum\/","og_site_name":"SPskincare","article_publisher":"https:\/\/www.facebook.com\/sabina.marahhovskaja","article_modified_time":"2023-07-06T11:27:21+00:00","og_image":[{"width":1600,"height":1600,"url":"https:\/\/spskincare.ee\/wp-content\/uploads\/2023\/06\/hubriidseerum-2.webp","type":"image\/webp"}],"twitter_card":"summary_large_image","twitter_misc":{"Est. reading time":"1 minut"},"schema":{"@context":"https:\/\/schema.org","@graph":[{"@type":"WebPage","@id":"https:\/\/spskincare.ee\/et\/toode\/biome-varskendav-hubriidseerum\/","url":"https:\/\/spskincare.ee\/et\/toode\/biome-varskendav-hubriidseerum\/","name":"BIOME+ V\u00e4rskendav h\u00fcbriidseerum - SPskincare","isPartOf":{"@id":"https:\/\/spskincare.ee\/et\/#website"},"primaryImageOfPage":{"@id":"https:\/\/spskincare.ee\/et\/toode\/biome-varskendav-hubriidseerum\/#primaryimage"},"image":{"@id":"https:\/\/spskincare.ee\/et\/toode\/biome-varskendav-hubriidseerum\/#primaryimage"},"thumbnailUrl":"https:\/\/spskincare.ee\/wp-content\/uploads\/2023\/06\/hubriidseerum-2.webp","datePublished":"2023-06-28T16:26:44+00:00","dateModified":"2023-07-06T11:27:21+00:00","breadcrumb":{"@id":"https:\/\/spskincare.ee\/et\/toode\/biome-varskendav-hubriidseerum\/#breadcrumb"},"inLanguage":"et","potentialAction":[{"@type":"ReadAction","target":["https:\/\/spskincare.ee\/et\/toode\/biome-varskendav-hubriidseerum\/"]}]},{"@type":"ImageObject","inLanguage":"et","@id":"https:\/\/spskincare.ee\/et\/toode\/biome-varskendav-hubriidseerum\/#primaryimage","url":"https:\/\/spskincare.ee\/wp-content\/uploads\/2023\/06\/hubriidseerum-2.webp","contentUrl":"https:\/\/spskincare.ee\/wp-content\/uploads\/2023\/06\/hubriidseerum-2.webp","width":1600,"height":1600},{"@type":"BreadcrumbList","@id":"https:\/\/spskincare.ee\/et\/toode\/biome-varskendav-hubriidseerum\/#breadcrumb","itemListElement":[{"@type":"ListItem","position":1,"name":"\u0413\u043b\u0430\u0432\u043d\u0430\u044f \u0441\u0442\u0440\u0430\u043d\u0438\u0446\u0430","item":"https:\/\/spskincare.ee\/et\/"},{"@type":"ListItem","position":2,"name":"Shop","item":"https:\/\/spskincare.ee\/shop\/"},{"@type":"ListItem","position":3,"name":"BIOME+ V\u00e4rskendav h\u00fcbriidseerum"}]},{"@type":"WebSite","@id":"https:\/\/spskincare.ee\/et\/#website","url":"https:\/\/spskincare.ee\/et\/","name":"SPskincare","description":"kosmeetik Tallinnas","publisher":{"@id":"https:\/\/spskincare.ee\/et\/#organization"},"potentialAction":[{"@type":"SearchAction","target":{"@type":"EntryPoint","urlTemplate":"https:\/\/spskincare.ee\/et\/?s={search_term_string}"},"query-input":{"@type":"PropertyValueSpecification","valueRequired":true,"valueName":"search_term_string"}}],"inLanguage":"et"},{"@type":"Organization","@id":"https:\/\/spskincare.ee\/et\/#organization","name":"SPskincare","url":"https:\/\/spskincare.ee\/et\/","logo":{"@type":"ImageObject","inLanguage":"et","@id":"https:\/\/spskincare.ee\/et\/#\/schema\/logo\/image\/","url":"https:\/\/spskincare.ee\/wp-content\/uploads\/2023\/05\/SP_logo_trans.png","contentUrl":"https:\/\/spskincare.ee\/wp-content\/uploads\/2023\/05\/SP_logo_trans.png","width":500,"height":500,"caption":"SPskincare"},"image":{"@id":"https:\/\/spskincare.ee\/et\/#\/schema\/logo\/image\/"},"sameAs":["https:\/\/www.facebook.com\/sabina.marahhovskaja","https:\/\/www.instagram.com\/sabinapuskina.kosmetoloog\/"]}]}},"_links":{"self":[{"href":"https:\/\/spskincare.ee\/et\/wp-json\/wp\/v2\/product\/5864","targetHints":{"allow":["GET"]}}],"collection":[{"href":"https:\/\/spskincare.ee\/et\/wp-json\/wp\/v2\/product"}],"about":[{"href":"https:\/\/spskincare.ee\/et\/wp-json\/wp\/v2\/types\/product"}],"wp:featuredmedia":[{"embeddable":true,"href":"https:\/\/spskincare.ee\/et\/wp-json\/wp\/v2\/media\/5748"}],"wp:attachment":[{"href":"https:\/\/spskincare.ee\/et\/wp-json\/wp\/v2\/media?parent=5864"}],"wp:term":[{"taxonomy":"product_brand","embeddable":true,"href":"https:\/\/spskincare.ee\/et\/wp-json\/wp\/v2\/product_brand?post=5864"},{"taxonomy":"product_cat","embeddable":true,"href":"https:\/\/spskincare.ee\/et\/wp-json\/wp\/v2\/product_cat?post=5864"},{"taxonomy":"product_tag","embeddable":true,"href":"https:\/\/spskincare.ee\/et\/wp-json\/wp\/v2\/product_tag?post=5864"}],"curies":[{"name":"wp","href":"https:\/\/api.w.org\/{rel}","templated":true}]}}