{"id":5867,"date":"2023-06-28T16:06:59","date_gmt":"2023-06-28T16:06:59","guid":{"rendered":"https:\/\/spskincare.ee\/product\/ready-set-discover-reisisobralik-kosmeetikakomplekt\/"},"modified":"2023-07-06T11:33:07","modified_gmt":"2023-07-06T11:33:07","slug":"reisisobralik-kosmeetikakomplekt","status":"publish","type":"product","link":"https:\/\/spskincare.ee\/et\/toode\/reisisobralik-kosmeetikakomplekt\/","title":{"rendered":"READY, SET, DISCOVER \u2013 Reisis\u00f5bralik kosmeetikakomplekt"},"content":{"rendered":"<p>Kasutamine:<\/p>\n<ol>\n<li>Hommikul:\n<ol>\n<li>1. Puhasta na\u0308gu ORMEDIC Tasakaalustav n\u00e4opesugeeliga V\u00f5ib kasutada silmade \u00fcmber nahal<\/li>\n<li>2. Kanna na\u0308ole VITAL C Niisutav vananemisvastane seerum<\/li>\n<li>3. Kanna na\u0308ole PREVENTION+ Niisutav ja matistav p\u00e4evakreem SPF30+<\/li>\n<\/ol>\n<p>O\u0303htul:<\/p>\n<ol>\n<li>1. Puhasta na\u0308gu ORMEDIC Tasakaalustav n\u00e4opesugeeliga V\u00f5ib kasutada silmade \u00fcmber nahal<\/li>\n<li>2. Kanna na\u0308ole VITAL C Niisutav vananemisvastane seerum<\/li>\n<\/ol>\n<\/li>\n<\/ol>\n<p>Koostis:<\/p>\n<p>ORMEDIC Tasakaalustav n\u00e4opesugeel<\/p>\n<p>ALOE BARBADENSIS LEAF JUICE*, AQUA\/WATER\/EAU, SODIUM C14-16 OLEFIN SULFONATE, COCAMIDOPROPYL HYDROXYSULTAINE, VITIS VINIFERA (GRAPE) FRUIT WATER*, GLYCERIN, SODIUM COCOAMPHOACETATE, SODIUM CHLORIDE, PROPANEDIOL, SORBITOL, POLYSORBATE 20, CAPRYLIC\/CAPRIC TRIGLYCERIDE, CITRIC ACID, GLYCOLIPIDS, ETHYLHEXYLGLYCERIN, CAMELLIA SINENSIS (GREEN TEA) LEAF EXTRACT*, COPPER PCA, PANTHENOL, SODIUM HYALURONATE, CITRIS AURANTIUM DULCIS (ORANGE) FRUIT EXTRACT*, CITRUS LIMON (LEMON) PEEL EXTRACT, JUNIPERUS VIRGINIANA (VIRGINIA RED CEDAR) WOOD EXTRACT, MUSA SAPIENTUM (PLANTAIN) FRUIT ECTRACT, PRUNUS ARMENIACA (APRICOT) FRUIT EXTRACT, PYRUS MALUS (APPLE) FRUIT EXTRACT, ARCTIUM LAPPA (BURDOCK) ROOT EXTRACT*, CALENDULA OFFICINALIS (POT MARIGOLD) FLOWER EXTRACT*, CURCUMA LONGA (TURMERIC) ROOT EXTRACT*, NELUMBO NUCIFERA (SACRED LOTUS) FLOWER EXTRACT*, TAMARINDUS INDICA FRUIT EXTRACT*, TRIFOLIUM PRATENSE (CLOVER) FLOWER EXTRACT*, ANANAS SATIVUS (PINEAPPLE) FRUIT EXTRACT, BUTTER EXTRACT, CITRUS PARADISI (GRAPEFRUIT) FRUIT EXTRACT, COCOS NUCIFERA (COCONUT) FRUIT EXTRACT, COFFEA ARABICA (ARABIAN COFFEE) LEAF\/SEED EXTRACT, CUCUMIS MELO (MELON) FRUIT EXTRACT, FRAGARIA CHILOENSIS (STRAWBERRY) FRUIT EXTRACT, PRUNUS AMYGDALUS DULCIS (SWEET ALMOND) FRUIT EXTRACT, RUBUS IDAEUS (RASPBERRY) FRUIT EXTRACT, VANILLA PLANIFOLIA (VANILLA) FRUIT EXTRACT, TOCOPHEROL, GLYCERYL CAPRYLATE, BIOSACCHARIDE GUM-1, SODIUM LEVULINATE, SODIUM ANISATE, PHENOXYETHANOL, SODIUM BENZOATE, AMYL CINNAMAL, LIMONENE.*CERTIFIED ORGANIC.<\/p>\n<p>VITAL C Niisutav vananemisvastane seerum<\/p>\n<p>Aqua, Sodium Hyaluronate, Magnesium Ascorbyl Phosphate, Imperata Cylindrica (Root) Extract, Linoleic Acid, Phospholipids, Caprylic\/Capric Triglyceride, Glycine Soja (Soybean) Sterols, Glyceryl Stearate, Palmitoyl Pentapeptide-4, Acetyl Hexapeptide-8, Citrus Noblis (Mandarin Orange) Peel Oil, Centella Asiatica Extract, Tetrahexyldecyl Ascorbate, Palmitoyl Oligopeptide, Darutoside, Stearyl Glycyrrhizate, Vitis Vinifera (Grape) Seed Extract, Camellia Sinensis Leaf Extract, Corallina Officinalis Extract, Panthenol, Ascorbyl Palmitate, Ascorbic Acid, Prunus Amygdalus Dulcis (Sweet Almond) Oil, Linoleamidopropyl Pg- Dimonium Chloride Phosphate, Tocopherol, Simmondsia Chinensis (Jojoba) Seed Oil, Squalane, Tocopheryl Acetate, Yeast Polysaccharides, Olea Europaea (Olive) Leaf Extract, Citric Acid, Dipotassium Glycyrrhizate, Spiraea Ulmaria Flower Extract, Phyllanthus Emblica Fruit Extract, Disodium Edta, Magnesium Aluminum Silicate, Glucoseamine Hcl, Algae Extract, Saccharomyces Cerevisiae (Yeast Extract), Aloe Barbadensis Leaf Juice Powder, Polysorbate 20, Xanthan Gum, Leucine, Valine,Tyrosine, Arginine, Lysine.<\/p>\n<p>PREVENTION+ Niisutav ja matistav p\u00e4evakreem SPF30+<\/p>\n<p>Active Ingredients: Zinc Oxide 9%, Octinoxate 7.5%. Inactive Ingredients: Aqua, Cyclopentasiloxane, Tetrahexyldecyl Ascorbate, Isodecyl Neopentanoate, Erythritol, Lecithin, Arabidopsis Thaliana Extract, Dimethicone, Butyrospermum Parkii (Shea) Butter, Malus Domestica Fruit Cell Culture Extract, Cetyl Peg \/ Ppg-10 \/ 1 Dimethicone, Dimethicone \/ Peg-10 \/ 15 Crosspolymer, Sodium Acryloyldimethyltaurate \/ Methacrylamidolauric Acid Copolymer, Caprylyl Methicone, Polyglyceryl-3 Polydimethylsiloxyethyl Dimethicone, Phenoxyethanol, Cetearyl Dimethicone, Polyisobutene, Hexyl Triethoxysilylethyl Polydimethylsiloxyethyl Dimethicone, Xanthan Gum, Ethylhexylglycerin, Panthenol, Polysorbate 20, Disodium Edta, Sodium Hyaluronate, Peg-8 \/ Smdi Copolymer, Tocopheryl Acetate, Potassium Sorbate, Homarine Hcl, Micrococcus Lysate, Plankton Extract, Ergothioneine<\/p>\n<p>****Toodete koostises v\u00f5ib esineda m\u00f5ningaid muudatusi. T\u00e4pne koostis toote pakendil.<\/p>\n<section class=\"related products \"><\/section>\n","protected":false},"excerpt":{"rendered":"<p>Hoolikalt koostatud komplekt, mis sobib nii kingiks kui reisile kaasa. Parimate tulemuste saavutamiseks on kombineeritud \u00f5rn n\u00e4opesugeel, pinguldav ja s\u00e4ra andev seerum ning v\u00e4liskeskkonna kahjustuste eest kaitsev p\u00e4evakreem.<\/p>\n<p>Tooted komplektis:<\/p>\n<p>ORMEDIC Tasakaalustav n\u00e4opesugeel<\/p>\n<p>VITAL C Niisutav vananemisvastane seerum<\/p>\n<p>PREVENTION+ Niisutav ja matistav p\u00e4evakreem SPF30+<\/p>\n<p>V\u00e4ike lukuga Image Skincare kosmeetikakott.<\/p>\n<p>Suurus toode<\/p>\n<p>ORMEDIC Tasakaalustav n\u00e4opesugeel \u2014 50 \u043c\u043b<\/p>\n<p>VITAL C Niisutav vananemisvastane seerum \u2014 15 \u043c\u043b<\/p>\n<p>PREVENTION+ Niisutav ja matistav p\u00e4evakreem SPF30+ \u2014 43 \u0433<\/p>\n","protected":false},"featured_media":5810,"template":"","meta":[],"product_brand":[],"product_cat":[107],"product_tag":[118],"class_list":{"0":"post-5867","1":"product","2":"type-product","3":"status-publish","4":"has-post-thumbnail","6":"product_cat-kosmeetika-komplektid","7":"product_tag-kosmeetikakomplektid","9":"first","10":"instock","11":"shipping-taxable","12":"purchasable","13":"product-type-simple"},"yoast_head":"<!-- This site is optimized with the Yoast SEO plugin v26.2 - https:\/\/yoast.com\/wordpress\/plugins\/seo\/ -->\n<title>READY, SET, DISCOVER \u2013 Reisis\u00f5bralik kosmeetikakomplekt - SPskincare<\/title>\n<meta name=\"robots\" content=\"index, follow, max-snippet:-1, max-image-preview:large, max-video-preview:-1\" \/>\n<link rel=\"canonical\" href=\"https:\/\/spskincare.ee\/et\/toode\/reisisobralik-kosmeetikakomplekt\/\" \/>\n<meta property=\"og:locale\" content=\"et_EE\" \/>\n<meta property=\"og:type\" content=\"article\" \/>\n<meta property=\"og:title\" content=\"READY, SET, DISCOVER \u2013 Reisis\u00f5bralik kosmeetikakomplekt - SPskincare\" \/>\n<meta property=\"og:description\" content=\"Hoolikalt koostatud komplekt, mis sobib nii kingiks kui reisile kaasa. Parimate tulemuste saavutamiseks on kombineeritud \u00f5rn n\u00e4opesugeel, pinguldav ja s\u00e4ra andev seerum ning v\u00e4liskeskkonna kahjustuste eest kaitsev p\u00e4evakreem. Tooted komplektis: ORMEDIC Tasakaalustav n\u00e4opesugeel VITAL C Niisutav vananemisvastane seerum PREVENTION+ Niisutav ja matistav p\u00e4evakreem SPF30+ V\u00e4ike lukuga Image Skincare kosmeetikakott. Suurus toode ORMEDIC Tasakaalustav n\u00e4opesugeel \u2014 50 \u043c\u043b VITAL C Niisutav vananemisvastane seerum \u2014 15 \u043c\u043b PREVENTION+ Niisutav ja matistav p\u00e4evakreem SPF30+ \u2014 43 \u0433\" \/>\n<meta property=\"og:url\" content=\"https:\/\/spskincare.ee\/et\/toode\/reisisobralik-kosmeetikakomplekt\/\" \/>\n<meta property=\"og:site_name\" content=\"SPskincare\" \/>\n<meta property=\"article:publisher\" content=\"https:\/\/www.facebook.com\/sabina.marahhovskaja\" \/>\n<meta property=\"article:modified_time\" content=\"2023-07-06T11:33:07+00:00\" \/>\n<meta property=\"og:image\" content=\"https:\/\/spskincare.ee\/wp-content\/uploads\/2023\/06\/reisikomplektm.webp\" \/>\n\t<meta property=\"og:image:width\" content=\"1600\" \/>\n\t<meta property=\"og:image:height\" content=\"1600\" \/>\n\t<meta property=\"og:image:type\" content=\"image\/webp\" \/>\n<meta name=\"twitter:card\" content=\"summary_large_image\" \/>\n<meta name=\"twitter:label1\" content=\"Est. reading time\" \/>\n\t<meta name=\"twitter:data1\" content=\"2 minutit\" \/>\n<script type=\"application\/ld+json\" class=\"yoast-schema-graph\">{\"@context\":\"https:\/\/schema.org\",\"@graph\":[{\"@type\":\"WebPage\",\"@id\":\"https:\/\/spskincare.ee\/et\/toode\/reisisobralik-kosmeetikakomplekt\/\",\"url\":\"https:\/\/spskincare.ee\/et\/toode\/reisisobralik-kosmeetikakomplekt\/\",\"name\":\"READY, SET, DISCOVER \u2013 Reisis\u00f5bralik kosmeetikakomplekt - SPskincare\",\"isPartOf\":{\"@id\":\"https:\/\/spskincare.ee\/et\/#website\"},\"primaryImageOfPage\":{\"@id\":\"https:\/\/spskincare.ee\/et\/toode\/reisisobralik-kosmeetikakomplekt\/#primaryimage\"},\"image\":{\"@id\":\"https:\/\/spskincare.ee\/et\/toode\/reisisobralik-kosmeetikakomplekt\/#primaryimage\"},\"thumbnailUrl\":\"https:\/\/spskincare.ee\/wp-content\/uploads\/2023\/06\/reisikomplektm.webp\",\"datePublished\":\"2023-06-28T16:06:59+00:00\",\"dateModified\":\"2023-07-06T11:33:07+00:00\",\"breadcrumb\":{\"@id\":\"https:\/\/spskincare.ee\/et\/toode\/reisisobralik-kosmeetikakomplekt\/#breadcrumb\"},\"inLanguage\":\"et\",\"potentialAction\":[{\"@type\":\"ReadAction\",\"target\":[\"https:\/\/spskincare.ee\/et\/toode\/reisisobralik-kosmeetikakomplekt\/\"]}]},{\"@type\":\"ImageObject\",\"inLanguage\":\"et\",\"@id\":\"https:\/\/spskincare.ee\/et\/toode\/reisisobralik-kosmeetikakomplekt\/#primaryimage\",\"url\":\"https:\/\/spskincare.ee\/wp-content\/uploads\/2023\/06\/reisikomplektm.webp\",\"contentUrl\":\"https:\/\/spskincare.ee\/wp-content\/uploads\/2023\/06\/reisikomplektm.webp\",\"width\":1600,\"height\":1600},{\"@type\":\"BreadcrumbList\",\"@id\":\"https:\/\/spskincare.ee\/et\/toode\/reisisobralik-kosmeetikakomplekt\/#breadcrumb\",\"itemListElement\":[{\"@type\":\"ListItem\",\"position\":1,\"name\":\"\u0413\u043b\u0430\u0432\u043d\u0430\u044f \u0441\u0442\u0440\u0430\u043d\u0438\u0446\u0430\",\"item\":\"https:\/\/spskincare.ee\/et\/\"},{\"@type\":\"ListItem\",\"position\":2,\"name\":\"Shop\",\"item\":\"https:\/\/spskincare.ee\/shop\/\"},{\"@type\":\"ListItem\",\"position\":3,\"name\":\"READY, SET, DISCOVER \u2013 Reisis\u00f5bralik kosmeetikakomplekt\"}]},{\"@type\":\"WebSite\",\"@id\":\"https:\/\/spskincare.ee\/et\/#website\",\"url\":\"https:\/\/spskincare.ee\/et\/\",\"name\":\"SPskincare\",\"description\":\"kosmeetik Tallinnas\",\"publisher\":{\"@id\":\"https:\/\/spskincare.ee\/et\/#organization\"},\"potentialAction\":[{\"@type\":\"SearchAction\",\"target\":{\"@type\":\"EntryPoint\",\"urlTemplate\":\"https:\/\/spskincare.ee\/et\/?s={search_term_string}\"},\"query-input\":{\"@type\":\"PropertyValueSpecification\",\"valueRequired\":true,\"valueName\":\"search_term_string\"}}],\"inLanguage\":\"et\"},{\"@type\":\"Organization\",\"@id\":\"https:\/\/spskincare.ee\/et\/#organization\",\"name\":\"SPskincare\",\"url\":\"https:\/\/spskincare.ee\/et\/\",\"logo\":{\"@type\":\"ImageObject\",\"inLanguage\":\"et\",\"@id\":\"https:\/\/spskincare.ee\/et\/#\/schema\/logo\/image\/\",\"url\":\"https:\/\/spskincare.ee\/wp-content\/uploads\/2023\/05\/SP_logo_trans.png\",\"contentUrl\":\"https:\/\/spskincare.ee\/wp-content\/uploads\/2023\/05\/SP_logo_trans.png\",\"width\":500,\"height\":500,\"caption\":\"SPskincare\"},\"image\":{\"@id\":\"https:\/\/spskincare.ee\/et\/#\/schema\/logo\/image\/\"},\"sameAs\":[\"https:\/\/www.facebook.com\/sabina.marahhovskaja\",\"https:\/\/www.instagram.com\/sabinapuskina.kosmetoloog\/\"]}]}<\/script>\n<!-- \/ Yoast SEO plugin. -->","yoast_head_json":{"title":"READY, SET, DISCOVER \u2013 Reisis\u00f5bralik kosmeetikakomplekt - SPskincare","robots":{"index":"index","follow":"follow","max-snippet":"max-snippet:-1","max-image-preview":"max-image-preview:large","max-video-preview":"max-video-preview:-1"},"canonical":"https:\/\/spskincare.ee\/et\/toode\/reisisobralik-kosmeetikakomplekt\/","og_locale":"et_EE","og_type":"article","og_title":"READY, SET, DISCOVER \u2013 Reisis\u00f5bralik kosmeetikakomplekt - SPskincare","og_description":"Hoolikalt koostatud komplekt, mis sobib nii kingiks kui reisile kaasa. Parimate tulemuste saavutamiseks on kombineeritud \u00f5rn n\u00e4opesugeel, pinguldav ja s\u00e4ra andev seerum ning v\u00e4liskeskkonna kahjustuste eest kaitsev p\u00e4evakreem. Tooted komplektis: ORMEDIC Tasakaalustav n\u00e4opesugeel VITAL C Niisutav vananemisvastane seerum PREVENTION+ Niisutav ja matistav p\u00e4evakreem SPF30+ V\u00e4ike lukuga Image Skincare kosmeetikakott. Suurus toode ORMEDIC Tasakaalustav n\u00e4opesugeel \u2014 50 \u043c\u043b VITAL C Niisutav vananemisvastane seerum \u2014 15 \u043c\u043b PREVENTION+ Niisutav ja matistav p\u00e4evakreem SPF30+ \u2014 43 \u0433","og_url":"https:\/\/spskincare.ee\/et\/toode\/reisisobralik-kosmeetikakomplekt\/","og_site_name":"SPskincare","article_publisher":"https:\/\/www.facebook.com\/sabina.marahhovskaja","article_modified_time":"2023-07-06T11:33:07+00:00","og_image":[{"width":1600,"height":1600,"url":"https:\/\/spskincare.ee\/wp-content\/uploads\/2023\/06\/reisikomplektm.webp","type":"image\/webp"}],"twitter_card":"summary_large_image","twitter_misc":{"Est. reading time":"2 minutit"},"schema":{"@context":"https:\/\/schema.org","@graph":[{"@type":"WebPage","@id":"https:\/\/spskincare.ee\/et\/toode\/reisisobralik-kosmeetikakomplekt\/","url":"https:\/\/spskincare.ee\/et\/toode\/reisisobralik-kosmeetikakomplekt\/","name":"READY, SET, DISCOVER \u2013 Reisis\u00f5bralik kosmeetikakomplekt - SPskincare","isPartOf":{"@id":"https:\/\/spskincare.ee\/et\/#website"},"primaryImageOfPage":{"@id":"https:\/\/spskincare.ee\/et\/toode\/reisisobralik-kosmeetikakomplekt\/#primaryimage"},"image":{"@id":"https:\/\/spskincare.ee\/et\/toode\/reisisobralik-kosmeetikakomplekt\/#primaryimage"},"thumbnailUrl":"https:\/\/spskincare.ee\/wp-content\/uploads\/2023\/06\/reisikomplektm.webp","datePublished":"2023-06-28T16:06:59+00:00","dateModified":"2023-07-06T11:33:07+00:00","breadcrumb":{"@id":"https:\/\/spskincare.ee\/et\/toode\/reisisobralik-kosmeetikakomplekt\/#breadcrumb"},"inLanguage":"et","potentialAction":[{"@type":"ReadAction","target":["https:\/\/spskincare.ee\/et\/toode\/reisisobralik-kosmeetikakomplekt\/"]}]},{"@type":"ImageObject","inLanguage":"et","@id":"https:\/\/spskincare.ee\/et\/toode\/reisisobralik-kosmeetikakomplekt\/#primaryimage","url":"https:\/\/spskincare.ee\/wp-content\/uploads\/2023\/06\/reisikomplektm.webp","contentUrl":"https:\/\/spskincare.ee\/wp-content\/uploads\/2023\/06\/reisikomplektm.webp","width":1600,"height":1600},{"@type":"BreadcrumbList","@id":"https:\/\/spskincare.ee\/et\/toode\/reisisobralik-kosmeetikakomplekt\/#breadcrumb","itemListElement":[{"@type":"ListItem","position":1,"name":"\u0413\u043b\u0430\u0432\u043d\u0430\u044f \u0441\u0442\u0440\u0430\u043d\u0438\u0446\u0430","item":"https:\/\/spskincare.ee\/et\/"},{"@type":"ListItem","position":2,"name":"Shop","item":"https:\/\/spskincare.ee\/shop\/"},{"@type":"ListItem","position":3,"name":"READY, SET, DISCOVER \u2013 Reisis\u00f5bralik kosmeetikakomplekt"}]},{"@type":"WebSite","@id":"https:\/\/spskincare.ee\/et\/#website","url":"https:\/\/spskincare.ee\/et\/","name":"SPskincare","description":"kosmeetik Tallinnas","publisher":{"@id":"https:\/\/spskincare.ee\/et\/#organization"},"potentialAction":[{"@type":"SearchAction","target":{"@type":"EntryPoint","urlTemplate":"https:\/\/spskincare.ee\/et\/?s={search_term_string}"},"query-input":{"@type":"PropertyValueSpecification","valueRequired":true,"valueName":"search_term_string"}}],"inLanguage":"et"},{"@type":"Organization","@id":"https:\/\/spskincare.ee\/et\/#organization","name":"SPskincare","url":"https:\/\/spskincare.ee\/et\/","logo":{"@type":"ImageObject","inLanguage":"et","@id":"https:\/\/spskincare.ee\/et\/#\/schema\/logo\/image\/","url":"https:\/\/spskincare.ee\/wp-content\/uploads\/2023\/05\/SP_logo_trans.png","contentUrl":"https:\/\/spskincare.ee\/wp-content\/uploads\/2023\/05\/SP_logo_trans.png","width":500,"height":500,"caption":"SPskincare"},"image":{"@id":"https:\/\/spskincare.ee\/et\/#\/schema\/logo\/image\/"},"sameAs":["https:\/\/www.facebook.com\/sabina.marahhovskaja","https:\/\/www.instagram.com\/sabinapuskina.kosmetoloog\/"]}]}},"_links":{"self":[{"href":"https:\/\/spskincare.ee\/et\/wp-json\/wp\/v2\/product\/5867","targetHints":{"allow":["GET"]}}],"collection":[{"href":"https:\/\/spskincare.ee\/et\/wp-json\/wp\/v2\/product"}],"about":[{"href":"https:\/\/spskincare.ee\/et\/wp-json\/wp\/v2\/types\/product"}],"wp:featuredmedia":[{"embeddable":true,"href":"https:\/\/spskincare.ee\/et\/wp-json\/wp\/v2\/media\/5810"}],"wp:attachment":[{"href":"https:\/\/spskincare.ee\/et\/wp-json\/wp\/v2\/media?parent=5867"}],"wp:term":[{"taxonomy":"product_brand","embeddable":true,"href":"https:\/\/spskincare.ee\/et\/wp-json\/wp\/v2\/product_brand?post=5867"},{"taxonomy":"product_cat","embeddable":true,"href":"https:\/\/spskincare.ee\/et\/wp-json\/wp\/v2\/product_cat?post=5867"},{"taxonomy":"product_tag","embeddable":true,"href":"https:\/\/spskincare.ee\/et\/wp-json\/wp\/v2\/product_tag?post=5867"}],"curies":[{"name":"wp","href":"https:\/\/api.w.org\/{rel}","templated":true}]}}