{"id":5868,"date":"2023-06-28T16:01:26","date_gmt":"2023-06-28T16:01:26","guid":{"rendered":"https:\/\/spskincare.ee\/product\/md-ravikosmeetika-proovikomplekt\/"},"modified":"2023-07-06T11:34:11","modified_gmt":"2023-07-06T11:34:11","slug":"md-ravikosmeetika-proovikomplekt","status":"publish","type":"product","link":"https:\/\/spskincare.ee\/et\/toode\/md-ravikosmeetika-proovikomplekt\/","title":{"rendered":"MD Ravikosmeetika proovikomplekt"},"content":{"rendered":"<p>Kasutamine:<\/p>\n<ol>\n<li>Hommikul:\n<ol>\n<li>1. Puhasta n\u00e4gu MD N\u00e4opesugeeliga Loputa hoolikalt jaheda veega. T\u00e4iendava koorimise jaoks korra seda vastavalt vajadusele. <strong>NB! \u00c4ra kasuta silma\u00fcmbrusnahale!<\/strong><\/li>\n<li>2. Kanna n\u00e4ole MD Taastav nooruseseerum<\/li>\n<li>3. Kanna n\u00e4ole MD Niisutav p\u00e4evakreem SPF50<\/li>\n<\/ol>\n<p>O\u0303htul:<\/p>\n<ol>\n<li>1. Puhasta n\u00e4gu MD N\u00e4opesugeeliga Loputa hoolikalt jaheda veega. T\u00e4iendava koorimise jaoks korra seda vastavalt vajadusele. <strong>NB! \u00c4ra kasuta silma\u00fcmbrusnahale!<\/strong><\/li>\n<li>2. Kanna n\u00e4ole MD Taastav nooruseseerum<\/li>\n<li>3. Kanna n\u00e4ole MD Noorendav \u00f6\u00f6kreem<\/li>\n<\/ol>\n<\/li>\n<\/ol>\n<p>Koostis:<\/p>\n<p>MD N\u00e4opesugeel<\/p>\n<p>WATER (AQUA), CAPRYLIC\/CAPRIC TRIGLYCERIDE, BELLIS PERENNIS (DAISY) FLOWER EXTRACT, BUTYLENE GLYCOL DICAPRYLATE\/DICAPRATE, GLYCERIN, CETYL ALCOHOL, TETRAHEXYLDECYL ASCORBATE, CETEARYL ALCOHOL, DIMETHICONE, GLYCERYL STEARATE, PEG-100 STEARATE, ELAEIS (PALM) FRUIT OIL, GOSSYPIUM HERBACEUM (COTTON) SEED OIL, BIDENS PILOSA EXTRACT, HYDROGENATED PHOSPHATIDYLCHOLINE, LECITHIN, PHENOXYETHANOL, CURCUMA LONGA (TURMERIC) ROOT EXTRACT, HIPPOPHAE RHAMNOIDES OIL, PALMITIC ACID, STEARIC ACID, HYDROXYETHYL ACRYLATE\/SODIUM ACRYLOYLDIMETHYL TAURATE COPOLYMER, LINUM USITATISSIMUM (LINSEED) SEED OIL, SILYBIN, SQUALANE, CETETH-10 PHOSPHATE, DICETYL PHOSPHATE, CAPRYLYL GLYCOL, BUTYROSPERMUM PARKII (SHEA) BUTTER, CERAMIDE 3, CITRUS AURANTIUM DULCIS (ORANGE) PEEL OIL, GLYCYRRHIZA GLABRA (LICORICE) ROOT EXTRACT, XANTHAN GUM, PENTYLENE GLYCOL, ETHYLHEXYLGYCERIN, HEXYLENE GLYCOL, 3-O-ETHYL ASCORBIC ACID, DISODIUM EDTA, PPG-12\/SMDI COPOLYMER, AMINOMETHYL PROPANOL, POLYSORBATE 60, TOCOPHEROL, GLYCINE SOJA (SOYBEAN) OIL, SORBITAN ISOSTEARATE, METHYL UNDECENOYL DIPEPTIDE-16, LEPIDIUM SATIVUM SPROUT EXTRACT, ERGOTHIONEINE<\/p>\n<p>MD Nooruseseerum<\/p>\n<p>WATER\/AQUA\/EAU, GLYCERIN, TETRAHEXYLDECYL ASCORBATE, CETEARYL OLIVATE, C12-15 ALKYL BENZOATE, CAPRYLIC\/CAPRIC TRIGLYCERIDE, SORBITAN OLIVATE, IMPERATA CYLINDRICA ROOT EXTRACT, DIMETHICONE, PHENOXYETHANOL, YEAST EXTRACT, DI-PPG-2 MYRETH-10 ADIPATE, BUTYLENE GLYCOL, CETYL ALCOHOL, CITRUS SINENSIS (ORANGE) PEEL OIL EXPRESSED, ETHYLHEXYL METHOXYCINNAMATE, GLYCERYL STEARATE, PEG-100 STEARATE, SIMMONDSIA CHINENSIS (JOJOBA) SEED OIL, SQUALANE, STEARIC ACID, LIMONENE, PANTHENOL, SODIUM ASCORBYL PHOSPHATE, XANTHAN GUM, GLYCINE SOJA (SOYBEAN) STEROLS, LINOLEIC ACID, PHOSPHOLIPIDS, ETHYLHEXYLGLYCERIN, PEG-8, ALOE BARBADENSIS LEAF EXTRACT, MAGNESIUM ASCORBYL PHOSPHATE, PHYLLANTHUS EMBLICA FRUIT EXTRACT, PPG-12\/SMDI COPOLYMER, PRUNUS AMYGDALUS DULCIS (SWEET ALMOND) OIL, MALUS DOMESTICA FRUIT CELL CULTURE EXTRACT, LEUCONOSTOC\/RADISH ROOT FERMENT FILTRATE, CARBOMER, POTASSIUM SORBATE, DIPOTASSIUM GLYCYRRHIZATE, MAGNESIUM ALUMINUM SILICATE, TOCOPHERYL ACETATE, DIPEPTIDE DIAMINOBUTYROYL BENZYLAMIDE DIACETATE, HYDROLYZED SOY PROTEIN, PALMITOYL TRIPEPTIDE-5, SOY AMINO ACIDS, CENTELLA ASIATICA EXTRACT, GLYCERYL ACRYLATE\/ACRYLIC ACID COPOLYMER, SODIUM BENZOATE, OLEA EUROPAEA (OLIVE) LEAF EXTRACT, SODIUM HYALURONATE, SODIUM LACTATE, ECHINACEA PURPUREA EXTRACT, CAMELLIA SINENSIS (GREEN TEA) LEAF EXTRACT, LECITHIN, POLYSORBATE 20, GLYCOLIC ACID, VITIS VINIFERA (GRAPE) SEED EXTRACT, HYDROLYZED RICE PROTEIN, LINALOOL, CORALLINA OFFICINALIS EXTRACT, SPIRAEA ULMARIA (MEADOWSWEET) FLOWER EXTRACT, ACETYL HEXAPEPTIDE-8, BHT, PALMITOYL TRIPEPTIDE-1, DARUTOSIDE, PALMITOYL TETRAPEPTIDE-7, BENZYL ALCOHOL<\/p>\n<p>MD Noorendav \u00f6\u00f6kreem<\/p>\n<p>WATER (AQUA), GLYCERIN, CETEARYL ALCOHOL, DIMETHICONE, CAPRYLIC\/CAPRIC TRIGLYCERIDE, C12-15 ALKYL BENZOATE, GLYCOLIC ACID, TETRAHEXYLDECYL ASCORBATE, GLYCERYL STEARATE, PEG-100 STEARATE, BUTYLENE GLYCOL, CETYL ALCOHOL, STEARIC ACID, PHENOXYETHANOL, CETEARETH-20, YEAST EXTRACT, PPG-12\/SDMI COPOLYMER, RETINOL, MAGNESIUM ALUMINUM SILICATE, STEARYL ALCOHOL, POLYSORBATE 20, POLYSORBATE 60, GLYCINE SOJA STEROLS, LINOLEIC ACID, PHOSPHOLIPIDS, DIPOTASSIUM GLYCYRRHIZATE, KOJIC ACID, PEG-20, PROPYLENE GLYCOL, CITRUS AURANTIUM DULCIS PEEL OIL, XANTHAN GUM, SUCROSE TRISTEARATE, CITRUS RETICULATA PEEL OIL, DISODIUM EDTA, ETHYLHEXYLGLYCERIN, TOCOPHERYL ACETATE, DIPEPTIDE DIAMINOBUTYROYL BENZYLAMIDE DIACETATE, HYDROLYZED SOY PROTEIN, PALMITOYL TRIPEPTIDE-5, POTASSIUM SORBATE, SOY AMINO ACIDS, RUMEX OCCIDENTALIS EXTRACT, SODIUM BENZOATE, SODIUM HYALURONATE, CAMELLIA SINENSIS LEAF EXTRACT, TOCOPHEROL, CITRIC ACID, SODIUM HYDROXIDE<\/p>\n<p>MD Niisutav p\u00e4evakreem SPF50<\/p>\n<p>HOMOSALATE 10,0%, OCTISALATE 5,0%, OCTOCRYLENE 6,0%, ZINC OXIDE 9,0%, AQUA\/WATER\/EAU, CAPRYLIC\/CAPRIC TRIGLYCERIDE, GLYCERIN, CYCLOPENTASILOXANE, CETYL PEG\/PPG-10\/1 DIMETHICONE, THERMUS THERMOPHILLUS FERMENT, POLYACRYLATE-13, CETEARYL ETHYLHEXANOATE, PHENOXYETHANOL, POLYISOBUTENE, POLYGLYCERYL-6 POLYRICINOLEATE, LECITHIN, ISOSTEARIC ACID, POLYGLYCERYL-3 POLYRICINOLEATE, POLYHYDROXYSTEARIC ACID, SODIUM CHLORIDE, CETEARYL DIMETHICONE, MARRUBIUM VULGARE EXTRACT, HELIANTHUS ANNUUS (SUNFLOWER) SEED OIL, XANTHAN GUM, POLYGLYCERYL-2 ISOSTEARATE, CITRUS AURANTIUM DULCIS (ORANGE) PEEL OIL, DISTEARDIMONIUM HECTORITE, POLYSORBATE 20, LIMONENE, SORBITAN ISOSTEARATE, ETHYLHEXYLGLYCERIN, PANTHENOL, DISODIUM EDTA, SODIUM HYALURONATE, MELANIN, ERYTHRITOL, CITRIC ACID, GLUCOSE, POTASSIUM SORBATE, HYDROLYZED PEA PROTEIN, TOCOPHEROL, PEG-8\/SMDI COPOLYMER, TETRAHEXYLDECYL ASCORBATE, TOCOPHERYL ACETATE, BAROSMA BETULINA (BUCHU) LEAF OIL, VANILLA PLANIFOLIA FRUIT EXTRACT, SODIUM BENZOATE, HOMARINE HCL, PENTAERYTHRITYL TETRA-DI-T-BUTYL HYDROXYHYDROCINNAMATE, SODIUM SUCCINATE, MALUS DOMESTICA FRUIT CELL CULTURE EXTRACT, ARABIDOPSIS THALIANA (THALE CRESS) EXTRACT, MICROCOCCUS LYSATE, PLANKTON EXTRACT, ERGOTHIONEINE<\/p>\n<p>*Toote koostises v\u00f5ib esineda m\u00f5ningaid muudatusi T\u00e4pne koostis toote pakendil.<\/p>\n<section class=\"related products \"><\/section>\n","protected":false},"excerpt":{"rendered":"<p>Image Skincare MD ravikosmeetika proovikomplekt on ideaalne v\u00f5imalus tutvuda MD tootesarjaga just siis kui tunned, et vananemise m\u00e4rgid vajavad tugevamat hoolt. Komplekti kuuluvad neli toodet on k\u00f5ik mida vajad t\u00e4ielikuks ilurutiiniks.<\/p>\n<p>Tooted komplektis:<\/p>\n<p>Image Skincare MD N\u00e4opesugeel<\/p>\n<p>Image Skincare MD Taastav nooruseseerum<\/p>\n<p>Image Skincare MD Noorendav \u00f6\u00f6kreem<\/p>\n<p>Image Skincare MD Niisutav p\u00e4evakreem SPF50<\/p>\n<p>Suurus toode<\/p>\n<p>Image Skincare MD N\u00e4opesugee \u2014 3 \u043c\u043b<\/p>\n<p>Image Skincare MD Taastav nooruseseerum \u2014 3 \u043c\u043b<\/p>\n<p>Image Skincare MD Noorendav \u00f6\u00f6kreem \u2014 3 \u043c\u043b<\/p>\n<p>Image Skincare MD Niisutav p\u00e4evakreem SPF50 \u2014 3 \u043c\u043b<\/p>\n","protected":false},"featured_media":5811,"template":"","meta":[],"product_brand":[],"product_cat":[112],"product_tag":[119],"class_list":{"0":"post-5868","1":"product","2":"type-product","3":"status-publish","4":"has-post-thumbnail","6":"product_cat-proovikomplektid","7":"product_tag-proovikomplekt","9":"first","10":"instock","11":"shipping-taxable","12":"purchasable","13":"product-type-simple"},"yoast_head":"<!-- This site is optimized with the Yoast SEO plugin v26.2 - https:\/\/yoast.com\/wordpress\/plugins\/seo\/ -->\n<title>MD Ravikosmeetika proovikomplekt - SPskincare<\/title>\n<meta name=\"robots\" content=\"index, follow, max-snippet:-1, max-image-preview:large, max-video-preview:-1\" \/>\n<link rel=\"canonical\" href=\"https:\/\/spskincare.ee\/et\/toode\/md-ravikosmeetika-proovikomplekt\/\" \/>\n<meta property=\"og:locale\" content=\"et_EE\" \/>\n<meta property=\"og:type\" content=\"article\" \/>\n<meta property=\"og:title\" content=\"MD Ravikosmeetika proovikomplekt - SPskincare\" \/>\n<meta property=\"og:description\" content=\"Image Skincare MD ravikosmeetika proovikomplekt on ideaalne v\u00f5imalus tutvuda MD tootesarjaga just siis kui tunned, et vananemise m\u00e4rgid vajavad tugevamat hoolt. Komplekti kuuluvad neli toodet on k\u00f5ik mida vajad t\u00e4ielikuks ilurutiiniks. Tooted komplektis: Image Skincare MD N\u00e4opesugeel Image Skincare MD Taastav nooruseseerum Image Skincare MD Noorendav \u00f6\u00f6kreem Image Skincare MD Niisutav p\u00e4evakreem SPF50 Suurus toode Image Skincare MD N\u00e4opesugee \u2014 3 \u043c\u043b Image Skincare MD Taastav nooruseseerum \u2014 3 \u043c\u043b Image Skincare MD Noorendav \u00f6\u00f6kreem \u2014 3 \u043c\u043b Image Skincare MD Niisutav p\u00e4evakreem SPF50 \u2014 3 \u043c\u043b\" \/>\n<meta property=\"og:url\" content=\"https:\/\/spskincare.ee\/et\/toode\/md-ravikosmeetika-proovikomplekt\/\" \/>\n<meta property=\"og:site_name\" content=\"SPskincare\" \/>\n<meta property=\"article:publisher\" content=\"https:\/\/www.facebook.com\/sabina.marahhovskaja\" \/>\n<meta property=\"article:modified_time\" content=\"2023-07-06T11:34:11+00:00\" \/>\n<meta property=\"og:image\" content=\"https:\/\/spskincare.ee\/wp-content\/uploads\/2023\/06\/proovikomplekt-1.webp\" \/>\n\t<meta property=\"og:image:width\" content=\"1600\" \/>\n\t<meta property=\"og:image:height\" content=\"1600\" \/>\n\t<meta property=\"og:image:type\" content=\"image\/webp\" \/>\n<meta name=\"twitter:card\" content=\"summary_large_image\" \/>\n<meta name=\"twitter:label1\" content=\"Est. reading time\" \/>\n\t<meta name=\"twitter:data1\" content=\"3 minutit\" \/>\n<script type=\"application\/ld+json\" class=\"yoast-schema-graph\">{\"@context\":\"https:\/\/schema.org\",\"@graph\":[{\"@type\":\"WebPage\",\"@id\":\"https:\/\/spskincare.ee\/et\/toode\/md-ravikosmeetika-proovikomplekt\/\",\"url\":\"https:\/\/spskincare.ee\/et\/toode\/md-ravikosmeetika-proovikomplekt\/\",\"name\":\"MD Ravikosmeetika proovikomplekt - SPskincare\",\"isPartOf\":{\"@id\":\"https:\/\/spskincare.ee\/et\/#website\"},\"primaryImageOfPage\":{\"@id\":\"https:\/\/spskincare.ee\/et\/toode\/md-ravikosmeetika-proovikomplekt\/#primaryimage\"},\"image\":{\"@id\":\"https:\/\/spskincare.ee\/et\/toode\/md-ravikosmeetika-proovikomplekt\/#primaryimage\"},\"thumbnailUrl\":\"https:\/\/spskincare.ee\/wp-content\/uploads\/2023\/06\/proovikomplekt-1.webp\",\"datePublished\":\"2023-06-28T16:01:26+00:00\",\"dateModified\":\"2023-07-06T11:34:11+00:00\",\"breadcrumb\":{\"@id\":\"https:\/\/spskincare.ee\/et\/toode\/md-ravikosmeetika-proovikomplekt\/#breadcrumb\"},\"inLanguage\":\"et\",\"potentialAction\":[{\"@type\":\"ReadAction\",\"target\":[\"https:\/\/spskincare.ee\/et\/toode\/md-ravikosmeetika-proovikomplekt\/\"]}]},{\"@type\":\"ImageObject\",\"inLanguage\":\"et\",\"@id\":\"https:\/\/spskincare.ee\/et\/toode\/md-ravikosmeetika-proovikomplekt\/#primaryimage\",\"url\":\"https:\/\/spskincare.ee\/wp-content\/uploads\/2023\/06\/proovikomplekt-1.webp\",\"contentUrl\":\"https:\/\/spskincare.ee\/wp-content\/uploads\/2023\/06\/proovikomplekt-1.webp\",\"width\":1600,\"height\":1600},{\"@type\":\"BreadcrumbList\",\"@id\":\"https:\/\/spskincare.ee\/et\/toode\/md-ravikosmeetika-proovikomplekt\/#breadcrumb\",\"itemListElement\":[{\"@type\":\"ListItem\",\"position\":1,\"name\":\"\u0413\u043b\u0430\u0432\u043d\u0430\u044f \u0441\u0442\u0440\u0430\u043d\u0438\u0446\u0430\",\"item\":\"https:\/\/spskincare.ee\/et\/\"},{\"@type\":\"ListItem\",\"position\":2,\"name\":\"Shop\",\"item\":\"https:\/\/spskincare.ee\/shop\/\"},{\"@type\":\"ListItem\",\"position\":3,\"name\":\"MD Ravikosmeetika proovikomplekt\"}]},{\"@type\":\"WebSite\",\"@id\":\"https:\/\/spskincare.ee\/et\/#website\",\"url\":\"https:\/\/spskincare.ee\/et\/\",\"name\":\"SPskincare\",\"description\":\"kosmeetik Tallinnas\",\"publisher\":{\"@id\":\"https:\/\/spskincare.ee\/et\/#organization\"},\"potentialAction\":[{\"@type\":\"SearchAction\",\"target\":{\"@type\":\"EntryPoint\",\"urlTemplate\":\"https:\/\/spskincare.ee\/et\/?s={search_term_string}\"},\"query-input\":{\"@type\":\"PropertyValueSpecification\",\"valueRequired\":true,\"valueName\":\"search_term_string\"}}],\"inLanguage\":\"et\"},{\"@type\":\"Organization\",\"@id\":\"https:\/\/spskincare.ee\/et\/#organization\",\"name\":\"SPskincare\",\"url\":\"https:\/\/spskincare.ee\/et\/\",\"logo\":{\"@type\":\"ImageObject\",\"inLanguage\":\"et\",\"@id\":\"https:\/\/spskincare.ee\/et\/#\/schema\/logo\/image\/\",\"url\":\"https:\/\/spskincare.ee\/wp-content\/uploads\/2023\/05\/SP_logo_trans.png\",\"contentUrl\":\"https:\/\/spskincare.ee\/wp-content\/uploads\/2023\/05\/SP_logo_trans.png\",\"width\":500,\"height\":500,\"caption\":\"SPskincare\"},\"image\":{\"@id\":\"https:\/\/spskincare.ee\/et\/#\/schema\/logo\/image\/\"},\"sameAs\":[\"https:\/\/www.facebook.com\/sabina.marahhovskaja\",\"https:\/\/www.instagram.com\/sabinapuskina.kosmetoloog\/\"]}]}<\/script>\n<!-- \/ Yoast SEO plugin. -->","yoast_head_json":{"title":"MD Ravikosmeetika proovikomplekt - SPskincare","robots":{"index":"index","follow":"follow","max-snippet":"max-snippet:-1","max-image-preview":"max-image-preview:large","max-video-preview":"max-video-preview:-1"},"canonical":"https:\/\/spskincare.ee\/et\/toode\/md-ravikosmeetika-proovikomplekt\/","og_locale":"et_EE","og_type":"article","og_title":"MD Ravikosmeetika proovikomplekt - SPskincare","og_description":"Image Skincare MD ravikosmeetika proovikomplekt on ideaalne v\u00f5imalus tutvuda MD tootesarjaga just siis kui tunned, et vananemise m\u00e4rgid vajavad tugevamat hoolt. Komplekti kuuluvad neli toodet on k\u00f5ik mida vajad t\u00e4ielikuks ilurutiiniks. Tooted komplektis: Image Skincare MD N\u00e4opesugeel Image Skincare MD Taastav nooruseseerum Image Skincare MD Noorendav \u00f6\u00f6kreem Image Skincare MD Niisutav p\u00e4evakreem SPF50 Suurus toode Image Skincare MD N\u00e4opesugee \u2014 3 \u043c\u043b Image Skincare MD Taastav nooruseseerum \u2014 3 \u043c\u043b Image Skincare MD Noorendav \u00f6\u00f6kreem \u2014 3 \u043c\u043b Image Skincare MD Niisutav p\u00e4evakreem SPF50 \u2014 3 \u043c\u043b","og_url":"https:\/\/spskincare.ee\/et\/toode\/md-ravikosmeetika-proovikomplekt\/","og_site_name":"SPskincare","article_publisher":"https:\/\/www.facebook.com\/sabina.marahhovskaja","article_modified_time":"2023-07-06T11:34:11+00:00","og_image":[{"width":1600,"height":1600,"url":"https:\/\/spskincare.ee\/wp-content\/uploads\/2023\/06\/proovikomplekt-1.webp","type":"image\/webp"}],"twitter_card":"summary_large_image","twitter_misc":{"Est. reading time":"3 minutit"},"schema":{"@context":"https:\/\/schema.org","@graph":[{"@type":"WebPage","@id":"https:\/\/spskincare.ee\/et\/toode\/md-ravikosmeetika-proovikomplekt\/","url":"https:\/\/spskincare.ee\/et\/toode\/md-ravikosmeetika-proovikomplekt\/","name":"MD Ravikosmeetika proovikomplekt - SPskincare","isPartOf":{"@id":"https:\/\/spskincare.ee\/et\/#website"},"primaryImageOfPage":{"@id":"https:\/\/spskincare.ee\/et\/toode\/md-ravikosmeetika-proovikomplekt\/#primaryimage"},"image":{"@id":"https:\/\/spskincare.ee\/et\/toode\/md-ravikosmeetika-proovikomplekt\/#primaryimage"},"thumbnailUrl":"https:\/\/spskincare.ee\/wp-content\/uploads\/2023\/06\/proovikomplekt-1.webp","datePublished":"2023-06-28T16:01:26+00:00","dateModified":"2023-07-06T11:34:11+00:00","breadcrumb":{"@id":"https:\/\/spskincare.ee\/et\/toode\/md-ravikosmeetika-proovikomplekt\/#breadcrumb"},"inLanguage":"et","potentialAction":[{"@type":"ReadAction","target":["https:\/\/spskincare.ee\/et\/toode\/md-ravikosmeetika-proovikomplekt\/"]}]},{"@type":"ImageObject","inLanguage":"et","@id":"https:\/\/spskincare.ee\/et\/toode\/md-ravikosmeetika-proovikomplekt\/#primaryimage","url":"https:\/\/spskincare.ee\/wp-content\/uploads\/2023\/06\/proovikomplekt-1.webp","contentUrl":"https:\/\/spskincare.ee\/wp-content\/uploads\/2023\/06\/proovikomplekt-1.webp","width":1600,"height":1600},{"@type":"BreadcrumbList","@id":"https:\/\/spskincare.ee\/et\/toode\/md-ravikosmeetika-proovikomplekt\/#breadcrumb","itemListElement":[{"@type":"ListItem","position":1,"name":"\u0413\u043b\u0430\u0432\u043d\u0430\u044f \u0441\u0442\u0440\u0430\u043d\u0438\u0446\u0430","item":"https:\/\/spskincare.ee\/et\/"},{"@type":"ListItem","position":2,"name":"Shop","item":"https:\/\/spskincare.ee\/shop\/"},{"@type":"ListItem","position":3,"name":"MD Ravikosmeetika proovikomplekt"}]},{"@type":"WebSite","@id":"https:\/\/spskincare.ee\/et\/#website","url":"https:\/\/spskincare.ee\/et\/","name":"SPskincare","description":"kosmeetik Tallinnas","publisher":{"@id":"https:\/\/spskincare.ee\/et\/#organization"},"potentialAction":[{"@type":"SearchAction","target":{"@type":"EntryPoint","urlTemplate":"https:\/\/spskincare.ee\/et\/?s={search_term_string}"},"query-input":{"@type":"PropertyValueSpecification","valueRequired":true,"valueName":"search_term_string"}}],"inLanguage":"et"},{"@type":"Organization","@id":"https:\/\/spskincare.ee\/et\/#organization","name":"SPskincare","url":"https:\/\/spskincare.ee\/et\/","logo":{"@type":"ImageObject","inLanguage":"et","@id":"https:\/\/spskincare.ee\/et\/#\/schema\/logo\/image\/","url":"https:\/\/spskincare.ee\/wp-content\/uploads\/2023\/05\/SP_logo_trans.png","contentUrl":"https:\/\/spskincare.ee\/wp-content\/uploads\/2023\/05\/SP_logo_trans.png","width":500,"height":500,"caption":"SPskincare"},"image":{"@id":"https:\/\/spskincare.ee\/et\/#\/schema\/logo\/image\/"},"sameAs":["https:\/\/www.facebook.com\/sabina.marahhovskaja","https:\/\/www.instagram.com\/sabinapuskina.kosmetoloog\/"]}]}},"_links":{"self":[{"href":"https:\/\/spskincare.ee\/et\/wp-json\/wp\/v2\/product\/5868","targetHints":{"allow":["GET"]}}],"collection":[{"href":"https:\/\/spskincare.ee\/et\/wp-json\/wp\/v2\/product"}],"about":[{"href":"https:\/\/spskincare.ee\/et\/wp-json\/wp\/v2\/types\/product"}],"wp:featuredmedia":[{"embeddable":true,"href":"https:\/\/spskincare.ee\/et\/wp-json\/wp\/v2\/media\/5811"}],"wp:attachment":[{"href":"https:\/\/spskincare.ee\/et\/wp-json\/wp\/v2\/media?parent=5868"}],"wp:term":[{"taxonomy":"product_brand","embeddable":true,"href":"https:\/\/spskincare.ee\/et\/wp-json\/wp\/v2\/product_brand?post=5868"},{"taxonomy":"product_cat","embeddable":true,"href":"https:\/\/spskincare.ee\/et\/wp-json\/wp\/v2\/product_cat?post=5868"},{"taxonomy":"product_tag","embeddable":true,"href":"https:\/\/spskincare.ee\/et\/wp-json\/wp\/v2\/product_tag?post=5868"}],"curies":[{"name":"wp","href":"https:\/\/api.w.org\/{rel}","templated":true}]}}