{"id":5869,"date":"2023-06-28T15:55:33","date_gmt":"2023-06-28T15:55:33","guid":{"rendered":"https:\/\/spskincare.ee\/product\/ormedic-proovikomplekt\/"},"modified":"2023-07-06T11:35:27","modified_gmt":"2023-07-06T11:35:27","slug":"ormedic-proovikomplekt","status":"publish","type":"product","link":"https:\/\/spskincare.ee\/et\/toode\/ormedic-proovikomplekt\/","title":{"rendered":"ORMEDIC proovikomplekt"},"content":{"rendered":"<p>Kasutamine:<\/p>\n<ol>\n<li>Hommikul:\n<ol>\n<li>1. Puhasta n\u00e4gu ORMEDIC Tasakaalustav n\u00e4opesugeeliga V\u00f5ib kasutada silmade \u00fcmber nahal<\/li>\n<li>2. Kanna n\u00e4ole ORMEDIC Antioks\u00fcdantidega seerum<\/li>\n<li>3. Kanna n\u00e4ole p\u00e4ikesekaitsega p\u00e4evakreem(ei kuulu komplekti)<\/li>\n<\/ol>\n<p>O\u0303htul:<\/p>\n<ol>\n<li>1. Puhasta n\u00e4gu ORMEDIC Tasakaalustav n\u00e4opesugeeliga V\u00f5ib kasutada silmade \u00fcmber nahal<\/li>\n<li>2. Kanna n\u00e4ole ORMEDIC Antioks\u00fcdantidega seerum<\/li>\n<li>3. Kanna n\u00e4ole ORMEDIC Bio-peptiididega kreem<\/li>\n<\/ol>\n<p>Mask:<\/p>\n<p>ORMEDIC Tasakaalustav mask \u2013 kasuta 2-3 korda n\u00e4dalas, v\u00f5i vastavalt vajadusele.<\/li>\n<\/ol>\n<p>Koostis:<\/p>\n<p>ORMEDIC Tasakaalustav n\u00e4opesugeel<\/p>\n<p>ALOE BARBADENSIS LEAF JUICE*, AQUA\/WATER\/EAU, SODIUM C14-16 OLEFIN SULFONATE, COCAMIDOPROPYL HYDROXYSULTAINE, VITIS VINIFERA (GRAPE) FRUIT WATER*, GLYCERIN, SODIUM COCOAMPHOACETATE, SODIUM CHLORIDE, PROPANEDIOL, SORBITOL, POLYSORBATE 20, CAPRYLIC\/CAPRIC TRIGLYCERIDE, CITRIC ACID, GLYCOLIPIDS, ETHYLHEXYLGLYCERIN, CAMELLIA SINENSIS (GREEN TEA) LEAF EXTRACT*, COPPER PCA, PANTHENOL, SODIUM HYALURONATE, CITRIS AURANTIUM DULCIS (ORANGE) FRUIT EXTRACT*, CITRUS LIMON (LEMON) PEEL EXTRACT, JUNIPERUS VIRGINIANA (VIRGINIA RED CEDAR) WOOD EXTRACT, MUSA SAPIENTUM (PLANTAIN) FRUIT ECTRACT, PRUNUS ARMENIACA (APRICOT) FRUIT EXTRACT, PYRUS MALUS (APPLE) FRUIT EXTRACT, ARCTIUM LAPPA (BURDOCK) ROOT EXTRACT*, CALENDULA OFFICINALIS (POT MARIGOLD) FLOWER EXTRACT*, CURCUMA LONGA (TURMERIC) ROOT EXTRACT*, NELUMBO NUCIFERA (SACRED LOTUS) FLOWER EXTRACT*, TAMARINDUS INDICA FRUIT EXTRACT*, TRIFOLIUM PRATENSE (CLOVER) FLOWER EXTRACT*, ANANAS SATIVUS (PINEAPPLE) FRUIT EXTRACT, BUTTER EXTRACT, CITRUS PARADISI (GRAPEFRUIT) FRUIT EXTRACT, COCOS NUCIFERA (COCONUT) FRUIT EXTRACT, COFFEA ARABICA (ARABIAN COFFEE) LEAF\/SEED EXTRACT, CUCUMIS MELO (MELON) FRUIT EXTRACT, FRAGARIA CHILOENSIS (STRAWBERRY) FRUIT EXTRACT, PRUNUS AMYGDALUS DULCIS (SWEET ALMOND) FRUIT EXTRACT, RUBUS IDAEUS (RASPBERRY) FRUIT EXTRACT, VANILLA PLANIFOLIA (VANILLA) FRUIT EXTRACT, TOCOPHEROL, GLYCERYL CAPRYLATE, BIOSACCHARIDE GUM-1, SODIUM LEVULINATE, SODIUM ANISATE, PHENOXYETHANOL, SODIUM BENZOATE, AMYL CINNAMAL, LIMONENE. *CERTIFIED ORGANIC.<\/p>\n<p>ORMEDIC Antioks\u00fcdantidega seerum<\/p>\n<p>AQUA\/WATER\/EAU, ALOE BARBADENSIS LEAF JUICE*, GLYCERIN, PROPANEDIOL,VITIS VINIFERA (GRAPE) FRUIT WATER*, POLYSORBATE 20, CAPRYLYL GLYCOL, BETA VULGARIS (BEET) ROOT EXTRACT, POLYACRYLATE CROSSPOLYMER-6, HYDROXYETHYL ACRYLATE\/SODIUM ACRYLOYLDIMETHYL TAURATE COPOLYMER, CITRUS AURANTIUM DULCIS (ORANGE) PEEL OIL, SODIUM HYALURONATE, AMINOMETHYL PROPANOL, COPPER PCA, ETHYLHEXYLGLYCERIN, GLYCINE, NIACINAMIDE, LACTIC ACID, CITRIC ACID, SORBITAN ISOSTEARATE, POLYSORBATE 60, ARCTIUM LAPPA (BURDOCK) ROOT EXTRACT, CALENDULA OFFICINALIS (POT MARIGOLD) FLOWER EXTRACT, CAMELLIA SINENSIS (GREEN TEA) LEAF EXTRACT, CITRUS NOBILIS (MANDARIN ORANGE) PEEL OIL,CITRUS PARADIS! (GRAPEFRUIT) PEEL OIL, CURCUMA LONGA (TURMERIC) ROOT EXTRACT, NELUMBO NUCIFERA (SACRED LOTUS) FLOWER EXTRACT, TAMARINDUS INDICA FRUIT EXTRACT, TERMINALIA FERDINANDIANA FRUIT EXTRACT, TRIFOLIUM PRATENSE (CLOVER) FLOWER EXTRACT, BIOSACCHARI DE GUM-1, HABERLEA RHODOPENSIS LEAF EXTRACT, YEAST EXTRACT,T-BUTYL ALCOHOL, SODIUM LEVULINATE, GLYCERYL CAPRYLATE, VANILLA PLANIFOLIA (VANILLA) FRUIT EXTRACT, SODIUM ANISATE, TOCOPHEROL, PHENOXYETHANOL ,LIMONENE. *CERTIFIED ORGANIC.<\/p>\n<p>ORMEDIC Tasakaalustav mask<\/p>\n<p>WATER\/AQUA\/EAU, ALOE BARBADENSIS LEAF JUICE*, GLYCERIN, VITIS VINIFERA (GRAPE) FRUIT WATER*, SACCHAROMYCES\/XYLINUM\/BLACK TEA FERMENT, SODIUM CARBOMER, POLYSORBATE 20, OPHIOPOGON JAPONICUS ROOT EXTRACT, CAPRYLIC\/CAPRIC TRIGLYCERIDE, DIPOTASSIUM GLYCYRRHIZATE, MALTODEXTRIN, ETHYLHEXYLGLYCERIN, COPPER PCA, CAMELLIA SINENSIS (GREEN TEA) LEAF EXTRACT*, TETRASODIUM GLUTAMATE DIACETATE, OPUNTIA FICUS-INDICA STEM EXTRACT, ARCTIUM LAPPA (BURDOCK) ROOT EXTRACT*, CALENDULA OFFICINALIS (POT MARIGOLD) FLOWER EXTRACT*, CITRUS AURANTIUM DULCIS (ORANGE) FRUIT EXTRACT, CITRUS LIMON (LEMON) PEEL EXTRACT, CURCUMA LONGA (TURMERIC) ROOT EXTRACT*, JUNIPERUS VIRGINIANA (VIRGINIA RED CEDAR) WOOD EXTRACT, MUSA SAPIENTUM (PLANTAIN) FRUIT EXTRACT, NELUMBO NUCIFERA (SACRED LOTUS) FLOWER EXTRACT*, PRUNUS ARMENIACA (APRICOT) FRUIT EXTRACT, PYRUS MALUS (APPLE) FRUIT EXTRACT, TAMARINDUS INDICA FRUIT EXTRACT*, TRIFOLIUM PRATENSE (CLOVER) FLOWER EXTRACT*, ANANAS SATIVUS (PINEAPPLE) FRUIT EXTRACT, BUTTER EXTRACT, CITRUS PARADISI (GRAPEFRUIT) FRUIT EXTRACT, COCOS NUCIFERA (COCONUT) FRUIT EXTRACT, COFFEA ARABICA (ARABIAN COFFEE) LEAF\/SEED EXTRACT, CUCUMIS MELO (MELON) FRUIT EXTRACT, FRAGARIA CHILOENSIS (STRAWBERRY) FRUIT EXTRACT, PRUNUS AMYGDALUS DULCIS (SWEET ALMOND) FRUIT EXTRACT, RUBUS IDAEUS (RASPBERRY) FRUIT EXTRACT, VANILLA PLANIFOLIA (VANILLA) FRUIT EXTRACT, TOCOPHEROL, CITRIC ACID, SODIUM HYDROXIDE, SODIUM GLYCOLATE, SODIUM FORMATE, PHENOXYETHANOL, POTASSIUM SORBATE, SODIUM BENZOATE, AMYL CINNAMAL, LIMONENE. *CERTIFIED ORGANIC.<\/p>\n<p>ORMEDIC Bio-peptiididega kreem<\/p>\n<p>ALOE BARBADENSIS LEAF JUICE*, AQUA\/WATER\/EAU, GLYCERIN, VITIS VINIFERA (GRAPE) FRUIT WATER*, OLEA EUROPAEA FRUIT OIL*, PRUNUS ARMENIACA (APRICOT) KERNEL OIL*, GLYCERYL STEARATE, CETEARYL ALCOHOL, STEARIC ACID, SIMMONDSIA CHINENSIS (JOJOBA) SEED OIL*, DIMETHICONE, PANTHENOL, PHENYL TRIMETHICONE, CITRUS AURANTIUM DULCIS (ORANGE) PEEL OIL, SODIUM ACRYLATE\/SODIUM ACRYLOYLDI METHYL TAURATE COPOLYMER, BUTYROSPERMUM PARKll (SHEA) BUTTER, MANGIFERA INDICA (MANGO) SEED BUTTER, TOCOPHERYL ACETATE, VITIS VIN IFERA (GRAPE) SEED OIL*, ISOHEXADECANE, HYDROXYDECYL UBIQUINONE, POLYSORBATE 80, XANTHAN GUM, CAPRYLIC\/CAPRIC TRIGLYCERI DE, CETYL PALMITATE, LACTIC ACID, ETHYLHEXYLGLYCERIN, ALLANTOIN, ASCORBYL PALMITATE, TETRAHEXYLDECYL ASCORBATE, AMINOMETHYL PROPANOL,SORBITAN STEARATE, SORBITAN OLEATE, CITRIC ACID, CITRUS PARADISI (GRAPEFRUIT) PEEL OIL,CITRUS NOBILIS (MANDARIN ORANGE) PEEL OIL, CAMELLIA SINENSIS (GREEN TEA) LEAF EXTRACT, PALMITOYL TRIPEPTIDE-5, SODIUM HYALURONATE, ARCTIUM LAPPA (BURDOCK) ROOT EXTRACT, CALENDULA OFFICINALIS (POT MARIGOLD) FLOWER EXTRACT, CURCUMA LONGA (TURMERIC) ROOT EXTRACT, NELUMBO NUCIFERA (SACRED LOTUS) FLOWER EXTRACT, TAMARINDUS INDICA FRUIT EXTRACT, TRIFOLIUM PRATENSE (CLOVER) FLOWER EXTRACT, VANILLA PLANIFOLIA FRUIT, HYDROGENATED LECITHIN, TOCOPHEROL, PALMITOYL TETRAPEPTIDE-10, PHENOXYETHANOL,SODIUM BENZOATE, POTASSIUM SORBATE, LIMONENE. *CERTIFIED ORGANIC.<\/p>\n<p>****Toodete koostises v\u00f5ib esineda m\u00f5ningaid muudatusi. T\u00e4pne koostis toote pakendil.<\/p>\n<section class=\"related products \"><\/section>\n","protected":false},"excerpt":{"rendered":"<p>Ormedic sarja proovikomplekt annab p\u00f5hjaliku \u00fclevaate Ormedic sarja toodetest ning ilurituaalist. Kogu tootesari on loodud just neile, kes peavad kosmeetikatoodetes oluliseks koostisosade puhtust ja looduslikku p\u00e4ritolu. Sari sobib ideaalselt ka noorukitele esmaseks tutvumiseks Image Skincare toodetega ning ka k\u00f5igile kel tundlik nahk. Proovikomplekti tooteid jagub 7-10 p\u00e4evaks.<\/p>\n<p>ORMEDIC Tasakaalustav n\u00e4opesugeel<\/p>\n<p>ORMEDIC Antioks\u00fcdantidega seerum<\/p>\n<p>ORMEDIC Tasakaalustav mask<\/p>\n<p>ORMEDIC Bio-peptiididega kreem<\/p>\n<p>Suurus toode<\/p>\n<p>ORMEDIC Tasakaalustav n\u00e4opesugeel \u2014 7,4 \u043c\u043b<\/p>\n<p>ORMEDIC Antioks\u00fcdantidega seerum \u2014 7,4 \u043c\u043b<\/p>\n<p>ORMEDIC Tasakaalustav mask \u2014 7,4 \u043c\u043b<\/p>\n<p>ORMEDIC Bio-peptiididega kreem \u2014 7 \u0433<\/p>\n","protected":false},"featured_media":5764,"template":"","meta":[],"product_brand":[],"product_cat":[112],"product_tag":[119],"class_list":{"0":"post-5869","1":"product","2":"type-product","3":"status-publish","4":"has-post-thumbnail","6":"product_cat-proovikomplektid","7":"product_tag-proovikomplekt","9":"first","10":"instock","11":"shipping-taxable","12":"purchasable","13":"product-type-simple"},"yoast_head":"<!-- This site is optimized with the Yoast SEO plugin v26.2 - https:\/\/yoast.com\/wordpress\/plugins\/seo\/ -->\n<title>ORMEDIC proovikomplekt - SPskincare<\/title>\n<meta name=\"robots\" content=\"index, follow, max-snippet:-1, max-image-preview:large, max-video-preview:-1\" \/>\n<link rel=\"canonical\" href=\"https:\/\/spskincare.ee\/et\/toode\/ormedic-proovikomplekt\/\" \/>\n<meta property=\"og:locale\" content=\"et_EE\" \/>\n<meta property=\"og:type\" content=\"article\" \/>\n<meta property=\"og:title\" content=\"ORMEDIC proovikomplekt - SPskincare\" \/>\n<meta property=\"og:description\" content=\"Ormedic sarja proovikomplekt annab p\u00f5hjaliku \u00fclevaate Ormedic sarja toodetest ning ilurituaalist. Kogu tootesari on loodud just neile, kes peavad kosmeetikatoodetes oluliseks koostisosade puhtust ja looduslikku p\u00e4ritolu. Sari sobib ideaalselt ka noorukitele esmaseks tutvumiseks Image Skincare toodetega ning ka k\u00f5igile kel tundlik nahk. Proovikomplekti tooteid jagub 7-10 p\u00e4evaks. ORMEDIC Tasakaalustav n\u00e4opesugeel ORMEDIC Antioks\u00fcdantidega seerum ORMEDIC Tasakaalustav mask ORMEDIC Bio-peptiididega kreem Suurus toode ORMEDIC Tasakaalustav n\u00e4opesugeel \u2014 7,4 \u043c\u043b ORMEDIC Antioks\u00fcdantidega seerum \u2014 7,4 \u043c\u043b ORMEDIC Tasakaalustav mask \u2014 7,4 \u043c\u043b ORMEDIC Bio-peptiididega kreem \u2014 7 \u0433\" \/>\n<meta property=\"og:url\" content=\"https:\/\/spskincare.ee\/et\/toode\/ormedic-proovikomplekt\/\" \/>\n<meta property=\"og:site_name\" content=\"SPskincare\" \/>\n<meta property=\"article:publisher\" content=\"https:\/\/www.facebook.com\/sabina.marahhovskaja\" \/>\n<meta property=\"article:modified_time\" content=\"2023-07-06T11:35:27+00:00\" \/>\n<meta property=\"og:image\" content=\"https:\/\/spskincare.ee\/wp-content\/uploads\/2023\/06\/NzQy.jpeg\" \/>\n\t<meta property=\"og:image:width\" content=\"1200\" \/>\n\t<meta property=\"og:image:height\" content=\"1200\" \/>\n\t<meta property=\"og:image:type\" content=\"image\/jpeg\" \/>\n<meta name=\"twitter:card\" content=\"summary_large_image\" \/>\n<meta name=\"twitter:label1\" content=\"Est. reading time\" \/>\n\t<meta name=\"twitter:data1\" content=\"4 minutit\" \/>\n<script type=\"application\/ld+json\" class=\"yoast-schema-graph\">{\"@context\":\"https:\/\/schema.org\",\"@graph\":[{\"@type\":\"WebPage\",\"@id\":\"https:\/\/spskincare.ee\/et\/toode\/ormedic-proovikomplekt\/\",\"url\":\"https:\/\/spskincare.ee\/et\/toode\/ormedic-proovikomplekt\/\",\"name\":\"ORMEDIC proovikomplekt - SPskincare\",\"isPartOf\":{\"@id\":\"https:\/\/spskincare.ee\/et\/#website\"},\"primaryImageOfPage\":{\"@id\":\"https:\/\/spskincare.ee\/et\/toode\/ormedic-proovikomplekt\/#primaryimage\"},\"image\":{\"@id\":\"https:\/\/spskincare.ee\/et\/toode\/ormedic-proovikomplekt\/#primaryimage\"},\"thumbnailUrl\":\"https:\/\/spskincare.ee\/wp-content\/uploads\/2023\/06\/NzQy.jpeg\",\"datePublished\":\"2023-06-28T15:55:33+00:00\",\"dateModified\":\"2023-07-06T11:35:27+00:00\",\"breadcrumb\":{\"@id\":\"https:\/\/spskincare.ee\/et\/toode\/ormedic-proovikomplekt\/#breadcrumb\"},\"inLanguage\":\"et\",\"potentialAction\":[{\"@type\":\"ReadAction\",\"target\":[\"https:\/\/spskincare.ee\/et\/toode\/ormedic-proovikomplekt\/\"]}]},{\"@type\":\"ImageObject\",\"inLanguage\":\"et\",\"@id\":\"https:\/\/spskincare.ee\/et\/toode\/ormedic-proovikomplekt\/#primaryimage\",\"url\":\"https:\/\/spskincare.ee\/wp-content\/uploads\/2023\/06\/NzQy.jpeg\",\"contentUrl\":\"https:\/\/spskincare.ee\/wp-content\/uploads\/2023\/06\/NzQy.jpeg\",\"width\":1200,\"height\":1200},{\"@type\":\"BreadcrumbList\",\"@id\":\"https:\/\/spskincare.ee\/et\/toode\/ormedic-proovikomplekt\/#breadcrumb\",\"itemListElement\":[{\"@type\":\"ListItem\",\"position\":1,\"name\":\"\u0413\u043b\u0430\u0432\u043d\u0430\u044f \u0441\u0442\u0440\u0430\u043d\u0438\u0446\u0430\",\"item\":\"https:\/\/spskincare.ee\/et\/\"},{\"@type\":\"ListItem\",\"position\":2,\"name\":\"Shop\",\"item\":\"https:\/\/spskincare.ee\/shop\/\"},{\"@type\":\"ListItem\",\"position\":3,\"name\":\"ORMEDIC proovikomplekt\"}]},{\"@type\":\"WebSite\",\"@id\":\"https:\/\/spskincare.ee\/et\/#website\",\"url\":\"https:\/\/spskincare.ee\/et\/\",\"name\":\"SPskincare\",\"description\":\"kosmeetik Tallinnas\",\"publisher\":{\"@id\":\"https:\/\/spskincare.ee\/et\/#organization\"},\"potentialAction\":[{\"@type\":\"SearchAction\",\"target\":{\"@type\":\"EntryPoint\",\"urlTemplate\":\"https:\/\/spskincare.ee\/et\/?s={search_term_string}\"},\"query-input\":{\"@type\":\"PropertyValueSpecification\",\"valueRequired\":true,\"valueName\":\"search_term_string\"}}],\"inLanguage\":\"et\"},{\"@type\":\"Organization\",\"@id\":\"https:\/\/spskincare.ee\/et\/#organization\",\"name\":\"SPskincare\",\"url\":\"https:\/\/spskincare.ee\/et\/\",\"logo\":{\"@type\":\"ImageObject\",\"inLanguage\":\"et\",\"@id\":\"https:\/\/spskincare.ee\/et\/#\/schema\/logo\/image\/\",\"url\":\"https:\/\/spskincare.ee\/wp-content\/uploads\/2023\/05\/SP_logo_trans.png\",\"contentUrl\":\"https:\/\/spskincare.ee\/wp-content\/uploads\/2023\/05\/SP_logo_trans.png\",\"width\":500,\"height\":500,\"caption\":\"SPskincare\"},\"image\":{\"@id\":\"https:\/\/spskincare.ee\/et\/#\/schema\/logo\/image\/\"},\"sameAs\":[\"https:\/\/www.facebook.com\/sabina.marahhovskaja\",\"https:\/\/www.instagram.com\/sabinapuskina.kosmetoloog\/\"]}]}<\/script>\n<!-- \/ Yoast SEO plugin. -->","yoast_head_json":{"title":"ORMEDIC proovikomplekt - SPskincare","robots":{"index":"index","follow":"follow","max-snippet":"max-snippet:-1","max-image-preview":"max-image-preview:large","max-video-preview":"max-video-preview:-1"},"canonical":"https:\/\/spskincare.ee\/et\/toode\/ormedic-proovikomplekt\/","og_locale":"et_EE","og_type":"article","og_title":"ORMEDIC proovikomplekt - SPskincare","og_description":"Ormedic sarja proovikomplekt annab p\u00f5hjaliku \u00fclevaate Ormedic sarja toodetest ning ilurituaalist. Kogu tootesari on loodud just neile, kes peavad kosmeetikatoodetes oluliseks koostisosade puhtust ja looduslikku p\u00e4ritolu. Sari sobib ideaalselt ka noorukitele esmaseks tutvumiseks Image Skincare toodetega ning ka k\u00f5igile kel tundlik nahk. Proovikomplekti tooteid jagub 7-10 p\u00e4evaks. ORMEDIC Tasakaalustav n\u00e4opesugeel ORMEDIC Antioks\u00fcdantidega seerum ORMEDIC Tasakaalustav mask ORMEDIC Bio-peptiididega kreem Suurus toode ORMEDIC Tasakaalustav n\u00e4opesugeel \u2014 7,4 \u043c\u043b ORMEDIC Antioks\u00fcdantidega seerum \u2014 7,4 \u043c\u043b ORMEDIC Tasakaalustav mask \u2014 7,4 \u043c\u043b ORMEDIC Bio-peptiididega kreem \u2014 7 \u0433","og_url":"https:\/\/spskincare.ee\/et\/toode\/ormedic-proovikomplekt\/","og_site_name":"SPskincare","article_publisher":"https:\/\/www.facebook.com\/sabina.marahhovskaja","article_modified_time":"2023-07-06T11:35:27+00:00","og_image":[{"width":1200,"height":1200,"url":"https:\/\/spskincare.ee\/wp-content\/uploads\/2023\/06\/NzQy.jpeg","type":"image\/jpeg"}],"twitter_card":"summary_large_image","twitter_misc":{"Est. reading time":"4 minutit"},"schema":{"@context":"https:\/\/schema.org","@graph":[{"@type":"WebPage","@id":"https:\/\/spskincare.ee\/et\/toode\/ormedic-proovikomplekt\/","url":"https:\/\/spskincare.ee\/et\/toode\/ormedic-proovikomplekt\/","name":"ORMEDIC proovikomplekt - SPskincare","isPartOf":{"@id":"https:\/\/spskincare.ee\/et\/#website"},"primaryImageOfPage":{"@id":"https:\/\/spskincare.ee\/et\/toode\/ormedic-proovikomplekt\/#primaryimage"},"image":{"@id":"https:\/\/spskincare.ee\/et\/toode\/ormedic-proovikomplekt\/#primaryimage"},"thumbnailUrl":"https:\/\/spskincare.ee\/wp-content\/uploads\/2023\/06\/NzQy.jpeg","datePublished":"2023-06-28T15:55:33+00:00","dateModified":"2023-07-06T11:35:27+00:00","breadcrumb":{"@id":"https:\/\/spskincare.ee\/et\/toode\/ormedic-proovikomplekt\/#breadcrumb"},"inLanguage":"et","potentialAction":[{"@type":"ReadAction","target":["https:\/\/spskincare.ee\/et\/toode\/ormedic-proovikomplekt\/"]}]},{"@type":"ImageObject","inLanguage":"et","@id":"https:\/\/spskincare.ee\/et\/toode\/ormedic-proovikomplekt\/#primaryimage","url":"https:\/\/spskincare.ee\/wp-content\/uploads\/2023\/06\/NzQy.jpeg","contentUrl":"https:\/\/spskincare.ee\/wp-content\/uploads\/2023\/06\/NzQy.jpeg","width":1200,"height":1200},{"@type":"BreadcrumbList","@id":"https:\/\/spskincare.ee\/et\/toode\/ormedic-proovikomplekt\/#breadcrumb","itemListElement":[{"@type":"ListItem","position":1,"name":"\u0413\u043b\u0430\u0432\u043d\u0430\u044f \u0441\u0442\u0440\u0430\u043d\u0438\u0446\u0430","item":"https:\/\/spskincare.ee\/et\/"},{"@type":"ListItem","position":2,"name":"Shop","item":"https:\/\/spskincare.ee\/shop\/"},{"@type":"ListItem","position":3,"name":"ORMEDIC proovikomplekt"}]},{"@type":"WebSite","@id":"https:\/\/spskincare.ee\/et\/#website","url":"https:\/\/spskincare.ee\/et\/","name":"SPskincare","description":"kosmeetik Tallinnas","publisher":{"@id":"https:\/\/spskincare.ee\/et\/#organization"},"potentialAction":[{"@type":"SearchAction","target":{"@type":"EntryPoint","urlTemplate":"https:\/\/spskincare.ee\/et\/?s={search_term_string}"},"query-input":{"@type":"PropertyValueSpecification","valueRequired":true,"valueName":"search_term_string"}}],"inLanguage":"et"},{"@type":"Organization","@id":"https:\/\/spskincare.ee\/et\/#organization","name":"SPskincare","url":"https:\/\/spskincare.ee\/et\/","logo":{"@type":"ImageObject","inLanguage":"et","@id":"https:\/\/spskincare.ee\/et\/#\/schema\/logo\/image\/","url":"https:\/\/spskincare.ee\/wp-content\/uploads\/2023\/05\/SP_logo_trans.png","contentUrl":"https:\/\/spskincare.ee\/wp-content\/uploads\/2023\/05\/SP_logo_trans.png","width":500,"height":500,"caption":"SPskincare"},"image":{"@id":"https:\/\/spskincare.ee\/et\/#\/schema\/logo\/image\/"},"sameAs":["https:\/\/www.facebook.com\/sabina.marahhovskaja","https:\/\/www.instagram.com\/sabinapuskina.kosmetoloog\/"]}]}},"_links":{"self":[{"href":"https:\/\/spskincare.ee\/et\/wp-json\/wp\/v2\/product\/5869","targetHints":{"allow":["GET"]}}],"collection":[{"href":"https:\/\/spskincare.ee\/et\/wp-json\/wp\/v2\/product"}],"about":[{"href":"https:\/\/spskincare.ee\/et\/wp-json\/wp\/v2\/types\/product"}],"wp:featuredmedia":[{"embeddable":true,"href":"https:\/\/spskincare.ee\/et\/wp-json\/wp\/v2\/media\/5764"}],"wp:attachment":[{"href":"https:\/\/spskincare.ee\/et\/wp-json\/wp\/v2\/media?parent=5869"}],"wp:term":[{"taxonomy":"product_brand","embeddable":true,"href":"https:\/\/spskincare.ee\/et\/wp-json\/wp\/v2\/product_brand?post=5869"},{"taxonomy":"product_cat","embeddable":true,"href":"https:\/\/spskincare.ee\/et\/wp-json\/wp\/v2\/product_cat?post=5869"},{"taxonomy":"product_tag","embeddable":true,"href":"https:\/\/spskincare.ee\/et\/wp-json\/wp\/v2\/product_tag?post=5869"}],"curies":[{"name":"wp","href":"https:\/\/api.w.org\/{rel}","templated":true}]}}