{"id":5871,"date":"2023-06-28T15:40:21","date_gmt":"2023-06-28T15:40:21","guid":{"rendered":"https:\/\/spskincare.ee\/product\/post-treatment-jarelhoolduskomplekt\/"},"modified":"2023-07-06T13:13:42","modified_gmt":"2023-07-06T13:13:42","slug":"post-treatment-jarelhoolduskomplekt","status":"publish","type":"product","link":"https:\/\/spskincare.ee\/et\/toode\/post-treatment-jarelhoolduskomplekt\/","title":{"rendered":"POST TREATMENT j\u00e4relhoolduskomplekt"},"content":{"rendered":"<p>Kasutamine:<\/p>\n<p>&nbsp;<\/p>\n<p>Koostis:<\/p>\n<div id=\"product-15313\" class=\"product type-product post-15313 status-publish first instock product_cat-prevention product_cat-day-creme product_cat-creme-with-sun-protection product_cat-new-products-2020 product_cat-award-winning-products has-post-thumbnail taxable shipping-taxable purchasable product-type-simple ct-ajax-add-to-cart thumbs-bottom sticky-gallery sticky-summary ct-default-gallery\">\n<div class=\"woocommerce-tabs wc-tabs-wrapper\" data-type=\"type-1:center\">\n<article>\n<div id=\"tab-customTab-1\" class=\"woocommerce-Tabs-panel woocommerce-Tabs-panel--customTab-1 panel entry-content wc-tab\" role=\"tabpanel\" aria-labelledby=\"tab-title-customTab-1\">\n<div id=\"product-13083\" class=\"product type-product post-13083 status-publish first outofstock product_cat-md product_cat-day-creme product_cat-creme-with-sun-protection has-post-thumbnail taxable shipping-taxable purchasable product-type-simple ct-ajax-add-to-cart sticky-gallery sticky-summary ct-default-gallery\">\n<div class=\"woocommerce-tabs wc-tabs-wrapper\" data-type=\"type-1:center\">\n<article>\n<div id=\"tab-customTab-1\" class=\"woocommerce-Tabs-panel woocommerce-Tabs-panel--customTab-1 panel entry-content wc-tab\" role=\"tabpanel\" aria-labelledby=\"tab-title-customTab-1\">\n<p>&nbsp;<\/p>\n<\/div>\n<\/article>\n<\/div>\n<\/div>\n<\/div>\n<\/article>\n<\/div>\n<\/div>\n<section class=\"related products \"><\/section>\n","protected":false},"excerpt":{"rendered":"<p>Image toodetega tutvumiseks v\u00f5i protseduurij\u00e4rgseks kasutamiseks m\u00f5eldud komplekt, mis aitab protseduurij\u00e4rgse \u00f5rna naha v\u00f5imalikult kiiresti ja turvaliselt taastada. POST TREATMENT kitis olevaid tooteid tuleb kasutada kuni otsa saavad v\u00f5i vastavalt kosmeetiku juhistele ning alles siis naasta tavap\u00e4rase nahahooldusrutiini juurde.<\/p>\n","protected":false},"featured_media":5767,"template":"","meta":[],"product_brand":[],"product_cat":[112],"product_tag":[119],"class_list":{"0":"post-5871","1":"product","2":"type-product","3":"status-publish","4":"has-post-thumbnail","6":"product_cat-proovikomplektid","7":"product_tag-proovikomplekt","9":"first","10":"instock","11":"shipping-taxable","12":"purchasable","13":"product-type-simple"},"yoast_head":"<!-- This site is optimized with the Yoast SEO plugin v26.2 - https:\/\/yoast.com\/wordpress\/plugins\/seo\/ -->\n<title>POST TREATMENT j\u00e4relhoolduskomplekt - SPskincare<\/title>\n<meta name=\"robots\" content=\"index, follow, max-snippet:-1, max-image-preview:large, max-video-preview:-1\" \/>\n<link rel=\"canonical\" href=\"https:\/\/spskincare.ee\/et\/toode\/post-treatment-jarelhoolduskomplekt\/\" \/>\n<meta property=\"og:locale\" content=\"et_EE\" \/>\n<meta property=\"og:type\" content=\"article\" \/>\n<meta property=\"og:title\" content=\"POST TREATMENT j\u00e4relhoolduskomplekt - SPskincare\" \/>\n<meta property=\"og:description\" content=\"Image toodetega tutvumiseks v\u00f5i protseduurij\u00e4rgseks kasutamiseks m\u00f5eldud komplekt, mis aitab protseduurij\u00e4rgse \u00f5rna naha v\u00f5imalikult kiiresti ja turvaliselt taastada. POST TREATMENT kitis olevaid tooteid tuleb kasutada kuni otsa saavad v\u00f5i vastavalt kosmeetiku juhistele ning alles siis naasta tavap\u00e4rase nahahooldusrutiini juurde.\" \/>\n<meta property=\"og:url\" content=\"https:\/\/spskincare.ee\/et\/toode\/post-treatment-jarelhoolduskomplekt\/\" \/>\n<meta property=\"og:site_name\" content=\"SPskincare\" \/>\n<meta property=\"article:publisher\" content=\"https:\/\/www.facebook.com\/sabina.marahhovskaja\" \/>\n<meta property=\"article:modified_time\" content=\"2023-07-06T13:13:42+00:00\" \/>\n<meta property=\"og:image\" content=\"https:\/\/spskincare.ee\/wp-content\/uploads\/2023\/06\/Dg3-1.jpg\" \/>\n\t<meta property=\"og:image:width\" content=\"1200\" \/>\n\t<meta property=\"og:image:height\" content=\"1200\" \/>\n\t<meta property=\"og:image:type\" content=\"image\/jpeg\" \/>\n<meta name=\"twitter:card\" content=\"summary_large_image\" \/>\n<script type=\"application\/ld+json\" class=\"yoast-schema-graph\">{\"@context\":\"https:\/\/schema.org\",\"@graph\":[{\"@type\":\"WebPage\",\"@id\":\"https:\/\/spskincare.ee\/et\/toode\/post-treatment-jarelhoolduskomplekt\/\",\"url\":\"https:\/\/spskincare.ee\/et\/toode\/post-treatment-jarelhoolduskomplekt\/\",\"name\":\"POST TREATMENT j\u00e4relhoolduskomplekt - SPskincare\",\"isPartOf\":{\"@id\":\"https:\/\/spskincare.ee\/et\/#website\"},\"primaryImageOfPage\":{\"@id\":\"https:\/\/spskincare.ee\/et\/toode\/post-treatment-jarelhoolduskomplekt\/#primaryimage\"},\"image\":{\"@id\":\"https:\/\/spskincare.ee\/et\/toode\/post-treatment-jarelhoolduskomplekt\/#primaryimage\"},\"thumbnailUrl\":\"https:\/\/spskincare.ee\/wp-content\/uploads\/2023\/06\/Dg3-1.jpg\",\"datePublished\":\"2023-06-28T15:40:21+00:00\",\"dateModified\":\"2023-07-06T13:13:42+00:00\",\"breadcrumb\":{\"@id\":\"https:\/\/spskincare.ee\/et\/toode\/post-treatment-jarelhoolduskomplekt\/#breadcrumb\"},\"inLanguage\":\"et\",\"potentialAction\":[{\"@type\":\"ReadAction\",\"target\":[\"https:\/\/spskincare.ee\/et\/toode\/post-treatment-jarelhoolduskomplekt\/\"]}]},{\"@type\":\"ImageObject\",\"inLanguage\":\"et\",\"@id\":\"https:\/\/spskincare.ee\/et\/toode\/post-treatment-jarelhoolduskomplekt\/#primaryimage\",\"url\":\"https:\/\/spskincare.ee\/wp-content\/uploads\/2023\/06\/Dg3-1.jpg\",\"contentUrl\":\"https:\/\/spskincare.ee\/wp-content\/uploads\/2023\/06\/Dg3-1.jpg\",\"width\":1200,\"height\":1200},{\"@type\":\"BreadcrumbList\",\"@id\":\"https:\/\/spskincare.ee\/et\/toode\/post-treatment-jarelhoolduskomplekt\/#breadcrumb\",\"itemListElement\":[{\"@type\":\"ListItem\",\"position\":1,\"name\":\"\u0413\u043b\u0430\u0432\u043d\u0430\u044f \u0441\u0442\u0440\u0430\u043d\u0438\u0446\u0430\",\"item\":\"https:\/\/spskincare.ee\/et\/\"},{\"@type\":\"ListItem\",\"position\":2,\"name\":\"Shop\",\"item\":\"https:\/\/spskincare.ee\/shop\/\"},{\"@type\":\"ListItem\",\"position\":3,\"name\":\"POST TREATMENT j\u00e4relhoolduskomplekt\"}]},{\"@type\":\"WebSite\",\"@id\":\"https:\/\/spskincare.ee\/et\/#website\",\"url\":\"https:\/\/spskincare.ee\/et\/\",\"name\":\"SPskincare\",\"description\":\"kosmeetik Tallinnas\",\"publisher\":{\"@id\":\"https:\/\/spskincare.ee\/et\/#organization\"},\"potentialAction\":[{\"@type\":\"SearchAction\",\"target\":{\"@type\":\"EntryPoint\",\"urlTemplate\":\"https:\/\/spskincare.ee\/et\/?s={search_term_string}\"},\"query-input\":{\"@type\":\"PropertyValueSpecification\",\"valueRequired\":true,\"valueName\":\"search_term_string\"}}],\"inLanguage\":\"et\"},{\"@type\":\"Organization\",\"@id\":\"https:\/\/spskincare.ee\/et\/#organization\",\"name\":\"SPskincare\",\"url\":\"https:\/\/spskincare.ee\/et\/\",\"logo\":{\"@type\":\"ImageObject\",\"inLanguage\":\"et\",\"@id\":\"https:\/\/spskincare.ee\/et\/#\/schema\/logo\/image\/\",\"url\":\"https:\/\/spskincare.ee\/wp-content\/uploads\/2023\/05\/SP_logo_trans.png\",\"contentUrl\":\"https:\/\/spskincare.ee\/wp-content\/uploads\/2023\/05\/SP_logo_trans.png\",\"width\":500,\"height\":500,\"caption\":\"SPskincare\"},\"image\":{\"@id\":\"https:\/\/spskincare.ee\/et\/#\/schema\/logo\/image\/\"},\"sameAs\":[\"https:\/\/www.facebook.com\/sabina.marahhovskaja\",\"https:\/\/www.instagram.com\/sabinapuskina.kosmetoloog\/\"]}]}<\/script>\n<!-- \/ Yoast SEO plugin. -->","yoast_head_json":{"title":"POST TREATMENT j\u00e4relhoolduskomplekt - SPskincare","robots":{"index":"index","follow":"follow","max-snippet":"max-snippet:-1","max-image-preview":"max-image-preview:large","max-video-preview":"max-video-preview:-1"},"canonical":"https:\/\/spskincare.ee\/et\/toode\/post-treatment-jarelhoolduskomplekt\/","og_locale":"et_EE","og_type":"article","og_title":"POST TREATMENT j\u00e4relhoolduskomplekt - SPskincare","og_description":"Image toodetega tutvumiseks v\u00f5i protseduurij\u00e4rgseks kasutamiseks m\u00f5eldud komplekt, mis aitab protseduurij\u00e4rgse \u00f5rna naha v\u00f5imalikult kiiresti ja turvaliselt taastada. POST TREATMENT kitis olevaid tooteid tuleb kasutada kuni otsa saavad v\u00f5i vastavalt kosmeetiku juhistele ning alles siis naasta tavap\u00e4rase nahahooldusrutiini juurde.","og_url":"https:\/\/spskincare.ee\/et\/toode\/post-treatment-jarelhoolduskomplekt\/","og_site_name":"SPskincare","article_publisher":"https:\/\/www.facebook.com\/sabina.marahhovskaja","article_modified_time":"2023-07-06T13:13:42+00:00","og_image":[{"width":1200,"height":1200,"url":"https:\/\/spskincare.ee\/wp-content\/uploads\/2023\/06\/Dg3-1.jpg","type":"image\/jpeg"}],"twitter_card":"summary_large_image","schema":{"@context":"https:\/\/schema.org","@graph":[{"@type":"WebPage","@id":"https:\/\/spskincare.ee\/et\/toode\/post-treatment-jarelhoolduskomplekt\/","url":"https:\/\/spskincare.ee\/et\/toode\/post-treatment-jarelhoolduskomplekt\/","name":"POST TREATMENT j\u00e4relhoolduskomplekt - SPskincare","isPartOf":{"@id":"https:\/\/spskincare.ee\/et\/#website"},"primaryImageOfPage":{"@id":"https:\/\/spskincare.ee\/et\/toode\/post-treatment-jarelhoolduskomplekt\/#primaryimage"},"image":{"@id":"https:\/\/spskincare.ee\/et\/toode\/post-treatment-jarelhoolduskomplekt\/#primaryimage"},"thumbnailUrl":"https:\/\/spskincare.ee\/wp-content\/uploads\/2023\/06\/Dg3-1.jpg","datePublished":"2023-06-28T15:40:21+00:00","dateModified":"2023-07-06T13:13:42+00:00","breadcrumb":{"@id":"https:\/\/spskincare.ee\/et\/toode\/post-treatment-jarelhoolduskomplekt\/#breadcrumb"},"inLanguage":"et","potentialAction":[{"@type":"ReadAction","target":["https:\/\/spskincare.ee\/et\/toode\/post-treatment-jarelhoolduskomplekt\/"]}]},{"@type":"ImageObject","inLanguage":"et","@id":"https:\/\/spskincare.ee\/et\/toode\/post-treatment-jarelhoolduskomplekt\/#primaryimage","url":"https:\/\/spskincare.ee\/wp-content\/uploads\/2023\/06\/Dg3-1.jpg","contentUrl":"https:\/\/spskincare.ee\/wp-content\/uploads\/2023\/06\/Dg3-1.jpg","width":1200,"height":1200},{"@type":"BreadcrumbList","@id":"https:\/\/spskincare.ee\/et\/toode\/post-treatment-jarelhoolduskomplekt\/#breadcrumb","itemListElement":[{"@type":"ListItem","position":1,"name":"\u0413\u043b\u0430\u0432\u043d\u0430\u044f \u0441\u0442\u0440\u0430\u043d\u0438\u0446\u0430","item":"https:\/\/spskincare.ee\/et\/"},{"@type":"ListItem","position":2,"name":"Shop","item":"https:\/\/spskincare.ee\/shop\/"},{"@type":"ListItem","position":3,"name":"POST TREATMENT j\u00e4relhoolduskomplekt"}]},{"@type":"WebSite","@id":"https:\/\/spskincare.ee\/et\/#website","url":"https:\/\/spskincare.ee\/et\/","name":"SPskincare","description":"kosmeetik Tallinnas","publisher":{"@id":"https:\/\/spskincare.ee\/et\/#organization"},"potentialAction":[{"@type":"SearchAction","target":{"@type":"EntryPoint","urlTemplate":"https:\/\/spskincare.ee\/et\/?s={search_term_string}"},"query-input":{"@type":"PropertyValueSpecification","valueRequired":true,"valueName":"search_term_string"}}],"inLanguage":"et"},{"@type":"Organization","@id":"https:\/\/spskincare.ee\/et\/#organization","name":"SPskincare","url":"https:\/\/spskincare.ee\/et\/","logo":{"@type":"ImageObject","inLanguage":"et","@id":"https:\/\/spskincare.ee\/et\/#\/schema\/logo\/image\/","url":"https:\/\/spskincare.ee\/wp-content\/uploads\/2023\/05\/SP_logo_trans.png","contentUrl":"https:\/\/spskincare.ee\/wp-content\/uploads\/2023\/05\/SP_logo_trans.png","width":500,"height":500,"caption":"SPskincare"},"image":{"@id":"https:\/\/spskincare.ee\/et\/#\/schema\/logo\/image\/"},"sameAs":["https:\/\/www.facebook.com\/sabina.marahhovskaja","https:\/\/www.instagram.com\/sabinapuskina.kosmetoloog\/"]}]}},"_links":{"self":[{"href":"https:\/\/spskincare.ee\/et\/wp-json\/wp\/v2\/product\/5871","targetHints":{"allow":["GET"]}}],"collection":[{"href":"https:\/\/spskincare.ee\/et\/wp-json\/wp\/v2\/product"}],"about":[{"href":"https:\/\/spskincare.ee\/et\/wp-json\/wp\/v2\/types\/product"}],"wp:featuredmedia":[{"embeddable":true,"href":"https:\/\/spskincare.ee\/et\/wp-json\/wp\/v2\/media\/5767"}],"wp:attachment":[{"href":"https:\/\/spskincare.ee\/et\/wp-json\/wp\/v2\/media?parent=5871"}],"wp:term":[{"taxonomy":"product_brand","embeddable":true,"href":"https:\/\/spskincare.ee\/et\/wp-json\/wp\/v2\/product_brand?post=5871"},{"taxonomy":"product_cat","embeddable":true,"href":"https:\/\/spskincare.ee\/et\/wp-json\/wp\/v2\/product_cat?post=5871"},{"taxonomy":"product_tag","embeddable":true,"href":"https:\/\/spskincare.ee\/et\/wp-json\/wp\/v2\/product_tag?post=5871"}],"curies":[{"name":"wp","href":"https:\/\/api.w.org\/{rel}","templated":true}]}}