{"id":5872,"date":"2023-06-28T15:33:59","date_gmt":"2023-06-28T15:33:59","guid":{"rendered":"https:\/\/spskincare.ee\/product\/vital-c-proovikomplekt\/"},"modified":"2023-07-06T11:42:26","modified_gmt":"2023-07-06T11:42:26","slug":"vital-c-proovikomplekt","status":"publish","type":"product","link":"https:\/\/spskincare.ee\/et\/toode\/vital-c-proovikomplekt\/","title":{"rendered":"VITAL C proovikomplekt"},"content":{"rendered":"<p>Kasutamine:<\/p>\n<p>Hommikul:<\/p>\n<ol>\n<li>1. Puhasta n\u00e4gu VITAL C Niisutav n\u00e4opesugeeliga<\/li>\n<li>2. Kanna n\u00e4ole VITAL C Niisutav vananemisvastane seerum<\/li>\n<li>3. Kanna n\u00e4ole p\u00e4ikesekaitsega p\u00e4evakreem(ei kuulu komplekti)<\/li>\n<\/ol>\n<p>O\u0303htul:<\/p>\n<ol>\n<li>1. Puhasta n\u00e4gu VITAL C Niisutav n\u00e4opesugeeliga<\/li>\n<li>2. Kanna n\u00e4ole VITAL C Niisutav vananemisvastane seerum<\/li>\n<li>3. Kanna n\u00e4ole VITAL C Niisutav ja taastav \u00f6\u00f6kreem<\/li>\n<\/ol>\n<p>Koostis:<\/p>\n<p>THE MAX T\u00fcviekstraktidega n\u00e4opesugeel<\/p>\n<p>Aqua, Cetearyl Olivate, Sorbitan Olivate, Neopentyl Glycol Dicaprylate\/Dicaprate, Ascorbyl Palmitate, Sodium Peg-7 Olive Oil Carboxylate, Sodium Ascorbyl Phosphate, Superoxide Dismutase, Vitis Vinifera (Grape) Seed Extract, Alchemilla Vulgaris (Lady\u2019s Mantle) Extract, Saponaria Officinalis (Soapwort) Extract, Magnesium Aluminum Silicate, Tocopheryl Acetate, Retinyl Palmitate, Isododecane, Stearic Acid, Glyceryl Stearate, Peg-100 Stearate, Citrus Aurantium Dulcis (Orange) Oil, Glycereth-26, Yeast Beta Glucan, Cetyl Alcohol, Peg-7 Glyceryl Cocoate, Dimethicone, Eugenia Caryophyllus (Clove) Bud Oil, Xanthan Gum, Linoleamidopropyl Pg- Dimonium Chloride Phosphate, Disodium Edta, Phenoxyethanol, Ethylhexylglycerin, Sodium Hydroxide.<\/p>\n<p>VITAL C Niisutav vananemisvastane seerum<\/p>\n<p>Aqua, Sodium Hyaluronate, Magnesium Ascorbyl Phosphate, Imperata Cylindrica (Root) Extract, Linoleic Acid, Phospholipids, Caprylic\/Capric Triglyceride, Glycine Soja (Soybean) Sterols, Glyceryl Stearate, Palmitoyl Pentapeptide-4, Acetyl Hexapeptide-8, Citrus Noblis (Mandarin Orange) Peel Oil, Centella Asiatica Extract, Tetrahexyldecyl Ascorbate, Palmitoyl Oligopeptide, Darutoside, Stearyl Glycyrrhizate, Vitis Vinifera (Grape) Seed Extract, Camellia Sinensis Leaf Extract, Corallina Officinalis Extract, Panthenol, Ascorbyl Palmitate, Ascorbic Acid, Prunus Amygdalus Dulcis (Sweet Almond) Oil, Linoleamidopropyl Pg- Dimonium Chloride Phosphate, Tocopherol, Simmondsia Chinensis (Jojoba) Seed Oil, Squalane, Tocopheryl Acetate, Yeast Polysaccharides, Olea Europaea (Olive) Leaf Extract, Citric Acid, Dipotassium Glycyrrhizate, Spiraea Ulmaria Flower Extract, Phyllanthus Emblica Fruit Extract, Disodium Edta, Magnesium Aluminum Silicate, Glucoseamine Hcl, Algae Extract, Saccharomyces Cerevisiae (Yeast Extract), Aloe Barbadensis Leaf Juice Powder, Polysorbate 20, Xanthan Gum, Leucine, Valine,Tyrosine, Arginine, Lysine.<\/p>\n<p>VITAL C Niisutav ja taastav \u00f6\u00f6kreem<\/p>\n<p>Aqua, Glycerin, Superoxide Dismutase, L-Ascorbic Acid, Sodium Hyaluronate, Ascorbyl Palmitate, Simmondsia Chinensis (Jojoba) Seed Oil, Tetrahexyldecyl Ascorbate, Vitis Vinifera (Grape) Seed Extract, Alchemilla Vulgaris (Lady\u2019s Mantle) Extract, Citrus Nobilis (Mandarin Orange) Peel Oil, Magnesium Ascorbyl Phosphate, Retinyl Palmitate, Tocopheryl Acetate, Panthenol, Aloe Barbadensis Leaf Juice, Caprylyl Glycol, Phenoxyethanol, Hexylene Glycol, Phytic Acid, Sodium Dna, Yeast Polysaccharides, Sodium Rna, Linoleic Acid, Glycine Soja (Soy) Sterols, Squalane, Ceramide 3, Phospholipids, Allantoin, Disodium Edta.<\/p>\n<p>VITAL C Ens\u00fcmaatiline mask<\/p>\n<p>Aqua, Carica Papaya (Papaya) Fruit Extract, Ananas Sativus (Pineapple) Fruit Extract, Glyceryl Stearate &amp; Peg 100 Stearate, L-Ascorbic Acid, Sodium Hyaluronate, Phytic Acid, Retinyl Palmitate (Vitamin A), Superoxide Dismutase, Algae Extract, Macrocystis Pyrifera Extract, Sodium Ascorbyl Phosphate, Phenoxyethanol &amp; Caprylyl Glycol &amp; Ethylhexylglycerin &amp; Hexylene Glycol, Vitis Vinifera (Grape) Seed Extract, Yeast Polysaccharide, Tocopheryl Acetate, Sodium Rna, Potassium Sorbate, Citris Aurantium Dulcis -Orange Blossom Extract (Organic), Silk Amino Acid, Sodium Dna, Disodium Edta.<\/p>\n<p>*Toote koostises v\u00f5ib esineda m\u00f5ningaid muudatusi T\u00e4pne koostis toote pakendil.<\/p>\n<section class=\"related products \"><\/section>\n","protected":false},"excerpt":{"rendered":"<div class=\"woocommerce-product-details__short-description\">\n<div class=\"woocommerce-product-details__short-description\">\n<p>VITAL C proovikomplekt on ideaalne kaaslane k\u00f5igile neile kel kuiv v\u00f5i punetav nahk. Proovikomplekti tooteid jagub 7-10 p\u00e4evaks.<\/p>\n<p>VITAL C proovikomplekti kuuluvad:<\/p>\n<p>THE MAX T\u00fcviekstraktidega n\u00e4opesugeel<\/p>\n<p>VITAL C Niisutav vananemisvastane seerum<\/p>\n<p>VITAL C Ens\u00fcmaatiline mask<\/p>\n<p>VITAL C Niisutav ja taastav \u00f6\u00f6kreem<\/p>\n<p>Suurus toode<\/p>\n<\/div>\n<p>VITAL C Niisutav n\u00e4opesugeel \u2014 7,4 \u043c\u043b<\/p>\n<p>VITAL C Niisutav vananemisvastane seerum \u2014 7,4 \u043c\u043b<\/p>\n<p>VITAL C Ens\u00fcmaatiline mask \u2014 7 \u0433<\/p>\n<p>VITAL C Niisutav ja taastav \u00f6\u00f6kreem \u2014 7 \u0433<\/p>\n<\/div>\n","protected":false},"featured_media":5770,"template":"","meta":[],"product_brand":[],"product_cat":[112],"product_tag":[120],"class_list":{"0":"post-5872","1":"product","2":"type-product","3":"status-publish","4":"has-post-thumbnail","6":"product_cat-proovikomplektid","7":"product_tag-keha-kreem","9":"first","10":"instock","11":"shipping-taxable","12":"purchasable","13":"product-type-simple"},"yoast_head":"<!-- This site is optimized with the Yoast SEO plugin v26.2 - https:\/\/yoast.com\/wordpress\/plugins\/seo\/ -->\n<title>VITAL C proovikomplekt - SPskincare<\/title>\n<meta name=\"robots\" content=\"index, follow, max-snippet:-1, max-image-preview:large, max-video-preview:-1\" \/>\n<link rel=\"canonical\" href=\"https:\/\/spskincare.ee\/et\/toode\/vital-c-proovikomplekt\/\" \/>\n<meta property=\"og:locale\" content=\"et_EE\" \/>\n<meta property=\"og:type\" content=\"article\" \/>\n<meta property=\"og:title\" content=\"VITAL C proovikomplekt - SPskincare\" \/>\n<meta property=\"og:description\" content=\"VITAL C proovikomplekt on ideaalne kaaslane k\u00f5igile neile kel kuiv v\u00f5i punetav nahk. Proovikomplekti tooteid jagub 7-10 p\u00e4evaks. VITAL C proovikomplekti kuuluvad: THE MAX T\u00fcviekstraktidega n\u00e4opesugeel VITAL C Niisutav vananemisvastane seerum VITAL C Ens\u00fcmaatiline mask VITAL C Niisutav ja taastav \u00f6\u00f6kreem  Suurus toode  VITAL C Niisutav n\u00e4opesugeel \u2014 7,4 \u043c\u043b VITAL C Niisutav vananemisvastane seerum \u2014 7,4 \u043c\u043b VITAL C Ens\u00fcmaatiline mask \u2014 7 \u0433 VITAL C Niisutav ja taastav \u00f6\u00f6kreem \u2014 7 \u0433\" \/>\n<meta property=\"og:url\" content=\"https:\/\/spskincare.ee\/et\/toode\/vital-c-proovikomplekt\/\" \/>\n<meta property=\"og:site_name\" content=\"SPskincare\" \/>\n<meta property=\"article:publisher\" content=\"https:\/\/www.facebook.com\/sabina.marahhovskaja\" \/>\n<meta property=\"article:modified_time\" content=\"2023-07-06T11:42:26+00:00\" \/>\n<meta property=\"og:image\" content=\"https:\/\/spskincare.ee\/wp-content\/uploads\/2023\/06\/tM.jpg\" \/>\n\t<meta property=\"og:image:width\" content=\"1080\" \/>\n\t<meta property=\"og:image:height\" content=\"1080\" \/>\n\t<meta property=\"og:image:type\" content=\"image\/jpeg\" \/>\n<meta name=\"twitter:card\" content=\"summary_large_image\" \/>\n<meta name=\"twitter:label1\" content=\"Est. reading time\" \/>\n\t<meta name=\"twitter:data1\" content=\"2 minutit\" \/>\n<script type=\"application\/ld+json\" class=\"yoast-schema-graph\">{\"@context\":\"https:\/\/schema.org\",\"@graph\":[{\"@type\":\"WebPage\",\"@id\":\"https:\/\/spskincare.ee\/et\/toode\/vital-c-proovikomplekt\/\",\"url\":\"https:\/\/spskincare.ee\/et\/toode\/vital-c-proovikomplekt\/\",\"name\":\"VITAL C proovikomplekt - SPskincare\",\"isPartOf\":{\"@id\":\"https:\/\/spskincare.ee\/et\/#website\"},\"primaryImageOfPage\":{\"@id\":\"https:\/\/spskincare.ee\/et\/toode\/vital-c-proovikomplekt\/#primaryimage\"},\"image\":{\"@id\":\"https:\/\/spskincare.ee\/et\/toode\/vital-c-proovikomplekt\/#primaryimage\"},\"thumbnailUrl\":\"https:\/\/spskincare.ee\/wp-content\/uploads\/2023\/06\/tM.jpg\",\"datePublished\":\"2023-06-28T15:33:59+00:00\",\"dateModified\":\"2023-07-06T11:42:26+00:00\",\"breadcrumb\":{\"@id\":\"https:\/\/spskincare.ee\/et\/toode\/vital-c-proovikomplekt\/#breadcrumb\"},\"inLanguage\":\"et\",\"potentialAction\":[{\"@type\":\"ReadAction\",\"target\":[\"https:\/\/spskincare.ee\/et\/toode\/vital-c-proovikomplekt\/\"]}]},{\"@type\":\"ImageObject\",\"inLanguage\":\"et\",\"@id\":\"https:\/\/spskincare.ee\/et\/toode\/vital-c-proovikomplekt\/#primaryimage\",\"url\":\"https:\/\/spskincare.ee\/wp-content\/uploads\/2023\/06\/tM.jpg\",\"contentUrl\":\"https:\/\/spskincare.ee\/wp-content\/uploads\/2023\/06\/tM.jpg\",\"width\":1080,\"height\":1080},{\"@type\":\"BreadcrumbList\",\"@id\":\"https:\/\/spskincare.ee\/et\/toode\/vital-c-proovikomplekt\/#breadcrumb\",\"itemListElement\":[{\"@type\":\"ListItem\",\"position\":1,\"name\":\"\u0413\u043b\u0430\u0432\u043d\u0430\u044f \u0441\u0442\u0440\u0430\u043d\u0438\u0446\u0430\",\"item\":\"https:\/\/spskincare.ee\/et\/\"},{\"@type\":\"ListItem\",\"position\":2,\"name\":\"Shop\",\"item\":\"https:\/\/spskincare.ee\/shop\/\"},{\"@type\":\"ListItem\",\"position\":3,\"name\":\"VITAL C proovikomplekt\"}]},{\"@type\":\"WebSite\",\"@id\":\"https:\/\/spskincare.ee\/et\/#website\",\"url\":\"https:\/\/spskincare.ee\/et\/\",\"name\":\"SPskincare\",\"description\":\"kosmeetik Tallinnas\",\"publisher\":{\"@id\":\"https:\/\/spskincare.ee\/et\/#organization\"},\"potentialAction\":[{\"@type\":\"SearchAction\",\"target\":{\"@type\":\"EntryPoint\",\"urlTemplate\":\"https:\/\/spskincare.ee\/et\/?s={search_term_string}\"},\"query-input\":{\"@type\":\"PropertyValueSpecification\",\"valueRequired\":true,\"valueName\":\"search_term_string\"}}],\"inLanguage\":\"et\"},{\"@type\":\"Organization\",\"@id\":\"https:\/\/spskincare.ee\/et\/#organization\",\"name\":\"SPskincare\",\"url\":\"https:\/\/spskincare.ee\/et\/\",\"logo\":{\"@type\":\"ImageObject\",\"inLanguage\":\"et\",\"@id\":\"https:\/\/spskincare.ee\/et\/#\/schema\/logo\/image\/\",\"url\":\"https:\/\/spskincare.ee\/wp-content\/uploads\/2023\/05\/SP_logo_trans.png\",\"contentUrl\":\"https:\/\/spskincare.ee\/wp-content\/uploads\/2023\/05\/SP_logo_trans.png\",\"width\":500,\"height\":500,\"caption\":\"SPskincare\"},\"image\":{\"@id\":\"https:\/\/spskincare.ee\/et\/#\/schema\/logo\/image\/\"},\"sameAs\":[\"https:\/\/www.facebook.com\/sabina.marahhovskaja\",\"https:\/\/www.instagram.com\/sabinapuskina.kosmetoloog\/\"]}]}<\/script>\n<!-- \/ Yoast SEO plugin. -->","yoast_head_json":{"title":"VITAL C proovikomplekt - SPskincare","robots":{"index":"index","follow":"follow","max-snippet":"max-snippet:-1","max-image-preview":"max-image-preview:large","max-video-preview":"max-video-preview:-1"},"canonical":"https:\/\/spskincare.ee\/et\/toode\/vital-c-proovikomplekt\/","og_locale":"et_EE","og_type":"article","og_title":"VITAL C proovikomplekt - SPskincare","og_description":"VITAL C proovikomplekt on ideaalne kaaslane k\u00f5igile neile kel kuiv v\u00f5i punetav nahk. Proovikomplekti tooteid jagub 7-10 p\u00e4evaks. VITAL C proovikomplekti kuuluvad: THE MAX T\u00fcviekstraktidega n\u00e4opesugeel VITAL C Niisutav vananemisvastane seerum VITAL C Ens\u00fcmaatiline mask VITAL C Niisutav ja taastav \u00f6\u00f6kreem  Suurus toode  VITAL C Niisutav n\u00e4opesugeel \u2014 7,4 \u043c\u043b VITAL C Niisutav vananemisvastane seerum \u2014 7,4 \u043c\u043b VITAL C Ens\u00fcmaatiline mask \u2014 7 \u0433 VITAL C Niisutav ja taastav \u00f6\u00f6kreem \u2014 7 \u0433","og_url":"https:\/\/spskincare.ee\/et\/toode\/vital-c-proovikomplekt\/","og_site_name":"SPskincare","article_publisher":"https:\/\/www.facebook.com\/sabina.marahhovskaja","article_modified_time":"2023-07-06T11:42:26+00:00","og_image":[{"width":1080,"height":1080,"url":"https:\/\/spskincare.ee\/wp-content\/uploads\/2023\/06\/tM.jpg","type":"image\/jpeg"}],"twitter_card":"summary_large_image","twitter_misc":{"Est. reading time":"2 minutit"},"schema":{"@context":"https:\/\/schema.org","@graph":[{"@type":"WebPage","@id":"https:\/\/spskincare.ee\/et\/toode\/vital-c-proovikomplekt\/","url":"https:\/\/spskincare.ee\/et\/toode\/vital-c-proovikomplekt\/","name":"VITAL C proovikomplekt - SPskincare","isPartOf":{"@id":"https:\/\/spskincare.ee\/et\/#website"},"primaryImageOfPage":{"@id":"https:\/\/spskincare.ee\/et\/toode\/vital-c-proovikomplekt\/#primaryimage"},"image":{"@id":"https:\/\/spskincare.ee\/et\/toode\/vital-c-proovikomplekt\/#primaryimage"},"thumbnailUrl":"https:\/\/spskincare.ee\/wp-content\/uploads\/2023\/06\/tM.jpg","datePublished":"2023-06-28T15:33:59+00:00","dateModified":"2023-07-06T11:42:26+00:00","breadcrumb":{"@id":"https:\/\/spskincare.ee\/et\/toode\/vital-c-proovikomplekt\/#breadcrumb"},"inLanguage":"et","potentialAction":[{"@type":"ReadAction","target":["https:\/\/spskincare.ee\/et\/toode\/vital-c-proovikomplekt\/"]}]},{"@type":"ImageObject","inLanguage":"et","@id":"https:\/\/spskincare.ee\/et\/toode\/vital-c-proovikomplekt\/#primaryimage","url":"https:\/\/spskincare.ee\/wp-content\/uploads\/2023\/06\/tM.jpg","contentUrl":"https:\/\/spskincare.ee\/wp-content\/uploads\/2023\/06\/tM.jpg","width":1080,"height":1080},{"@type":"BreadcrumbList","@id":"https:\/\/spskincare.ee\/et\/toode\/vital-c-proovikomplekt\/#breadcrumb","itemListElement":[{"@type":"ListItem","position":1,"name":"\u0413\u043b\u0430\u0432\u043d\u0430\u044f \u0441\u0442\u0440\u0430\u043d\u0438\u0446\u0430","item":"https:\/\/spskincare.ee\/et\/"},{"@type":"ListItem","position":2,"name":"Shop","item":"https:\/\/spskincare.ee\/shop\/"},{"@type":"ListItem","position":3,"name":"VITAL C proovikomplekt"}]},{"@type":"WebSite","@id":"https:\/\/spskincare.ee\/et\/#website","url":"https:\/\/spskincare.ee\/et\/","name":"SPskincare","description":"kosmeetik Tallinnas","publisher":{"@id":"https:\/\/spskincare.ee\/et\/#organization"},"potentialAction":[{"@type":"SearchAction","target":{"@type":"EntryPoint","urlTemplate":"https:\/\/spskincare.ee\/et\/?s={search_term_string}"},"query-input":{"@type":"PropertyValueSpecification","valueRequired":true,"valueName":"search_term_string"}}],"inLanguage":"et"},{"@type":"Organization","@id":"https:\/\/spskincare.ee\/et\/#organization","name":"SPskincare","url":"https:\/\/spskincare.ee\/et\/","logo":{"@type":"ImageObject","inLanguage":"et","@id":"https:\/\/spskincare.ee\/et\/#\/schema\/logo\/image\/","url":"https:\/\/spskincare.ee\/wp-content\/uploads\/2023\/05\/SP_logo_trans.png","contentUrl":"https:\/\/spskincare.ee\/wp-content\/uploads\/2023\/05\/SP_logo_trans.png","width":500,"height":500,"caption":"SPskincare"},"image":{"@id":"https:\/\/spskincare.ee\/et\/#\/schema\/logo\/image\/"},"sameAs":["https:\/\/www.facebook.com\/sabina.marahhovskaja","https:\/\/www.instagram.com\/sabinapuskina.kosmetoloog\/"]}]}},"_links":{"self":[{"href":"https:\/\/spskincare.ee\/et\/wp-json\/wp\/v2\/product\/5872","targetHints":{"allow":["GET"]}}],"collection":[{"href":"https:\/\/spskincare.ee\/et\/wp-json\/wp\/v2\/product"}],"about":[{"href":"https:\/\/spskincare.ee\/et\/wp-json\/wp\/v2\/types\/product"}],"wp:featuredmedia":[{"embeddable":true,"href":"https:\/\/spskincare.ee\/et\/wp-json\/wp\/v2\/media\/5770"}],"wp:attachment":[{"href":"https:\/\/spskincare.ee\/et\/wp-json\/wp\/v2\/media?parent=5872"}],"wp:term":[{"taxonomy":"product_brand","embeddable":true,"href":"https:\/\/spskincare.ee\/et\/wp-json\/wp\/v2\/product_brand?post=5872"},{"taxonomy":"product_cat","embeddable":true,"href":"https:\/\/spskincare.ee\/et\/wp-json\/wp\/v2\/product_cat?post=5872"},{"taxonomy":"product_tag","embeddable":true,"href":"https:\/\/spskincare.ee\/et\/wp-json\/wp\/v2\/product_tag?post=5872"}],"curies":[{"name":"wp","href":"https:\/\/api.w.org\/{rel}","templated":true}]}}