{"id":5873,"date":"2023-06-28T15:28:42","date_gmt":"2023-06-28T15:28:42","guid":{"rendered":"https:\/\/spskincare.ee\/product\/body-spa-kehakoorija\/"},"modified":"2023-07-06T11:43:24","modified_gmt":"2023-07-06T11:43:24","slug":"body-spa-kehakoorija","status":"publish","type":"product","link":"https:\/\/spskincare.ee\/et\/toode\/body-spa-kehakoorija\/","title":{"rendered":"BODY SPA Kehakoorija"},"content":{"rendered":"<p>Kasutamine:<\/p>\n<p>Masseeri kreemi paar minutit niiskele nahale, loputa. Sobib igap\u00e4evaseks kasutamiseks.<\/p>\n<p>Koostis:<\/p>\n<p>Aqua, Glycerin, Acrylates Copolymer, Cocamidopropyl Betaine, Luffa Cylindrica Fruit, Aloe Barbadensis Leaf Extract, Ananas Sativus (Pineapple) Fruit Extract, Carica Papaya (Papaya) Fruit Extract, Vitis Vinifera (Grape) Seed Extract, Camellia Sinensis Leaf Extract, Citrus Grandis (Grapefruit) Fruit Extract, Lactic Acid, Malic Acid, Glycolic Acid, Juglans Regia (Walnut) Shell Powder, Polysorbate 20, Aminomethyl Propanol, Phenoxyethanol, Sodium Chloride, Caprylyl Glycol, Ethylhexylglycerin, Hexylene Glycol, Disodium Edta, Potassium Sorbate, Sodium Benzoate, Tocopherol, Glycine Soja (Soybean) Oil<\/p>\n<p>*Toote koostises v\u00f5ib esineda m\u00f5ningaid muudatusi. T\u00e4pne koostis toote pakendil.<\/p>\n<section class=\"related products \"><\/section>\n","protected":false},"excerpt":{"rendered":"<div class=\"woocommerce-product-details__short-description\">\n<div class=\"woocommerce-product-details__short-description\">\n<p>Niisutav ja \u00f5rnalt poleeriv kehakoorija jahvatatud p\u00e4hkliteradega, mis muudab naha pehmeks ja siledaks. Koorija kiirendab rakkude uuenemist ja soodustab kehakreemide ja -niisutajate paremat imendumist, samal ajal s\u00e4ilitades naha loomuliku pH ning j\u00e4ttes selle pehmeks ja kauniks.<\/p>\n<ul>\n<li>Greibiekstrakt annab tootele kerge ja v\u00e4rske l\u00f5hna.<\/li>\n<li>Mandli\u00f5li &#8211; niisutab, t\u00f5stab naha kaitsebarj\u00e4\u00e4ri<\/li>\n<li>Viinamarjaseemne\u00f5li \u2013 s\u00fcgavniisutab, taastab kahjustatud nahka, tugev antioks\u00fcdant, pinguldab nahka ja muudab selle nooruslikumaks.<\/li>\n<li>Jojoba\u00f5li \u2013 p\u00f5letikuvastane ja niisutav.<\/li>\n<\/ul>\n<\/div>\n<p>Toote suurus 113,4 g.<\/p>\n<\/div>\n","protected":false},"featured_media":5774,"template":"","meta":[],"product_brand":[],"product_cat":[109],"product_tag":[121,120],"class_list":{"0":"post-5873","1":"product","2":"type-product","3":"status-publish","4":"has-post-thumbnail","6":"product_cat-kehakreemid","7":"product_tag-body-spa-kehakoorija","8":"product_tag-keha-kreem","10":"first","11":"instock","12":"shipping-taxable","13":"purchasable","14":"product-type-simple"},"yoast_head":"<!-- This site is optimized with the Yoast SEO plugin v26.2 - https:\/\/yoast.com\/wordpress\/plugins\/seo\/ -->\n<title>BODY SPA Kehakoorija - SPskincare<\/title>\n<meta name=\"robots\" content=\"index, follow, max-snippet:-1, max-image-preview:large, max-video-preview:-1\" \/>\n<link rel=\"canonical\" href=\"https:\/\/spskincare.ee\/et\/toode\/body-spa-kehakoorija\/\" \/>\n<meta property=\"og:locale\" content=\"et_EE\" \/>\n<meta property=\"og:type\" content=\"article\" \/>\n<meta property=\"og:title\" content=\"BODY SPA Kehakoorija - SPskincare\" \/>\n<meta property=\"og:description\" content=\"Niisutav ja \u00f5rnalt poleeriv kehakoorija jahvatatud p\u00e4hkliteradega, mis muudab naha pehmeks ja siledaks. Koorija kiirendab rakkude uuenemist ja soodustab kehakreemide ja -niisutajate paremat imendumist, samal ajal s\u00e4ilitades naha loomuliku pH ning j\u00e4ttes selle pehmeks ja kauniks.  Greibiekstrakt annab tootele kerge ja v\u00e4rske l\u00f5hna.  Mandli\u00f5li - niisutab, t\u00f5stab naha kaitsebarj\u00e4\u00e4ri  Viinamarjaseemne\u00f5li \u2013 s\u00fcgavniisutab, taastab kahjustatud nahka, tugev antioks\u00fcdant, pinguldab nahka ja muudab selle nooruslikumaks.  Jojoba\u00f5li \u2013 p\u00f5letikuvastane ja niisutav.  Toote suurus 113,4 g.\" \/>\n<meta property=\"og:url\" content=\"https:\/\/spskincare.ee\/et\/toode\/body-spa-kehakoorija\/\" \/>\n<meta property=\"og:site_name\" content=\"SPskincare\" \/>\n<meta property=\"article:publisher\" content=\"https:\/\/www.facebook.com\/sabina.marahhovskaja\" \/>\n<meta property=\"article:modified_time\" content=\"2023-07-06T11:43:24+00:00\" \/>\n<meta property=\"og:image\" content=\"https:\/\/spskincare.ee\/wp-content\/uploads\/2023\/06\/zQ3.webp\" \/>\n\t<meta property=\"og:image:width\" content=\"1000\" \/>\n\t<meta property=\"og:image:height\" content=\"1000\" \/>\n\t<meta property=\"og:image:type\" content=\"image\/webp\" \/>\n<meta name=\"twitter:card\" content=\"summary_large_image\" \/>\n<script type=\"application\/ld+json\" class=\"yoast-schema-graph\">{\"@context\":\"https:\/\/schema.org\",\"@graph\":[{\"@type\":\"WebPage\",\"@id\":\"https:\/\/spskincare.ee\/et\/toode\/body-spa-kehakoorija\/\",\"url\":\"https:\/\/spskincare.ee\/et\/toode\/body-spa-kehakoorija\/\",\"name\":\"BODY SPA Kehakoorija - SPskincare\",\"isPartOf\":{\"@id\":\"https:\/\/spskincare.ee\/et\/#website\"},\"primaryImageOfPage\":{\"@id\":\"https:\/\/spskincare.ee\/et\/toode\/body-spa-kehakoorija\/#primaryimage\"},\"image\":{\"@id\":\"https:\/\/spskincare.ee\/et\/toode\/body-spa-kehakoorija\/#primaryimage\"},\"thumbnailUrl\":\"https:\/\/spskincare.ee\/wp-content\/uploads\/2023\/06\/zQ3.webp\",\"datePublished\":\"2023-06-28T15:28:42+00:00\",\"dateModified\":\"2023-07-06T11:43:24+00:00\",\"breadcrumb\":{\"@id\":\"https:\/\/spskincare.ee\/et\/toode\/body-spa-kehakoorija\/#breadcrumb\"},\"inLanguage\":\"et\",\"potentialAction\":[{\"@type\":\"ReadAction\",\"target\":[\"https:\/\/spskincare.ee\/et\/toode\/body-spa-kehakoorija\/\"]}]},{\"@type\":\"ImageObject\",\"inLanguage\":\"et\",\"@id\":\"https:\/\/spskincare.ee\/et\/toode\/body-spa-kehakoorija\/#primaryimage\",\"url\":\"https:\/\/spskincare.ee\/wp-content\/uploads\/2023\/06\/zQ3.webp\",\"contentUrl\":\"https:\/\/spskincare.ee\/wp-content\/uploads\/2023\/06\/zQ3.webp\",\"width\":1000,\"height\":1000},{\"@type\":\"BreadcrumbList\",\"@id\":\"https:\/\/spskincare.ee\/et\/toode\/body-spa-kehakoorija\/#breadcrumb\",\"itemListElement\":[{\"@type\":\"ListItem\",\"position\":1,\"name\":\"\u0413\u043b\u0430\u0432\u043d\u0430\u044f \u0441\u0442\u0440\u0430\u043d\u0438\u0446\u0430\",\"item\":\"https:\/\/spskincare.ee\/et\/\"},{\"@type\":\"ListItem\",\"position\":2,\"name\":\"Shop\",\"item\":\"https:\/\/spskincare.ee\/shop\/\"},{\"@type\":\"ListItem\",\"position\":3,\"name\":\"BODY SPA Kehakoorija\"}]},{\"@type\":\"WebSite\",\"@id\":\"https:\/\/spskincare.ee\/et\/#website\",\"url\":\"https:\/\/spskincare.ee\/et\/\",\"name\":\"SPskincare\",\"description\":\"kosmeetik Tallinnas\",\"publisher\":{\"@id\":\"https:\/\/spskincare.ee\/et\/#organization\"},\"potentialAction\":[{\"@type\":\"SearchAction\",\"target\":{\"@type\":\"EntryPoint\",\"urlTemplate\":\"https:\/\/spskincare.ee\/et\/?s={search_term_string}\"},\"query-input\":{\"@type\":\"PropertyValueSpecification\",\"valueRequired\":true,\"valueName\":\"search_term_string\"}}],\"inLanguage\":\"et\"},{\"@type\":\"Organization\",\"@id\":\"https:\/\/spskincare.ee\/et\/#organization\",\"name\":\"SPskincare\",\"url\":\"https:\/\/spskincare.ee\/et\/\",\"logo\":{\"@type\":\"ImageObject\",\"inLanguage\":\"et\",\"@id\":\"https:\/\/spskincare.ee\/et\/#\/schema\/logo\/image\/\",\"url\":\"https:\/\/spskincare.ee\/wp-content\/uploads\/2023\/05\/SP_logo_trans.png\",\"contentUrl\":\"https:\/\/spskincare.ee\/wp-content\/uploads\/2023\/05\/SP_logo_trans.png\",\"width\":500,\"height\":500,\"caption\":\"SPskincare\"},\"image\":{\"@id\":\"https:\/\/spskincare.ee\/et\/#\/schema\/logo\/image\/\"},\"sameAs\":[\"https:\/\/www.facebook.com\/sabina.marahhovskaja\",\"https:\/\/www.instagram.com\/sabinapuskina.kosmetoloog\/\"]}]}<\/script>\n<!-- \/ Yoast SEO plugin. -->","yoast_head_json":{"title":"BODY SPA Kehakoorija - SPskincare","robots":{"index":"index","follow":"follow","max-snippet":"max-snippet:-1","max-image-preview":"max-image-preview:large","max-video-preview":"max-video-preview:-1"},"canonical":"https:\/\/spskincare.ee\/et\/toode\/body-spa-kehakoorija\/","og_locale":"et_EE","og_type":"article","og_title":"BODY SPA Kehakoorija - SPskincare","og_description":"Niisutav ja \u00f5rnalt poleeriv kehakoorija jahvatatud p\u00e4hkliteradega, mis muudab naha pehmeks ja siledaks. Koorija kiirendab rakkude uuenemist ja soodustab kehakreemide ja -niisutajate paremat imendumist, samal ajal s\u00e4ilitades naha loomuliku pH ning j\u00e4ttes selle pehmeks ja kauniks.  Greibiekstrakt annab tootele kerge ja v\u00e4rske l\u00f5hna.  Mandli\u00f5li - niisutab, t\u00f5stab naha kaitsebarj\u00e4\u00e4ri  Viinamarjaseemne\u00f5li \u2013 s\u00fcgavniisutab, taastab kahjustatud nahka, tugev antioks\u00fcdant, pinguldab nahka ja muudab selle nooruslikumaks.  Jojoba\u00f5li \u2013 p\u00f5letikuvastane ja niisutav.  Toote suurus 113,4 g.","og_url":"https:\/\/spskincare.ee\/et\/toode\/body-spa-kehakoorija\/","og_site_name":"SPskincare","article_publisher":"https:\/\/www.facebook.com\/sabina.marahhovskaja","article_modified_time":"2023-07-06T11:43:24+00:00","og_image":[{"width":1000,"height":1000,"url":"https:\/\/spskincare.ee\/wp-content\/uploads\/2023\/06\/zQ3.webp","type":"image\/webp"}],"twitter_card":"summary_large_image","schema":{"@context":"https:\/\/schema.org","@graph":[{"@type":"WebPage","@id":"https:\/\/spskincare.ee\/et\/toode\/body-spa-kehakoorija\/","url":"https:\/\/spskincare.ee\/et\/toode\/body-spa-kehakoorija\/","name":"BODY SPA Kehakoorija - SPskincare","isPartOf":{"@id":"https:\/\/spskincare.ee\/et\/#website"},"primaryImageOfPage":{"@id":"https:\/\/spskincare.ee\/et\/toode\/body-spa-kehakoorija\/#primaryimage"},"image":{"@id":"https:\/\/spskincare.ee\/et\/toode\/body-spa-kehakoorija\/#primaryimage"},"thumbnailUrl":"https:\/\/spskincare.ee\/wp-content\/uploads\/2023\/06\/zQ3.webp","datePublished":"2023-06-28T15:28:42+00:00","dateModified":"2023-07-06T11:43:24+00:00","breadcrumb":{"@id":"https:\/\/spskincare.ee\/et\/toode\/body-spa-kehakoorija\/#breadcrumb"},"inLanguage":"et","potentialAction":[{"@type":"ReadAction","target":["https:\/\/spskincare.ee\/et\/toode\/body-spa-kehakoorija\/"]}]},{"@type":"ImageObject","inLanguage":"et","@id":"https:\/\/spskincare.ee\/et\/toode\/body-spa-kehakoorija\/#primaryimage","url":"https:\/\/spskincare.ee\/wp-content\/uploads\/2023\/06\/zQ3.webp","contentUrl":"https:\/\/spskincare.ee\/wp-content\/uploads\/2023\/06\/zQ3.webp","width":1000,"height":1000},{"@type":"BreadcrumbList","@id":"https:\/\/spskincare.ee\/et\/toode\/body-spa-kehakoorija\/#breadcrumb","itemListElement":[{"@type":"ListItem","position":1,"name":"\u0413\u043b\u0430\u0432\u043d\u0430\u044f \u0441\u0442\u0440\u0430\u043d\u0438\u0446\u0430","item":"https:\/\/spskincare.ee\/et\/"},{"@type":"ListItem","position":2,"name":"Shop","item":"https:\/\/spskincare.ee\/shop\/"},{"@type":"ListItem","position":3,"name":"BODY SPA Kehakoorija"}]},{"@type":"WebSite","@id":"https:\/\/spskincare.ee\/et\/#website","url":"https:\/\/spskincare.ee\/et\/","name":"SPskincare","description":"kosmeetik Tallinnas","publisher":{"@id":"https:\/\/spskincare.ee\/et\/#organization"},"potentialAction":[{"@type":"SearchAction","target":{"@type":"EntryPoint","urlTemplate":"https:\/\/spskincare.ee\/et\/?s={search_term_string}"},"query-input":{"@type":"PropertyValueSpecification","valueRequired":true,"valueName":"search_term_string"}}],"inLanguage":"et"},{"@type":"Organization","@id":"https:\/\/spskincare.ee\/et\/#organization","name":"SPskincare","url":"https:\/\/spskincare.ee\/et\/","logo":{"@type":"ImageObject","inLanguage":"et","@id":"https:\/\/spskincare.ee\/et\/#\/schema\/logo\/image\/","url":"https:\/\/spskincare.ee\/wp-content\/uploads\/2023\/05\/SP_logo_trans.png","contentUrl":"https:\/\/spskincare.ee\/wp-content\/uploads\/2023\/05\/SP_logo_trans.png","width":500,"height":500,"caption":"SPskincare"},"image":{"@id":"https:\/\/spskincare.ee\/et\/#\/schema\/logo\/image\/"},"sameAs":["https:\/\/www.facebook.com\/sabina.marahhovskaja","https:\/\/www.instagram.com\/sabinapuskina.kosmetoloog\/"]}]}},"_links":{"self":[{"href":"https:\/\/spskincare.ee\/et\/wp-json\/wp\/v2\/product\/5873","targetHints":{"allow":["GET"]}}],"collection":[{"href":"https:\/\/spskincare.ee\/et\/wp-json\/wp\/v2\/product"}],"about":[{"href":"https:\/\/spskincare.ee\/et\/wp-json\/wp\/v2\/types\/product"}],"wp:featuredmedia":[{"embeddable":true,"href":"https:\/\/spskincare.ee\/et\/wp-json\/wp\/v2\/media\/5774"}],"wp:attachment":[{"href":"https:\/\/spskincare.ee\/et\/wp-json\/wp\/v2\/media?parent=5873"}],"wp:term":[{"taxonomy":"product_brand","embeddable":true,"href":"https:\/\/spskincare.ee\/et\/wp-json\/wp\/v2\/product_brand?post=5873"},{"taxonomy":"product_cat","embeddable":true,"href":"https:\/\/spskincare.ee\/et\/wp-json\/wp\/v2\/product_cat?post=5873"},{"taxonomy":"product_tag","embeddable":true,"href":"https:\/\/spskincare.ee\/et\/wp-json\/wp\/v2\/product_tag?post=5873"}],"curies":[{"name":"wp","href":"https:\/\/api.w.org\/{rel}","templated":true}]}}