{"id":5874,"date":"2023-06-28T14:03:02","date_gmt":"2023-06-28T14:03:02","guid":{"rendered":"https:\/\/spskincare.ee\/product\/body-spa-niisutav-ja-noorendav-kehakreem\/"},"modified":"2023-07-06T11:44:49","modified_gmt":"2023-07-06T11:44:49","slug":"body-spa-niisutav-ja-noorendav-kehakreem","status":"publish","type":"product","link":"https:\/\/spskincare.ee\/et\/toode\/body-spa-niisutav-ja-noorendav-kehakreem\/","title":{"rendered":"BODY SPA Niisutav ja noorendav kehakreem"},"content":{"rendered":"<p>Kasutamine:<\/p>\n<p>Kasuta kreemi hommikul ja \u00f5htul. Lase p\u00e4rast kehale kandmist m\u00f5ne minuti jooksul imenduda. \u00c4ra kasuta v\u00e4rskelt raseeritud nahal.<\/p>\n<p>Koostis:<\/p>\n<p>Aqua, Glycolic Acid, Caprylic\/Capric Triglyceride, Butyrospermum Parkii (Shea) Butter, Cetearyl Alcohol, Glyceryl Stearate, Peg-100 Stearate, Sorbitan Stearate, Linoleic Acid, Hexanoyl Dipeptide-3 Norleucine Acetate, Stearic Acid, Sodium Hydroxide, Simmondsia Chinensis (Jojoba) Seed Oil, Macadamia Integrifolia Seed Oil, Hydroxyethyl Ethylcellulose, Phenoxyethanol, Caprylyl Glycol, Chlorphenesin, Lecithin, Allantoin, Disodium Edta, Tetrahexyldecyl Ascorbate, Retinyl Palmitate, Linolenic Acid, Biotin, Tocopherol, Butylene GlycolBODY SPA Niisutav ja noorendav kehakreem<\/p>\n<p>*Toote koostises v\u00f5ib esineda m\u00f5ningaid muudatusi. T\u00e4pne koostis toote pakendil.<\/p>\n<section class=\"related products \"><\/section>\n","protected":false},"excerpt":{"rendered":"<div class=\"woocommerce-product-details__short-description\">\n<div class=\"woocommerce-product-details__short-description\">\n<p>S\u00fcgavniisutav ja vananemisvastane kehakreem, mis sisaldab rohkelt gl\u00fckoolhapet, retinooli ja antioks\u00fcdante. Kreem pidurdab naha vananemist ning v\u00e4rskendab juba vananenud nahka j\u00e4ttes selle pehmeks ja jume kauniks. Sobib h\u00e4sti ka \u00f5rnemale nahale ja niisutab ka k\u00f5ige karedamaid piirkondi nagu k\u00fc\u00fcnarnukid ja p\u00f5lved. Gl\u00fckoolhappe sisalduse t\u00f5ttu \u00e4ra kasuta va\u0308rskelt raseeritud nahal<\/p>\n<\/div>\n<p>Toote suurus 170 g.<\/p>\n<\/div>\n","protected":false},"featured_media":5809,"template":"","meta":[],"product_brand":[],"product_cat":[109],"product_tag":[120],"class_list":{"0":"post-5874","1":"product","2":"type-product","3":"status-publish","4":"has-post-thumbnail","6":"product_cat-kehakreemid","7":"product_tag-keha-kreem","9":"first","10":"instock","11":"shipping-taxable","12":"purchasable","13":"product-type-simple"},"yoast_head":"<!-- This site is optimized with the Yoast SEO plugin v26.2 - https:\/\/yoast.com\/wordpress\/plugins\/seo\/ -->\n<title>BODY SPA Niisutav ja noorendav kehakreem - SPskincare<\/title>\n<meta name=\"robots\" content=\"index, follow, max-snippet:-1, max-image-preview:large, max-video-preview:-1\" \/>\n<link rel=\"canonical\" href=\"https:\/\/spskincare.ee\/et\/toode\/body-spa-niisutav-ja-noorendav-kehakreem\/\" \/>\n<meta property=\"og:locale\" content=\"et_EE\" \/>\n<meta property=\"og:type\" content=\"article\" \/>\n<meta property=\"og:title\" content=\"BODY SPA Niisutav ja noorendav kehakreem - SPskincare\" \/>\n<meta property=\"og:description\" content=\"S\u00fcgavniisutav ja vananemisvastane kehakreem, mis sisaldab rohkelt gl\u00fckoolhapet, retinooli ja antioks\u00fcdante. Kreem pidurdab naha vananemist ning v\u00e4rskendab juba vananenud nahka j\u00e4ttes selle pehmeks ja jume kauniks. Sobib h\u00e4sti ka \u00f5rnemale nahale ja niisutab ka k\u00f5ige karedamaid piirkondi nagu k\u00fc\u00fcnarnukid ja p\u00f5lved. Gl\u00fckoolhappe sisalduse t\u00f5ttu \u00e4ra kasuta va\u0308rskelt raseeritud nahal  Toote suurus 170 g.\" \/>\n<meta property=\"og:url\" content=\"https:\/\/spskincare.ee\/et\/toode\/body-spa-niisutav-ja-noorendav-kehakreem\/\" \/>\n<meta property=\"og:site_name\" content=\"SPskincare\" \/>\n<meta property=\"article:publisher\" content=\"https:\/\/www.facebook.com\/sabina.marahhovskaja\" \/>\n<meta property=\"article:modified_time\" content=\"2023-07-06T11:44:49+00:00\" \/>\n<meta property=\"og:image\" content=\"https:\/\/spskincare.ee\/wp-content\/uploads\/2023\/06\/kehakreem-1.webp\" \/>\n\t<meta property=\"og:image:width\" content=\"1600\" \/>\n\t<meta property=\"og:image:height\" content=\"1600\" \/>\n\t<meta property=\"og:image:type\" content=\"image\/webp\" \/>\n<meta name=\"twitter:card\" content=\"summary_large_image\" \/>\n<script type=\"application\/ld+json\" class=\"yoast-schema-graph\">{\"@context\":\"https:\/\/schema.org\",\"@graph\":[{\"@type\":\"WebPage\",\"@id\":\"https:\/\/spskincare.ee\/et\/toode\/body-spa-niisutav-ja-noorendav-kehakreem\/\",\"url\":\"https:\/\/spskincare.ee\/et\/toode\/body-spa-niisutav-ja-noorendav-kehakreem\/\",\"name\":\"BODY SPA Niisutav ja noorendav kehakreem - SPskincare\",\"isPartOf\":{\"@id\":\"https:\/\/spskincare.ee\/et\/#website\"},\"primaryImageOfPage\":{\"@id\":\"https:\/\/spskincare.ee\/et\/toode\/body-spa-niisutav-ja-noorendav-kehakreem\/#primaryimage\"},\"image\":{\"@id\":\"https:\/\/spskincare.ee\/et\/toode\/body-spa-niisutav-ja-noorendav-kehakreem\/#primaryimage\"},\"thumbnailUrl\":\"https:\/\/spskincare.ee\/wp-content\/uploads\/2023\/06\/kehakreem-1.webp\",\"datePublished\":\"2023-06-28T14:03:02+00:00\",\"dateModified\":\"2023-07-06T11:44:49+00:00\",\"breadcrumb\":{\"@id\":\"https:\/\/spskincare.ee\/et\/toode\/body-spa-niisutav-ja-noorendav-kehakreem\/#breadcrumb\"},\"inLanguage\":\"et\",\"potentialAction\":[{\"@type\":\"ReadAction\",\"target\":[\"https:\/\/spskincare.ee\/et\/toode\/body-spa-niisutav-ja-noorendav-kehakreem\/\"]}]},{\"@type\":\"ImageObject\",\"inLanguage\":\"et\",\"@id\":\"https:\/\/spskincare.ee\/et\/toode\/body-spa-niisutav-ja-noorendav-kehakreem\/#primaryimage\",\"url\":\"https:\/\/spskincare.ee\/wp-content\/uploads\/2023\/06\/kehakreem-1.webp\",\"contentUrl\":\"https:\/\/spskincare.ee\/wp-content\/uploads\/2023\/06\/kehakreem-1.webp\",\"width\":1600,\"height\":1600},{\"@type\":\"BreadcrumbList\",\"@id\":\"https:\/\/spskincare.ee\/et\/toode\/body-spa-niisutav-ja-noorendav-kehakreem\/#breadcrumb\",\"itemListElement\":[{\"@type\":\"ListItem\",\"position\":1,\"name\":\"\u0413\u043b\u0430\u0432\u043d\u0430\u044f \u0441\u0442\u0440\u0430\u043d\u0438\u0446\u0430\",\"item\":\"https:\/\/spskincare.ee\/et\/\"},{\"@type\":\"ListItem\",\"position\":2,\"name\":\"Shop\",\"item\":\"https:\/\/spskincare.ee\/shop\/\"},{\"@type\":\"ListItem\",\"position\":3,\"name\":\"BODY SPA Niisutav ja noorendav kehakreem\"}]},{\"@type\":\"WebSite\",\"@id\":\"https:\/\/spskincare.ee\/et\/#website\",\"url\":\"https:\/\/spskincare.ee\/et\/\",\"name\":\"SPskincare\",\"description\":\"kosmeetik Tallinnas\",\"publisher\":{\"@id\":\"https:\/\/spskincare.ee\/et\/#organization\"},\"potentialAction\":[{\"@type\":\"SearchAction\",\"target\":{\"@type\":\"EntryPoint\",\"urlTemplate\":\"https:\/\/spskincare.ee\/et\/?s={search_term_string}\"},\"query-input\":{\"@type\":\"PropertyValueSpecification\",\"valueRequired\":true,\"valueName\":\"search_term_string\"}}],\"inLanguage\":\"et\"},{\"@type\":\"Organization\",\"@id\":\"https:\/\/spskincare.ee\/et\/#organization\",\"name\":\"SPskincare\",\"url\":\"https:\/\/spskincare.ee\/et\/\",\"logo\":{\"@type\":\"ImageObject\",\"inLanguage\":\"et\",\"@id\":\"https:\/\/spskincare.ee\/et\/#\/schema\/logo\/image\/\",\"url\":\"https:\/\/spskincare.ee\/wp-content\/uploads\/2023\/05\/SP_logo_trans.png\",\"contentUrl\":\"https:\/\/spskincare.ee\/wp-content\/uploads\/2023\/05\/SP_logo_trans.png\",\"width\":500,\"height\":500,\"caption\":\"SPskincare\"},\"image\":{\"@id\":\"https:\/\/spskincare.ee\/et\/#\/schema\/logo\/image\/\"},\"sameAs\":[\"https:\/\/www.facebook.com\/sabina.marahhovskaja\",\"https:\/\/www.instagram.com\/sabinapuskina.kosmetoloog\/\"]}]}<\/script>\n<!-- \/ Yoast SEO plugin. -->","yoast_head_json":{"title":"BODY SPA Niisutav ja noorendav kehakreem - SPskincare","robots":{"index":"index","follow":"follow","max-snippet":"max-snippet:-1","max-image-preview":"max-image-preview:large","max-video-preview":"max-video-preview:-1"},"canonical":"https:\/\/spskincare.ee\/et\/toode\/body-spa-niisutav-ja-noorendav-kehakreem\/","og_locale":"et_EE","og_type":"article","og_title":"BODY SPA Niisutav ja noorendav kehakreem - SPskincare","og_description":"S\u00fcgavniisutav ja vananemisvastane kehakreem, mis sisaldab rohkelt gl\u00fckoolhapet, retinooli ja antioks\u00fcdante. Kreem pidurdab naha vananemist ning v\u00e4rskendab juba vananenud nahka j\u00e4ttes selle pehmeks ja jume kauniks. Sobib h\u00e4sti ka \u00f5rnemale nahale ja niisutab ka k\u00f5ige karedamaid piirkondi nagu k\u00fc\u00fcnarnukid ja p\u00f5lved. Gl\u00fckoolhappe sisalduse t\u00f5ttu \u00e4ra kasuta va\u0308rskelt raseeritud nahal  Toote suurus 170 g.","og_url":"https:\/\/spskincare.ee\/et\/toode\/body-spa-niisutav-ja-noorendav-kehakreem\/","og_site_name":"SPskincare","article_publisher":"https:\/\/www.facebook.com\/sabina.marahhovskaja","article_modified_time":"2023-07-06T11:44:49+00:00","og_image":[{"width":1600,"height":1600,"url":"https:\/\/spskincare.ee\/wp-content\/uploads\/2023\/06\/kehakreem-1.webp","type":"image\/webp"}],"twitter_card":"summary_large_image","schema":{"@context":"https:\/\/schema.org","@graph":[{"@type":"WebPage","@id":"https:\/\/spskincare.ee\/et\/toode\/body-spa-niisutav-ja-noorendav-kehakreem\/","url":"https:\/\/spskincare.ee\/et\/toode\/body-spa-niisutav-ja-noorendav-kehakreem\/","name":"BODY SPA Niisutav ja noorendav kehakreem - SPskincare","isPartOf":{"@id":"https:\/\/spskincare.ee\/et\/#website"},"primaryImageOfPage":{"@id":"https:\/\/spskincare.ee\/et\/toode\/body-spa-niisutav-ja-noorendav-kehakreem\/#primaryimage"},"image":{"@id":"https:\/\/spskincare.ee\/et\/toode\/body-spa-niisutav-ja-noorendav-kehakreem\/#primaryimage"},"thumbnailUrl":"https:\/\/spskincare.ee\/wp-content\/uploads\/2023\/06\/kehakreem-1.webp","datePublished":"2023-06-28T14:03:02+00:00","dateModified":"2023-07-06T11:44:49+00:00","breadcrumb":{"@id":"https:\/\/spskincare.ee\/et\/toode\/body-spa-niisutav-ja-noorendav-kehakreem\/#breadcrumb"},"inLanguage":"et","potentialAction":[{"@type":"ReadAction","target":["https:\/\/spskincare.ee\/et\/toode\/body-spa-niisutav-ja-noorendav-kehakreem\/"]}]},{"@type":"ImageObject","inLanguage":"et","@id":"https:\/\/spskincare.ee\/et\/toode\/body-spa-niisutav-ja-noorendav-kehakreem\/#primaryimage","url":"https:\/\/spskincare.ee\/wp-content\/uploads\/2023\/06\/kehakreem-1.webp","contentUrl":"https:\/\/spskincare.ee\/wp-content\/uploads\/2023\/06\/kehakreem-1.webp","width":1600,"height":1600},{"@type":"BreadcrumbList","@id":"https:\/\/spskincare.ee\/et\/toode\/body-spa-niisutav-ja-noorendav-kehakreem\/#breadcrumb","itemListElement":[{"@type":"ListItem","position":1,"name":"\u0413\u043b\u0430\u0432\u043d\u0430\u044f \u0441\u0442\u0440\u0430\u043d\u0438\u0446\u0430","item":"https:\/\/spskincare.ee\/et\/"},{"@type":"ListItem","position":2,"name":"Shop","item":"https:\/\/spskincare.ee\/shop\/"},{"@type":"ListItem","position":3,"name":"BODY SPA Niisutav ja noorendav kehakreem"}]},{"@type":"WebSite","@id":"https:\/\/spskincare.ee\/et\/#website","url":"https:\/\/spskincare.ee\/et\/","name":"SPskincare","description":"kosmeetik Tallinnas","publisher":{"@id":"https:\/\/spskincare.ee\/et\/#organization"},"potentialAction":[{"@type":"SearchAction","target":{"@type":"EntryPoint","urlTemplate":"https:\/\/spskincare.ee\/et\/?s={search_term_string}"},"query-input":{"@type":"PropertyValueSpecification","valueRequired":true,"valueName":"search_term_string"}}],"inLanguage":"et"},{"@type":"Organization","@id":"https:\/\/spskincare.ee\/et\/#organization","name":"SPskincare","url":"https:\/\/spskincare.ee\/et\/","logo":{"@type":"ImageObject","inLanguage":"et","@id":"https:\/\/spskincare.ee\/et\/#\/schema\/logo\/image\/","url":"https:\/\/spskincare.ee\/wp-content\/uploads\/2023\/05\/SP_logo_trans.png","contentUrl":"https:\/\/spskincare.ee\/wp-content\/uploads\/2023\/05\/SP_logo_trans.png","width":500,"height":500,"caption":"SPskincare"},"image":{"@id":"https:\/\/spskincare.ee\/et\/#\/schema\/logo\/image\/"},"sameAs":["https:\/\/www.facebook.com\/sabina.marahhovskaja","https:\/\/www.instagram.com\/sabinapuskina.kosmetoloog\/"]}]}},"_links":{"self":[{"href":"https:\/\/spskincare.ee\/et\/wp-json\/wp\/v2\/product\/5874","targetHints":{"allow":["GET"]}}],"collection":[{"href":"https:\/\/spskincare.ee\/et\/wp-json\/wp\/v2\/product"}],"about":[{"href":"https:\/\/spskincare.ee\/et\/wp-json\/wp\/v2\/types\/product"}],"wp:featuredmedia":[{"embeddable":true,"href":"https:\/\/spskincare.ee\/et\/wp-json\/wp\/v2\/media\/5809"}],"wp:attachment":[{"href":"https:\/\/spskincare.ee\/et\/wp-json\/wp\/v2\/media?parent=5874"}],"wp:term":[{"taxonomy":"product_brand","embeddable":true,"href":"https:\/\/spskincare.ee\/et\/wp-json\/wp\/v2\/product_brand?post=5874"},{"taxonomy":"product_cat","embeddable":true,"href":"https:\/\/spskincare.ee\/et\/wp-json\/wp\/v2\/product_cat?post=5874"},{"taxonomy":"product_tag","embeddable":true,"href":"https:\/\/spskincare.ee\/et\/wp-json\/wp\/v2\/product_tag?post=5874"}],"curies":[{"name":"wp","href":"https:\/\/api.w.org\/{rel}","templated":true}]}}