{"id":5876,"date":"2023-06-28T13:43:09","date_gmt":"2023-06-28T13:43:09","guid":{"rendered":"https:\/\/spskincare.ee\/product\/the-max-tuvirakuekstraktidega-mask\/"},"modified":"2023-07-06T12:07:41","modified_gmt":"2023-07-06T12:07:41","slug":"tuvirakuekstraktidega-mask","status":"publish","type":"product","link":"https:\/\/spskincare.ee\/et\/toode\/tuvirakuekstraktidega-mask\/","title":{"rendered":"THE MAX T\u00fcvirakuekstraktidega mask"},"content":{"rendered":"<p>Kasutamine:<\/p>\n<p>Kanna \u00f5huke kiht maski n\u00e4ole, kaelale, dekolteele ja k\u00e4tele ning j\u00e4ta m\u00f5juma 5-10 minutiks. Seej\u00e4rel eemalda sooja veega. V\u00f5ib \u00f6\u00f6seks j\u00e4tta. Kasuta maski 3-4 korda n\u00e4dalas. Kasuta kaelal, dekolteel ning k\u00e4tel niisutamiseks ja pinguldamiseks.<\/p>\n<p>Koostis:<\/p>\n<p>Aqua, Kaolin, Caprylic\/Capric Triglyceride, Acetyl Hexapeptide-8, Sucrose Palmitate, Squalane, Dimethicone, Stearic Acid, Superoxide Dismutase, Gamma Polyglutamic Acid, Palmitoyl Tripeptide-38, Acetyl Octapeptide-3, Palmitoyl Tripeptide-1, Dipeptide Diaminobutyroyl Benzylamide Diacetate, Phospholipids, Linoleic Acid, Pullulan, Pvp, Hydrolyzed Wheat Protein, Glycine Soja (Soybean) Protein, Hydrolyzed Rice Bran Protein, Potassium Sorbate, Malus Domestica Fruit Cell Culture Extract, Argania Spinosa Sprout Cell Culture Extract, Leontopodium Alpinum Meristem Cell Culture, Macrocystis Pyrifera Extract, Phaseous Radiatus L. Callus Extract, Vitis Vinifera (Grape) Seed Extract, Centella Asiatica Extract, Echinacea Purpurea Extract, Arabidopsis Thaliana Extract, Algae Extract, Plankton Extract, Glycine Soja (Soybean) Sterols, Tocopheryl Acetate, Tetrahexyldecyl Ascorbate, Lecithin, Allantoin, Panthenol, Propylene Glycol, Cetyl Alcohol, Butylene Glycol, Microcrystalline Cellulose, Isomalt, Hydroxypropyl Cyclodextrin, Glyceryl Stearate, Peg-100 Stearate, Glyceryl Polymethacrylate, Sodium Dextran Sulfate, Dicetyl Phosphate, Ceteth-10 Phosphate, Sodium Benzoate, Biosaccharide Gum-1, Cellulose Gum, Xanthan Gum, Disodium Edta, Phenoxyethanol, Ethylhexylglycerin, Citric Acid<\/p>\n<p>*Toodete koostises v\u00f5ib esineda m\u00f5ningaid muudatusi. T\u00e4pne koostis toodete pakendil.<\/p>\n<section class=\"related products \"><\/section>\n","protected":false},"excerpt":{"rendered":"<div class=\"woocommerce-product-details__short-description\">\n<div class=\"woocommerce-product-details__short-description\">\n<div class=\"woocommerce-product-details__short-description\">\n<div class=\"woocommerce-product-details__short-description\">\n<div class=\"woocommerce-product-details__short-description\">\n<div class=\"woocommerce-product-details__short-description\">\n<div class=\"woocommerce-product-details__short-description\">\n<p>Luksuslik ja \u00f5rn mask, mis koorib surnud naharakud ja mustuse ning noorendab ja elustab v\u00e4sinud ning vananevat nahka.<\/p>\n<p>Vectorize-tehnoloogia annab pikaajalise m\u00f5ju vabastades toimeaineid kuni 48 tunni jooksul. Pinguldust ja \u00fchtlustust vajava silmapiirkonna puhul kasuta vaheldumisi Iluma Jume \u00fchtlustava silmakreemiga.<\/p>\n<\/div><\/div>\n<\/p><\/div>\n<div id=\"product-15138\" class=\"product type-product post-15138 status-publish first instock product_cat-ormedic product_cat-lip-balm has-post-thumbnail taxable shipping-taxable purchasable product-type-simple ct-ajax-add-to-cart thumbs-bottom sticky-gallery sticky-summary ct-default-gallery\">\n<div class=\"woocommerce-tabs wc-tabs-wrapper\" data-type=\"type-1:center\">\n<article>\n<div id=\"tab-customTab-2\" class=\"woocommerce-Tabs-panel woocommerce-Tabs-panel--customTab-2 panel entry-content wc-tab\" role=\"tabpanel\" aria-labelledby=\"tab-title-customTab-2\">\n<p>Toote suurus 59 ml.<\/p>\n<\/div>\n<\/article><\/div>\n<\/p><\/div>\n<section class=\"related products \"><\/section>\n<\/p><\/div>\n<\/p><\/div>\n<\/p><\/div>\n<\/p><\/div>\n","protected":false},"featured_media":5788,"template":"","meta":[],"product_brand":[],"product_cat":[110],"product_tag":[114],"class_list":{"0":"post-5876","1":"product","2":"type-product","3":"status-publish","4":"has-post-thumbnail","6":"product_cat-maskid","7":"product_tag-mask","9":"first","10":"instock","11":"shipping-taxable","12":"purchasable","13":"product-type-simple"},"yoast_head":"<!-- This site is optimized with the Yoast SEO plugin v26.2 - https:\/\/yoast.com\/wordpress\/plugins\/seo\/ -->\n<title>THE MAX T\u00fcvirakuekstraktidega mask - SPskincare<\/title>\n<meta name=\"robots\" content=\"index, follow, max-snippet:-1, max-image-preview:large, max-video-preview:-1\" \/>\n<link rel=\"canonical\" href=\"https:\/\/spskincare.ee\/et\/toode\/tuvirakuekstraktidega-mask\/\" \/>\n<meta property=\"og:locale\" content=\"et_EE\" \/>\n<meta property=\"og:type\" content=\"article\" \/>\n<meta property=\"og:title\" content=\"THE MAX T\u00fcvirakuekstraktidega mask - SPskincare\" \/>\n<meta property=\"og:description\" content=\"Luksuslik ja \u00f5rn mask, mis koorib surnud naharakud ja mustuse ning noorendab ja elustab v\u00e4sinud ning vananevat nahka. Vectorize-tehnoloogia annab pikaajalise m\u00f5ju vabastades toimeaineid kuni 48 tunni jooksul. Pinguldust ja \u00fchtlustust vajava silmapiirkonna puhul kasuta vaheldumisi Iluma Jume \u00fchtlustava silmakreemiga.                                                                                                                           Toote suurus 59 ml.\" \/>\n<meta property=\"og:url\" content=\"https:\/\/spskincare.ee\/et\/toode\/tuvirakuekstraktidega-mask\/\" \/>\n<meta property=\"og:site_name\" content=\"SPskincare\" \/>\n<meta property=\"article:publisher\" content=\"https:\/\/www.facebook.com\/sabina.marahhovskaja\" \/>\n<meta property=\"article:modified_time\" content=\"2023-07-06T12:07:41+00:00\" \/>\n<meta property=\"og:image\" content=\"https:\/\/spskincare.ee\/wp-content\/uploads\/2023\/06\/U2N.jpg\" \/>\n\t<meta property=\"og:image:width\" content=\"1080\" \/>\n\t<meta property=\"og:image:height\" content=\"1080\" \/>\n\t<meta property=\"og:image:type\" content=\"image\/jpeg\" \/>\n<meta name=\"twitter:card\" content=\"summary_large_image\" \/>\n<meta name=\"twitter:label1\" content=\"Est. reading time\" \/>\n\t<meta name=\"twitter:data1\" content=\"1 minut\" \/>\n<script type=\"application\/ld+json\" class=\"yoast-schema-graph\">{\"@context\":\"https:\/\/schema.org\",\"@graph\":[{\"@type\":\"WebPage\",\"@id\":\"https:\/\/spskincare.ee\/et\/toode\/tuvirakuekstraktidega-mask\/\",\"url\":\"https:\/\/spskincare.ee\/et\/toode\/tuvirakuekstraktidega-mask\/\",\"name\":\"THE MAX T\u00fcvirakuekstraktidega mask - SPskincare\",\"isPartOf\":{\"@id\":\"https:\/\/spskincare.ee\/et\/#website\"},\"primaryImageOfPage\":{\"@id\":\"https:\/\/spskincare.ee\/et\/toode\/tuvirakuekstraktidega-mask\/#primaryimage\"},\"image\":{\"@id\":\"https:\/\/spskincare.ee\/et\/toode\/tuvirakuekstraktidega-mask\/#primaryimage\"},\"thumbnailUrl\":\"https:\/\/spskincare.ee\/wp-content\/uploads\/2023\/06\/U2N.jpg\",\"datePublished\":\"2023-06-28T13:43:09+00:00\",\"dateModified\":\"2023-07-06T12:07:41+00:00\",\"breadcrumb\":{\"@id\":\"https:\/\/spskincare.ee\/et\/toode\/tuvirakuekstraktidega-mask\/#breadcrumb\"},\"inLanguage\":\"et\",\"potentialAction\":[{\"@type\":\"ReadAction\",\"target\":[\"https:\/\/spskincare.ee\/et\/toode\/tuvirakuekstraktidega-mask\/\"]}]},{\"@type\":\"ImageObject\",\"inLanguage\":\"et\",\"@id\":\"https:\/\/spskincare.ee\/et\/toode\/tuvirakuekstraktidega-mask\/#primaryimage\",\"url\":\"https:\/\/spskincare.ee\/wp-content\/uploads\/2023\/06\/U2N.jpg\",\"contentUrl\":\"https:\/\/spskincare.ee\/wp-content\/uploads\/2023\/06\/U2N.jpg\",\"width\":1080,\"height\":1080},{\"@type\":\"BreadcrumbList\",\"@id\":\"https:\/\/spskincare.ee\/et\/toode\/tuvirakuekstraktidega-mask\/#breadcrumb\",\"itemListElement\":[{\"@type\":\"ListItem\",\"position\":1,\"name\":\"\u0413\u043b\u0430\u0432\u043d\u0430\u044f \u0441\u0442\u0440\u0430\u043d\u0438\u0446\u0430\",\"item\":\"https:\/\/spskincare.ee\/et\/\"},{\"@type\":\"ListItem\",\"position\":2,\"name\":\"Shop\",\"item\":\"https:\/\/spskincare.ee\/shop\/\"},{\"@type\":\"ListItem\",\"position\":3,\"name\":\"THE MAX T\u00fcvirakuekstraktidega mask\"}]},{\"@type\":\"WebSite\",\"@id\":\"https:\/\/spskincare.ee\/et\/#website\",\"url\":\"https:\/\/spskincare.ee\/et\/\",\"name\":\"SPskincare\",\"description\":\"kosmeetik Tallinnas\",\"publisher\":{\"@id\":\"https:\/\/spskincare.ee\/et\/#organization\"},\"potentialAction\":[{\"@type\":\"SearchAction\",\"target\":{\"@type\":\"EntryPoint\",\"urlTemplate\":\"https:\/\/spskincare.ee\/et\/?s={search_term_string}\"},\"query-input\":{\"@type\":\"PropertyValueSpecification\",\"valueRequired\":true,\"valueName\":\"search_term_string\"}}],\"inLanguage\":\"et\"},{\"@type\":\"Organization\",\"@id\":\"https:\/\/spskincare.ee\/et\/#organization\",\"name\":\"SPskincare\",\"url\":\"https:\/\/spskincare.ee\/et\/\",\"logo\":{\"@type\":\"ImageObject\",\"inLanguage\":\"et\",\"@id\":\"https:\/\/spskincare.ee\/et\/#\/schema\/logo\/image\/\",\"url\":\"https:\/\/spskincare.ee\/wp-content\/uploads\/2023\/05\/SP_logo_trans.png\",\"contentUrl\":\"https:\/\/spskincare.ee\/wp-content\/uploads\/2023\/05\/SP_logo_trans.png\",\"width\":500,\"height\":500,\"caption\":\"SPskincare\"},\"image\":{\"@id\":\"https:\/\/spskincare.ee\/et\/#\/schema\/logo\/image\/\"},\"sameAs\":[\"https:\/\/www.facebook.com\/sabina.marahhovskaja\",\"https:\/\/www.instagram.com\/sabinapuskina.kosmetoloog\/\"]}]}<\/script>\n<!-- \/ Yoast SEO plugin. -->","yoast_head_json":{"title":"THE MAX T\u00fcvirakuekstraktidega mask - SPskincare","robots":{"index":"index","follow":"follow","max-snippet":"max-snippet:-1","max-image-preview":"max-image-preview:large","max-video-preview":"max-video-preview:-1"},"canonical":"https:\/\/spskincare.ee\/et\/toode\/tuvirakuekstraktidega-mask\/","og_locale":"et_EE","og_type":"article","og_title":"THE MAX T\u00fcvirakuekstraktidega mask - SPskincare","og_description":"Luksuslik ja \u00f5rn mask, mis koorib surnud naharakud ja mustuse ning noorendab ja elustab v\u00e4sinud ning vananevat nahka. Vectorize-tehnoloogia annab pikaajalise m\u00f5ju vabastades toimeaineid kuni 48 tunni jooksul. Pinguldust ja \u00fchtlustust vajava silmapiirkonna puhul kasuta vaheldumisi Iluma Jume \u00fchtlustava silmakreemiga.                                                                                                                           Toote suurus 59 ml.","og_url":"https:\/\/spskincare.ee\/et\/toode\/tuvirakuekstraktidega-mask\/","og_site_name":"SPskincare","article_publisher":"https:\/\/www.facebook.com\/sabina.marahhovskaja","article_modified_time":"2023-07-06T12:07:41+00:00","og_image":[{"width":1080,"height":1080,"url":"https:\/\/spskincare.ee\/wp-content\/uploads\/2023\/06\/U2N.jpg","type":"image\/jpeg"}],"twitter_card":"summary_large_image","twitter_misc":{"Est. reading time":"1 minut"},"schema":{"@context":"https:\/\/schema.org","@graph":[{"@type":"WebPage","@id":"https:\/\/spskincare.ee\/et\/toode\/tuvirakuekstraktidega-mask\/","url":"https:\/\/spskincare.ee\/et\/toode\/tuvirakuekstraktidega-mask\/","name":"THE MAX T\u00fcvirakuekstraktidega mask - SPskincare","isPartOf":{"@id":"https:\/\/spskincare.ee\/et\/#website"},"primaryImageOfPage":{"@id":"https:\/\/spskincare.ee\/et\/toode\/tuvirakuekstraktidega-mask\/#primaryimage"},"image":{"@id":"https:\/\/spskincare.ee\/et\/toode\/tuvirakuekstraktidega-mask\/#primaryimage"},"thumbnailUrl":"https:\/\/spskincare.ee\/wp-content\/uploads\/2023\/06\/U2N.jpg","datePublished":"2023-06-28T13:43:09+00:00","dateModified":"2023-07-06T12:07:41+00:00","breadcrumb":{"@id":"https:\/\/spskincare.ee\/et\/toode\/tuvirakuekstraktidega-mask\/#breadcrumb"},"inLanguage":"et","potentialAction":[{"@type":"ReadAction","target":["https:\/\/spskincare.ee\/et\/toode\/tuvirakuekstraktidega-mask\/"]}]},{"@type":"ImageObject","inLanguage":"et","@id":"https:\/\/spskincare.ee\/et\/toode\/tuvirakuekstraktidega-mask\/#primaryimage","url":"https:\/\/spskincare.ee\/wp-content\/uploads\/2023\/06\/U2N.jpg","contentUrl":"https:\/\/spskincare.ee\/wp-content\/uploads\/2023\/06\/U2N.jpg","width":1080,"height":1080},{"@type":"BreadcrumbList","@id":"https:\/\/spskincare.ee\/et\/toode\/tuvirakuekstraktidega-mask\/#breadcrumb","itemListElement":[{"@type":"ListItem","position":1,"name":"\u0413\u043b\u0430\u0432\u043d\u0430\u044f \u0441\u0442\u0440\u0430\u043d\u0438\u0446\u0430","item":"https:\/\/spskincare.ee\/et\/"},{"@type":"ListItem","position":2,"name":"Shop","item":"https:\/\/spskincare.ee\/shop\/"},{"@type":"ListItem","position":3,"name":"THE MAX T\u00fcvirakuekstraktidega mask"}]},{"@type":"WebSite","@id":"https:\/\/spskincare.ee\/et\/#website","url":"https:\/\/spskincare.ee\/et\/","name":"SPskincare","description":"kosmeetik Tallinnas","publisher":{"@id":"https:\/\/spskincare.ee\/et\/#organization"},"potentialAction":[{"@type":"SearchAction","target":{"@type":"EntryPoint","urlTemplate":"https:\/\/spskincare.ee\/et\/?s={search_term_string}"},"query-input":{"@type":"PropertyValueSpecification","valueRequired":true,"valueName":"search_term_string"}}],"inLanguage":"et"},{"@type":"Organization","@id":"https:\/\/spskincare.ee\/et\/#organization","name":"SPskincare","url":"https:\/\/spskincare.ee\/et\/","logo":{"@type":"ImageObject","inLanguage":"et","@id":"https:\/\/spskincare.ee\/et\/#\/schema\/logo\/image\/","url":"https:\/\/spskincare.ee\/wp-content\/uploads\/2023\/05\/SP_logo_trans.png","contentUrl":"https:\/\/spskincare.ee\/wp-content\/uploads\/2023\/05\/SP_logo_trans.png","width":500,"height":500,"caption":"SPskincare"},"image":{"@id":"https:\/\/spskincare.ee\/et\/#\/schema\/logo\/image\/"},"sameAs":["https:\/\/www.facebook.com\/sabina.marahhovskaja","https:\/\/www.instagram.com\/sabinapuskina.kosmetoloog\/"]}]}},"_links":{"self":[{"href":"https:\/\/spskincare.ee\/et\/wp-json\/wp\/v2\/product\/5876","targetHints":{"allow":["GET"]}}],"collection":[{"href":"https:\/\/spskincare.ee\/et\/wp-json\/wp\/v2\/product"}],"about":[{"href":"https:\/\/spskincare.ee\/et\/wp-json\/wp\/v2\/types\/product"}],"wp:featuredmedia":[{"embeddable":true,"href":"https:\/\/spskincare.ee\/et\/wp-json\/wp\/v2\/media\/5788"}],"wp:attachment":[{"href":"https:\/\/spskincare.ee\/et\/wp-json\/wp\/v2\/media?parent=5876"}],"wp:term":[{"taxonomy":"product_brand","embeddable":true,"href":"https:\/\/spskincare.ee\/et\/wp-json\/wp\/v2\/product_brand?post=5876"},{"taxonomy":"product_cat","embeddable":true,"href":"https:\/\/spskincare.ee\/et\/wp-json\/wp\/v2\/product_cat?post=5876"},{"taxonomy":"product_tag","embeddable":true,"href":"https:\/\/spskincare.ee\/et\/wp-json\/wp\/v2\/product_tag?post=5876"}],"curies":[{"name":"wp","href":"https:\/\/api.w.org\/{rel}","templated":true}]}}