{"id":5877,"date":"2023-06-28T13:38:08","date_gmt":"2023-06-28T13:38:08","guid":{"rendered":"https:\/\/spskincare.ee\/product\/clear-cell-salitsuulhappega-puhastuspadjad-naole\/"},"modified":"2023-07-06T12:10:47","modified_gmt":"2023-07-06T12:10:47","slug":"salitsuulhappega-puhastuspadjad-naole","status":"publish","type":"product","link":"https:\/\/spskincare.ee\/et\/toode\/salitsuulhappega-puhastuspadjad-naole\/","title":{"rendered":"CLEAR CELL Salits\u00fc\u00fclhappega puhastuspadjad n\u00e4ole"},"content":{"rendered":"<p>Kasutamine:<\/p>\n<p>Puhasta padjaga kogu n\u00e4gu v\u00f5i soovitud piirkond. L\u00f5peta toote kasutamine, kui tekib t\u00f5sine na- ha\u00e4rritus. <strong>Kui p\u00e4rast maski kasutamist l\u00e4hed \u00f5ue, kasuta p\u00e4ikesekaitsekreemi.<\/strong><\/p>\n<p>Hoia k\u00f5vasti suletuna toatemperatuuril. Tuleohtlik.<\/p>\n<p>Mugav kasutada reisidel v\u00f5i peale f\u00fc\u00fcsilist treeningut. Sobib teismelistele ning sissekasvanud karvade raviks.<\/p>\n<p>Koostis:<\/p>\n<p>WATER\/AQUA\/EAU, SD ALCOHOL 40, POLYSORBATE 20, GLYCERIN, HAMAMELIS VIRGINIANA(WITCH HAZEL) LEAF WATER, GLYCOLIC ACID, POLYSORBATE 80, SALICYLIC ACID, MENTHA VIRIDIS(SPEARMINT) LEAF OIL, PROPYLENE GLYCOL, ALCOHOL, SODIUM HYROXIDE, BENZYL ALCOHOL, EUCALYPTUS GLOBULUS LEAF OIL, LIMONENE, MELALEUCA ALTERNIFOLIA(TEA TREE) LEAF OIL, POTASSIUM SORBATE, DISODIUM EDTA, SODIUM BENZOATE, BUTYLENE GLYCOL, AESCULUS HIPPOCASTANUM(HORSE CHESTNUT) EXTRACT, ARNICA MONTANA FLOWER EXTRACT, CAMELLIA OLEIFERA LEAF EXTRACT, T-BUTHYL ALCOHOL, PHENOXYETHANOL, BRUCINE SULFATE, LINALOOL, MALTODEXTRIN, MALUS DOMESTICA FRUIT CELL CULTURE EXTRACT, SYRINGA VULGARIS(LILAC) EXTRACT, XANTHAN GUM, PHOSPHOLIPIDS, BOSWELLIA SERRATA EXTRACT, HONEY EXTRACT, ORYZA SATIVA(RICE) BRAN EXTRACT, OLIGOPEPTIDE-10<\/p>\n<p>*Toodete koostises v\u00f5ib esineda m\u00f5ningaid muudatusi. T\u00e4pne koostis toote pakendil.<\/p>\n<section class=\"related products \"><\/section>\n<\/div>\n","protected":false},"excerpt":{"rendered":"<div class=\"woocommerce-product-details__short-description\">\n<p>Probleemsele ja teismeliste nahale loodud puhastuspadjad salits\u00fc\u00fcl- ja gl\u00fckoolhappega naha kiireks puhastamiseks. Eelniisutatud puhastuspatjadega saad eemaldada liigse rasu, higi ja mustuse ning ennetada pooride ummistumist ning p\u00f5letikukollete teket. Tee- ja n\u00f5iapuu ning kummeli ekstraktid v\u00e4hendavad punetust ning rahustavad p\u00f5letikulisi piirkondi. Puhastuspadjad sobivad kasutamiseks ka kehal.<\/p>\n<p>Pakendis on 60 puhastuslappi.<\/p>\n<section class=\"related products \"><\/section>\n<\/div>\n","protected":false},"featured_media":5790,"template":"","meta":[],"product_brand":[],"product_cat":[111],"product_tag":[122],"class_list":{"0":"post-5877","1":"product","2":"type-product","3":"status-publish","4":"has-post-thumbnail","6":"product_cat-naopuhastus","7":"product_tag-puhastuspadjad","9":"first","10":"instock","11":"shipping-taxable","12":"purchasable","13":"product-type-simple"},"yoast_head":"<!-- This site is optimized with the Yoast SEO plugin v26.2 - https:\/\/yoast.com\/wordpress\/plugins\/seo\/ -->\n<title>CLEAR CELL Salits\u00fc\u00fclhappega puhastuspadjad n\u00e4ole - SPskincare<\/title>\n<meta name=\"robots\" content=\"index, follow, max-snippet:-1, max-image-preview:large, max-video-preview:-1\" \/>\n<link rel=\"canonical\" href=\"https:\/\/spskincare.ee\/et\/toode\/salitsuulhappega-puhastuspadjad-naole\/\" \/>\n<meta property=\"og:locale\" content=\"et_EE\" \/>\n<meta property=\"og:type\" content=\"article\" \/>\n<meta property=\"og:title\" content=\"CLEAR CELL Salits\u00fc\u00fclhappega puhastuspadjad n\u00e4ole - SPskincare\" \/>\n<meta property=\"og:description\" content=\"Probleemsele ja teismeliste nahale loodud puhastuspadjad salits\u00fc\u00fcl- ja gl\u00fckoolhappega naha kiireks puhastamiseks. Eelniisutatud puhastuspatjadega saad eemaldada liigse rasu, higi ja mustuse ning ennetada pooride ummistumist ning p\u00f5letikukollete teket. Tee- ja n\u00f5iapuu ning kummeli ekstraktid v\u00e4hendavad punetust ning rahustavad p\u00f5letikulisi piirkondi. Puhastuspadjad sobivad kasutamiseks ka kehal. Pakendis on 60 puhastuslappi.\" \/>\n<meta property=\"og:url\" content=\"https:\/\/spskincare.ee\/et\/toode\/salitsuulhappega-puhastuspadjad-naole\/\" \/>\n<meta property=\"og:site_name\" content=\"SPskincare\" \/>\n<meta property=\"article:publisher\" content=\"https:\/\/www.facebook.com\/sabina.marahhovskaja\" \/>\n<meta property=\"article:modified_time\" content=\"2023-07-06T12:10:47+00:00\" \/>\n<meta property=\"og:image\" content=\"https:\/\/spskincare.ee\/wp-content\/uploads\/2023\/06\/NjQ4Nz-1.jpg\" \/>\n\t<meta property=\"og:image:width\" content=\"1080\" \/>\n\t<meta property=\"og:image:height\" content=\"1080\" \/>\n\t<meta property=\"og:image:type\" content=\"image\/jpeg\" \/>\n<meta name=\"twitter:card\" content=\"summary_large_image\" \/>\n<meta name=\"twitter:label1\" content=\"Est. reading time\" \/>\n\t<meta name=\"twitter:data1\" content=\"1 minut\" \/>\n<script type=\"application\/ld+json\" class=\"yoast-schema-graph\">{\"@context\":\"https:\/\/schema.org\",\"@graph\":[{\"@type\":\"WebPage\",\"@id\":\"https:\/\/spskincare.ee\/et\/toode\/salitsuulhappega-puhastuspadjad-naole\/\",\"url\":\"https:\/\/spskincare.ee\/et\/toode\/salitsuulhappega-puhastuspadjad-naole\/\",\"name\":\"CLEAR CELL Salits\u00fc\u00fclhappega puhastuspadjad n\u00e4ole - SPskincare\",\"isPartOf\":{\"@id\":\"https:\/\/spskincare.ee\/et\/#website\"},\"primaryImageOfPage\":{\"@id\":\"https:\/\/spskincare.ee\/et\/toode\/salitsuulhappega-puhastuspadjad-naole\/#primaryimage\"},\"image\":{\"@id\":\"https:\/\/spskincare.ee\/et\/toode\/salitsuulhappega-puhastuspadjad-naole\/#primaryimage\"},\"thumbnailUrl\":\"https:\/\/spskincare.ee\/wp-content\/uploads\/2023\/06\/NjQ4Nz-1.jpg\",\"datePublished\":\"2023-06-28T13:38:08+00:00\",\"dateModified\":\"2023-07-06T12:10:47+00:00\",\"breadcrumb\":{\"@id\":\"https:\/\/spskincare.ee\/et\/toode\/salitsuulhappega-puhastuspadjad-naole\/#breadcrumb\"},\"inLanguage\":\"et\",\"potentialAction\":[{\"@type\":\"ReadAction\",\"target\":[\"https:\/\/spskincare.ee\/et\/toode\/salitsuulhappega-puhastuspadjad-naole\/\"]}]},{\"@type\":\"ImageObject\",\"inLanguage\":\"et\",\"@id\":\"https:\/\/spskincare.ee\/et\/toode\/salitsuulhappega-puhastuspadjad-naole\/#primaryimage\",\"url\":\"https:\/\/spskincare.ee\/wp-content\/uploads\/2023\/06\/NjQ4Nz-1.jpg\",\"contentUrl\":\"https:\/\/spskincare.ee\/wp-content\/uploads\/2023\/06\/NjQ4Nz-1.jpg\",\"width\":1080,\"height\":1080},{\"@type\":\"BreadcrumbList\",\"@id\":\"https:\/\/spskincare.ee\/et\/toode\/salitsuulhappega-puhastuspadjad-naole\/#breadcrumb\",\"itemListElement\":[{\"@type\":\"ListItem\",\"position\":1,\"name\":\"\u0413\u043b\u0430\u0432\u043d\u0430\u044f \u0441\u0442\u0440\u0430\u043d\u0438\u0446\u0430\",\"item\":\"https:\/\/spskincare.ee\/et\/\"},{\"@type\":\"ListItem\",\"position\":2,\"name\":\"Shop\",\"item\":\"https:\/\/spskincare.ee\/shop\/\"},{\"@type\":\"ListItem\",\"position\":3,\"name\":\"CLEAR CELL Salits\u00fc\u00fclhappega puhastuspadjad n\u00e4ole\"}]},{\"@type\":\"WebSite\",\"@id\":\"https:\/\/spskincare.ee\/et\/#website\",\"url\":\"https:\/\/spskincare.ee\/et\/\",\"name\":\"SPskincare\",\"description\":\"kosmeetik Tallinnas\",\"publisher\":{\"@id\":\"https:\/\/spskincare.ee\/et\/#organization\"},\"potentialAction\":[{\"@type\":\"SearchAction\",\"target\":{\"@type\":\"EntryPoint\",\"urlTemplate\":\"https:\/\/spskincare.ee\/et\/?s={search_term_string}\"},\"query-input\":{\"@type\":\"PropertyValueSpecification\",\"valueRequired\":true,\"valueName\":\"search_term_string\"}}],\"inLanguage\":\"et\"},{\"@type\":\"Organization\",\"@id\":\"https:\/\/spskincare.ee\/et\/#organization\",\"name\":\"SPskincare\",\"url\":\"https:\/\/spskincare.ee\/et\/\",\"logo\":{\"@type\":\"ImageObject\",\"inLanguage\":\"et\",\"@id\":\"https:\/\/spskincare.ee\/et\/#\/schema\/logo\/image\/\",\"url\":\"https:\/\/spskincare.ee\/wp-content\/uploads\/2023\/05\/SP_logo_trans.png\",\"contentUrl\":\"https:\/\/spskincare.ee\/wp-content\/uploads\/2023\/05\/SP_logo_trans.png\",\"width\":500,\"height\":500,\"caption\":\"SPskincare\"},\"image\":{\"@id\":\"https:\/\/spskincare.ee\/et\/#\/schema\/logo\/image\/\"},\"sameAs\":[\"https:\/\/www.facebook.com\/sabina.marahhovskaja\",\"https:\/\/www.instagram.com\/sabinapuskina.kosmetoloog\/\"]}]}<\/script>\n<!-- \/ Yoast SEO plugin. -->","yoast_head_json":{"title":"CLEAR CELL Salits\u00fc\u00fclhappega puhastuspadjad n\u00e4ole - SPskincare","robots":{"index":"index","follow":"follow","max-snippet":"max-snippet:-1","max-image-preview":"max-image-preview:large","max-video-preview":"max-video-preview:-1"},"canonical":"https:\/\/spskincare.ee\/et\/toode\/salitsuulhappega-puhastuspadjad-naole\/","og_locale":"et_EE","og_type":"article","og_title":"CLEAR CELL Salits\u00fc\u00fclhappega puhastuspadjad n\u00e4ole - SPskincare","og_description":"Probleemsele ja teismeliste nahale loodud puhastuspadjad salits\u00fc\u00fcl- ja gl\u00fckoolhappega naha kiireks puhastamiseks. Eelniisutatud puhastuspatjadega saad eemaldada liigse rasu, higi ja mustuse ning ennetada pooride ummistumist ning p\u00f5letikukollete teket. Tee- ja n\u00f5iapuu ning kummeli ekstraktid v\u00e4hendavad punetust ning rahustavad p\u00f5letikulisi piirkondi. Puhastuspadjad sobivad kasutamiseks ka kehal. Pakendis on 60 puhastuslappi.","og_url":"https:\/\/spskincare.ee\/et\/toode\/salitsuulhappega-puhastuspadjad-naole\/","og_site_name":"SPskincare","article_publisher":"https:\/\/www.facebook.com\/sabina.marahhovskaja","article_modified_time":"2023-07-06T12:10:47+00:00","og_image":[{"width":1080,"height":1080,"url":"https:\/\/spskincare.ee\/wp-content\/uploads\/2023\/06\/NjQ4Nz-1.jpg","type":"image\/jpeg"}],"twitter_card":"summary_large_image","twitter_misc":{"Est. reading time":"1 minut"},"schema":{"@context":"https:\/\/schema.org","@graph":[{"@type":"WebPage","@id":"https:\/\/spskincare.ee\/et\/toode\/salitsuulhappega-puhastuspadjad-naole\/","url":"https:\/\/spskincare.ee\/et\/toode\/salitsuulhappega-puhastuspadjad-naole\/","name":"CLEAR CELL Salits\u00fc\u00fclhappega puhastuspadjad n\u00e4ole - SPskincare","isPartOf":{"@id":"https:\/\/spskincare.ee\/et\/#website"},"primaryImageOfPage":{"@id":"https:\/\/spskincare.ee\/et\/toode\/salitsuulhappega-puhastuspadjad-naole\/#primaryimage"},"image":{"@id":"https:\/\/spskincare.ee\/et\/toode\/salitsuulhappega-puhastuspadjad-naole\/#primaryimage"},"thumbnailUrl":"https:\/\/spskincare.ee\/wp-content\/uploads\/2023\/06\/NjQ4Nz-1.jpg","datePublished":"2023-06-28T13:38:08+00:00","dateModified":"2023-07-06T12:10:47+00:00","breadcrumb":{"@id":"https:\/\/spskincare.ee\/et\/toode\/salitsuulhappega-puhastuspadjad-naole\/#breadcrumb"},"inLanguage":"et","potentialAction":[{"@type":"ReadAction","target":["https:\/\/spskincare.ee\/et\/toode\/salitsuulhappega-puhastuspadjad-naole\/"]}]},{"@type":"ImageObject","inLanguage":"et","@id":"https:\/\/spskincare.ee\/et\/toode\/salitsuulhappega-puhastuspadjad-naole\/#primaryimage","url":"https:\/\/spskincare.ee\/wp-content\/uploads\/2023\/06\/NjQ4Nz-1.jpg","contentUrl":"https:\/\/spskincare.ee\/wp-content\/uploads\/2023\/06\/NjQ4Nz-1.jpg","width":1080,"height":1080},{"@type":"BreadcrumbList","@id":"https:\/\/spskincare.ee\/et\/toode\/salitsuulhappega-puhastuspadjad-naole\/#breadcrumb","itemListElement":[{"@type":"ListItem","position":1,"name":"\u0413\u043b\u0430\u0432\u043d\u0430\u044f \u0441\u0442\u0440\u0430\u043d\u0438\u0446\u0430","item":"https:\/\/spskincare.ee\/et\/"},{"@type":"ListItem","position":2,"name":"Shop","item":"https:\/\/spskincare.ee\/shop\/"},{"@type":"ListItem","position":3,"name":"CLEAR CELL Salits\u00fc\u00fclhappega puhastuspadjad n\u00e4ole"}]},{"@type":"WebSite","@id":"https:\/\/spskincare.ee\/et\/#website","url":"https:\/\/spskincare.ee\/et\/","name":"SPskincare","description":"kosmeetik Tallinnas","publisher":{"@id":"https:\/\/spskincare.ee\/et\/#organization"},"potentialAction":[{"@type":"SearchAction","target":{"@type":"EntryPoint","urlTemplate":"https:\/\/spskincare.ee\/et\/?s={search_term_string}"},"query-input":{"@type":"PropertyValueSpecification","valueRequired":true,"valueName":"search_term_string"}}],"inLanguage":"et"},{"@type":"Organization","@id":"https:\/\/spskincare.ee\/et\/#organization","name":"SPskincare","url":"https:\/\/spskincare.ee\/et\/","logo":{"@type":"ImageObject","inLanguage":"et","@id":"https:\/\/spskincare.ee\/et\/#\/schema\/logo\/image\/","url":"https:\/\/spskincare.ee\/wp-content\/uploads\/2023\/05\/SP_logo_trans.png","contentUrl":"https:\/\/spskincare.ee\/wp-content\/uploads\/2023\/05\/SP_logo_trans.png","width":500,"height":500,"caption":"SPskincare"},"image":{"@id":"https:\/\/spskincare.ee\/et\/#\/schema\/logo\/image\/"},"sameAs":["https:\/\/www.facebook.com\/sabina.marahhovskaja","https:\/\/www.instagram.com\/sabinapuskina.kosmetoloog\/"]}]}},"_links":{"self":[{"href":"https:\/\/spskincare.ee\/et\/wp-json\/wp\/v2\/product\/5877","targetHints":{"allow":["GET"]}}],"collection":[{"href":"https:\/\/spskincare.ee\/et\/wp-json\/wp\/v2\/product"}],"about":[{"href":"https:\/\/spskincare.ee\/et\/wp-json\/wp\/v2\/types\/product"}],"wp:featuredmedia":[{"embeddable":true,"href":"https:\/\/spskincare.ee\/et\/wp-json\/wp\/v2\/media\/5790"}],"wp:attachment":[{"href":"https:\/\/spskincare.ee\/et\/wp-json\/wp\/v2\/media?parent=5877"}],"wp:term":[{"taxonomy":"product_brand","embeddable":true,"href":"https:\/\/spskincare.ee\/et\/wp-json\/wp\/v2\/product_brand?post=5877"},{"taxonomy":"product_cat","embeddable":true,"href":"https:\/\/spskincare.ee\/et\/wp-json\/wp\/v2\/product_cat?post=5877"},{"taxonomy":"product_tag","embeddable":true,"href":"https:\/\/spskincare.ee\/et\/wp-json\/wp\/v2\/product_tag?post=5877"}],"curies":[{"name":"wp","href":"https:\/\/api.w.org\/{rel}","templated":true}]}}