{"id":5878,"date":"2023-06-28T13:32:35","date_gmt":"2023-06-28T13:32:35","guid":{"rendered":"https:\/\/spskincare.ee\/product\/iluma-jume-uhtlustav-naopesupuuder\/"},"modified":"2023-07-06T12:12:24","modified_gmt":"2023-07-06T12:12:24","slug":"jume-uhtlustav-naopesupuuder","status":"publish","type":"product","link":"https:\/\/spskincare.ee\/et\/toode\/jume-uhtlustav-naopesupuuder\/","title":{"rendered":"ILUMA Jume \u00fchtlustav n\u00e4opesupuuder"},"content":{"rendered":"<p>Kasutamine:<\/p>\n<p>Hommikul ja \u00f5htul. Raputa v\u00e4ike kogus puudrit veega niisutatud peopesadele ja masseeri seej\u00e4rel n\u00e4ole v\u00e4ltides silma\u00fcmbruse piirkonda. Loputa korralikult. Kasuta toodet hommikul ja \u00f5htul n\u00e4ol v\u00f5i kehal.<\/p>\n<p>Koostis:<\/p>\n<p>Aqua, Cocos Nucifera (Coconut) Milk Powder, Sodium Bicarbonate, Potassium Myristate, Sodium Lauryl Sulfoacetate, Oryza Sativa (Rice) Starch, 3-O-Ethyl Ascorbic Acid, Sodium Sesquicarbonate, Sodium Chloride, Dimethyl Sulfone, Sodium Sulfate, Papain, Whey Protein, Lactic Acid, Lactose, Pearl Powder, Glycyrrhiza Glabra (Licorice) Extract, Lactobacillus\/Pumpkin Ferment Extract, Camellia Sinensis (Green Tea) Leaf Extract, Dipotassium Glycyrrhizate, Maltodextrin, Bromelain<\/p>\n<p>*Toodete koostises v\u00f5ib esineda m\u00f5ningaid muudatusi. T\u00e4pne koostis toodete pakendil.<\/p>\n<section class=\"related products \"><\/section>\n","protected":false},"excerpt":{"rendered":"<div class=\"woocommerce-product-details__short-description\">\n<p>Luksuslik n\u00e4opesupuuder, koorib \u00f5rnalt surnud rakud ning eemaldab pooridest rasu ja mustuse. Piisavalt \u00f5rn igap\u00e4evaseks kasutamiseks ja sobib ideaalselt k\u00f5ikidele nahat\u00fc\u00fcpidele, siludes naha eba\u00fchtlast tekstuuri ja valmistades nahka ette seerumite ja kreemide paremaks imendumiseks. Puuder sisaldab taimseid ens\u00fc\u00fcme ja antioks\u00fcdante, mis muudavad jume m\u00e4rgatavalt s\u00e4ravamaks. Sega puudrit oma lemmikn\u00e4opesugeeliga, nii saad p\u00f5hjaliku ja kergelt kooriva pesu.<\/p>\n<p>Toote suurus 43 g.<\/p>\n<section class=\"related products \"><\/section>\n<\/div>\n","protected":false},"featured_media":5793,"template":"","meta":[],"product_brand":[],"product_cat":[111],"product_tag":[123],"class_list":{"0":"post-5878","1":"product","2":"type-product","3":"status-publish","4":"has-post-thumbnail","6":"product_cat-naopuhastus","7":"product_tag-naopesupuuder","9":"first","10":"instock","11":"shipping-taxable","12":"purchasable","13":"product-type-simple"},"yoast_head":"<!-- This site is optimized with the Yoast SEO plugin v26.2 - https:\/\/yoast.com\/wordpress\/plugins\/seo\/ -->\n<title>ILUMA Jume \u00fchtlustav n\u00e4opesupuuder - SPskincare<\/title>\n<meta name=\"robots\" content=\"index, follow, max-snippet:-1, max-image-preview:large, max-video-preview:-1\" \/>\n<link rel=\"canonical\" href=\"https:\/\/spskincare.ee\/et\/toode\/jume-uhtlustav-naopesupuuder\/\" \/>\n<meta property=\"og:locale\" content=\"et_EE\" \/>\n<meta property=\"og:type\" content=\"article\" \/>\n<meta property=\"og:title\" content=\"ILUMA Jume \u00fchtlustav n\u00e4opesupuuder - SPskincare\" \/>\n<meta property=\"og:description\" content=\"Luksuslik n\u00e4opesupuuder, koorib \u00f5rnalt surnud rakud ning eemaldab pooridest rasu ja mustuse. Piisavalt \u00f5rn igap\u00e4evaseks kasutamiseks ja sobib ideaalselt k\u00f5ikidele nahat\u00fc\u00fcpidele, siludes naha eba\u00fchtlast tekstuuri ja valmistades nahka ette seerumite ja kreemide paremaks imendumiseks. Puuder sisaldab taimseid ens\u00fc\u00fcme ja antioks\u00fcdante, mis muudavad jume m\u00e4rgatavalt s\u00e4ravamaks. Sega puudrit oma lemmikn\u00e4opesugeeliga, nii saad p\u00f5hjaliku ja kergelt kooriva pesu. Toote suurus 43 g.\" \/>\n<meta property=\"og:url\" content=\"https:\/\/spskincare.ee\/et\/toode\/jume-uhtlustav-naopesupuuder\/\" \/>\n<meta property=\"og:site_name\" content=\"SPskincare\" \/>\n<meta property=\"article:publisher\" content=\"https:\/\/www.facebook.com\/sabina.marahhovskaja\" \/>\n<meta property=\"article:modified_time\" content=\"2023-07-06T12:12:24+00:00\" \/>\n<meta property=\"og:image\" content=\"https:\/\/spskincare.ee\/wp-content\/uploads\/2023\/06\/NWI.webp\" \/>\n\t<meta property=\"og:image:width\" content=\"1000\" \/>\n\t<meta property=\"og:image:height\" content=\"1000\" \/>\n\t<meta property=\"og:image:type\" content=\"image\/webp\" \/>\n<meta name=\"twitter:card\" content=\"summary_large_image\" \/>\n<meta name=\"twitter:label1\" content=\"Est. reading time\" \/>\n\t<meta name=\"twitter:data1\" content=\"1 minut\" \/>\n<script type=\"application\/ld+json\" class=\"yoast-schema-graph\">{\"@context\":\"https:\/\/schema.org\",\"@graph\":[{\"@type\":\"WebPage\",\"@id\":\"https:\/\/spskincare.ee\/et\/toode\/jume-uhtlustav-naopesupuuder\/\",\"url\":\"https:\/\/spskincare.ee\/et\/toode\/jume-uhtlustav-naopesupuuder\/\",\"name\":\"ILUMA Jume \u00fchtlustav n\u00e4opesupuuder - SPskincare\",\"isPartOf\":{\"@id\":\"https:\/\/spskincare.ee\/et\/#website\"},\"primaryImageOfPage\":{\"@id\":\"https:\/\/spskincare.ee\/et\/toode\/jume-uhtlustav-naopesupuuder\/#primaryimage\"},\"image\":{\"@id\":\"https:\/\/spskincare.ee\/et\/toode\/jume-uhtlustav-naopesupuuder\/#primaryimage\"},\"thumbnailUrl\":\"https:\/\/spskincare.ee\/wp-content\/uploads\/2023\/06\/NWI.webp\",\"datePublished\":\"2023-06-28T13:32:35+00:00\",\"dateModified\":\"2023-07-06T12:12:24+00:00\",\"breadcrumb\":{\"@id\":\"https:\/\/spskincare.ee\/et\/toode\/jume-uhtlustav-naopesupuuder\/#breadcrumb\"},\"inLanguage\":\"et\",\"potentialAction\":[{\"@type\":\"ReadAction\",\"target\":[\"https:\/\/spskincare.ee\/et\/toode\/jume-uhtlustav-naopesupuuder\/\"]}]},{\"@type\":\"ImageObject\",\"inLanguage\":\"et\",\"@id\":\"https:\/\/spskincare.ee\/et\/toode\/jume-uhtlustav-naopesupuuder\/#primaryimage\",\"url\":\"https:\/\/spskincare.ee\/wp-content\/uploads\/2023\/06\/NWI.webp\",\"contentUrl\":\"https:\/\/spskincare.ee\/wp-content\/uploads\/2023\/06\/NWI.webp\",\"width\":1000,\"height\":1000},{\"@type\":\"BreadcrumbList\",\"@id\":\"https:\/\/spskincare.ee\/et\/toode\/jume-uhtlustav-naopesupuuder\/#breadcrumb\",\"itemListElement\":[{\"@type\":\"ListItem\",\"position\":1,\"name\":\"\u0413\u043b\u0430\u0432\u043d\u0430\u044f \u0441\u0442\u0440\u0430\u043d\u0438\u0446\u0430\",\"item\":\"https:\/\/spskincare.ee\/et\/\"},{\"@type\":\"ListItem\",\"position\":2,\"name\":\"Shop\",\"item\":\"https:\/\/spskincare.ee\/shop\/\"},{\"@type\":\"ListItem\",\"position\":3,\"name\":\"ILUMA Jume \u00fchtlustav n\u00e4opesupuuder\"}]},{\"@type\":\"WebSite\",\"@id\":\"https:\/\/spskincare.ee\/et\/#website\",\"url\":\"https:\/\/spskincare.ee\/et\/\",\"name\":\"SPskincare\",\"description\":\"kosmeetik Tallinnas\",\"publisher\":{\"@id\":\"https:\/\/spskincare.ee\/et\/#organization\"},\"potentialAction\":[{\"@type\":\"SearchAction\",\"target\":{\"@type\":\"EntryPoint\",\"urlTemplate\":\"https:\/\/spskincare.ee\/et\/?s={search_term_string}\"},\"query-input\":{\"@type\":\"PropertyValueSpecification\",\"valueRequired\":true,\"valueName\":\"search_term_string\"}}],\"inLanguage\":\"et\"},{\"@type\":\"Organization\",\"@id\":\"https:\/\/spskincare.ee\/et\/#organization\",\"name\":\"SPskincare\",\"url\":\"https:\/\/spskincare.ee\/et\/\",\"logo\":{\"@type\":\"ImageObject\",\"inLanguage\":\"et\",\"@id\":\"https:\/\/spskincare.ee\/et\/#\/schema\/logo\/image\/\",\"url\":\"https:\/\/spskincare.ee\/wp-content\/uploads\/2023\/05\/SP_logo_trans.png\",\"contentUrl\":\"https:\/\/spskincare.ee\/wp-content\/uploads\/2023\/05\/SP_logo_trans.png\",\"width\":500,\"height\":500,\"caption\":\"SPskincare\"},\"image\":{\"@id\":\"https:\/\/spskincare.ee\/et\/#\/schema\/logo\/image\/\"},\"sameAs\":[\"https:\/\/www.facebook.com\/sabina.marahhovskaja\",\"https:\/\/www.instagram.com\/sabinapuskina.kosmetoloog\/\"]}]}<\/script>\n<!-- \/ Yoast SEO plugin. -->","yoast_head_json":{"title":"ILUMA Jume \u00fchtlustav n\u00e4opesupuuder - SPskincare","robots":{"index":"index","follow":"follow","max-snippet":"max-snippet:-1","max-image-preview":"max-image-preview:large","max-video-preview":"max-video-preview:-1"},"canonical":"https:\/\/spskincare.ee\/et\/toode\/jume-uhtlustav-naopesupuuder\/","og_locale":"et_EE","og_type":"article","og_title":"ILUMA Jume \u00fchtlustav n\u00e4opesupuuder - SPskincare","og_description":"Luksuslik n\u00e4opesupuuder, koorib \u00f5rnalt surnud rakud ning eemaldab pooridest rasu ja mustuse. Piisavalt \u00f5rn igap\u00e4evaseks kasutamiseks ja sobib ideaalselt k\u00f5ikidele nahat\u00fc\u00fcpidele, siludes naha eba\u00fchtlast tekstuuri ja valmistades nahka ette seerumite ja kreemide paremaks imendumiseks. Puuder sisaldab taimseid ens\u00fc\u00fcme ja antioks\u00fcdante, mis muudavad jume m\u00e4rgatavalt s\u00e4ravamaks. Sega puudrit oma lemmikn\u00e4opesugeeliga, nii saad p\u00f5hjaliku ja kergelt kooriva pesu. Toote suurus 43 g.","og_url":"https:\/\/spskincare.ee\/et\/toode\/jume-uhtlustav-naopesupuuder\/","og_site_name":"SPskincare","article_publisher":"https:\/\/www.facebook.com\/sabina.marahhovskaja","article_modified_time":"2023-07-06T12:12:24+00:00","og_image":[{"width":1000,"height":1000,"url":"https:\/\/spskincare.ee\/wp-content\/uploads\/2023\/06\/NWI.webp","type":"image\/webp"}],"twitter_card":"summary_large_image","twitter_misc":{"Est. reading time":"1 minut"},"schema":{"@context":"https:\/\/schema.org","@graph":[{"@type":"WebPage","@id":"https:\/\/spskincare.ee\/et\/toode\/jume-uhtlustav-naopesupuuder\/","url":"https:\/\/spskincare.ee\/et\/toode\/jume-uhtlustav-naopesupuuder\/","name":"ILUMA Jume \u00fchtlustav n\u00e4opesupuuder - SPskincare","isPartOf":{"@id":"https:\/\/spskincare.ee\/et\/#website"},"primaryImageOfPage":{"@id":"https:\/\/spskincare.ee\/et\/toode\/jume-uhtlustav-naopesupuuder\/#primaryimage"},"image":{"@id":"https:\/\/spskincare.ee\/et\/toode\/jume-uhtlustav-naopesupuuder\/#primaryimage"},"thumbnailUrl":"https:\/\/spskincare.ee\/wp-content\/uploads\/2023\/06\/NWI.webp","datePublished":"2023-06-28T13:32:35+00:00","dateModified":"2023-07-06T12:12:24+00:00","breadcrumb":{"@id":"https:\/\/spskincare.ee\/et\/toode\/jume-uhtlustav-naopesupuuder\/#breadcrumb"},"inLanguage":"et","potentialAction":[{"@type":"ReadAction","target":["https:\/\/spskincare.ee\/et\/toode\/jume-uhtlustav-naopesupuuder\/"]}]},{"@type":"ImageObject","inLanguage":"et","@id":"https:\/\/spskincare.ee\/et\/toode\/jume-uhtlustav-naopesupuuder\/#primaryimage","url":"https:\/\/spskincare.ee\/wp-content\/uploads\/2023\/06\/NWI.webp","contentUrl":"https:\/\/spskincare.ee\/wp-content\/uploads\/2023\/06\/NWI.webp","width":1000,"height":1000},{"@type":"BreadcrumbList","@id":"https:\/\/spskincare.ee\/et\/toode\/jume-uhtlustav-naopesupuuder\/#breadcrumb","itemListElement":[{"@type":"ListItem","position":1,"name":"\u0413\u043b\u0430\u0432\u043d\u0430\u044f \u0441\u0442\u0440\u0430\u043d\u0438\u0446\u0430","item":"https:\/\/spskincare.ee\/et\/"},{"@type":"ListItem","position":2,"name":"Shop","item":"https:\/\/spskincare.ee\/shop\/"},{"@type":"ListItem","position":3,"name":"ILUMA Jume \u00fchtlustav n\u00e4opesupuuder"}]},{"@type":"WebSite","@id":"https:\/\/spskincare.ee\/et\/#website","url":"https:\/\/spskincare.ee\/et\/","name":"SPskincare","description":"kosmeetik Tallinnas","publisher":{"@id":"https:\/\/spskincare.ee\/et\/#organization"},"potentialAction":[{"@type":"SearchAction","target":{"@type":"EntryPoint","urlTemplate":"https:\/\/spskincare.ee\/et\/?s={search_term_string}"},"query-input":{"@type":"PropertyValueSpecification","valueRequired":true,"valueName":"search_term_string"}}],"inLanguage":"et"},{"@type":"Organization","@id":"https:\/\/spskincare.ee\/et\/#organization","name":"SPskincare","url":"https:\/\/spskincare.ee\/et\/","logo":{"@type":"ImageObject","inLanguage":"et","@id":"https:\/\/spskincare.ee\/et\/#\/schema\/logo\/image\/","url":"https:\/\/spskincare.ee\/wp-content\/uploads\/2023\/05\/SP_logo_trans.png","contentUrl":"https:\/\/spskincare.ee\/wp-content\/uploads\/2023\/05\/SP_logo_trans.png","width":500,"height":500,"caption":"SPskincare"},"image":{"@id":"https:\/\/spskincare.ee\/et\/#\/schema\/logo\/image\/"},"sameAs":["https:\/\/www.facebook.com\/sabina.marahhovskaja","https:\/\/www.instagram.com\/sabinapuskina.kosmetoloog\/"]}]}},"_links":{"self":[{"href":"https:\/\/spskincare.ee\/et\/wp-json\/wp\/v2\/product\/5878","targetHints":{"allow":["GET"]}}],"collection":[{"href":"https:\/\/spskincare.ee\/et\/wp-json\/wp\/v2\/product"}],"about":[{"href":"https:\/\/spskincare.ee\/et\/wp-json\/wp\/v2\/types\/product"}],"wp:featuredmedia":[{"embeddable":true,"href":"https:\/\/spskincare.ee\/et\/wp-json\/wp\/v2\/media\/5793"}],"wp:attachment":[{"href":"https:\/\/spskincare.ee\/et\/wp-json\/wp\/v2\/media?parent=5878"}],"wp:term":[{"taxonomy":"product_brand","embeddable":true,"href":"https:\/\/spskincare.ee\/et\/wp-json\/wp\/v2\/product_brand?post=5878"},{"taxonomy":"product_cat","embeddable":true,"href":"https:\/\/spskincare.ee\/et\/wp-json\/wp\/v2\/product_cat?post=5878"},{"taxonomy":"product_tag","embeddable":true,"href":"https:\/\/spskincare.ee\/et\/wp-json\/wp\/v2\/product_tag?post=5878"}],"curies":[{"name":"wp","href":"https:\/\/api.w.org\/{rel}","templated":true}]}}