{"id":5880,"date":"2023-06-28T13:21:10","date_gmt":"2023-06-28T13:21:10","guid":{"rendered":"https:\/\/spskincare.ee\/product\/vital-c-niisutav-naopesugeel\/"},"modified":"2023-07-06T12:15:34","modified_gmt":"2023-07-06T12:15:34","slug":"%d1%83%d0%b2%d0%bb%d0%b0%d0%b6%d0%bd%d1%8f%d1%8e%d1%89%d0%b5%d0%b5-%d0%be%d1%87%d0%b8%d1%89%d0%b0%d1%8e%d1%89%d0%b5%d0%b5-%d0%bc%d0%be%d0%bb%d0%be%d1%87%d0%ba%d0%be-vital-c","status":"publish","type":"product","link":"https:\/\/spskincare.ee\/et\/toode\/%d1%83%d0%b2%d0%bb%d0%b0%d0%b6%d0%bd%d1%8f%d1%8e%d1%89%d0%b5%d0%b5-%d0%be%d1%87%d0%b8%d1%89%d0%b0%d1%8e%d1%89%d0%b5%d0%b5-%d0%bc%d0%be%d0%bb%d0%be%d1%87%d0%ba%d0%be-vital-c\/","title":{"rendered":"VITAL C Niisutav n\u00e4opesugeel"},"content":{"rendered":"<p>Kasutamine:<\/p>\n<p>Kanna toodet n\u00e4ole, masseeri ja loputa seej\u00e4rel jaheda veega. Kasuta hommikul ja \u00f5htul. Kuna tegu on geelja n\u00e4opesugeeliga on seda v\u00f5imalik kasutada ka ilma veeta, ainult vatipatjadega.<\/p>\n<p>V\u00f5ib segada IlUMA n\u00e4opesupuuderiga ekstra s\u00e4ra ja s\u00e4ra saamiseks.<\/p>\n<p>Tundliku naha korral sobib kasutamiseks ka keha pesemisel ja raseerimisel ning naha\u00e4rrituse v\u00f5i allergilise piirkonna puhastamiseks.<\/p>\n<p>Koostis:<\/p>\n<p>Aqua, Cetearyl Olivate, Sorbitan Olivate, Neopentyl Glycol Dicaprylate\/Dicaprate, Ascorbyl Palmitate, Sodium Peg-7 Olive Oil Carboxylate, Sodium Ascorbyl Phosphate, Superoxide Dismutase, Vitis Vinifera (Grape) Seed Extract, Alchemilla Vulgaris (Lady\u2019s Mantle) Extract, Saponaria Officinalis (Soapwort) Extract, Magnesium Aluminum Silicate, Tocopheryl Acetate, Retinyl Palmitate, Isododecane, Stearic Acid, Glyceryl Stearate, Peg-100 Stearate, Citrus Aurantium Dulcis (Orange) Oil, Glycereth-26, Yeast Beta Glucan, Cetyl Alcohol, Peg-7 Glyceryl Cocoate, Dimethicone, Eugenia Caryophyllus (Clove) Bud Oil, Xanthan Gum, Linoleamidopropyl Pg- Dimonium Chloride Phosphate, Disodium Edta, Phenoxyethanol, Ethylhexylglycerin, Sodium Hydroxide.<\/p>\n<p>*Toodete koostises v\u00f5ib esineda m\u00f5ningaid muudatusi. T\u00e4pne koostis toote pakendil.<\/p>\n<section class=\"related products \"><\/section>\n","protected":false},"excerpt":{"rendered":"<div class=\"woocommerce-product-details__short-description\">\n<p>Niisutav C-vitamiiniga n\u00e4opesugeel, mis eemaldab \u00f5rnalt meigi ja mustuse ning parandab naha tekstuuri ja tooni. Sobib k\u00f5ikidele nahat\u00fc\u00fcpidele ning rahustab ka punetusele kalduvat nahka.<\/p>\n<p>Kerge apelsiniaroomiga n\u00e4opesugeel taastab naha pH, seega pole pesuj\u00e4rgne tooniku kasutamine vajalik.<\/p>\n<p>Vital C Niisutav n\u00e4opesugeel on kreemjama koostisega kui \u00fclej\u00e4\u00e4nud Image n\u00e4opesugeelid, seega saab teda kasutada ka ilma veeta \u2013 piisab vaid vatipadjast ja n\u00e4opesugeelist.<\/p>\n<p>Toote suurus 177 ml.<\/p>\n<section class=\"related products \"><\/section>\n<\/div>\n","protected":false},"featured_media":5798,"template":"","meta":[],"product_brand":[],"product_cat":[111],"product_tag":[125],"class_list":{"0":"post-5880","1":"product","2":"type-product","3":"status-publish","4":"has-post-thumbnail","6":"product_cat-naopuhastus","7":"product_tag-niisutav-naopesugeel","9":"first","10":"instock","11":"shipping-taxable","12":"purchasable","13":"product-type-simple"},"yoast_head":"<!-- This site is optimized with the Yoast SEO plugin v26.2 - https:\/\/yoast.com\/wordpress\/plugins\/seo\/ -->\n<title>VITAL C Niisutav n\u00e4opesugeel - SPskincare<\/title>\n<meta name=\"robots\" content=\"index, follow, max-snippet:-1, max-image-preview:large, max-video-preview:-1\" \/>\n<link rel=\"canonical\" href=\"https:\/\/spskincare.ee\/et\/toode\/%d1%83%d0%b2%d0%bb%d0%b0%d0%b6%d0%bd%d1%8f%d1%8e%d1%89%d0%b5%d0%b5-%d0%be%d1%87%d0%b8%d1%89%d0%b0%d1%8e%d1%89%d0%b5%d0%b5-%d0%bc%d0%be%d0%bb%d0%be%d1%87%d0%ba%d0%be-vital-c\/\" \/>\n<meta property=\"og:locale\" content=\"et_EE\" \/>\n<meta property=\"og:type\" content=\"article\" \/>\n<meta property=\"og:title\" content=\"VITAL C Niisutav n\u00e4opesugeel - SPskincare\" \/>\n<meta property=\"og:description\" content=\"Niisutav C-vitamiiniga n\u00e4opesugeel, mis eemaldab \u00f5rnalt meigi ja mustuse ning parandab naha tekstuuri ja tooni. Sobib k\u00f5ikidele nahat\u00fc\u00fcpidele ning rahustab ka punetusele kalduvat nahka. Kerge apelsiniaroomiga n\u00e4opesugeel taastab naha pH, seega pole pesuj\u00e4rgne tooniku kasutamine vajalik. Vital C Niisutav n\u00e4opesugeel on kreemjama koostisega kui \u00fclej\u00e4\u00e4nud Image n\u00e4opesugeelid, seega saab teda kasutada ka ilma veeta \u2013 piisab vaid vatipadjast ja n\u00e4opesugeelist. Toote suurus 177 ml.\" \/>\n<meta property=\"og:url\" content=\"https:\/\/spskincare.ee\/et\/toode\/%d1%83%d0%b2%d0%bb%d0%b0%d0%b6%d0%bd%d1%8f%d1%8e%d1%89%d0%b5%d0%b5-%d0%be%d1%87%d0%b8%d1%89%d0%b0%d1%8e%d1%89%d0%b5%d0%b5-%d0%bc%d0%be%d0%bb%d0%be%d1%87%d0%ba%d0%be-vital-c\/\" \/>\n<meta property=\"og:site_name\" content=\"SPskincare\" \/>\n<meta property=\"article:publisher\" content=\"https:\/\/www.facebook.com\/sabina.marahhovskaja\" \/>\n<meta property=\"article:modified_time\" content=\"2023-07-06T12:15:34+00:00\" \/>\n<meta property=\"og:image\" content=\"https:\/\/spskincare.ee\/wp-content\/uploads\/2023\/06\/2NDg3.webp\" \/>\n\t<meta property=\"og:image:width\" content=\"1600\" \/>\n\t<meta property=\"og:image:height\" content=\"1600\" \/>\n\t<meta property=\"og:image:type\" content=\"image\/webp\" \/>\n<meta name=\"twitter:card\" content=\"summary_large_image\" \/>\n<meta name=\"twitter:label1\" content=\"Est. reading time\" \/>\n\t<meta name=\"twitter:data1\" content=\"1 minut\" \/>\n<script type=\"application\/ld+json\" class=\"yoast-schema-graph\">{\"@context\":\"https:\/\/schema.org\",\"@graph\":[{\"@type\":\"WebPage\",\"@id\":\"https:\/\/spskincare.ee\/et\/toode\/%d1%83%d0%b2%d0%bb%d0%b0%d0%b6%d0%bd%d1%8f%d1%8e%d1%89%d0%b5%d0%b5-%d0%be%d1%87%d0%b8%d1%89%d0%b0%d1%8e%d1%89%d0%b5%d0%b5-%d0%bc%d0%be%d0%bb%d0%be%d1%87%d0%ba%d0%be-vital-c\/\",\"url\":\"https:\/\/spskincare.ee\/et\/toode\/%d1%83%d0%b2%d0%bb%d0%b0%d0%b6%d0%bd%d1%8f%d1%8e%d1%89%d0%b5%d0%b5-%d0%be%d1%87%d0%b8%d1%89%d0%b0%d1%8e%d1%89%d0%b5%d0%b5-%d0%bc%d0%be%d0%bb%d0%be%d1%87%d0%ba%d0%be-vital-c\/\",\"name\":\"VITAL C Niisutav n\u00e4opesugeel - SPskincare\",\"isPartOf\":{\"@id\":\"https:\/\/spskincare.ee\/et\/#website\"},\"primaryImageOfPage\":{\"@id\":\"https:\/\/spskincare.ee\/et\/toode\/%d1%83%d0%b2%d0%bb%d0%b0%d0%b6%d0%bd%d1%8f%d1%8e%d1%89%d0%b5%d0%b5-%d0%be%d1%87%d0%b8%d1%89%d0%b0%d1%8e%d1%89%d0%b5%d0%b5-%d0%bc%d0%be%d0%bb%d0%be%d1%87%d0%ba%d0%be-vital-c\/#primaryimage\"},\"image\":{\"@id\":\"https:\/\/spskincare.ee\/et\/toode\/%d1%83%d0%b2%d0%bb%d0%b0%d0%b6%d0%bd%d1%8f%d1%8e%d1%89%d0%b5%d0%b5-%d0%be%d1%87%d0%b8%d1%89%d0%b0%d1%8e%d1%89%d0%b5%d0%b5-%d0%bc%d0%be%d0%bb%d0%be%d1%87%d0%ba%d0%be-vital-c\/#primaryimage\"},\"thumbnailUrl\":\"https:\/\/spskincare.ee\/wp-content\/uploads\/2023\/06\/2NDg3.webp\",\"datePublished\":\"2023-06-28T13:21:10+00:00\",\"dateModified\":\"2023-07-06T12:15:34+00:00\",\"breadcrumb\":{\"@id\":\"https:\/\/spskincare.ee\/et\/toode\/%d1%83%d0%b2%d0%bb%d0%b0%d0%b6%d0%bd%d1%8f%d1%8e%d1%89%d0%b5%d0%b5-%d0%be%d1%87%d0%b8%d1%89%d0%b0%d1%8e%d1%89%d0%b5%d0%b5-%d0%bc%d0%be%d0%bb%d0%be%d1%87%d0%ba%d0%be-vital-c\/#breadcrumb\"},\"inLanguage\":\"et\",\"potentialAction\":[{\"@type\":\"ReadAction\",\"target\":[\"https:\/\/spskincare.ee\/et\/toode\/%d1%83%d0%b2%d0%bb%d0%b0%d0%b6%d0%bd%d1%8f%d1%8e%d1%89%d0%b5%d0%b5-%d0%be%d1%87%d0%b8%d1%89%d0%b0%d1%8e%d1%89%d0%b5%d0%b5-%d0%bc%d0%be%d0%bb%d0%be%d1%87%d0%ba%d0%be-vital-c\/\"]}]},{\"@type\":\"ImageObject\",\"inLanguage\":\"et\",\"@id\":\"https:\/\/spskincare.ee\/et\/toode\/%d1%83%d0%b2%d0%bb%d0%b0%d0%b6%d0%bd%d1%8f%d1%8e%d1%89%d0%b5%d0%b5-%d0%be%d1%87%d0%b8%d1%89%d0%b0%d1%8e%d1%89%d0%b5%d0%b5-%d0%bc%d0%be%d0%bb%d0%be%d1%87%d0%ba%d0%be-vital-c\/#primaryimage\",\"url\":\"https:\/\/spskincare.ee\/wp-content\/uploads\/2023\/06\/2NDg3.webp\",\"contentUrl\":\"https:\/\/spskincare.ee\/wp-content\/uploads\/2023\/06\/2NDg3.webp\",\"width\":1600,\"height\":1600},{\"@type\":\"BreadcrumbList\",\"@id\":\"https:\/\/spskincare.ee\/et\/toode\/%d1%83%d0%b2%d0%bb%d0%b0%d0%b6%d0%bd%d1%8f%d1%8e%d1%89%d0%b5%d0%b5-%d0%be%d1%87%d0%b8%d1%89%d0%b0%d1%8e%d1%89%d0%b5%d0%b5-%d0%bc%d0%be%d0%bb%d0%be%d1%87%d0%ba%d0%be-vital-c\/#breadcrumb\",\"itemListElement\":[{\"@type\":\"ListItem\",\"position\":1,\"name\":\"\u0413\u043b\u0430\u0432\u043d\u0430\u044f \u0441\u0442\u0440\u0430\u043d\u0438\u0446\u0430\",\"item\":\"https:\/\/spskincare.ee\/et\/\"},{\"@type\":\"ListItem\",\"position\":2,\"name\":\"Shop\",\"item\":\"https:\/\/spskincare.ee\/shop\/\"},{\"@type\":\"ListItem\",\"position\":3,\"name\":\"VITAL C Niisutav n\u00e4opesugeel\"}]},{\"@type\":\"WebSite\",\"@id\":\"https:\/\/spskincare.ee\/et\/#website\",\"url\":\"https:\/\/spskincare.ee\/et\/\",\"name\":\"SPskincare\",\"description\":\"kosmeetik Tallinnas\",\"publisher\":{\"@id\":\"https:\/\/spskincare.ee\/et\/#organization\"},\"potentialAction\":[{\"@type\":\"SearchAction\",\"target\":{\"@type\":\"EntryPoint\",\"urlTemplate\":\"https:\/\/spskincare.ee\/et\/?s={search_term_string}\"},\"query-input\":{\"@type\":\"PropertyValueSpecification\",\"valueRequired\":true,\"valueName\":\"search_term_string\"}}],\"inLanguage\":\"et\"},{\"@type\":\"Organization\",\"@id\":\"https:\/\/spskincare.ee\/et\/#organization\",\"name\":\"SPskincare\",\"url\":\"https:\/\/spskincare.ee\/et\/\",\"logo\":{\"@type\":\"ImageObject\",\"inLanguage\":\"et\",\"@id\":\"https:\/\/spskincare.ee\/et\/#\/schema\/logo\/image\/\",\"url\":\"https:\/\/spskincare.ee\/wp-content\/uploads\/2023\/05\/SP_logo_trans.png\",\"contentUrl\":\"https:\/\/spskincare.ee\/wp-content\/uploads\/2023\/05\/SP_logo_trans.png\",\"width\":500,\"height\":500,\"caption\":\"SPskincare\"},\"image\":{\"@id\":\"https:\/\/spskincare.ee\/et\/#\/schema\/logo\/image\/\"},\"sameAs\":[\"https:\/\/www.facebook.com\/sabina.marahhovskaja\",\"https:\/\/www.instagram.com\/sabinapuskina.kosmetoloog\/\"]}]}<\/script>\n<!-- \/ Yoast SEO plugin. -->","yoast_head_json":{"title":"VITAL C Niisutav n\u00e4opesugeel - SPskincare","robots":{"index":"index","follow":"follow","max-snippet":"max-snippet:-1","max-image-preview":"max-image-preview:large","max-video-preview":"max-video-preview:-1"},"canonical":"https:\/\/spskincare.ee\/et\/toode\/%d1%83%d0%b2%d0%bb%d0%b0%d0%b6%d0%bd%d1%8f%d1%8e%d1%89%d0%b5%d0%b5-%d0%be%d1%87%d0%b8%d1%89%d0%b0%d1%8e%d1%89%d0%b5%d0%b5-%d0%bc%d0%be%d0%bb%d0%be%d1%87%d0%ba%d0%be-vital-c\/","og_locale":"et_EE","og_type":"article","og_title":"VITAL C Niisutav n\u00e4opesugeel - SPskincare","og_description":"Niisutav C-vitamiiniga n\u00e4opesugeel, mis eemaldab \u00f5rnalt meigi ja mustuse ning parandab naha tekstuuri ja tooni. Sobib k\u00f5ikidele nahat\u00fc\u00fcpidele ning rahustab ka punetusele kalduvat nahka. Kerge apelsiniaroomiga n\u00e4opesugeel taastab naha pH, seega pole pesuj\u00e4rgne tooniku kasutamine vajalik. Vital C Niisutav n\u00e4opesugeel on kreemjama koostisega kui \u00fclej\u00e4\u00e4nud Image n\u00e4opesugeelid, seega saab teda kasutada ka ilma veeta \u2013 piisab vaid vatipadjast ja n\u00e4opesugeelist. Toote suurus 177 ml.","og_url":"https:\/\/spskincare.ee\/et\/toode\/%d1%83%d0%b2%d0%bb%d0%b0%d0%b6%d0%bd%d1%8f%d1%8e%d1%89%d0%b5%d0%b5-%d0%be%d1%87%d0%b8%d1%89%d0%b0%d1%8e%d1%89%d0%b5%d0%b5-%d0%bc%d0%be%d0%bb%d0%be%d1%87%d0%ba%d0%be-vital-c\/","og_site_name":"SPskincare","article_publisher":"https:\/\/www.facebook.com\/sabina.marahhovskaja","article_modified_time":"2023-07-06T12:15:34+00:00","og_image":[{"width":1600,"height":1600,"url":"https:\/\/spskincare.ee\/wp-content\/uploads\/2023\/06\/2NDg3.webp","type":"image\/webp"}],"twitter_card":"summary_large_image","twitter_misc":{"Est. reading time":"1 minut"},"schema":{"@context":"https:\/\/schema.org","@graph":[{"@type":"WebPage","@id":"https:\/\/spskincare.ee\/et\/toode\/%d1%83%d0%b2%d0%bb%d0%b0%d0%b6%d0%bd%d1%8f%d1%8e%d1%89%d0%b5%d0%b5-%d0%be%d1%87%d0%b8%d1%89%d0%b0%d1%8e%d1%89%d0%b5%d0%b5-%d0%bc%d0%be%d0%bb%d0%be%d1%87%d0%ba%d0%be-vital-c\/","url":"https:\/\/spskincare.ee\/et\/toode\/%d1%83%d0%b2%d0%bb%d0%b0%d0%b6%d0%bd%d1%8f%d1%8e%d1%89%d0%b5%d0%b5-%d0%be%d1%87%d0%b8%d1%89%d0%b0%d1%8e%d1%89%d0%b5%d0%b5-%d0%bc%d0%be%d0%bb%d0%be%d1%87%d0%ba%d0%be-vital-c\/","name":"VITAL C Niisutav n\u00e4opesugeel - SPskincare","isPartOf":{"@id":"https:\/\/spskincare.ee\/et\/#website"},"primaryImageOfPage":{"@id":"https:\/\/spskincare.ee\/et\/toode\/%d1%83%d0%b2%d0%bb%d0%b0%d0%b6%d0%bd%d1%8f%d1%8e%d1%89%d0%b5%d0%b5-%d0%be%d1%87%d0%b8%d1%89%d0%b0%d1%8e%d1%89%d0%b5%d0%b5-%d0%bc%d0%be%d0%bb%d0%be%d1%87%d0%ba%d0%be-vital-c\/#primaryimage"},"image":{"@id":"https:\/\/spskincare.ee\/et\/toode\/%d1%83%d0%b2%d0%bb%d0%b0%d0%b6%d0%bd%d1%8f%d1%8e%d1%89%d0%b5%d0%b5-%d0%be%d1%87%d0%b8%d1%89%d0%b0%d1%8e%d1%89%d0%b5%d0%b5-%d0%bc%d0%be%d0%bb%d0%be%d1%87%d0%ba%d0%be-vital-c\/#primaryimage"},"thumbnailUrl":"https:\/\/spskincare.ee\/wp-content\/uploads\/2023\/06\/2NDg3.webp","datePublished":"2023-06-28T13:21:10+00:00","dateModified":"2023-07-06T12:15:34+00:00","breadcrumb":{"@id":"https:\/\/spskincare.ee\/et\/toode\/%d1%83%d0%b2%d0%bb%d0%b0%d0%b6%d0%bd%d1%8f%d1%8e%d1%89%d0%b5%d0%b5-%d0%be%d1%87%d0%b8%d1%89%d0%b0%d1%8e%d1%89%d0%b5%d0%b5-%d0%bc%d0%be%d0%bb%d0%be%d1%87%d0%ba%d0%be-vital-c\/#breadcrumb"},"inLanguage":"et","potentialAction":[{"@type":"ReadAction","target":["https:\/\/spskincare.ee\/et\/toode\/%d1%83%d0%b2%d0%bb%d0%b0%d0%b6%d0%bd%d1%8f%d1%8e%d1%89%d0%b5%d0%b5-%d0%be%d1%87%d0%b8%d1%89%d0%b0%d1%8e%d1%89%d0%b5%d0%b5-%d0%bc%d0%be%d0%bb%d0%be%d1%87%d0%ba%d0%be-vital-c\/"]}]},{"@type":"ImageObject","inLanguage":"et","@id":"https:\/\/spskincare.ee\/et\/toode\/%d1%83%d0%b2%d0%bb%d0%b0%d0%b6%d0%bd%d1%8f%d1%8e%d1%89%d0%b5%d0%b5-%d0%be%d1%87%d0%b8%d1%89%d0%b0%d1%8e%d1%89%d0%b5%d0%b5-%d0%bc%d0%be%d0%bb%d0%be%d1%87%d0%ba%d0%be-vital-c\/#primaryimage","url":"https:\/\/spskincare.ee\/wp-content\/uploads\/2023\/06\/2NDg3.webp","contentUrl":"https:\/\/spskincare.ee\/wp-content\/uploads\/2023\/06\/2NDg3.webp","width":1600,"height":1600},{"@type":"BreadcrumbList","@id":"https:\/\/spskincare.ee\/et\/toode\/%d1%83%d0%b2%d0%bb%d0%b0%d0%b6%d0%bd%d1%8f%d1%8e%d1%89%d0%b5%d0%b5-%d0%be%d1%87%d0%b8%d1%89%d0%b0%d1%8e%d1%89%d0%b5%d0%b5-%d0%bc%d0%be%d0%bb%d0%be%d1%87%d0%ba%d0%be-vital-c\/#breadcrumb","itemListElement":[{"@type":"ListItem","position":1,"name":"\u0413\u043b\u0430\u0432\u043d\u0430\u044f \u0441\u0442\u0440\u0430\u043d\u0438\u0446\u0430","item":"https:\/\/spskincare.ee\/et\/"},{"@type":"ListItem","position":2,"name":"Shop","item":"https:\/\/spskincare.ee\/shop\/"},{"@type":"ListItem","position":3,"name":"VITAL C Niisutav n\u00e4opesugeel"}]},{"@type":"WebSite","@id":"https:\/\/spskincare.ee\/et\/#website","url":"https:\/\/spskincare.ee\/et\/","name":"SPskincare","description":"kosmeetik Tallinnas","publisher":{"@id":"https:\/\/spskincare.ee\/et\/#organization"},"potentialAction":[{"@type":"SearchAction","target":{"@type":"EntryPoint","urlTemplate":"https:\/\/spskincare.ee\/et\/?s={search_term_string}"},"query-input":{"@type":"PropertyValueSpecification","valueRequired":true,"valueName":"search_term_string"}}],"inLanguage":"et"},{"@type":"Organization","@id":"https:\/\/spskincare.ee\/et\/#organization","name":"SPskincare","url":"https:\/\/spskincare.ee\/et\/","logo":{"@type":"ImageObject","inLanguage":"et","@id":"https:\/\/spskincare.ee\/et\/#\/schema\/logo\/image\/","url":"https:\/\/spskincare.ee\/wp-content\/uploads\/2023\/05\/SP_logo_trans.png","contentUrl":"https:\/\/spskincare.ee\/wp-content\/uploads\/2023\/05\/SP_logo_trans.png","width":500,"height":500,"caption":"SPskincare"},"image":{"@id":"https:\/\/spskincare.ee\/et\/#\/schema\/logo\/image\/"},"sameAs":["https:\/\/www.facebook.com\/sabina.marahhovskaja","https:\/\/www.instagram.com\/sabinapuskina.kosmetoloog\/"]}]}},"_links":{"self":[{"href":"https:\/\/spskincare.ee\/et\/wp-json\/wp\/v2\/product\/5880","targetHints":{"allow":["GET"]}}],"collection":[{"href":"https:\/\/spskincare.ee\/et\/wp-json\/wp\/v2\/product"}],"about":[{"href":"https:\/\/spskincare.ee\/et\/wp-json\/wp\/v2\/types\/product"}],"wp:featuredmedia":[{"embeddable":true,"href":"https:\/\/spskincare.ee\/et\/wp-json\/wp\/v2\/media\/5798"}],"wp:attachment":[{"href":"https:\/\/spskincare.ee\/et\/wp-json\/wp\/v2\/media?parent=5880"}],"wp:term":[{"taxonomy":"product_brand","embeddable":true,"href":"https:\/\/spskincare.ee\/et\/wp-json\/wp\/v2\/product_brand?post=5880"},{"taxonomy":"product_cat","embeddable":true,"href":"https:\/\/spskincare.ee\/et\/wp-json\/wp\/v2\/product_cat?post=5880"},{"taxonomy":"product_tag","embeddable":true,"href":"https:\/\/spskincare.ee\/et\/wp-json\/wp\/v2\/product_tag?post=5880"}],"curies":[{"name":"wp","href":"https:\/\/api.w.org\/{rel}","templated":true}]}}