{"id":5881,"date":"2023-06-28T13:14:57","date_gmt":"2023-06-28T13:14:57","guid":{"rendered":"https:\/\/spskincare.ee\/product\/md-naopesugeel\/"},"modified":"2023-07-06T12:17:02","modified_gmt":"2023-07-06T12:17:02","slug":"naopesugeel-md","status":"publish","type":"product","link":"https:\/\/spskincare.ee\/et\/toode\/naopesugeel-md\/","title":{"rendered":"MD N\u00e4opesugeel"},"content":{"rendered":"<p>Kasutamine:<\/p>\n<p>Kanna toodet niiskete k\u00e4tega n\u00e4ole ning masseeri 30 sekundit, loputa maha leige veega. Kui vajad lisakoorimist v\u00f5id protseduuri korrata. Parimate tulemuste saavutamiseks kasuta hommikul ja \u00f5htul. Kui kasutad toodet p\u00e4ikeselisel perioodil siis soovitame parimate tulemuste saavutamiseks p\u00e4evasel ajal kasutada p\u00e4ikesekaitsega p\u00e4eva- v\u00f5i jumestuskreemi.<\/p>\n<p><em>NB! Tegemist on tugevatoimelise tootega, mis v\u00f5ib naha pinnal tekitada kuivust ning \u00e4rritust. Eriti ettevaatlik tuleks toote esmakordsel kasutamisel olla kevadperioodil, kui kogu organism pole veel talvest taastunud ning nahas v\u00f5ib olla vedelikuvaegus. Soovitame toodet nahale tutvustada j\u00e4rk-j\u00e4rgult alustades esmalt k\u00e4eseljast.<\/em><\/p>\n<p>Koostis:<\/p>\n<p>WATER (AQUA), CAPRYLIC\/CAPRIC TRIGLYCERIDE, BELLIS PERENNIS (DAISY) FLOWER EXTRACT, BUTYLENE GLYCOL DICAPRYLATE\/DICAPRATE, GLYCERIN, CETYL ALCOHOL, TETRAHEXYLDECYL ASCORBATE, CETEARYL ALCOHOL, DIMETHICONE, GLYCERYL STEARATE, PEG-100 STEARATE, ELAEIS (PALM) FRUIT OIL, GOSSYPIUM HERBACEUM (COTTON) SEED OIL, BIDENS PILOSA EXTRACT, HYDROGENATED PHOSPHATIDYLCHOLINE, LECITHIN, PHENOXYETHANOL, CURCUMA LONGA (TURMERIC) ROOT EXTRACT, HIPPOPHAE RHAMNOIDES OIL, PALMITIC ACID, STEARIC ACID, HYDROXYETHYL ACRYLATE\/SODIUM ACRYLOYLDIMETHYL TAURATE COPOLYMER, LINUM USITATISSIMUM (LINSEED) SEED OIL, SILYBIN, SQUALANE, CETETH-10 PHOSPHATE, DICETYL PHOSPHATE, CAPRYLYL GLYCOL, BUTYROSPERMUM PARKII (SHEA) BUTTER, CERAMIDE 3, CITRUS AURANTIUM DULCIS (ORANGE) PEEL OIL, GLYCYRRHIZA GLABRA (LICORICE) ROOT EXTRACT, XANTHAN GUM, PENTYLENE GLYCOL, ETHYLHEXYLGYCERIN, HEXYLENE GLYCOL, 3-O-ETHYL ASCORBIC ACID, DISODIUM EDTA, PPG-12\/SMDI COPOLYMER, AMINOMETHYL PROPANOL, POLYSORBATE 60, TOCOPHEROL, GLYCINE SOJA (SOYBEAN) OIL, SORBITAN ISOSTEARATE, METHYL UNDECENOYL DIPEPTIDE-16, LEPIDIUM SATIVUM SPROUT EXTRACT, ERGOTHIONEINE<\/p>\n<p>Toote koostises v\u00f5ib esineda m\u00f5ningaid muudatusi. T\u00e4pne koostis toote pakendil.<\/p>\n<section class=\"related products \"><\/section>\n","protected":false},"excerpt":{"rendered":"<div class=\" &lt;div class=\" woocommerce-product-details__short-description=\"\">\n<p>Igap\u00e4evaseks kasutamiseks m\u00f5eldud v\u00e4rskendav ja kooriv n\u00e4opesugeel. Kombinatsioon gl\u00fckool-, piim- ja salits\u00fc\u00fclhapetest koorib surnud rakud, \u00fchtlustab jume ning valmistab naha ette aktiivainete imendumiseks.<\/p>\n<p>3 \u00fches ravim! Salits\u00fc\u00fclhappe sisalduse t\u00f5ttu sobib pesugeel ka probleemsele- ja aknenahale, sest avab ummistunud poorid ning eemaldab sinna kogunenud rasu. Toonikat pole vaja.<\/p>\n<p>Toote suurus 118 ml.<\/p>\n<section class=\"related products \"><\/section>\n<\/div>\n","protected":false},"featured_media":5800,"template":"","meta":[],"product_brand":[],"product_cat":[111],"product_tag":[124],"class_list":{"0":"post-5881","1":"product","2":"type-product","3":"status-publish","4":"has-post-thumbnail","6":"product_cat-naopuhastus","7":"product_tag-naopesugeel","9":"first","10":"instock","11":"shipping-taxable","12":"purchasable","13":"product-type-simple"},"yoast_head":"<!-- This site is optimized with the Yoast SEO plugin v26.2 - https:\/\/yoast.com\/wordpress\/plugins\/seo\/ -->\n<title>MD N\u00e4opesugeel - SPskincare<\/title>\n<meta name=\"robots\" content=\"index, follow, max-snippet:-1, max-image-preview:large, max-video-preview:-1\" \/>\n<link rel=\"canonical\" href=\"https:\/\/spskincare.ee\/et\/toode\/naopesugeel-md\/\" \/>\n<meta property=\"og:locale\" content=\"et_EE\" \/>\n<meta property=\"og:type\" content=\"article\" \/>\n<meta property=\"og:title\" content=\"MD N\u00e4opesugeel - SPskincare\" \/>\n<meta property=\"og:description\" content=\"Igap\u00e4evaseks kasutamiseks m\u00f5eldud v\u00e4rskendav ja kooriv n\u00e4opesugeel. Kombinatsioon gl\u00fckool-, piim- ja salits\u00fc\u00fclhapetest koorib surnud rakud, \u00fchtlustab jume ning valmistab naha ette aktiivainete imendumiseks. 3 \u00fches ravim! Salits\u00fc\u00fclhappe sisalduse t\u00f5ttu sobib pesugeel ka probleemsele- ja aknenahale, sest avab ummistunud poorid ning eemaldab sinna kogunenud rasu. Toonikat pole vaja. Toote suurus 118 ml.\" \/>\n<meta property=\"og:url\" content=\"https:\/\/spskincare.ee\/et\/toode\/naopesugeel-md\/\" \/>\n<meta property=\"og:site_name\" content=\"SPskincare\" \/>\n<meta property=\"article:publisher\" content=\"https:\/\/www.facebook.com\/sabina.marahhovskaja\" \/>\n<meta property=\"article:modified_time\" content=\"2023-07-06T12:17:02+00:00\" \/>\n<meta property=\"og:image\" content=\"https:\/\/spskincare.ee\/wp-content\/uploads\/2023\/06\/Mjk3LTIx.webp\" \/>\n\t<meta property=\"og:image:width\" content=\"1600\" \/>\n\t<meta property=\"og:image:height\" content=\"1600\" \/>\n\t<meta property=\"og:image:type\" content=\"image\/webp\" \/>\n<meta name=\"twitter:card\" content=\"summary_large_image\" \/>\n<meta name=\"twitter:label1\" content=\"Est. reading time\" \/>\n\t<meta name=\"twitter:data1\" content=\"1 minut\" \/>\n<script type=\"application\/ld+json\" class=\"yoast-schema-graph\">{\"@context\":\"https:\/\/schema.org\",\"@graph\":[{\"@type\":\"WebPage\",\"@id\":\"https:\/\/spskincare.ee\/et\/toode\/naopesugeel-md\/\",\"url\":\"https:\/\/spskincare.ee\/et\/toode\/naopesugeel-md\/\",\"name\":\"MD N\u00e4opesugeel - SPskincare\",\"isPartOf\":{\"@id\":\"https:\/\/spskincare.ee\/et\/#website\"},\"primaryImageOfPage\":{\"@id\":\"https:\/\/spskincare.ee\/et\/toode\/naopesugeel-md\/#primaryimage\"},\"image\":{\"@id\":\"https:\/\/spskincare.ee\/et\/toode\/naopesugeel-md\/#primaryimage\"},\"thumbnailUrl\":\"https:\/\/spskincare.ee\/wp-content\/uploads\/2023\/06\/Mjk3LTIx.webp\",\"datePublished\":\"2023-06-28T13:14:57+00:00\",\"dateModified\":\"2023-07-06T12:17:02+00:00\",\"breadcrumb\":{\"@id\":\"https:\/\/spskincare.ee\/et\/toode\/naopesugeel-md\/#breadcrumb\"},\"inLanguage\":\"et\",\"potentialAction\":[{\"@type\":\"ReadAction\",\"target\":[\"https:\/\/spskincare.ee\/et\/toode\/naopesugeel-md\/\"]}]},{\"@type\":\"ImageObject\",\"inLanguage\":\"et\",\"@id\":\"https:\/\/spskincare.ee\/et\/toode\/naopesugeel-md\/#primaryimage\",\"url\":\"https:\/\/spskincare.ee\/wp-content\/uploads\/2023\/06\/Mjk3LTIx.webp\",\"contentUrl\":\"https:\/\/spskincare.ee\/wp-content\/uploads\/2023\/06\/Mjk3LTIx.webp\",\"width\":1600,\"height\":1600},{\"@type\":\"BreadcrumbList\",\"@id\":\"https:\/\/spskincare.ee\/et\/toode\/naopesugeel-md\/#breadcrumb\",\"itemListElement\":[{\"@type\":\"ListItem\",\"position\":1,\"name\":\"\u0413\u043b\u0430\u0432\u043d\u0430\u044f \u0441\u0442\u0440\u0430\u043d\u0438\u0446\u0430\",\"item\":\"https:\/\/spskincare.ee\/et\/\"},{\"@type\":\"ListItem\",\"position\":2,\"name\":\"Shop\",\"item\":\"https:\/\/spskincare.ee\/shop\/\"},{\"@type\":\"ListItem\",\"position\":3,\"name\":\"MD N\u00e4opesugeel\"}]},{\"@type\":\"WebSite\",\"@id\":\"https:\/\/spskincare.ee\/et\/#website\",\"url\":\"https:\/\/spskincare.ee\/et\/\",\"name\":\"SPskincare\",\"description\":\"kosmeetik Tallinnas\",\"publisher\":{\"@id\":\"https:\/\/spskincare.ee\/et\/#organization\"},\"potentialAction\":[{\"@type\":\"SearchAction\",\"target\":{\"@type\":\"EntryPoint\",\"urlTemplate\":\"https:\/\/spskincare.ee\/et\/?s={search_term_string}\"},\"query-input\":{\"@type\":\"PropertyValueSpecification\",\"valueRequired\":true,\"valueName\":\"search_term_string\"}}],\"inLanguage\":\"et\"},{\"@type\":\"Organization\",\"@id\":\"https:\/\/spskincare.ee\/et\/#organization\",\"name\":\"SPskincare\",\"url\":\"https:\/\/spskincare.ee\/et\/\",\"logo\":{\"@type\":\"ImageObject\",\"inLanguage\":\"et\",\"@id\":\"https:\/\/spskincare.ee\/et\/#\/schema\/logo\/image\/\",\"url\":\"https:\/\/spskincare.ee\/wp-content\/uploads\/2023\/05\/SP_logo_trans.png\",\"contentUrl\":\"https:\/\/spskincare.ee\/wp-content\/uploads\/2023\/05\/SP_logo_trans.png\",\"width\":500,\"height\":500,\"caption\":\"SPskincare\"},\"image\":{\"@id\":\"https:\/\/spskincare.ee\/et\/#\/schema\/logo\/image\/\"},\"sameAs\":[\"https:\/\/www.facebook.com\/sabina.marahhovskaja\",\"https:\/\/www.instagram.com\/sabinapuskina.kosmetoloog\/\"]}]}<\/script>\n<!-- \/ Yoast SEO plugin. -->","yoast_head_json":{"title":"MD N\u00e4opesugeel - SPskincare","robots":{"index":"index","follow":"follow","max-snippet":"max-snippet:-1","max-image-preview":"max-image-preview:large","max-video-preview":"max-video-preview:-1"},"canonical":"https:\/\/spskincare.ee\/et\/toode\/naopesugeel-md\/","og_locale":"et_EE","og_type":"article","og_title":"MD N\u00e4opesugeel - SPskincare","og_description":"Igap\u00e4evaseks kasutamiseks m\u00f5eldud v\u00e4rskendav ja kooriv n\u00e4opesugeel. Kombinatsioon gl\u00fckool-, piim- ja salits\u00fc\u00fclhapetest koorib surnud rakud, \u00fchtlustab jume ning valmistab naha ette aktiivainete imendumiseks. 3 \u00fches ravim! Salits\u00fc\u00fclhappe sisalduse t\u00f5ttu sobib pesugeel ka probleemsele- ja aknenahale, sest avab ummistunud poorid ning eemaldab sinna kogunenud rasu. Toonikat pole vaja. Toote suurus 118 ml.","og_url":"https:\/\/spskincare.ee\/et\/toode\/naopesugeel-md\/","og_site_name":"SPskincare","article_publisher":"https:\/\/www.facebook.com\/sabina.marahhovskaja","article_modified_time":"2023-07-06T12:17:02+00:00","og_image":[{"width":1600,"height":1600,"url":"https:\/\/spskincare.ee\/wp-content\/uploads\/2023\/06\/Mjk3LTIx.webp","type":"image\/webp"}],"twitter_card":"summary_large_image","twitter_misc":{"Est. reading time":"1 minut"},"schema":{"@context":"https:\/\/schema.org","@graph":[{"@type":"WebPage","@id":"https:\/\/spskincare.ee\/et\/toode\/naopesugeel-md\/","url":"https:\/\/spskincare.ee\/et\/toode\/naopesugeel-md\/","name":"MD N\u00e4opesugeel - SPskincare","isPartOf":{"@id":"https:\/\/spskincare.ee\/et\/#website"},"primaryImageOfPage":{"@id":"https:\/\/spskincare.ee\/et\/toode\/naopesugeel-md\/#primaryimage"},"image":{"@id":"https:\/\/spskincare.ee\/et\/toode\/naopesugeel-md\/#primaryimage"},"thumbnailUrl":"https:\/\/spskincare.ee\/wp-content\/uploads\/2023\/06\/Mjk3LTIx.webp","datePublished":"2023-06-28T13:14:57+00:00","dateModified":"2023-07-06T12:17:02+00:00","breadcrumb":{"@id":"https:\/\/spskincare.ee\/et\/toode\/naopesugeel-md\/#breadcrumb"},"inLanguage":"et","potentialAction":[{"@type":"ReadAction","target":["https:\/\/spskincare.ee\/et\/toode\/naopesugeel-md\/"]}]},{"@type":"ImageObject","inLanguage":"et","@id":"https:\/\/spskincare.ee\/et\/toode\/naopesugeel-md\/#primaryimage","url":"https:\/\/spskincare.ee\/wp-content\/uploads\/2023\/06\/Mjk3LTIx.webp","contentUrl":"https:\/\/spskincare.ee\/wp-content\/uploads\/2023\/06\/Mjk3LTIx.webp","width":1600,"height":1600},{"@type":"BreadcrumbList","@id":"https:\/\/spskincare.ee\/et\/toode\/naopesugeel-md\/#breadcrumb","itemListElement":[{"@type":"ListItem","position":1,"name":"\u0413\u043b\u0430\u0432\u043d\u0430\u044f \u0441\u0442\u0440\u0430\u043d\u0438\u0446\u0430","item":"https:\/\/spskincare.ee\/et\/"},{"@type":"ListItem","position":2,"name":"Shop","item":"https:\/\/spskincare.ee\/shop\/"},{"@type":"ListItem","position":3,"name":"MD N\u00e4opesugeel"}]},{"@type":"WebSite","@id":"https:\/\/spskincare.ee\/et\/#website","url":"https:\/\/spskincare.ee\/et\/","name":"SPskincare","description":"kosmeetik Tallinnas","publisher":{"@id":"https:\/\/spskincare.ee\/et\/#organization"},"potentialAction":[{"@type":"SearchAction","target":{"@type":"EntryPoint","urlTemplate":"https:\/\/spskincare.ee\/et\/?s={search_term_string}"},"query-input":{"@type":"PropertyValueSpecification","valueRequired":true,"valueName":"search_term_string"}}],"inLanguage":"et"},{"@type":"Organization","@id":"https:\/\/spskincare.ee\/et\/#organization","name":"SPskincare","url":"https:\/\/spskincare.ee\/et\/","logo":{"@type":"ImageObject","inLanguage":"et","@id":"https:\/\/spskincare.ee\/et\/#\/schema\/logo\/image\/","url":"https:\/\/spskincare.ee\/wp-content\/uploads\/2023\/05\/SP_logo_trans.png","contentUrl":"https:\/\/spskincare.ee\/wp-content\/uploads\/2023\/05\/SP_logo_trans.png","width":500,"height":500,"caption":"SPskincare"},"image":{"@id":"https:\/\/spskincare.ee\/et\/#\/schema\/logo\/image\/"},"sameAs":["https:\/\/www.facebook.com\/sabina.marahhovskaja","https:\/\/www.instagram.com\/sabinapuskina.kosmetoloog\/"]}]}},"_links":{"self":[{"href":"https:\/\/spskincare.ee\/et\/wp-json\/wp\/v2\/product\/5881","targetHints":{"allow":["GET"]}}],"collection":[{"href":"https:\/\/spskincare.ee\/et\/wp-json\/wp\/v2\/product"}],"about":[{"href":"https:\/\/spskincare.ee\/et\/wp-json\/wp\/v2\/types\/product"}],"wp:featuredmedia":[{"embeddable":true,"href":"https:\/\/spskincare.ee\/et\/wp-json\/wp\/v2\/media\/5800"}],"wp:attachment":[{"href":"https:\/\/spskincare.ee\/et\/wp-json\/wp\/v2\/media?parent=5881"}],"wp:term":[{"taxonomy":"product_brand","embeddable":true,"href":"https:\/\/spskincare.ee\/et\/wp-json\/wp\/v2\/product_brand?post=5881"},{"taxonomy":"product_cat","embeddable":true,"href":"https:\/\/spskincare.ee\/et\/wp-json\/wp\/v2\/product_cat?post=5881"},{"taxonomy":"product_tag","embeddable":true,"href":"https:\/\/spskincare.ee\/et\/wp-json\/wp\/v2\/product_tag?post=5881"}],"curies":[{"name":"wp","href":"https:\/\/api.w.org\/{rel}","templated":true}]}}