{"id":5883,"date":"2023-06-28T13:08:04","date_gmt":"2023-06-28T13:08:04","guid":{"rendered":"https:\/\/spskincare.ee\/product\/iluma-jume-uhtlustav-ja-kooriv-naopesugeel\/"},"modified":"2023-07-06T12:19:37","modified_gmt":"2023-07-06T12:19:37","slug":"%d0%be%d1%82%d1%88%d0%b5%d0%bb%d1%83%d1%88%d0%b8%d0%b2%d0%b0%d1%8e%d1%89%d0%b8%d0%b9-%d0%b8-%d0%b2%d1%8b%d1%80%d0%b0%d0%b2%d0%bd%d0%b8%d0%b2%d0%b0%d1%8e%d1%89%d0%b8%d0%b9-%d1%82%d0%be%d0%bd-%d0%ba","status":"publish","type":"product","link":"https:\/\/spskincare.ee\/et\/toode\/%d0%be%d1%82%d1%88%d0%b5%d0%bb%d1%83%d1%88%d0%b8%d0%b2%d0%b0%d1%8e%d1%89%d0%b8%d0%b9-%d0%b8-%d0%b2%d1%8b%d1%80%d0%b0%d0%b2%d0%bd%d0%b8%d0%b2%d0%b0%d1%8e%d1%89%d0%b8%d0%b9-%d1%82%d0%be%d0%bd-%d0%ba\/","title":{"rendered":"ILUMA Jume \u00fchtlustav ja kooriv n\u00e4opesugeel"},"content":{"rendered":"<p>Kasutamine:<\/p>\n<p>Kanna geelkreemi niiskele nahale, masseeri 1 minut ja loputa seej\u00e4rel leige veega. Kasuta hommikul ja \u00f5htul.<\/p>\n<p>Koostis:<\/p>\n<p>AQUA\/WATER\/EAU, SODIUM COCOYL GLYCINATE, GLYCERIN, CELLULOSE, PROPANEDIOL, ACRYLATES\/PALMETH-25 ACRYLATE COPOLYMER, COCO- GLUCOSIDE, PHENOXYETHANOL, BUTYLENE GLYCOL, COCAMIDOPROPYL BETAINE, XYLITOL, KAOLIN, COCOS NUCIFERA FRUIT POWDER, ORYZA SATIVA BRAN WATER, TITANIUM DIOXIDE (CI 77891), TAPIOCA STARCH, MUCOR MIEHEI EXTRACT, CITRUS AURANTIUM DULCIS (ORANGE) PEEL OIL, PELARGONIUM GRAVEOLENS (GERANIUM) FLOWER OIL, SODIUM LAUROYL SARCOSINATE, LIMONENE, SODIUM METHYL COCOYL TAURATE, ETHYLHEXYLGLYCERIN, MICROCRYSTALLINE CELLULOSE, CITRONELLOL, POLYQUATERNIUM-7, DECYL GLUCOSIDE, HYDROGENATED CASTOR OIL, IRON OXIDES (CI 77492), SIMMONDSIA CHINENSIS (JOJOBA) SEED OIL, SODIUM CITRATE, GERANIOL, LINALOOL, SILICA, ULTRAMARINES (CI 77007), EPILOBIUM ANGUSTIFOLIUM FLOWER\/LEAF\/STEM EXTRACT, SODIUM BENZOATE, POTASSIUM SORBATE, TETRASODIUM EDTA, CAMELLIA SINENSIS LEAF EXTRACT, SALIX NIGRA (WILLOW) BARK EXTRACT, ALGIN, GLYCYRRHIZA GLABRA (LICORICE) ROOT EXTRACT, PAEONIA ALBIFLORA FLOWER EXTRACT, PANAX GINSENG ROOT EXTRACT, DISODIUM EDTA, SODIUM METABISULFITE, SODIUM HYDROXIDE<\/p>\n<p>**Toote koostises v\u00f5ib esineda m\u00f5ningaid muudatusi. T\u00e4pne koostis toote pakendil.<\/p>\n<section class=\"related products \"><\/section>\n","protected":false},"excerpt":{"rendered":"<div class=\"woocommerce-product-details__short-description\">\n<p>\u00d5rnalt kooriv ning jume \u00fchtlustav ja naha s\u00e4ra taastav n\u00e4opesugeel, mille kreemjas tekstuur tagab siidiselt pehme tulemuse. Bambusesf\u00e4\u00e4rid ja nutikad helmed koorivad surnud rakud ning toovad esile kauni ja s\u00e4rava jume. \u017den\u0161enni juure ekstrakt aitab nahatooni \u00fchtlustada ning on ka tugev antioks\u00fcdant. Jume \u00fchtlustav ja kooriv n\u00e4opesugeel v\u00f5itis 2021. aastal Buduaari ilulemmiku tiitli.<\/p>\n<p>Toote suurus 113 g.<\/p>\n<section class=\"related products \"><\/section>\n<\/div>\n","protected":false},"featured_media":5806,"template":"","meta":[],"product_brand":[],"product_cat":[111],"product_tag":[124],"class_list":{"0":"post-5883","1":"product","2":"type-product","3":"status-publish","4":"has-post-thumbnail","6":"product_cat-naopuhastus","7":"product_tag-naopesugeel","9":"first","10":"instock","11":"shipping-taxable","12":"purchasable","13":"product-type-simple"},"yoast_head":"<!-- This site is optimized with the Yoast SEO plugin v26.2 - https:\/\/yoast.com\/wordpress\/plugins\/seo\/ -->\n<title>ILUMA Jume \u00fchtlustav ja kooriv n\u00e4opesugeel - SPskincare<\/title>\n<meta name=\"robots\" content=\"index, follow, max-snippet:-1, max-image-preview:large, max-video-preview:-1\" \/>\n<link rel=\"canonical\" href=\"https:\/\/spskincare.ee\/et\/toode\/%d0%be%d1%82%d1%88%d0%b5%d0%bb%d1%83%d1%88%d0%b8%d0%b2%d0%b0%d1%8e%d1%89%d0%b8%d0%b9-%d0%b8-%d0%b2%d1%8b%d1%80%d0%b0%d0%b2%d0%bd%d0%b8%d0%b2%d0%b0%d1%8e%d1%89%d0%b8%d0%b9-%d1%82%d0%be%d0%bd-%d0%ba\/\" \/>\n<meta property=\"og:locale\" content=\"et_EE\" \/>\n<meta property=\"og:type\" content=\"article\" \/>\n<meta property=\"og:title\" content=\"ILUMA Jume \u00fchtlustav ja kooriv n\u00e4opesugeel - SPskincare\" \/>\n<meta property=\"og:description\" content=\"\u00d5rnalt kooriv ning jume \u00fchtlustav ja naha s\u00e4ra taastav n\u00e4opesugeel, mille kreemjas tekstuur tagab siidiselt pehme tulemuse. Bambusesf\u00e4\u00e4rid ja nutikad helmed koorivad surnud rakud ning toovad esile kauni ja s\u00e4rava jume. \u017den\u0161enni juure ekstrakt aitab nahatooni \u00fchtlustada ning on ka tugev antioks\u00fcdant. Jume \u00fchtlustav ja kooriv n\u00e4opesugeel v\u00f5itis 2021. aastal Buduaari ilulemmiku tiitli. Toote suurus 113 g.\" \/>\n<meta property=\"og:url\" content=\"https:\/\/spskincare.ee\/et\/toode\/%d0%be%d1%82%d1%88%d0%b5%d0%bb%d1%83%d1%88%d0%b8%d0%b2%d0%b0%d1%8e%d1%89%d0%b8%d0%b9-%d0%b8-%d0%b2%d1%8b%d1%80%d0%b0%d0%b2%d0%bd%d0%b8%d0%b2%d0%b0%d1%8e%d1%89%d0%b8%d0%b9-%d1%82%d0%be%d0%bd-%d0%ba\/\" \/>\n<meta property=\"og:site_name\" content=\"SPskincare\" \/>\n<meta property=\"article:publisher\" content=\"https:\/\/www.facebook.com\/sabina.marahhovskaja\" \/>\n<meta property=\"article:modified_time\" content=\"2023-07-06T12:19:37+00:00\" \/>\n<meta property=\"og:image\" content=\"https:\/\/spskincare.ee\/wp-content\/uploads\/2023\/06\/yPTE2NjQ4Nz.jpg\" \/>\n\t<meta property=\"og:image:width\" content=\"1200\" \/>\n\t<meta property=\"og:image:height\" content=\"1200\" \/>\n\t<meta property=\"og:image:type\" content=\"image\/jpeg\" \/>\n<meta name=\"twitter:card\" content=\"summary_large_image\" \/>\n<meta name=\"twitter:label1\" content=\"Est. reading time\" \/>\n\t<meta name=\"twitter:data1\" content=\"1 minut\" \/>\n<script type=\"application\/ld+json\" class=\"yoast-schema-graph\">{\"@context\":\"https:\/\/schema.org\",\"@graph\":[{\"@type\":\"WebPage\",\"@id\":\"https:\/\/spskincare.ee\/et\/toode\/%d0%be%d1%82%d1%88%d0%b5%d0%bb%d1%83%d1%88%d0%b8%d0%b2%d0%b0%d1%8e%d1%89%d0%b8%d0%b9-%d0%b8-%d0%b2%d1%8b%d1%80%d0%b0%d0%b2%d0%bd%d0%b8%d0%b2%d0%b0%d1%8e%d1%89%d0%b8%d0%b9-%d1%82%d0%be%d0%bd-%d0%ba\/\",\"url\":\"https:\/\/spskincare.ee\/et\/toode\/%d0%be%d1%82%d1%88%d0%b5%d0%bb%d1%83%d1%88%d0%b8%d0%b2%d0%b0%d1%8e%d1%89%d0%b8%d0%b9-%d0%b8-%d0%b2%d1%8b%d1%80%d0%b0%d0%b2%d0%bd%d0%b8%d0%b2%d0%b0%d1%8e%d1%89%d0%b8%d0%b9-%d1%82%d0%be%d0%bd-%d0%ba\/\",\"name\":\"ILUMA Jume \u00fchtlustav ja kooriv n\u00e4opesugeel - SPskincare\",\"isPartOf\":{\"@id\":\"https:\/\/spskincare.ee\/et\/#website\"},\"primaryImageOfPage\":{\"@id\":\"https:\/\/spskincare.ee\/et\/toode\/%d0%be%d1%82%d1%88%d0%b5%d0%bb%d1%83%d1%88%d0%b8%d0%b2%d0%b0%d1%8e%d1%89%d0%b8%d0%b9-%d0%b8-%d0%b2%d1%8b%d1%80%d0%b0%d0%b2%d0%bd%d0%b8%d0%b2%d0%b0%d1%8e%d1%89%d0%b8%d0%b9-%d1%82%d0%be%d0%bd-%d0%ba\/#primaryimage\"},\"image\":{\"@id\":\"https:\/\/spskincare.ee\/et\/toode\/%d0%be%d1%82%d1%88%d0%b5%d0%bb%d1%83%d1%88%d0%b8%d0%b2%d0%b0%d1%8e%d1%89%d0%b8%d0%b9-%d0%b8-%d0%b2%d1%8b%d1%80%d0%b0%d0%b2%d0%bd%d0%b8%d0%b2%d0%b0%d1%8e%d1%89%d0%b8%d0%b9-%d1%82%d0%be%d0%bd-%d0%ba\/#primaryimage\"},\"thumbnailUrl\":\"https:\/\/spskincare.ee\/wp-content\/uploads\/2023\/06\/yPTE2NjQ4Nz.jpg\",\"datePublished\":\"2023-06-28T13:08:04+00:00\",\"dateModified\":\"2023-07-06T12:19:37+00:00\",\"breadcrumb\":{\"@id\":\"https:\/\/spskincare.ee\/et\/toode\/%d0%be%d1%82%d1%88%d0%b5%d0%bb%d1%83%d1%88%d0%b8%d0%b2%d0%b0%d1%8e%d1%89%d0%b8%d0%b9-%d0%b8-%d0%b2%d1%8b%d1%80%d0%b0%d0%b2%d0%bd%d0%b8%d0%b2%d0%b0%d1%8e%d1%89%d0%b8%d0%b9-%d1%82%d0%be%d0%bd-%d0%ba\/#breadcrumb\"},\"inLanguage\":\"et\",\"potentialAction\":[{\"@type\":\"ReadAction\",\"target\":[\"https:\/\/spskincare.ee\/et\/toode\/%d0%be%d1%82%d1%88%d0%b5%d0%bb%d1%83%d1%88%d0%b8%d0%b2%d0%b0%d1%8e%d1%89%d0%b8%d0%b9-%d0%b8-%d0%b2%d1%8b%d1%80%d0%b0%d0%b2%d0%bd%d0%b8%d0%b2%d0%b0%d1%8e%d1%89%d0%b8%d0%b9-%d1%82%d0%be%d0%bd-%d0%ba\/\"]}]},{\"@type\":\"ImageObject\",\"inLanguage\":\"et\",\"@id\":\"https:\/\/spskincare.ee\/et\/toode\/%d0%be%d1%82%d1%88%d0%b5%d0%bb%d1%83%d1%88%d0%b8%d0%b2%d0%b0%d1%8e%d1%89%d0%b8%d0%b9-%d0%b8-%d0%b2%d1%8b%d1%80%d0%b0%d0%b2%d0%bd%d0%b8%d0%b2%d0%b0%d1%8e%d1%89%d0%b8%d0%b9-%d1%82%d0%be%d0%bd-%d0%ba\/#primaryimage\",\"url\":\"https:\/\/spskincare.ee\/wp-content\/uploads\/2023\/06\/yPTE2NjQ4Nz.jpg\",\"contentUrl\":\"https:\/\/spskincare.ee\/wp-content\/uploads\/2023\/06\/yPTE2NjQ4Nz.jpg\",\"width\":1200,\"height\":1200},{\"@type\":\"BreadcrumbList\",\"@id\":\"https:\/\/spskincare.ee\/et\/toode\/%d0%be%d1%82%d1%88%d0%b5%d0%bb%d1%83%d1%88%d0%b8%d0%b2%d0%b0%d1%8e%d1%89%d0%b8%d0%b9-%d0%b8-%d0%b2%d1%8b%d1%80%d0%b0%d0%b2%d0%bd%d0%b8%d0%b2%d0%b0%d1%8e%d1%89%d0%b8%d0%b9-%d1%82%d0%be%d0%bd-%d0%ba\/#breadcrumb\",\"itemListElement\":[{\"@type\":\"ListItem\",\"position\":1,\"name\":\"\u0413\u043b\u0430\u0432\u043d\u0430\u044f \u0441\u0442\u0440\u0430\u043d\u0438\u0446\u0430\",\"item\":\"https:\/\/spskincare.ee\/et\/\"},{\"@type\":\"ListItem\",\"position\":2,\"name\":\"Shop\",\"item\":\"https:\/\/spskincare.ee\/shop\/\"},{\"@type\":\"ListItem\",\"position\":3,\"name\":\"ILUMA Jume \u00fchtlustav ja kooriv n\u00e4opesugeel\"}]},{\"@type\":\"WebSite\",\"@id\":\"https:\/\/spskincare.ee\/et\/#website\",\"url\":\"https:\/\/spskincare.ee\/et\/\",\"name\":\"SPskincare\",\"description\":\"kosmeetik Tallinnas\",\"publisher\":{\"@id\":\"https:\/\/spskincare.ee\/et\/#organization\"},\"potentialAction\":[{\"@type\":\"SearchAction\",\"target\":{\"@type\":\"EntryPoint\",\"urlTemplate\":\"https:\/\/spskincare.ee\/et\/?s={search_term_string}\"},\"query-input\":{\"@type\":\"PropertyValueSpecification\",\"valueRequired\":true,\"valueName\":\"search_term_string\"}}],\"inLanguage\":\"et\"},{\"@type\":\"Organization\",\"@id\":\"https:\/\/spskincare.ee\/et\/#organization\",\"name\":\"SPskincare\",\"url\":\"https:\/\/spskincare.ee\/et\/\",\"logo\":{\"@type\":\"ImageObject\",\"inLanguage\":\"et\",\"@id\":\"https:\/\/spskincare.ee\/et\/#\/schema\/logo\/image\/\",\"url\":\"https:\/\/spskincare.ee\/wp-content\/uploads\/2023\/05\/SP_logo_trans.png\",\"contentUrl\":\"https:\/\/spskincare.ee\/wp-content\/uploads\/2023\/05\/SP_logo_trans.png\",\"width\":500,\"height\":500,\"caption\":\"SPskincare\"},\"image\":{\"@id\":\"https:\/\/spskincare.ee\/et\/#\/schema\/logo\/image\/\"},\"sameAs\":[\"https:\/\/www.facebook.com\/sabina.marahhovskaja\",\"https:\/\/www.instagram.com\/sabinapuskina.kosmetoloog\/\"]}]}<\/script>\n<!-- \/ Yoast SEO plugin. -->","yoast_head_json":{"title":"ILUMA Jume \u00fchtlustav ja kooriv n\u00e4opesugeel - SPskincare","robots":{"index":"index","follow":"follow","max-snippet":"max-snippet:-1","max-image-preview":"max-image-preview:large","max-video-preview":"max-video-preview:-1"},"canonical":"https:\/\/spskincare.ee\/et\/toode\/%d0%be%d1%82%d1%88%d0%b5%d0%bb%d1%83%d1%88%d0%b8%d0%b2%d0%b0%d1%8e%d1%89%d0%b8%d0%b9-%d0%b8-%d0%b2%d1%8b%d1%80%d0%b0%d0%b2%d0%bd%d0%b8%d0%b2%d0%b0%d1%8e%d1%89%d0%b8%d0%b9-%d1%82%d0%be%d0%bd-%d0%ba\/","og_locale":"et_EE","og_type":"article","og_title":"ILUMA Jume \u00fchtlustav ja kooriv n\u00e4opesugeel - SPskincare","og_description":"\u00d5rnalt kooriv ning jume \u00fchtlustav ja naha s\u00e4ra taastav n\u00e4opesugeel, mille kreemjas tekstuur tagab siidiselt pehme tulemuse. Bambusesf\u00e4\u00e4rid ja nutikad helmed koorivad surnud rakud ning toovad esile kauni ja s\u00e4rava jume. \u017den\u0161enni juure ekstrakt aitab nahatooni \u00fchtlustada ning on ka tugev antioks\u00fcdant. Jume \u00fchtlustav ja kooriv n\u00e4opesugeel v\u00f5itis 2021. aastal Buduaari ilulemmiku tiitli. Toote suurus 113 g.","og_url":"https:\/\/spskincare.ee\/et\/toode\/%d0%be%d1%82%d1%88%d0%b5%d0%bb%d1%83%d1%88%d0%b8%d0%b2%d0%b0%d1%8e%d1%89%d0%b8%d0%b9-%d0%b8-%d0%b2%d1%8b%d1%80%d0%b0%d0%b2%d0%bd%d0%b8%d0%b2%d0%b0%d1%8e%d1%89%d0%b8%d0%b9-%d1%82%d0%be%d0%bd-%d0%ba\/","og_site_name":"SPskincare","article_publisher":"https:\/\/www.facebook.com\/sabina.marahhovskaja","article_modified_time":"2023-07-06T12:19:37+00:00","og_image":[{"width":1200,"height":1200,"url":"https:\/\/spskincare.ee\/wp-content\/uploads\/2023\/06\/yPTE2NjQ4Nz.jpg","type":"image\/jpeg"}],"twitter_card":"summary_large_image","twitter_misc":{"Est. reading time":"1 minut"},"schema":{"@context":"https:\/\/schema.org","@graph":[{"@type":"WebPage","@id":"https:\/\/spskincare.ee\/et\/toode\/%d0%be%d1%82%d1%88%d0%b5%d0%bb%d1%83%d1%88%d0%b8%d0%b2%d0%b0%d1%8e%d1%89%d0%b8%d0%b9-%d0%b8-%d0%b2%d1%8b%d1%80%d0%b0%d0%b2%d0%bd%d0%b8%d0%b2%d0%b0%d1%8e%d1%89%d0%b8%d0%b9-%d1%82%d0%be%d0%bd-%d0%ba\/","url":"https:\/\/spskincare.ee\/et\/toode\/%d0%be%d1%82%d1%88%d0%b5%d0%bb%d1%83%d1%88%d0%b8%d0%b2%d0%b0%d1%8e%d1%89%d0%b8%d0%b9-%d0%b8-%d0%b2%d1%8b%d1%80%d0%b0%d0%b2%d0%bd%d0%b8%d0%b2%d0%b0%d1%8e%d1%89%d0%b8%d0%b9-%d1%82%d0%be%d0%bd-%d0%ba\/","name":"ILUMA Jume \u00fchtlustav ja kooriv n\u00e4opesugeel - SPskincare","isPartOf":{"@id":"https:\/\/spskincare.ee\/et\/#website"},"primaryImageOfPage":{"@id":"https:\/\/spskincare.ee\/et\/toode\/%d0%be%d1%82%d1%88%d0%b5%d0%bb%d1%83%d1%88%d0%b8%d0%b2%d0%b0%d1%8e%d1%89%d0%b8%d0%b9-%d0%b8-%d0%b2%d1%8b%d1%80%d0%b0%d0%b2%d0%bd%d0%b8%d0%b2%d0%b0%d1%8e%d1%89%d0%b8%d0%b9-%d1%82%d0%be%d0%bd-%d0%ba\/#primaryimage"},"image":{"@id":"https:\/\/spskincare.ee\/et\/toode\/%d0%be%d1%82%d1%88%d0%b5%d0%bb%d1%83%d1%88%d0%b8%d0%b2%d0%b0%d1%8e%d1%89%d0%b8%d0%b9-%d0%b8-%d0%b2%d1%8b%d1%80%d0%b0%d0%b2%d0%bd%d0%b8%d0%b2%d0%b0%d1%8e%d1%89%d0%b8%d0%b9-%d1%82%d0%be%d0%bd-%d0%ba\/#primaryimage"},"thumbnailUrl":"https:\/\/spskincare.ee\/wp-content\/uploads\/2023\/06\/yPTE2NjQ4Nz.jpg","datePublished":"2023-06-28T13:08:04+00:00","dateModified":"2023-07-06T12:19:37+00:00","breadcrumb":{"@id":"https:\/\/spskincare.ee\/et\/toode\/%d0%be%d1%82%d1%88%d0%b5%d0%bb%d1%83%d1%88%d0%b8%d0%b2%d0%b0%d1%8e%d1%89%d0%b8%d0%b9-%d0%b8-%d0%b2%d1%8b%d1%80%d0%b0%d0%b2%d0%bd%d0%b8%d0%b2%d0%b0%d1%8e%d1%89%d0%b8%d0%b9-%d1%82%d0%be%d0%bd-%d0%ba\/#breadcrumb"},"inLanguage":"et","potentialAction":[{"@type":"ReadAction","target":["https:\/\/spskincare.ee\/et\/toode\/%d0%be%d1%82%d1%88%d0%b5%d0%bb%d1%83%d1%88%d0%b8%d0%b2%d0%b0%d1%8e%d1%89%d0%b8%d0%b9-%d0%b8-%d0%b2%d1%8b%d1%80%d0%b0%d0%b2%d0%bd%d0%b8%d0%b2%d0%b0%d1%8e%d1%89%d0%b8%d0%b9-%d1%82%d0%be%d0%bd-%d0%ba\/"]}]},{"@type":"ImageObject","inLanguage":"et","@id":"https:\/\/spskincare.ee\/et\/toode\/%d0%be%d1%82%d1%88%d0%b5%d0%bb%d1%83%d1%88%d0%b8%d0%b2%d0%b0%d1%8e%d1%89%d0%b8%d0%b9-%d0%b8-%d0%b2%d1%8b%d1%80%d0%b0%d0%b2%d0%bd%d0%b8%d0%b2%d0%b0%d1%8e%d1%89%d0%b8%d0%b9-%d1%82%d0%be%d0%bd-%d0%ba\/#primaryimage","url":"https:\/\/spskincare.ee\/wp-content\/uploads\/2023\/06\/yPTE2NjQ4Nz.jpg","contentUrl":"https:\/\/spskincare.ee\/wp-content\/uploads\/2023\/06\/yPTE2NjQ4Nz.jpg","width":1200,"height":1200},{"@type":"BreadcrumbList","@id":"https:\/\/spskincare.ee\/et\/toode\/%d0%be%d1%82%d1%88%d0%b5%d0%bb%d1%83%d1%88%d0%b8%d0%b2%d0%b0%d1%8e%d1%89%d0%b8%d0%b9-%d0%b8-%d0%b2%d1%8b%d1%80%d0%b0%d0%b2%d0%bd%d0%b8%d0%b2%d0%b0%d1%8e%d1%89%d0%b8%d0%b9-%d1%82%d0%be%d0%bd-%d0%ba\/#breadcrumb","itemListElement":[{"@type":"ListItem","position":1,"name":"\u0413\u043b\u0430\u0432\u043d\u0430\u044f \u0441\u0442\u0440\u0430\u043d\u0438\u0446\u0430","item":"https:\/\/spskincare.ee\/et\/"},{"@type":"ListItem","position":2,"name":"Shop","item":"https:\/\/spskincare.ee\/shop\/"},{"@type":"ListItem","position":3,"name":"ILUMA Jume \u00fchtlustav ja kooriv n\u00e4opesugeel"}]},{"@type":"WebSite","@id":"https:\/\/spskincare.ee\/et\/#website","url":"https:\/\/spskincare.ee\/et\/","name":"SPskincare","description":"kosmeetik Tallinnas","publisher":{"@id":"https:\/\/spskincare.ee\/et\/#organization"},"potentialAction":[{"@type":"SearchAction","target":{"@type":"EntryPoint","urlTemplate":"https:\/\/spskincare.ee\/et\/?s={search_term_string}"},"query-input":{"@type":"PropertyValueSpecification","valueRequired":true,"valueName":"search_term_string"}}],"inLanguage":"et"},{"@type":"Organization","@id":"https:\/\/spskincare.ee\/et\/#organization","name":"SPskincare","url":"https:\/\/spskincare.ee\/et\/","logo":{"@type":"ImageObject","inLanguage":"et","@id":"https:\/\/spskincare.ee\/et\/#\/schema\/logo\/image\/","url":"https:\/\/spskincare.ee\/wp-content\/uploads\/2023\/05\/SP_logo_trans.png","contentUrl":"https:\/\/spskincare.ee\/wp-content\/uploads\/2023\/05\/SP_logo_trans.png","width":500,"height":500,"caption":"SPskincare"},"image":{"@id":"https:\/\/spskincare.ee\/et\/#\/schema\/logo\/image\/"},"sameAs":["https:\/\/www.facebook.com\/sabina.marahhovskaja","https:\/\/www.instagram.com\/sabinapuskina.kosmetoloog\/"]}]}},"_links":{"self":[{"href":"https:\/\/spskincare.ee\/et\/wp-json\/wp\/v2\/product\/5883","targetHints":{"allow":["GET"]}}],"collection":[{"href":"https:\/\/spskincare.ee\/et\/wp-json\/wp\/v2\/product"}],"about":[{"href":"https:\/\/spskincare.ee\/et\/wp-json\/wp\/v2\/types\/product"}],"wp:featuredmedia":[{"embeddable":true,"href":"https:\/\/spskincare.ee\/et\/wp-json\/wp\/v2\/media\/5806"}],"wp:attachment":[{"href":"https:\/\/spskincare.ee\/et\/wp-json\/wp\/v2\/media?parent=5883"}],"wp:term":[{"taxonomy":"product_brand","embeddable":true,"href":"https:\/\/spskincare.ee\/et\/wp-json\/wp\/v2\/product_brand?post=5883"},{"taxonomy":"product_cat","embeddable":true,"href":"https:\/\/spskincare.ee\/et\/wp-json\/wp\/v2\/product_cat?post=5883"},{"taxonomy":"product_tag","embeddable":true,"href":"https:\/\/spskincare.ee\/et\/wp-json\/wp\/v2\/product_tag?post=5883"}],"curies":[{"name":"wp","href":"https:\/\/api.w.org\/{rel}","templated":true}]}}