{"id":5884,"date":"2023-06-28T12:49:15","date_gmt":"2023-06-28T12:49:15","guid":{"rendered":"https:\/\/spskincare.ee\/product\/ormedic-tasakaalustav-naopesugeel\/"},"modified":"2023-07-06T12:32:12","modified_gmt":"2023-07-06T12:32:12","slug":"%d0%be%d1%87%d0%b8%d1%89%d0%b0%d1%8e%d1%89%d0%b8%d0%b9-%d0%b3%d0%b5%d0%bb%d1%8c-%d0%b4%d0%bb%d1%8f-%d1%83%d0%bc%d1%8b%d0%b2%d0%b0%d0%bd%d0%b8%d1%8f-ormedic","status":"publish","type":"product","link":"https:\/\/spskincare.ee\/et\/toode\/%d0%be%d1%87%d0%b8%d1%89%d0%b0%d1%8e%d1%89%d0%b8%d0%b9-%d0%b3%d0%b5%d0%bb%d1%8c-%d0%b4%d0%bb%d1%8f-%d1%83%d0%bc%d1%8b%d0%b2%d0%b0%d0%bd%d0%b8%d1%8f-ormedic\/","title":{"rendered":"ORMEDIC Tasakaalustav n\u00e4opesugeel"},"content":{"rendered":"<p>Kasutamine:<\/p>\n<p>Kanna geeli niiskele nahale, masseeri 1 minut ja loputa seej\u00e4rel leige veega. Kasuta hommikul ja \u00f5htul. V\u00f5ib kanda silma\u00fcmbruse nahale ja kasutada aasta ringi.<\/p>\n<p>Koostis:<\/p>\n<p>ALOE BARBADENSIS LEAF JUICE*, AQUA\/WATER\/EAU, SODIUM C14-16 OLEFIN SULFONATE, COCAMIDOPROPYL HYDROXYSULTAINE, VITIS VINIFERA (GRAPE) FRUIT WATER*, GLYCERIN, SODIUM COCOAMPHOACETATE, SODIUM CHLORIDE, PROPANEDIOL, SORBITOL, POLYSORBATE 20, CAPRYLIC\/CAPRIC TRIGLYCERIDE, CITRIC ACID, GLYCOLIPIDS, ETHYLHEXYLGLYCERIN, CAMELLIA SINENSIS (GREEN TEA) LEAF EXTRACT*, COPPER PCA, PANTHENOL, SODIUM HYALURONATE, CITRIS AURANTIUM DULCIS (ORANGE) FRUIT EXTRACT*, CITRUS LIMON (LEMON) PEEL EXTRACT, JUNIPERUS VIRGINIANA (VIRGINIA RED CEDAR) WOOD EXTRACT, MUSA SAPIENTUM (PLANTAIN) FRUIT ECTRACT, PRUNUS ARMENIACA (APRICOT) FRUIT EXTRACT, PYRUS MALUS (APPLE) FRUIT EXTRACT, ARCTIUM LAPPA (BURDOCK) ROOT EXTRACT*, CALENDULA OFFICINALIS (POT MARIGOLD) FLOWER EXTRACT*, CURCUMA LONGA (TURMERIC) ROOT EXTRACT*, NELUMBO NUCIFERA (SACRED LOTUS) FLOWER EXTRACT*, TAMARINDUS INDICA FRUIT EXTRACT*, TRIFOLIUM PRATENSE (CLOVER) FLOWER EXTRACT*, ANANAS SATIVUS (PINEAPPLE) FRUIT EXTRACT, BUTTER EXTRACT, CITRUS PARADISI (GRAPEFRUIT) FRUIT EXTRACT, COCOS NUCIFERA (COCONUT) FRUIT EXTRACT, COFFEA ARABICA (ARABIAN COFFEE) LEAF\/SEED EXTRACT, CUCUMIS MELO (MELON) FRUIT EXTRACT, FRAGARIA CHILOENSIS (STRAWBERRY) FRUIT EXTRACT, PRUNUS AMYGDALUS DULCIS (SWEET ALMOND) FRUIT EXTRACT, RUBUS IDAEUS (RASPBERRY) FRUIT EXTRACT, VANILLA PLANIFOLIA (VANILLA) FRUIT EXTRACT, TOCOPHEROL, GLYCERYL CAPRYLATE, BIOSACCHARIDE GUM-1, SODIUM LEVULINATE, SODIUM ANISATE, PHENOXYETHANOL, SODIUM BENZOATE, AMYL CINNAMAL, LIMONENE. *CERTIFIED ORGANIC.<\/p>\n<p>**Toote koostises v\u00f5ib esineda m\u00f5ningaid muudatusi. T\u00e4pne koostis toote pakendil.<\/p>\n<section class=\"related products \"><\/section>\n","protected":false},"excerpt":{"rendered":"<div class=\"woocommerce-product-details__short-description\">\n<p>Orgaaniliste koostisosadega kergelt vahutav ja v\u00e4rske l\u00f5hnaga n\u00e4opesugeel mis sobib k\u00f5igile nahat\u00fc\u00fcpidele. Ideaalne kasutamiseks hommikuseks ja \u00f5htuseks n\u00e4opesuks, kuna eemaldab mustust ja meigi ning tasakaalustab naha pH, seega pole hiljem tooniku kasutamine vajalik. Orgaanilne aloe vera ja viinamarjavesi rahustavad ja toidavad nahka, h\u00fcaluroonhape pakub lisaniisutust. Probleemse naha korral kombineeri Ormedic pesugeeli Ageless v\u00f5i MD n\u00e4opesugeelidega, nii tasakaalustad tugevatoimeliste pesugeelide m\u00f5ju ning v\u00e4ldid naha\u00e4rrituse teket. Toode sobib ka habemeajamiseks ja raseerimiseks.<\/p>\n<p>Toote suurus 177 ml.<\/p>\n<section class=\"related products \"><\/section>\n<\/div>\n","protected":false},"featured_media":5808,"template":"","meta":[],"product_brand":[],"product_cat":[111],"product_tag":[124],"class_list":{"0":"post-5884","1":"product","2":"type-product","3":"status-publish","4":"has-post-thumbnail","6":"product_cat-naopuhastus","7":"product_tag-naopesugeel","9":"first","10":"instock","11":"shipping-taxable","12":"purchasable","13":"product-type-simple"},"yoast_head":"<!-- This site is optimized with the Yoast SEO plugin v26.2 - https:\/\/yoast.com\/wordpress\/plugins\/seo\/ -->\n<title>ORMEDIC Tasakaalustav n\u00e4opesugeel - SPskincare<\/title>\n<meta name=\"robots\" content=\"index, follow, max-snippet:-1, max-image-preview:large, max-video-preview:-1\" \/>\n<link rel=\"canonical\" href=\"https:\/\/spskincare.ee\/et\/toode\/%d0%be%d1%87%d0%b8%d1%89%d0%b0%d1%8e%d1%89%d0%b8%d0%b9-%d0%b3%d0%b5%d0%bb%d1%8c-%d0%b4%d0%bb%d1%8f-%d1%83%d0%bc%d1%8b%d0%b2%d0%b0%d0%bd%d0%b8%d1%8f-ormedic\/\" \/>\n<meta property=\"og:locale\" content=\"et_EE\" \/>\n<meta property=\"og:type\" content=\"article\" \/>\n<meta property=\"og:title\" content=\"ORMEDIC Tasakaalustav n\u00e4opesugeel - SPskincare\" \/>\n<meta property=\"og:description\" content=\"Orgaaniliste koostisosadega kergelt vahutav ja v\u00e4rske l\u00f5hnaga n\u00e4opesugeel mis sobib k\u00f5igile nahat\u00fc\u00fcpidele. Ideaalne kasutamiseks hommikuseks ja \u00f5htuseks n\u00e4opesuks, kuna eemaldab mustust ja meigi ning tasakaalustab naha pH, seega pole hiljem tooniku kasutamine vajalik. Orgaanilne aloe vera ja viinamarjavesi rahustavad ja toidavad nahka, h\u00fcaluroonhape pakub lisaniisutust. Probleemse naha korral kombineeri Ormedic pesugeeli Ageless v\u00f5i MD n\u00e4opesugeelidega, nii tasakaalustad tugevatoimeliste pesugeelide m\u00f5ju ning v\u00e4ldid naha\u00e4rrituse teket. Toode sobib ka habemeajamiseks ja raseerimiseks. Toote suurus 177 ml.\" \/>\n<meta property=\"og:url\" content=\"https:\/\/spskincare.ee\/et\/toode\/%d0%be%d1%87%d0%b8%d1%89%d0%b0%d1%8e%d1%89%d0%b8%d0%b9-%d0%b3%d0%b5%d0%bb%d1%8c-%d0%b4%d0%bb%d1%8f-%d1%83%d0%bc%d1%8b%d0%b2%d0%b0%d0%bd%d0%b8%d1%8f-ormedic\/\" \/>\n<meta property=\"og:site_name\" content=\"SPskincare\" \/>\n<meta property=\"article:publisher\" content=\"https:\/\/www.facebook.com\/sabina.marahhovskaja\" \/>\n<meta property=\"article:modified_time\" content=\"2023-07-06T12:32:12+00:00\" \/>\n<meta property=\"og:image\" content=\"https:\/\/spskincare.ee\/wp-content\/uploads\/2023\/06\/NjY0OD.webp\" \/>\n\t<meta property=\"og:image:width\" content=\"1600\" \/>\n\t<meta property=\"og:image:height\" content=\"1600\" \/>\n\t<meta property=\"og:image:type\" content=\"image\/webp\" \/>\n<meta name=\"twitter:card\" content=\"summary_large_image\" \/>\n<meta name=\"twitter:label1\" content=\"Est. reading time\" \/>\n\t<meta name=\"twitter:data1\" content=\"1 minut\" \/>\n<script type=\"application\/ld+json\" class=\"yoast-schema-graph\">{\"@context\":\"https:\/\/schema.org\",\"@graph\":[{\"@type\":\"WebPage\",\"@id\":\"https:\/\/spskincare.ee\/et\/toode\/%d0%be%d1%87%d0%b8%d1%89%d0%b0%d1%8e%d1%89%d0%b8%d0%b9-%d0%b3%d0%b5%d0%bb%d1%8c-%d0%b4%d0%bb%d1%8f-%d1%83%d0%bc%d1%8b%d0%b2%d0%b0%d0%bd%d0%b8%d1%8f-ormedic\/\",\"url\":\"https:\/\/spskincare.ee\/et\/toode\/%d0%be%d1%87%d0%b8%d1%89%d0%b0%d1%8e%d1%89%d0%b8%d0%b9-%d0%b3%d0%b5%d0%bb%d1%8c-%d0%b4%d0%bb%d1%8f-%d1%83%d0%bc%d1%8b%d0%b2%d0%b0%d0%bd%d0%b8%d1%8f-ormedic\/\",\"name\":\"ORMEDIC Tasakaalustav n\u00e4opesugeel - SPskincare\",\"isPartOf\":{\"@id\":\"https:\/\/spskincare.ee\/et\/#website\"},\"primaryImageOfPage\":{\"@id\":\"https:\/\/spskincare.ee\/et\/toode\/%d0%be%d1%87%d0%b8%d1%89%d0%b0%d1%8e%d1%89%d0%b8%d0%b9-%d0%b3%d0%b5%d0%bb%d1%8c-%d0%b4%d0%bb%d1%8f-%d1%83%d0%bc%d1%8b%d0%b2%d0%b0%d0%bd%d0%b8%d1%8f-ormedic\/#primaryimage\"},\"image\":{\"@id\":\"https:\/\/spskincare.ee\/et\/toode\/%d0%be%d1%87%d0%b8%d1%89%d0%b0%d1%8e%d1%89%d0%b8%d0%b9-%d0%b3%d0%b5%d0%bb%d1%8c-%d0%b4%d0%bb%d1%8f-%d1%83%d0%bc%d1%8b%d0%b2%d0%b0%d0%bd%d0%b8%d1%8f-ormedic\/#primaryimage\"},\"thumbnailUrl\":\"https:\/\/spskincare.ee\/wp-content\/uploads\/2023\/06\/NjY0OD.webp\",\"datePublished\":\"2023-06-28T12:49:15+00:00\",\"dateModified\":\"2023-07-06T12:32:12+00:00\",\"breadcrumb\":{\"@id\":\"https:\/\/spskincare.ee\/et\/toode\/%d0%be%d1%87%d0%b8%d1%89%d0%b0%d1%8e%d1%89%d0%b8%d0%b9-%d0%b3%d0%b5%d0%bb%d1%8c-%d0%b4%d0%bb%d1%8f-%d1%83%d0%bc%d1%8b%d0%b2%d0%b0%d0%bd%d0%b8%d1%8f-ormedic\/#breadcrumb\"},\"inLanguage\":\"et\",\"potentialAction\":[{\"@type\":\"ReadAction\",\"target\":[\"https:\/\/spskincare.ee\/et\/toode\/%d0%be%d1%87%d0%b8%d1%89%d0%b0%d1%8e%d1%89%d0%b8%d0%b9-%d0%b3%d0%b5%d0%bb%d1%8c-%d0%b4%d0%bb%d1%8f-%d1%83%d0%bc%d1%8b%d0%b2%d0%b0%d0%bd%d0%b8%d1%8f-ormedic\/\"]}]},{\"@type\":\"ImageObject\",\"inLanguage\":\"et\",\"@id\":\"https:\/\/spskincare.ee\/et\/toode\/%d0%be%d1%87%d0%b8%d1%89%d0%b0%d1%8e%d1%89%d0%b8%d0%b9-%d0%b3%d0%b5%d0%bb%d1%8c-%d0%b4%d0%bb%d1%8f-%d1%83%d0%bc%d1%8b%d0%b2%d0%b0%d0%bd%d0%b8%d1%8f-ormedic\/#primaryimage\",\"url\":\"https:\/\/spskincare.ee\/wp-content\/uploads\/2023\/06\/NjY0OD.webp\",\"contentUrl\":\"https:\/\/spskincare.ee\/wp-content\/uploads\/2023\/06\/NjY0OD.webp\",\"width\":1600,\"height\":1600},{\"@type\":\"BreadcrumbList\",\"@id\":\"https:\/\/spskincare.ee\/et\/toode\/%d0%be%d1%87%d0%b8%d1%89%d0%b0%d1%8e%d1%89%d0%b8%d0%b9-%d0%b3%d0%b5%d0%bb%d1%8c-%d0%b4%d0%bb%d1%8f-%d1%83%d0%bc%d1%8b%d0%b2%d0%b0%d0%bd%d0%b8%d1%8f-ormedic\/#breadcrumb\",\"itemListElement\":[{\"@type\":\"ListItem\",\"position\":1,\"name\":\"\u0413\u043b\u0430\u0432\u043d\u0430\u044f \u0441\u0442\u0440\u0430\u043d\u0438\u0446\u0430\",\"item\":\"https:\/\/spskincare.ee\/et\/\"},{\"@type\":\"ListItem\",\"position\":2,\"name\":\"Shop\",\"item\":\"https:\/\/spskincare.ee\/shop\/\"},{\"@type\":\"ListItem\",\"position\":3,\"name\":\"ORMEDIC Tasakaalustav n\u00e4opesugeel\"}]},{\"@type\":\"WebSite\",\"@id\":\"https:\/\/spskincare.ee\/et\/#website\",\"url\":\"https:\/\/spskincare.ee\/et\/\",\"name\":\"SPskincare\",\"description\":\"kosmeetik Tallinnas\",\"publisher\":{\"@id\":\"https:\/\/spskincare.ee\/et\/#organization\"},\"potentialAction\":[{\"@type\":\"SearchAction\",\"target\":{\"@type\":\"EntryPoint\",\"urlTemplate\":\"https:\/\/spskincare.ee\/et\/?s={search_term_string}\"},\"query-input\":{\"@type\":\"PropertyValueSpecification\",\"valueRequired\":true,\"valueName\":\"search_term_string\"}}],\"inLanguage\":\"et\"},{\"@type\":\"Organization\",\"@id\":\"https:\/\/spskincare.ee\/et\/#organization\",\"name\":\"SPskincare\",\"url\":\"https:\/\/spskincare.ee\/et\/\",\"logo\":{\"@type\":\"ImageObject\",\"inLanguage\":\"et\",\"@id\":\"https:\/\/spskincare.ee\/et\/#\/schema\/logo\/image\/\",\"url\":\"https:\/\/spskincare.ee\/wp-content\/uploads\/2023\/05\/SP_logo_trans.png\",\"contentUrl\":\"https:\/\/spskincare.ee\/wp-content\/uploads\/2023\/05\/SP_logo_trans.png\",\"width\":500,\"height\":500,\"caption\":\"SPskincare\"},\"image\":{\"@id\":\"https:\/\/spskincare.ee\/et\/#\/schema\/logo\/image\/\"},\"sameAs\":[\"https:\/\/www.facebook.com\/sabina.marahhovskaja\",\"https:\/\/www.instagram.com\/sabinapuskina.kosmetoloog\/\"]}]}<\/script>\n<!-- \/ Yoast SEO plugin. -->","yoast_head_json":{"title":"ORMEDIC Tasakaalustav n\u00e4opesugeel - SPskincare","robots":{"index":"index","follow":"follow","max-snippet":"max-snippet:-1","max-image-preview":"max-image-preview:large","max-video-preview":"max-video-preview:-1"},"canonical":"https:\/\/spskincare.ee\/et\/toode\/%d0%be%d1%87%d0%b8%d1%89%d0%b0%d1%8e%d1%89%d0%b8%d0%b9-%d0%b3%d0%b5%d0%bb%d1%8c-%d0%b4%d0%bb%d1%8f-%d1%83%d0%bc%d1%8b%d0%b2%d0%b0%d0%bd%d0%b8%d1%8f-ormedic\/","og_locale":"et_EE","og_type":"article","og_title":"ORMEDIC Tasakaalustav n\u00e4opesugeel - SPskincare","og_description":"Orgaaniliste koostisosadega kergelt vahutav ja v\u00e4rske l\u00f5hnaga n\u00e4opesugeel mis sobib k\u00f5igile nahat\u00fc\u00fcpidele. Ideaalne kasutamiseks hommikuseks ja \u00f5htuseks n\u00e4opesuks, kuna eemaldab mustust ja meigi ning tasakaalustab naha pH, seega pole hiljem tooniku kasutamine vajalik. Orgaanilne aloe vera ja viinamarjavesi rahustavad ja toidavad nahka, h\u00fcaluroonhape pakub lisaniisutust. Probleemse naha korral kombineeri Ormedic pesugeeli Ageless v\u00f5i MD n\u00e4opesugeelidega, nii tasakaalustad tugevatoimeliste pesugeelide m\u00f5ju ning v\u00e4ldid naha\u00e4rrituse teket. Toode sobib ka habemeajamiseks ja raseerimiseks. Toote suurus 177 ml.","og_url":"https:\/\/spskincare.ee\/et\/toode\/%d0%be%d1%87%d0%b8%d1%89%d0%b0%d1%8e%d1%89%d0%b8%d0%b9-%d0%b3%d0%b5%d0%bb%d1%8c-%d0%b4%d0%bb%d1%8f-%d1%83%d0%bc%d1%8b%d0%b2%d0%b0%d0%bd%d0%b8%d1%8f-ormedic\/","og_site_name":"SPskincare","article_publisher":"https:\/\/www.facebook.com\/sabina.marahhovskaja","article_modified_time":"2023-07-06T12:32:12+00:00","og_image":[{"width":1600,"height":1600,"url":"https:\/\/spskincare.ee\/wp-content\/uploads\/2023\/06\/NjY0OD.webp","type":"image\/webp"}],"twitter_card":"summary_large_image","twitter_misc":{"Est. reading time":"1 minut"},"schema":{"@context":"https:\/\/schema.org","@graph":[{"@type":"WebPage","@id":"https:\/\/spskincare.ee\/et\/toode\/%d0%be%d1%87%d0%b8%d1%89%d0%b0%d1%8e%d1%89%d0%b8%d0%b9-%d0%b3%d0%b5%d0%bb%d1%8c-%d0%b4%d0%bb%d1%8f-%d1%83%d0%bc%d1%8b%d0%b2%d0%b0%d0%bd%d0%b8%d1%8f-ormedic\/","url":"https:\/\/spskincare.ee\/et\/toode\/%d0%be%d1%87%d0%b8%d1%89%d0%b0%d1%8e%d1%89%d0%b8%d0%b9-%d0%b3%d0%b5%d0%bb%d1%8c-%d0%b4%d0%bb%d1%8f-%d1%83%d0%bc%d1%8b%d0%b2%d0%b0%d0%bd%d0%b8%d1%8f-ormedic\/","name":"ORMEDIC Tasakaalustav n\u00e4opesugeel - SPskincare","isPartOf":{"@id":"https:\/\/spskincare.ee\/et\/#website"},"primaryImageOfPage":{"@id":"https:\/\/spskincare.ee\/et\/toode\/%d0%be%d1%87%d0%b8%d1%89%d0%b0%d1%8e%d1%89%d0%b8%d0%b9-%d0%b3%d0%b5%d0%bb%d1%8c-%d0%b4%d0%bb%d1%8f-%d1%83%d0%bc%d1%8b%d0%b2%d0%b0%d0%bd%d0%b8%d1%8f-ormedic\/#primaryimage"},"image":{"@id":"https:\/\/spskincare.ee\/et\/toode\/%d0%be%d1%87%d0%b8%d1%89%d0%b0%d1%8e%d1%89%d0%b8%d0%b9-%d0%b3%d0%b5%d0%bb%d1%8c-%d0%b4%d0%bb%d1%8f-%d1%83%d0%bc%d1%8b%d0%b2%d0%b0%d0%bd%d0%b8%d1%8f-ormedic\/#primaryimage"},"thumbnailUrl":"https:\/\/spskincare.ee\/wp-content\/uploads\/2023\/06\/NjY0OD.webp","datePublished":"2023-06-28T12:49:15+00:00","dateModified":"2023-07-06T12:32:12+00:00","breadcrumb":{"@id":"https:\/\/spskincare.ee\/et\/toode\/%d0%be%d1%87%d0%b8%d1%89%d0%b0%d1%8e%d1%89%d0%b8%d0%b9-%d0%b3%d0%b5%d0%bb%d1%8c-%d0%b4%d0%bb%d1%8f-%d1%83%d0%bc%d1%8b%d0%b2%d0%b0%d0%bd%d0%b8%d1%8f-ormedic\/#breadcrumb"},"inLanguage":"et","potentialAction":[{"@type":"ReadAction","target":["https:\/\/spskincare.ee\/et\/toode\/%d0%be%d1%87%d0%b8%d1%89%d0%b0%d1%8e%d1%89%d0%b8%d0%b9-%d0%b3%d0%b5%d0%bb%d1%8c-%d0%b4%d0%bb%d1%8f-%d1%83%d0%bc%d1%8b%d0%b2%d0%b0%d0%bd%d0%b8%d1%8f-ormedic\/"]}]},{"@type":"ImageObject","inLanguage":"et","@id":"https:\/\/spskincare.ee\/et\/toode\/%d0%be%d1%87%d0%b8%d1%89%d0%b0%d1%8e%d1%89%d0%b8%d0%b9-%d0%b3%d0%b5%d0%bb%d1%8c-%d0%b4%d0%bb%d1%8f-%d1%83%d0%bc%d1%8b%d0%b2%d0%b0%d0%bd%d0%b8%d1%8f-ormedic\/#primaryimage","url":"https:\/\/spskincare.ee\/wp-content\/uploads\/2023\/06\/NjY0OD.webp","contentUrl":"https:\/\/spskincare.ee\/wp-content\/uploads\/2023\/06\/NjY0OD.webp","width":1600,"height":1600},{"@type":"BreadcrumbList","@id":"https:\/\/spskincare.ee\/et\/toode\/%d0%be%d1%87%d0%b8%d1%89%d0%b0%d1%8e%d1%89%d0%b8%d0%b9-%d0%b3%d0%b5%d0%bb%d1%8c-%d0%b4%d0%bb%d1%8f-%d1%83%d0%bc%d1%8b%d0%b2%d0%b0%d0%bd%d0%b8%d1%8f-ormedic\/#breadcrumb","itemListElement":[{"@type":"ListItem","position":1,"name":"\u0413\u043b\u0430\u0432\u043d\u0430\u044f \u0441\u0442\u0440\u0430\u043d\u0438\u0446\u0430","item":"https:\/\/spskincare.ee\/et\/"},{"@type":"ListItem","position":2,"name":"Shop","item":"https:\/\/spskincare.ee\/shop\/"},{"@type":"ListItem","position":3,"name":"ORMEDIC Tasakaalustav n\u00e4opesugeel"}]},{"@type":"WebSite","@id":"https:\/\/spskincare.ee\/et\/#website","url":"https:\/\/spskincare.ee\/et\/","name":"SPskincare","description":"kosmeetik Tallinnas","publisher":{"@id":"https:\/\/spskincare.ee\/et\/#organization"},"potentialAction":[{"@type":"SearchAction","target":{"@type":"EntryPoint","urlTemplate":"https:\/\/spskincare.ee\/et\/?s={search_term_string}"},"query-input":{"@type":"PropertyValueSpecification","valueRequired":true,"valueName":"search_term_string"}}],"inLanguage":"et"},{"@type":"Organization","@id":"https:\/\/spskincare.ee\/et\/#organization","name":"SPskincare","url":"https:\/\/spskincare.ee\/et\/","logo":{"@type":"ImageObject","inLanguage":"et","@id":"https:\/\/spskincare.ee\/et\/#\/schema\/logo\/image\/","url":"https:\/\/spskincare.ee\/wp-content\/uploads\/2023\/05\/SP_logo_trans.png","contentUrl":"https:\/\/spskincare.ee\/wp-content\/uploads\/2023\/05\/SP_logo_trans.png","width":500,"height":500,"caption":"SPskincare"},"image":{"@id":"https:\/\/spskincare.ee\/et\/#\/schema\/logo\/image\/"},"sameAs":["https:\/\/www.facebook.com\/sabina.marahhovskaja","https:\/\/www.instagram.com\/sabinapuskina.kosmetoloog\/"]}]}},"_links":{"self":[{"href":"https:\/\/spskincare.ee\/et\/wp-json\/wp\/v2\/product\/5884","targetHints":{"allow":["GET"]}}],"collection":[{"href":"https:\/\/spskincare.ee\/et\/wp-json\/wp\/v2\/product"}],"about":[{"href":"https:\/\/spskincare.ee\/et\/wp-json\/wp\/v2\/types\/product"}],"wp:featuredmedia":[{"embeddable":true,"href":"https:\/\/spskincare.ee\/et\/wp-json\/wp\/v2\/media\/5808"}],"wp:attachment":[{"href":"https:\/\/spskincare.ee\/et\/wp-json\/wp\/v2\/media?parent=5884"}],"wp:term":[{"taxonomy":"product_brand","embeddable":true,"href":"https:\/\/spskincare.ee\/et\/wp-json\/wp\/v2\/product_brand?post=5884"},{"taxonomy":"product_cat","embeddable":true,"href":"https:\/\/spskincare.ee\/et\/wp-json\/wp\/v2\/product_cat?post=5884"},{"taxonomy":"product_tag","embeddable":true,"href":"https:\/\/spskincare.ee\/et\/wp-json\/wp\/v2\/product_tag?post=5884"}],"curies":[{"name":"wp","href":"https:\/\/api.w.org\/{rel}","templated":true}]}}