{"id":5886,"date":"2023-06-23T06:36:18","date_gmt":"2023-06-23T06:36:18","guid":{"rendered":"https:\/\/spskincare.ee\/product\/vital-c-niisutav-oomask\/"},"modified":"2023-07-06T12:37:31","modified_gmt":"2023-07-06T12:37:31","slug":"%d0%bd%d0%be%d1%87%d0%bd%d0%b0%d1%8f-%d1%83%d0%b2%d0%bb%d0%b0%d0%b6%d0%bd%d1%8f%d1%8e%d1%89%d0%b0%d1%8f-%d0%bc%d0%b0%d1%81%d0%ba%d0%b0-vital-c","status":"publish","type":"product","link":"https:\/\/spskincare.ee\/et\/toode\/%d0%bd%d0%be%d1%87%d0%bd%d0%b0%d1%8f-%d1%83%d0%b2%d0%bb%d0%b0%d0%b6%d0%bd%d1%8f%d1%8e%d1%89%d0%b0%d1%8f-%d0%bc%d0%b0%d1%81%d0%ba%d0%b0-vital-c\/","title":{"rendered":"VITAL C Niisutav \u00f6\u00f6mask"},"content":{"rendered":"<p>Kasutamine:<\/p>\n<p>Kanna paks kiht maski 20-30 minutit enne magamaminekut n\u00e4ole. Pese mask hommikul n\u00e4opesugeeli ja leige veega maha ning seej\u00e4rel j\u00e4tka tavap\u00e4rase ilurutiiniga. Kasuta 2-3 korda n\u00e4dalas.<\/p>\n<p>Vital C \u00d6\u00f6maski v\u00f5ib kasutada vaheldumisi Ageless sarja \u00d6ise retinoolimaskiga, et saada nii niisutus kui ka pinguldus.<\/p>\n<p>Kui soovid veelgi k\u00fclluslikumat niisutust, sega maskile maski veelgi k\u00fclluslikumaks muuta, sega maskile lisaks VITAL C Antioks\u00fcdantidega vitamiiniseerumit.<\/p>\n<p>Koostis:<\/p>\n<p>Water (Aqua), Butylene Glycol, Cyclopentasiloxane, Cyclohexasiloxane, Ammonium Acryloyldimethyltaurate\/Vp Copolymer, Glycerin, Polyglyceryl-3 Methylglucose Distearate, Propanediol, Phenoxyethanol, Hippophae Rhamnoides Fruit Oil, Citrus Aurantium Dulcis (Orange) Peel Oil, Limonene, Allantoin, Soluble Collagen, Ethylhexylglycerin, Dimethicone\/Vinyl Dimethicone Crosspolymer, Disodium Edta, Tocopherol, Pentylene Glycol, Retinyl Palmitate, Tetrahexyldecyl Ascorbate, Hematite Extract, Sorbitol, Biosaccharide Gum-1, Leuconostoc\/Radish Root Ferment Filtrate, Disodium Edta-Copper, Linalool, Anthemis Nobilis Flower Extract, Echinacea Angustifolia Extract, Sodium Hyaluronate Crosspolymer, Symphytum Officinale Rhizome\/Root Extract, Magnesium Aspartate, Zinc Gluconate, Malachite Extract, Aphanizomenon Flos-Aquae Extract, Copper Gluconate, Potassium Sorbate, Sorbic Acid.<\/p>\n<p>*Toodete koostises v\u00f5ib esineda m\u00f5ningaid muudatusi. T\u00e4pne koostis toote pakendil.<\/p>\n<section class=\"related products \"><\/section>\n","protected":false},"excerpt":{"rendered":"<div class=\"woocommerce-product-details__short-description\">\n<p>Mineraalide ja C-vitamiiniga rikastatud \u00f6ine niisutusmask on t\u00f5eline \u201ciluune\u201d saladus. V\u00e4rske ja apelsinil\u00f5hnaline mask pinguldab ja niisutab nahka kogu \u00f6\u00f6 v\u00e4ltel, muutes jume kauniks ja s\u00e4ravaks. Kompleks tsingist, magneesiumist ja vasest annab nahale energiat ja eluj\u00f5udu ning mineraalid hematiit ja malahiit turugutavad kollageenis\u00fcnteesi. Kui soovid tugevamat pinguldust kasuta \u00f6\u00f6maski vaheldumisi Ageless sarja kuuluva \u00f6\u00f6maskiga. Niisutav \u00f6\u00f6mask v\u00f5itis 2019. aastal Iluguru Iluteemanti tiitli.<\/p>\n<p>Toote suurus 57 g.<\/p>\n<section class=\"related products \"><\/section>\n<\/div>\n","protected":false},"featured_media":5730,"template":"","meta":[],"product_brand":[],"product_cat":[110],"product_tag":[114],"class_list":{"0":"post-5886","1":"product","2":"type-product","3":"status-publish","4":"has-post-thumbnail","6":"product_cat-maskid","7":"product_tag-mask","9":"first","10":"instock","11":"shipping-taxable","12":"purchasable","13":"product-type-simple"},"yoast_head":"<!-- This site is optimized with the Yoast SEO plugin v26.2 - https:\/\/yoast.com\/wordpress\/plugins\/seo\/ -->\n<title>VITAL C Niisutav \u00f6\u00f6mask - SPskincare<\/title>\n<meta name=\"robots\" content=\"index, follow, max-snippet:-1, max-image-preview:large, max-video-preview:-1\" \/>\n<link rel=\"canonical\" href=\"https:\/\/spskincare.ee\/et\/toode\/%d0%bd%d0%be%d1%87%d0%bd%d0%b0%d1%8f-%d1%83%d0%b2%d0%bb%d0%b0%d0%b6%d0%bd%d1%8f%d1%8e%d1%89%d0%b0%d1%8f-%d0%bc%d0%b0%d1%81%d0%ba%d0%b0-vital-c\/\" \/>\n<meta property=\"og:locale\" content=\"et_EE\" \/>\n<meta property=\"og:type\" content=\"article\" \/>\n<meta property=\"og:title\" content=\"VITAL C Niisutav \u00f6\u00f6mask - SPskincare\" \/>\n<meta property=\"og:description\" content=\"Mineraalide ja C-vitamiiniga rikastatud \u00f6ine niisutusmask on t\u00f5eline \u201ciluune\u201d saladus. V\u00e4rske ja apelsinil\u00f5hnaline mask pinguldab ja niisutab nahka kogu \u00f6\u00f6 v\u00e4ltel, muutes jume kauniks ja s\u00e4ravaks. Kompleks tsingist, magneesiumist ja vasest annab nahale energiat ja eluj\u00f5udu ning mineraalid hematiit ja malahiit turugutavad kollageenis\u00fcnteesi. Kui soovid tugevamat pinguldust kasuta \u00f6\u00f6maski vaheldumisi Ageless sarja kuuluva \u00f6\u00f6maskiga. Niisutav \u00f6\u00f6mask v\u00f5itis 2019. aastal Iluguru Iluteemanti tiitli. Toote suurus 57 g.\" \/>\n<meta property=\"og:url\" content=\"https:\/\/spskincare.ee\/et\/toode\/%d0%bd%d0%be%d1%87%d0%bd%d0%b0%d1%8f-%d1%83%d0%b2%d0%bb%d0%b0%d0%b6%d0%bd%d1%8f%d1%8e%d1%89%d0%b0%d1%8f-%d0%bc%d0%b0%d1%81%d0%ba%d0%b0-vital-c\/\" \/>\n<meta property=\"og:site_name\" content=\"SPskincare\" \/>\n<meta property=\"article:publisher\" content=\"https:\/\/www.facebook.com\/sabina.marahhovskaja\" \/>\n<meta property=\"article:modified_time\" content=\"2023-07-06T12:37:31+00:00\" \/>\n<meta property=\"og:image\" content=\"https:\/\/spskincare.ee\/wp-content\/uploads\/2023\/06\/534-3.jpeg\" \/>\n\t<meta property=\"og:image:width\" content=\"1600\" \/>\n\t<meta property=\"og:image:height\" content=\"1600\" \/>\n\t<meta property=\"og:image:type\" content=\"image\/jpeg\" \/>\n<meta name=\"twitter:card\" content=\"summary_large_image\" \/>\n<meta name=\"twitter:label1\" content=\"Est. reading time\" \/>\n\t<meta name=\"twitter:data1\" content=\"1 minut\" \/>\n<script type=\"application\/ld+json\" class=\"yoast-schema-graph\">{\"@context\":\"https:\/\/schema.org\",\"@graph\":[{\"@type\":\"WebPage\",\"@id\":\"https:\/\/spskincare.ee\/et\/toode\/%d0%bd%d0%be%d1%87%d0%bd%d0%b0%d1%8f-%d1%83%d0%b2%d0%bb%d0%b0%d0%b6%d0%bd%d1%8f%d1%8e%d1%89%d0%b0%d1%8f-%d0%bc%d0%b0%d1%81%d0%ba%d0%b0-vital-c\/\",\"url\":\"https:\/\/spskincare.ee\/et\/toode\/%d0%bd%d0%be%d1%87%d0%bd%d0%b0%d1%8f-%d1%83%d0%b2%d0%bb%d0%b0%d0%b6%d0%bd%d1%8f%d1%8e%d1%89%d0%b0%d1%8f-%d0%bc%d0%b0%d1%81%d0%ba%d0%b0-vital-c\/\",\"name\":\"VITAL C Niisutav \u00f6\u00f6mask - SPskincare\",\"isPartOf\":{\"@id\":\"https:\/\/spskincare.ee\/et\/#website\"},\"primaryImageOfPage\":{\"@id\":\"https:\/\/spskincare.ee\/et\/toode\/%d0%bd%d0%be%d1%87%d0%bd%d0%b0%d1%8f-%d1%83%d0%b2%d0%bb%d0%b0%d0%b6%d0%bd%d1%8f%d1%8e%d1%89%d0%b0%d1%8f-%d0%bc%d0%b0%d1%81%d0%ba%d0%b0-vital-c\/#primaryimage\"},\"image\":{\"@id\":\"https:\/\/spskincare.ee\/et\/toode\/%d0%bd%d0%be%d1%87%d0%bd%d0%b0%d1%8f-%d1%83%d0%b2%d0%bb%d0%b0%d0%b6%d0%bd%d1%8f%d1%8e%d1%89%d0%b0%d1%8f-%d0%bc%d0%b0%d1%81%d0%ba%d0%b0-vital-c\/#primaryimage\"},\"thumbnailUrl\":\"https:\/\/spskincare.ee\/wp-content\/uploads\/2023\/06\/534-3.jpeg\",\"datePublished\":\"2023-06-23T06:36:18+00:00\",\"dateModified\":\"2023-07-06T12:37:31+00:00\",\"breadcrumb\":{\"@id\":\"https:\/\/spskincare.ee\/et\/toode\/%d0%bd%d0%be%d1%87%d0%bd%d0%b0%d1%8f-%d1%83%d0%b2%d0%bb%d0%b0%d0%b6%d0%bd%d1%8f%d1%8e%d1%89%d0%b0%d1%8f-%d0%bc%d0%b0%d1%81%d0%ba%d0%b0-vital-c\/#breadcrumb\"},\"inLanguage\":\"et\",\"potentialAction\":[{\"@type\":\"ReadAction\",\"target\":[\"https:\/\/spskincare.ee\/et\/toode\/%d0%bd%d0%be%d1%87%d0%bd%d0%b0%d1%8f-%d1%83%d0%b2%d0%bb%d0%b0%d0%b6%d0%bd%d1%8f%d1%8e%d1%89%d0%b0%d1%8f-%d0%bc%d0%b0%d1%81%d0%ba%d0%b0-vital-c\/\"]}]},{\"@type\":\"ImageObject\",\"inLanguage\":\"et\",\"@id\":\"https:\/\/spskincare.ee\/et\/toode\/%d0%bd%d0%be%d1%87%d0%bd%d0%b0%d1%8f-%d1%83%d0%b2%d0%bb%d0%b0%d0%b6%d0%bd%d1%8f%d1%8e%d1%89%d0%b0%d1%8f-%d0%bc%d0%b0%d1%81%d0%ba%d0%b0-vital-c\/#primaryimage\",\"url\":\"https:\/\/spskincare.ee\/wp-content\/uploads\/2023\/06\/534-3.jpeg\",\"contentUrl\":\"https:\/\/spskincare.ee\/wp-content\/uploads\/2023\/06\/534-3.jpeg\",\"width\":1600,\"height\":1600},{\"@type\":\"BreadcrumbList\",\"@id\":\"https:\/\/spskincare.ee\/et\/toode\/%d0%bd%d0%be%d1%87%d0%bd%d0%b0%d1%8f-%d1%83%d0%b2%d0%bb%d0%b0%d0%b6%d0%bd%d1%8f%d1%8e%d1%89%d0%b0%d1%8f-%d0%bc%d0%b0%d1%81%d0%ba%d0%b0-vital-c\/#breadcrumb\",\"itemListElement\":[{\"@type\":\"ListItem\",\"position\":1,\"name\":\"\u0413\u043b\u0430\u0432\u043d\u0430\u044f \u0441\u0442\u0440\u0430\u043d\u0438\u0446\u0430\",\"item\":\"https:\/\/spskincare.ee\/et\/\"},{\"@type\":\"ListItem\",\"position\":2,\"name\":\"Shop\",\"item\":\"https:\/\/spskincare.ee\/shop\/\"},{\"@type\":\"ListItem\",\"position\":3,\"name\":\"VITAL C Niisutav \u00f6\u00f6mask\"}]},{\"@type\":\"WebSite\",\"@id\":\"https:\/\/spskincare.ee\/et\/#website\",\"url\":\"https:\/\/spskincare.ee\/et\/\",\"name\":\"SPskincare\",\"description\":\"kosmeetik Tallinnas\",\"publisher\":{\"@id\":\"https:\/\/spskincare.ee\/et\/#organization\"},\"potentialAction\":[{\"@type\":\"SearchAction\",\"target\":{\"@type\":\"EntryPoint\",\"urlTemplate\":\"https:\/\/spskincare.ee\/et\/?s={search_term_string}\"},\"query-input\":{\"@type\":\"PropertyValueSpecification\",\"valueRequired\":true,\"valueName\":\"search_term_string\"}}],\"inLanguage\":\"et\"},{\"@type\":\"Organization\",\"@id\":\"https:\/\/spskincare.ee\/et\/#organization\",\"name\":\"SPskincare\",\"url\":\"https:\/\/spskincare.ee\/et\/\",\"logo\":{\"@type\":\"ImageObject\",\"inLanguage\":\"et\",\"@id\":\"https:\/\/spskincare.ee\/et\/#\/schema\/logo\/image\/\",\"url\":\"https:\/\/spskincare.ee\/wp-content\/uploads\/2023\/05\/SP_logo_trans.png\",\"contentUrl\":\"https:\/\/spskincare.ee\/wp-content\/uploads\/2023\/05\/SP_logo_trans.png\",\"width\":500,\"height\":500,\"caption\":\"SPskincare\"},\"image\":{\"@id\":\"https:\/\/spskincare.ee\/et\/#\/schema\/logo\/image\/\"},\"sameAs\":[\"https:\/\/www.facebook.com\/sabina.marahhovskaja\",\"https:\/\/www.instagram.com\/sabinapuskina.kosmetoloog\/\"]}]}<\/script>\n<!-- \/ Yoast SEO plugin. -->","yoast_head_json":{"title":"VITAL C Niisutav \u00f6\u00f6mask - SPskincare","robots":{"index":"index","follow":"follow","max-snippet":"max-snippet:-1","max-image-preview":"max-image-preview:large","max-video-preview":"max-video-preview:-1"},"canonical":"https:\/\/spskincare.ee\/et\/toode\/%d0%bd%d0%be%d1%87%d0%bd%d0%b0%d1%8f-%d1%83%d0%b2%d0%bb%d0%b0%d0%b6%d0%bd%d1%8f%d1%8e%d1%89%d0%b0%d1%8f-%d0%bc%d0%b0%d1%81%d0%ba%d0%b0-vital-c\/","og_locale":"et_EE","og_type":"article","og_title":"VITAL C Niisutav \u00f6\u00f6mask - SPskincare","og_description":"Mineraalide ja C-vitamiiniga rikastatud \u00f6ine niisutusmask on t\u00f5eline \u201ciluune\u201d saladus. V\u00e4rske ja apelsinil\u00f5hnaline mask pinguldab ja niisutab nahka kogu \u00f6\u00f6 v\u00e4ltel, muutes jume kauniks ja s\u00e4ravaks. Kompleks tsingist, magneesiumist ja vasest annab nahale energiat ja eluj\u00f5udu ning mineraalid hematiit ja malahiit turugutavad kollageenis\u00fcnteesi. Kui soovid tugevamat pinguldust kasuta \u00f6\u00f6maski vaheldumisi Ageless sarja kuuluva \u00f6\u00f6maskiga. Niisutav \u00f6\u00f6mask v\u00f5itis 2019. aastal Iluguru Iluteemanti tiitli. Toote suurus 57 g.","og_url":"https:\/\/spskincare.ee\/et\/toode\/%d0%bd%d0%be%d1%87%d0%bd%d0%b0%d1%8f-%d1%83%d0%b2%d0%bb%d0%b0%d0%b6%d0%bd%d1%8f%d1%8e%d1%89%d0%b0%d1%8f-%d0%bc%d0%b0%d1%81%d0%ba%d0%b0-vital-c\/","og_site_name":"SPskincare","article_publisher":"https:\/\/www.facebook.com\/sabina.marahhovskaja","article_modified_time":"2023-07-06T12:37:31+00:00","og_image":[{"width":1600,"height":1600,"url":"https:\/\/spskincare.ee\/wp-content\/uploads\/2023\/06\/534-3.jpeg","type":"image\/jpeg"}],"twitter_card":"summary_large_image","twitter_misc":{"Est. reading time":"1 minut"},"schema":{"@context":"https:\/\/schema.org","@graph":[{"@type":"WebPage","@id":"https:\/\/spskincare.ee\/et\/toode\/%d0%bd%d0%be%d1%87%d0%bd%d0%b0%d1%8f-%d1%83%d0%b2%d0%bb%d0%b0%d0%b6%d0%bd%d1%8f%d1%8e%d1%89%d0%b0%d1%8f-%d0%bc%d0%b0%d1%81%d0%ba%d0%b0-vital-c\/","url":"https:\/\/spskincare.ee\/et\/toode\/%d0%bd%d0%be%d1%87%d0%bd%d0%b0%d1%8f-%d1%83%d0%b2%d0%bb%d0%b0%d0%b6%d0%bd%d1%8f%d1%8e%d1%89%d0%b0%d1%8f-%d0%bc%d0%b0%d1%81%d0%ba%d0%b0-vital-c\/","name":"VITAL C Niisutav \u00f6\u00f6mask - SPskincare","isPartOf":{"@id":"https:\/\/spskincare.ee\/et\/#website"},"primaryImageOfPage":{"@id":"https:\/\/spskincare.ee\/et\/toode\/%d0%bd%d0%be%d1%87%d0%bd%d0%b0%d1%8f-%d1%83%d0%b2%d0%bb%d0%b0%d0%b6%d0%bd%d1%8f%d1%8e%d1%89%d0%b0%d1%8f-%d0%bc%d0%b0%d1%81%d0%ba%d0%b0-vital-c\/#primaryimage"},"image":{"@id":"https:\/\/spskincare.ee\/et\/toode\/%d0%bd%d0%be%d1%87%d0%bd%d0%b0%d1%8f-%d1%83%d0%b2%d0%bb%d0%b0%d0%b6%d0%bd%d1%8f%d1%8e%d1%89%d0%b0%d1%8f-%d0%bc%d0%b0%d1%81%d0%ba%d0%b0-vital-c\/#primaryimage"},"thumbnailUrl":"https:\/\/spskincare.ee\/wp-content\/uploads\/2023\/06\/534-3.jpeg","datePublished":"2023-06-23T06:36:18+00:00","dateModified":"2023-07-06T12:37:31+00:00","breadcrumb":{"@id":"https:\/\/spskincare.ee\/et\/toode\/%d0%bd%d0%be%d1%87%d0%bd%d0%b0%d1%8f-%d1%83%d0%b2%d0%bb%d0%b0%d0%b6%d0%bd%d1%8f%d1%8e%d1%89%d0%b0%d1%8f-%d0%bc%d0%b0%d1%81%d0%ba%d0%b0-vital-c\/#breadcrumb"},"inLanguage":"et","potentialAction":[{"@type":"ReadAction","target":["https:\/\/spskincare.ee\/et\/toode\/%d0%bd%d0%be%d1%87%d0%bd%d0%b0%d1%8f-%d1%83%d0%b2%d0%bb%d0%b0%d0%b6%d0%bd%d1%8f%d1%8e%d1%89%d0%b0%d1%8f-%d0%bc%d0%b0%d1%81%d0%ba%d0%b0-vital-c\/"]}]},{"@type":"ImageObject","inLanguage":"et","@id":"https:\/\/spskincare.ee\/et\/toode\/%d0%bd%d0%be%d1%87%d0%bd%d0%b0%d1%8f-%d1%83%d0%b2%d0%bb%d0%b0%d0%b6%d0%bd%d1%8f%d1%8e%d1%89%d0%b0%d1%8f-%d0%bc%d0%b0%d1%81%d0%ba%d0%b0-vital-c\/#primaryimage","url":"https:\/\/spskincare.ee\/wp-content\/uploads\/2023\/06\/534-3.jpeg","contentUrl":"https:\/\/spskincare.ee\/wp-content\/uploads\/2023\/06\/534-3.jpeg","width":1600,"height":1600},{"@type":"BreadcrumbList","@id":"https:\/\/spskincare.ee\/et\/toode\/%d0%bd%d0%be%d1%87%d0%bd%d0%b0%d1%8f-%d1%83%d0%b2%d0%bb%d0%b0%d0%b6%d0%bd%d1%8f%d1%8e%d1%89%d0%b0%d1%8f-%d0%bc%d0%b0%d1%81%d0%ba%d0%b0-vital-c\/#breadcrumb","itemListElement":[{"@type":"ListItem","position":1,"name":"\u0413\u043b\u0430\u0432\u043d\u0430\u044f \u0441\u0442\u0440\u0430\u043d\u0438\u0446\u0430","item":"https:\/\/spskincare.ee\/et\/"},{"@type":"ListItem","position":2,"name":"Shop","item":"https:\/\/spskincare.ee\/shop\/"},{"@type":"ListItem","position":3,"name":"VITAL C Niisutav \u00f6\u00f6mask"}]},{"@type":"WebSite","@id":"https:\/\/spskincare.ee\/et\/#website","url":"https:\/\/spskincare.ee\/et\/","name":"SPskincare","description":"kosmeetik Tallinnas","publisher":{"@id":"https:\/\/spskincare.ee\/et\/#organization"},"potentialAction":[{"@type":"SearchAction","target":{"@type":"EntryPoint","urlTemplate":"https:\/\/spskincare.ee\/et\/?s={search_term_string}"},"query-input":{"@type":"PropertyValueSpecification","valueRequired":true,"valueName":"search_term_string"}}],"inLanguage":"et"},{"@type":"Organization","@id":"https:\/\/spskincare.ee\/et\/#organization","name":"SPskincare","url":"https:\/\/spskincare.ee\/et\/","logo":{"@type":"ImageObject","inLanguage":"et","@id":"https:\/\/spskincare.ee\/et\/#\/schema\/logo\/image\/","url":"https:\/\/spskincare.ee\/wp-content\/uploads\/2023\/05\/SP_logo_trans.png","contentUrl":"https:\/\/spskincare.ee\/wp-content\/uploads\/2023\/05\/SP_logo_trans.png","width":500,"height":500,"caption":"SPskincare"},"image":{"@id":"https:\/\/spskincare.ee\/et\/#\/schema\/logo\/image\/"},"sameAs":["https:\/\/www.facebook.com\/sabina.marahhovskaja","https:\/\/www.instagram.com\/sabinapuskina.kosmetoloog\/"]}]}},"_links":{"self":[{"href":"https:\/\/spskincare.ee\/et\/wp-json\/wp\/v2\/product\/5886","targetHints":{"allow":["GET"]}}],"collection":[{"href":"https:\/\/spskincare.ee\/et\/wp-json\/wp\/v2\/product"}],"about":[{"href":"https:\/\/spskincare.ee\/et\/wp-json\/wp\/v2\/types\/product"}],"wp:featuredmedia":[{"embeddable":true,"href":"https:\/\/spskincare.ee\/et\/wp-json\/wp\/v2\/media\/5730"}],"wp:attachment":[{"href":"https:\/\/spskincare.ee\/et\/wp-json\/wp\/v2\/media?parent=5886"}],"wp:term":[{"taxonomy":"product_brand","embeddable":true,"href":"https:\/\/spskincare.ee\/et\/wp-json\/wp\/v2\/product_brand?post=5886"},{"taxonomy":"product_cat","embeddable":true,"href":"https:\/\/spskincare.ee\/et\/wp-json\/wp\/v2\/product_cat?post=5886"},{"taxonomy":"product_tag","embeddable":true,"href":"https:\/\/spskincare.ee\/et\/wp-json\/wp\/v2\/product_tag?post=5886"}],"curies":[{"name":"wp","href":"https:\/\/api.w.org\/{rel}","templated":true}]}}