{"id":5887,"date":"2023-06-23T06:29:05","date_gmt":"2023-06-23T06:29:05","guid":{"rendered":"https:\/\/spskincare.ee\/product\/ageless-kooriv-mask\/"},"modified":"2023-07-06T12:39:30","modified_gmt":"2023-07-06T12:39:30","slug":"%d0%be%d1%82%d1%88%d0%b5%d0%bb%d1%83%d1%88%d0%b8%d0%b2%d0%b0%d1%8e%d1%89%d0%b0%d1%8f-%d0%bc%d0%b0%d1%81%d0%ba%d0%b0-ageless","status":"publish","type":"product","link":"https:\/\/spskincare.ee\/et\/toode\/%d0%be%d1%82%d1%88%d0%b5%d0%bb%d1%83%d1%88%d0%b8%d0%b2%d0%b0%d1%8e%d1%89%d0%b0%d1%8f-%d0%bc%d0%b0%d1%81%d0%ba%d0%b0-ageless\/","title":{"rendered":"AGELESS kooriv mask"},"content":{"rendered":"<p>Kasutamine:<\/p>\n<p>Kanna \u00f5huke kiht maski n\u00e4ole ja j\u00e4ta 5-30 minutiks m\u00f5juma. Enne eemaldamist masseeri niiskete k\u00e4tega koorimise v\u00f5imendamiseks. Eemalda leige veega. Kasuta paar korda n\u00e4dalas.<\/p>\n<p>Koostis:<\/p>\n<p>Aqua, Alumina, Glycolic Acid, Lactic Acid, Helianthus Annuus Seed Wax, Stearic Acid, L-Ascorbic Acid, Glycerin, Cedrus Atlantica Bark Oil, Arnica Montana Flower Extract, Citrus Grandis Seed Extract, Hypericum Perforatum Extract, Aesculus Hippocastanum Seed Extract, Calendula Officinalis Flower Extract, Glyceryl Stearate, Peg-100 Stearate, Cetyl Alcohol, Titanium Dioxide, Caprylic\/Capric Triglyceride, Eucalyptus Globulus Leaf Oil, Aloe Barbadensis Leaf Extract, Dimethicone, Hamamelis Virginiana Extract, Magnesium Aluminum Silicate, Zea Mays (Corn) Starch, Salicylic Acid, Sodium Hydroxide, Xanthan Gum, Butylene Glycol, Carica Papaya (Papaya) Fruit Extract, Glycine Soja Sterols, Linoleic Acid, Phospholipids, Allantoin, Arctostaphylos Uva Ursi Leaf Extract, Ethylhexylglycerin, Mentha Viridis Leaf Oil, Disodium Edta, Phenoxyethanol, Sodium Phytate, Cucumis Sativus Extract, Hedera Helix Extract, Yeast Extract<\/p>\n<p>*Toodete koostises v\u00f5ib esineda m\u00f5ningaid muudatusi. T\u00e4pne koostis toote pakendil.<\/p>\n<section class=\"related products \"><\/section>\n","protected":false},"excerpt":{"rendered":"<div class=\"woocommerce-product-details__short-description\">\n<p>S\u00fcgavpuhastav ja kooriv mask, mis muudab naha v\u00e4ga pehmeks ja siledaks ning j\u00e4tab tunde nagu oleks just kosmeetikut k\u00fclastanud. Maksimaalseks koorimiseks on maskis kombineeritud AHA-happed ning looduslikud p\u00e4evalilleseemne vahast mikrokristallid. Mask sobib segamiseks ka teiste Image maskide, koorijate v\u00f5i n\u00e4opesugeelidega, et parandada nende koorivaid omadusi. N\u00e4iteks segades maski oma lemmikn\u00e4opesugeeliga saad kiire ning v\u00e4rskendava koorimise. Hea nipp \u2013 kasuta maski karedal nahal, n\u00e4iteks k\u00fc\u00fcnarnukkidel ja p\u00f5lvedel, et saavutada m\u00f5nusalt pehme ja sile nahk. Mask sobib ka probleemsele nahale.<\/p>\n<p>Toote suurus 57 g.<\/p>\n<section class=\"related products \"><\/section>\n<\/div>\n","protected":false},"featured_media":5727,"template":"","meta":[],"product_brand":[],"product_cat":[110],"product_tag":[114],"class_list":{"0":"post-5887","1":"product","2":"type-product","3":"status-publish","4":"has-post-thumbnail","6":"product_cat-maskid","7":"product_tag-mask","9":"first","10":"instock","11":"shipping-taxable","12":"purchasable","13":"product-type-simple"},"yoast_head":"<!-- This site is optimized with the Yoast SEO plugin v26.2 - https:\/\/yoast.com\/wordpress\/plugins\/seo\/ -->\n<title>AGELESS kooriv mask - SPskincare<\/title>\n<meta name=\"robots\" content=\"index, follow, max-snippet:-1, max-image-preview:large, max-video-preview:-1\" \/>\n<link rel=\"canonical\" href=\"https:\/\/spskincare.ee\/et\/toode\/%d0%be%d1%82%d1%88%d0%b5%d0%bb%d1%83%d1%88%d0%b8%d0%b2%d0%b0%d1%8e%d1%89%d0%b0%d1%8f-%d0%bc%d0%b0%d1%81%d0%ba%d0%b0-ageless\/\" \/>\n<meta property=\"og:locale\" content=\"et_EE\" \/>\n<meta property=\"og:type\" content=\"article\" \/>\n<meta property=\"og:title\" content=\"AGELESS kooriv mask - SPskincare\" \/>\n<meta property=\"og:description\" content=\"S\u00fcgavpuhastav ja kooriv mask, mis muudab naha v\u00e4ga pehmeks ja siledaks ning j\u00e4tab tunde nagu oleks just kosmeetikut k\u00fclastanud. Maksimaalseks koorimiseks on maskis kombineeritud AHA-happed ning looduslikud p\u00e4evalilleseemne vahast mikrokristallid. Mask sobib segamiseks ka teiste Image maskide, koorijate v\u00f5i n\u00e4opesugeelidega, et parandada nende koorivaid omadusi. N\u00e4iteks segades maski oma lemmikn\u00e4opesugeeliga saad kiire ning v\u00e4rskendava koorimise. Hea nipp \u2013 kasuta maski karedal nahal, n\u00e4iteks k\u00fc\u00fcnarnukkidel ja p\u00f5lvedel, et saavutada m\u00f5nusalt pehme ja sile nahk. Mask sobib ka probleemsele nahale. Toote suurus 57 g.\" \/>\n<meta property=\"og:url\" content=\"https:\/\/spskincare.ee\/et\/toode\/%d0%be%d1%82%d1%88%d0%b5%d0%bb%d1%83%d1%88%d0%b8%d0%b2%d0%b0%d1%8e%d1%89%d0%b0%d1%8f-%d0%bc%d0%b0%d1%81%d0%ba%d0%b0-ageless\/\" \/>\n<meta property=\"og:site_name\" content=\"SPskincare\" \/>\n<meta property=\"article:publisher\" content=\"https:\/\/www.facebook.com\/sabina.marahhovskaja\" \/>\n<meta property=\"article:modified_time\" content=\"2023-07-06T12:39:30+00:00\" \/>\n<meta property=\"og:image\" content=\"https:\/\/spskincare.ee\/wp-content\/uploads\/2023\/06\/534.webp\" \/>\n\t<meta property=\"og:image:width\" content=\"1200\" \/>\n\t<meta property=\"og:image:height\" content=\"1200\" \/>\n\t<meta property=\"og:image:type\" content=\"image\/webp\" \/>\n<meta name=\"twitter:card\" content=\"summary_large_image\" \/>\n<meta name=\"twitter:label1\" content=\"Est. reading time\" \/>\n\t<meta name=\"twitter:data1\" content=\"1 minut\" \/>\n<script type=\"application\/ld+json\" class=\"yoast-schema-graph\">{\"@context\":\"https:\/\/schema.org\",\"@graph\":[{\"@type\":\"WebPage\",\"@id\":\"https:\/\/spskincare.ee\/et\/toode\/%d0%be%d1%82%d1%88%d0%b5%d0%bb%d1%83%d1%88%d0%b8%d0%b2%d0%b0%d1%8e%d1%89%d0%b0%d1%8f-%d0%bc%d0%b0%d1%81%d0%ba%d0%b0-ageless\/\",\"url\":\"https:\/\/spskincare.ee\/et\/toode\/%d0%be%d1%82%d1%88%d0%b5%d0%bb%d1%83%d1%88%d0%b8%d0%b2%d0%b0%d1%8e%d1%89%d0%b0%d1%8f-%d0%bc%d0%b0%d1%81%d0%ba%d0%b0-ageless\/\",\"name\":\"AGELESS kooriv mask - SPskincare\",\"isPartOf\":{\"@id\":\"https:\/\/spskincare.ee\/et\/#website\"},\"primaryImageOfPage\":{\"@id\":\"https:\/\/spskincare.ee\/et\/toode\/%d0%be%d1%82%d1%88%d0%b5%d0%bb%d1%83%d1%88%d0%b8%d0%b2%d0%b0%d1%8e%d1%89%d0%b0%d1%8f-%d0%bc%d0%b0%d1%81%d0%ba%d0%b0-ageless\/#primaryimage\"},\"image\":{\"@id\":\"https:\/\/spskincare.ee\/et\/toode\/%d0%be%d1%82%d1%88%d0%b5%d0%bb%d1%83%d1%88%d0%b8%d0%b2%d0%b0%d1%8e%d1%89%d0%b0%d1%8f-%d0%bc%d0%b0%d1%81%d0%ba%d0%b0-ageless\/#primaryimage\"},\"thumbnailUrl\":\"https:\/\/spskincare.ee\/wp-content\/uploads\/2023\/06\/534.webp\",\"datePublished\":\"2023-06-23T06:29:05+00:00\",\"dateModified\":\"2023-07-06T12:39:30+00:00\",\"breadcrumb\":{\"@id\":\"https:\/\/spskincare.ee\/et\/toode\/%d0%be%d1%82%d1%88%d0%b5%d0%bb%d1%83%d1%88%d0%b8%d0%b2%d0%b0%d1%8e%d1%89%d0%b0%d1%8f-%d0%bc%d0%b0%d1%81%d0%ba%d0%b0-ageless\/#breadcrumb\"},\"inLanguage\":\"et\",\"potentialAction\":[{\"@type\":\"ReadAction\",\"target\":[\"https:\/\/spskincare.ee\/et\/toode\/%d0%be%d1%82%d1%88%d0%b5%d0%bb%d1%83%d1%88%d0%b8%d0%b2%d0%b0%d1%8e%d1%89%d0%b0%d1%8f-%d0%bc%d0%b0%d1%81%d0%ba%d0%b0-ageless\/\"]}]},{\"@type\":\"ImageObject\",\"inLanguage\":\"et\",\"@id\":\"https:\/\/spskincare.ee\/et\/toode\/%d0%be%d1%82%d1%88%d0%b5%d0%bb%d1%83%d1%88%d0%b8%d0%b2%d0%b0%d1%8e%d1%89%d0%b0%d1%8f-%d0%bc%d0%b0%d1%81%d0%ba%d0%b0-ageless\/#primaryimage\",\"url\":\"https:\/\/spskincare.ee\/wp-content\/uploads\/2023\/06\/534.webp\",\"contentUrl\":\"https:\/\/spskincare.ee\/wp-content\/uploads\/2023\/06\/534.webp\",\"width\":1200,\"height\":1200},{\"@type\":\"BreadcrumbList\",\"@id\":\"https:\/\/spskincare.ee\/et\/toode\/%d0%be%d1%82%d1%88%d0%b5%d0%bb%d1%83%d1%88%d0%b8%d0%b2%d0%b0%d1%8e%d1%89%d0%b0%d1%8f-%d0%bc%d0%b0%d1%81%d0%ba%d0%b0-ageless\/#breadcrumb\",\"itemListElement\":[{\"@type\":\"ListItem\",\"position\":1,\"name\":\"\u0413\u043b\u0430\u0432\u043d\u0430\u044f \u0441\u0442\u0440\u0430\u043d\u0438\u0446\u0430\",\"item\":\"https:\/\/spskincare.ee\/et\/\"},{\"@type\":\"ListItem\",\"position\":2,\"name\":\"Shop\",\"item\":\"https:\/\/spskincare.ee\/shop\/\"},{\"@type\":\"ListItem\",\"position\":3,\"name\":\"AGELESS kooriv mask\"}]},{\"@type\":\"WebSite\",\"@id\":\"https:\/\/spskincare.ee\/et\/#website\",\"url\":\"https:\/\/spskincare.ee\/et\/\",\"name\":\"SPskincare\",\"description\":\"kosmeetik Tallinnas\",\"publisher\":{\"@id\":\"https:\/\/spskincare.ee\/et\/#organization\"},\"potentialAction\":[{\"@type\":\"SearchAction\",\"target\":{\"@type\":\"EntryPoint\",\"urlTemplate\":\"https:\/\/spskincare.ee\/et\/?s={search_term_string}\"},\"query-input\":{\"@type\":\"PropertyValueSpecification\",\"valueRequired\":true,\"valueName\":\"search_term_string\"}}],\"inLanguage\":\"et\"},{\"@type\":\"Organization\",\"@id\":\"https:\/\/spskincare.ee\/et\/#organization\",\"name\":\"SPskincare\",\"url\":\"https:\/\/spskincare.ee\/et\/\",\"logo\":{\"@type\":\"ImageObject\",\"inLanguage\":\"et\",\"@id\":\"https:\/\/spskincare.ee\/et\/#\/schema\/logo\/image\/\",\"url\":\"https:\/\/spskincare.ee\/wp-content\/uploads\/2023\/05\/SP_logo_trans.png\",\"contentUrl\":\"https:\/\/spskincare.ee\/wp-content\/uploads\/2023\/05\/SP_logo_trans.png\",\"width\":500,\"height\":500,\"caption\":\"SPskincare\"},\"image\":{\"@id\":\"https:\/\/spskincare.ee\/et\/#\/schema\/logo\/image\/\"},\"sameAs\":[\"https:\/\/www.facebook.com\/sabina.marahhovskaja\",\"https:\/\/www.instagram.com\/sabinapuskina.kosmetoloog\/\"]}]}<\/script>\n<!-- \/ Yoast SEO plugin. -->","yoast_head_json":{"title":"AGELESS kooriv mask - SPskincare","robots":{"index":"index","follow":"follow","max-snippet":"max-snippet:-1","max-image-preview":"max-image-preview:large","max-video-preview":"max-video-preview:-1"},"canonical":"https:\/\/spskincare.ee\/et\/toode\/%d0%be%d1%82%d1%88%d0%b5%d0%bb%d1%83%d1%88%d0%b8%d0%b2%d0%b0%d1%8e%d1%89%d0%b0%d1%8f-%d0%bc%d0%b0%d1%81%d0%ba%d0%b0-ageless\/","og_locale":"et_EE","og_type":"article","og_title":"AGELESS kooriv mask - SPskincare","og_description":"S\u00fcgavpuhastav ja kooriv mask, mis muudab naha v\u00e4ga pehmeks ja siledaks ning j\u00e4tab tunde nagu oleks just kosmeetikut k\u00fclastanud. Maksimaalseks koorimiseks on maskis kombineeritud AHA-happed ning looduslikud p\u00e4evalilleseemne vahast mikrokristallid. Mask sobib segamiseks ka teiste Image maskide, koorijate v\u00f5i n\u00e4opesugeelidega, et parandada nende koorivaid omadusi. N\u00e4iteks segades maski oma lemmikn\u00e4opesugeeliga saad kiire ning v\u00e4rskendava koorimise. Hea nipp \u2013 kasuta maski karedal nahal, n\u00e4iteks k\u00fc\u00fcnarnukkidel ja p\u00f5lvedel, et saavutada m\u00f5nusalt pehme ja sile nahk. Mask sobib ka probleemsele nahale. Toote suurus 57 g.","og_url":"https:\/\/spskincare.ee\/et\/toode\/%d0%be%d1%82%d1%88%d0%b5%d0%bb%d1%83%d1%88%d0%b8%d0%b2%d0%b0%d1%8e%d1%89%d0%b0%d1%8f-%d0%bc%d0%b0%d1%81%d0%ba%d0%b0-ageless\/","og_site_name":"SPskincare","article_publisher":"https:\/\/www.facebook.com\/sabina.marahhovskaja","article_modified_time":"2023-07-06T12:39:30+00:00","og_image":[{"width":1200,"height":1200,"url":"https:\/\/spskincare.ee\/wp-content\/uploads\/2023\/06\/534.webp","type":"image\/webp"}],"twitter_card":"summary_large_image","twitter_misc":{"Est. reading time":"1 minut"},"schema":{"@context":"https:\/\/schema.org","@graph":[{"@type":"WebPage","@id":"https:\/\/spskincare.ee\/et\/toode\/%d0%be%d1%82%d1%88%d0%b5%d0%bb%d1%83%d1%88%d0%b8%d0%b2%d0%b0%d1%8e%d1%89%d0%b0%d1%8f-%d0%bc%d0%b0%d1%81%d0%ba%d0%b0-ageless\/","url":"https:\/\/spskincare.ee\/et\/toode\/%d0%be%d1%82%d1%88%d0%b5%d0%bb%d1%83%d1%88%d0%b8%d0%b2%d0%b0%d1%8e%d1%89%d0%b0%d1%8f-%d0%bc%d0%b0%d1%81%d0%ba%d0%b0-ageless\/","name":"AGELESS kooriv mask - SPskincare","isPartOf":{"@id":"https:\/\/spskincare.ee\/et\/#website"},"primaryImageOfPage":{"@id":"https:\/\/spskincare.ee\/et\/toode\/%d0%be%d1%82%d1%88%d0%b5%d0%bb%d1%83%d1%88%d0%b8%d0%b2%d0%b0%d1%8e%d1%89%d0%b0%d1%8f-%d0%bc%d0%b0%d1%81%d0%ba%d0%b0-ageless\/#primaryimage"},"image":{"@id":"https:\/\/spskincare.ee\/et\/toode\/%d0%be%d1%82%d1%88%d0%b5%d0%bb%d1%83%d1%88%d0%b8%d0%b2%d0%b0%d1%8e%d1%89%d0%b0%d1%8f-%d0%bc%d0%b0%d1%81%d0%ba%d0%b0-ageless\/#primaryimage"},"thumbnailUrl":"https:\/\/spskincare.ee\/wp-content\/uploads\/2023\/06\/534.webp","datePublished":"2023-06-23T06:29:05+00:00","dateModified":"2023-07-06T12:39:30+00:00","breadcrumb":{"@id":"https:\/\/spskincare.ee\/et\/toode\/%d0%be%d1%82%d1%88%d0%b5%d0%bb%d1%83%d1%88%d0%b8%d0%b2%d0%b0%d1%8e%d1%89%d0%b0%d1%8f-%d0%bc%d0%b0%d1%81%d0%ba%d0%b0-ageless\/#breadcrumb"},"inLanguage":"et","potentialAction":[{"@type":"ReadAction","target":["https:\/\/spskincare.ee\/et\/toode\/%d0%be%d1%82%d1%88%d0%b5%d0%bb%d1%83%d1%88%d0%b8%d0%b2%d0%b0%d1%8e%d1%89%d0%b0%d1%8f-%d0%bc%d0%b0%d1%81%d0%ba%d0%b0-ageless\/"]}]},{"@type":"ImageObject","inLanguage":"et","@id":"https:\/\/spskincare.ee\/et\/toode\/%d0%be%d1%82%d1%88%d0%b5%d0%bb%d1%83%d1%88%d0%b8%d0%b2%d0%b0%d1%8e%d1%89%d0%b0%d1%8f-%d0%bc%d0%b0%d1%81%d0%ba%d0%b0-ageless\/#primaryimage","url":"https:\/\/spskincare.ee\/wp-content\/uploads\/2023\/06\/534.webp","contentUrl":"https:\/\/spskincare.ee\/wp-content\/uploads\/2023\/06\/534.webp","width":1200,"height":1200},{"@type":"BreadcrumbList","@id":"https:\/\/spskincare.ee\/et\/toode\/%d0%be%d1%82%d1%88%d0%b5%d0%bb%d1%83%d1%88%d0%b8%d0%b2%d0%b0%d1%8e%d1%89%d0%b0%d1%8f-%d0%bc%d0%b0%d1%81%d0%ba%d0%b0-ageless\/#breadcrumb","itemListElement":[{"@type":"ListItem","position":1,"name":"\u0413\u043b\u0430\u0432\u043d\u0430\u044f \u0441\u0442\u0440\u0430\u043d\u0438\u0446\u0430","item":"https:\/\/spskincare.ee\/et\/"},{"@type":"ListItem","position":2,"name":"Shop","item":"https:\/\/spskincare.ee\/shop\/"},{"@type":"ListItem","position":3,"name":"AGELESS kooriv mask"}]},{"@type":"WebSite","@id":"https:\/\/spskincare.ee\/et\/#website","url":"https:\/\/spskincare.ee\/et\/","name":"SPskincare","description":"kosmeetik Tallinnas","publisher":{"@id":"https:\/\/spskincare.ee\/et\/#organization"},"potentialAction":[{"@type":"SearchAction","target":{"@type":"EntryPoint","urlTemplate":"https:\/\/spskincare.ee\/et\/?s={search_term_string}"},"query-input":{"@type":"PropertyValueSpecification","valueRequired":true,"valueName":"search_term_string"}}],"inLanguage":"et"},{"@type":"Organization","@id":"https:\/\/spskincare.ee\/et\/#organization","name":"SPskincare","url":"https:\/\/spskincare.ee\/et\/","logo":{"@type":"ImageObject","inLanguage":"et","@id":"https:\/\/spskincare.ee\/et\/#\/schema\/logo\/image\/","url":"https:\/\/spskincare.ee\/wp-content\/uploads\/2023\/05\/SP_logo_trans.png","contentUrl":"https:\/\/spskincare.ee\/wp-content\/uploads\/2023\/05\/SP_logo_trans.png","width":500,"height":500,"caption":"SPskincare"},"image":{"@id":"https:\/\/spskincare.ee\/et\/#\/schema\/logo\/image\/"},"sameAs":["https:\/\/www.facebook.com\/sabina.marahhovskaja","https:\/\/www.instagram.com\/sabinapuskina.kosmetoloog\/"]}]}},"_links":{"self":[{"href":"https:\/\/spskincare.ee\/et\/wp-json\/wp\/v2\/product\/5887","targetHints":{"allow":["GET"]}}],"collection":[{"href":"https:\/\/spskincare.ee\/et\/wp-json\/wp\/v2\/product"}],"about":[{"href":"https:\/\/spskincare.ee\/et\/wp-json\/wp\/v2\/types\/product"}],"wp:featuredmedia":[{"embeddable":true,"href":"https:\/\/spskincare.ee\/et\/wp-json\/wp\/v2\/media\/5727"}],"wp:attachment":[{"href":"https:\/\/spskincare.ee\/et\/wp-json\/wp\/v2\/media?parent=5887"}],"wp:term":[{"taxonomy":"product_brand","embeddable":true,"href":"https:\/\/spskincare.ee\/et\/wp-json\/wp\/v2\/product_brand?post=5887"},{"taxonomy":"product_cat","embeddable":true,"href":"https:\/\/spskincare.ee\/et\/wp-json\/wp\/v2\/product_cat?post=5887"},{"taxonomy":"product_tag","embeddable":true,"href":"https:\/\/spskincare.ee\/et\/wp-json\/wp\/v2\/product_tag?post=5887"}],"curies":[{"name":"wp","href":"https:\/\/api.w.org\/{rel}","templated":true}]}}