{"id":5890,"date":"2023-06-23T06:20:35","date_gmt":"2023-06-23T06:20:35","guid":{"rendered":"https:\/\/spskincare.ee\/product\/vital-c-ensumaatiline-mask\/"},"modified":"2023-07-06T12:44:19","modified_gmt":"2023-07-06T12:44:19","slug":"ensumaatiline-mask-vital-c","status":"publish","type":"product","link":"https:\/\/spskincare.ee\/et\/toode\/ensumaatiline-mask-vital-c\/","title":{"rendered":"VITAL C Ens\u00fcmaatiline mask"},"content":{"rendered":"<p>Kasutamine:<\/p>\n<p>Kanna puhastatud nahale ning j\u00e4ta 5-30 minutiks m\u00f5juma. Kasuta 1-3 korda n\u00e4dalas V\u00e4ga kuiva ja tuhmi jume korral kasutada igap\u00e4evaselt.<\/p>\n<p>Kodune kosmeetik:<\/p>\n<p>Kanna n\u00e4ole esmalt AGELESS Kooriv mask, masseeri \u00f5rnalt, seej\u00e4rel kanna n\u00e4ole Vital C Ens\u00fcmaatiline mask ja j\u00e4ta 15 minutiks m\u00f5juma.<\/p>\n<p>Koostis:<\/p>\n<p>Aqua, Carica Papaya (Papaya) Fruit Extract, Ananas Sativus (Pineapple) Fruit Extract, Glyceryl Stearate &amp; Peg 100 Stearate, L-Ascorbic Acid, Sodium Hyaluronate, Phytic Acid, Retinyl Palmitate (Vitamin A), Superoxide Dismutase, Algae Extract, Macrocystis Pyrifera Extract, Sodium Ascorbyl Phosphate, Phenoxyethanol &amp; Caprylyl Glycol &amp; Ethylhexylglycerin &amp; Hexylene Glycol, Vitis Vinifera (Grape) Seed Extract, Yeast Polysaccharide, Tocopheryl Acetate, Sodium Rna, Potassium Sorbate, Citris Aurantium Dulcis -Orange Blossom Extract (Organic), Silk Amino Acid, Sodium Dna, Disodium Edta.<\/p>\n<p>*Toodete koostises v\u00f5ib esineda m\u00f5ningaid muudatusi. T\u00e4pne koostis toote pakendil.<\/p>\n<section class=\"related products \"><\/section>\n","protected":false},"excerpt":{"rendered":"<div class=\"woocommerce-product-details__short-description\">\n<p>Nahka toidavad A-, C- ja E-vitamiinid ja mineraalid, mille m\u00f5ju on tuntav veel tunde p\u00e4rast maski kasutamist. Ideaalne toode protseduurij\u00e4rgse v\u00f5i kuivusest tingitud nahaketenduse v\u00e4hendamiseks.<\/p>\n<p>Toote suurus 57 g.<\/p>\n<section class=\"related products \"><\/section>\n<\/div>\n","protected":false},"featured_media":5719,"template":"","meta":[],"product_brand":[],"product_cat":[110],"product_tag":[114],"class_list":{"0":"post-5890","1":"product","2":"type-product","3":"status-publish","4":"has-post-thumbnail","6":"product_cat-maskid","7":"product_tag-mask","9":"first","10":"instock","11":"shipping-taxable","12":"purchasable","13":"product-type-simple"},"yoast_head":"<!-- This site is optimized with the Yoast SEO plugin v26.2 - https:\/\/yoast.com\/wordpress\/plugins\/seo\/ -->\n<title>VITAL C Ens\u00fcmaatiline mask - SPskincare<\/title>\n<meta name=\"robots\" content=\"index, follow, max-snippet:-1, max-image-preview:large, max-video-preview:-1\" \/>\n<link rel=\"canonical\" href=\"https:\/\/spskincare.ee\/et\/toode\/ensumaatiline-mask-vital-c\/\" \/>\n<meta property=\"og:locale\" content=\"et_EE\" \/>\n<meta property=\"og:type\" content=\"article\" \/>\n<meta property=\"og:title\" content=\"VITAL C Ens\u00fcmaatiline mask - SPskincare\" \/>\n<meta property=\"og:description\" content=\"Nahka toidavad A-, C- ja E-vitamiinid ja mineraalid, mille m\u00f5ju on tuntav veel tunde p\u00e4rast maski kasutamist. Ideaalne toode protseduurij\u00e4rgse v\u00f5i kuivusest tingitud nahaketenduse v\u00e4hendamiseks. Toote suurus 57 g.\" \/>\n<meta property=\"og:url\" content=\"https:\/\/spskincare.ee\/et\/toode\/ensumaatiline-mask-vital-c\/\" \/>\n<meta property=\"og:site_name\" content=\"SPskincare\" \/>\n<meta property=\"article:publisher\" content=\"https:\/\/www.facebook.com\/sabina.marahhovskaja\" \/>\n<meta property=\"article:modified_time\" content=\"2023-07-06T12:44:19+00:00\" \/>\n<meta property=\"og:image\" content=\"https:\/\/spskincare.ee\/wp-content\/uploads\/2023\/06\/\u0443\u043a\u0446.webp\" \/>\n\t<meta property=\"og:image:width\" content=\"1000\" \/>\n\t<meta property=\"og:image:height\" content=\"1000\" \/>\n\t<meta property=\"og:image:type\" content=\"image\/webp\" \/>\n<meta name=\"twitter:card\" content=\"summary_large_image\" \/>\n<meta name=\"twitter:label1\" content=\"Est. reading time\" \/>\n\t<meta name=\"twitter:data1\" content=\"1 minut\" \/>\n<script type=\"application\/ld+json\" class=\"yoast-schema-graph\">{\"@context\":\"https:\/\/schema.org\",\"@graph\":[{\"@type\":\"WebPage\",\"@id\":\"https:\/\/spskincare.ee\/et\/toode\/ensumaatiline-mask-vital-c\/\",\"url\":\"https:\/\/spskincare.ee\/et\/toode\/ensumaatiline-mask-vital-c\/\",\"name\":\"VITAL C Ens\u00fcmaatiline mask - SPskincare\",\"isPartOf\":{\"@id\":\"https:\/\/spskincare.ee\/et\/#website\"},\"primaryImageOfPage\":{\"@id\":\"https:\/\/spskincare.ee\/et\/toode\/ensumaatiline-mask-vital-c\/#primaryimage\"},\"image\":{\"@id\":\"https:\/\/spskincare.ee\/et\/toode\/ensumaatiline-mask-vital-c\/#primaryimage\"},\"thumbnailUrl\":\"https:\/\/spskincare.ee\/wp-content\/uploads\/2023\/06\/\u0443\u043a\u0446.webp\",\"datePublished\":\"2023-06-23T06:20:35+00:00\",\"dateModified\":\"2023-07-06T12:44:19+00:00\",\"breadcrumb\":{\"@id\":\"https:\/\/spskincare.ee\/et\/toode\/ensumaatiline-mask-vital-c\/#breadcrumb\"},\"inLanguage\":\"et\",\"potentialAction\":[{\"@type\":\"ReadAction\",\"target\":[\"https:\/\/spskincare.ee\/et\/toode\/ensumaatiline-mask-vital-c\/\"]}]},{\"@type\":\"ImageObject\",\"inLanguage\":\"et\",\"@id\":\"https:\/\/spskincare.ee\/et\/toode\/ensumaatiline-mask-vital-c\/#primaryimage\",\"url\":\"https:\/\/spskincare.ee\/wp-content\/uploads\/2023\/06\/\u0443\u043a\u0446.webp\",\"contentUrl\":\"https:\/\/spskincare.ee\/wp-content\/uploads\/2023\/06\/\u0443\u043a\u0446.webp\",\"width\":1000,\"height\":1000},{\"@type\":\"BreadcrumbList\",\"@id\":\"https:\/\/spskincare.ee\/et\/toode\/ensumaatiline-mask-vital-c\/#breadcrumb\",\"itemListElement\":[{\"@type\":\"ListItem\",\"position\":1,\"name\":\"\u0413\u043b\u0430\u0432\u043d\u0430\u044f \u0441\u0442\u0440\u0430\u043d\u0438\u0446\u0430\",\"item\":\"https:\/\/spskincare.ee\/et\/\"},{\"@type\":\"ListItem\",\"position\":2,\"name\":\"Shop\",\"item\":\"https:\/\/spskincare.ee\/shop\/\"},{\"@type\":\"ListItem\",\"position\":3,\"name\":\"VITAL C Ens\u00fcmaatiline mask\"}]},{\"@type\":\"WebSite\",\"@id\":\"https:\/\/spskincare.ee\/et\/#website\",\"url\":\"https:\/\/spskincare.ee\/et\/\",\"name\":\"SPskincare\",\"description\":\"kosmeetik Tallinnas\",\"publisher\":{\"@id\":\"https:\/\/spskincare.ee\/et\/#organization\"},\"potentialAction\":[{\"@type\":\"SearchAction\",\"target\":{\"@type\":\"EntryPoint\",\"urlTemplate\":\"https:\/\/spskincare.ee\/et\/?s={search_term_string}\"},\"query-input\":{\"@type\":\"PropertyValueSpecification\",\"valueRequired\":true,\"valueName\":\"search_term_string\"}}],\"inLanguage\":\"et\"},{\"@type\":\"Organization\",\"@id\":\"https:\/\/spskincare.ee\/et\/#organization\",\"name\":\"SPskincare\",\"url\":\"https:\/\/spskincare.ee\/et\/\",\"logo\":{\"@type\":\"ImageObject\",\"inLanguage\":\"et\",\"@id\":\"https:\/\/spskincare.ee\/et\/#\/schema\/logo\/image\/\",\"url\":\"https:\/\/spskincare.ee\/wp-content\/uploads\/2023\/05\/SP_logo_trans.png\",\"contentUrl\":\"https:\/\/spskincare.ee\/wp-content\/uploads\/2023\/05\/SP_logo_trans.png\",\"width\":500,\"height\":500,\"caption\":\"SPskincare\"},\"image\":{\"@id\":\"https:\/\/spskincare.ee\/et\/#\/schema\/logo\/image\/\"},\"sameAs\":[\"https:\/\/www.facebook.com\/sabina.marahhovskaja\",\"https:\/\/www.instagram.com\/sabinapuskina.kosmetoloog\/\"]}]}<\/script>\n<!-- \/ Yoast SEO plugin. -->","yoast_head_json":{"title":"VITAL C Ens\u00fcmaatiline mask - SPskincare","robots":{"index":"index","follow":"follow","max-snippet":"max-snippet:-1","max-image-preview":"max-image-preview:large","max-video-preview":"max-video-preview:-1"},"canonical":"https:\/\/spskincare.ee\/et\/toode\/ensumaatiline-mask-vital-c\/","og_locale":"et_EE","og_type":"article","og_title":"VITAL C Ens\u00fcmaatiline mask - SPskincare","og_description":"Nahka toidavad A-, C- ja E-vitamiinid ja mineraalid, mille m\u00f5ju on tuntav veel tunde p\u00e4rast maski kasutamist. Ideaalne toode protseduurij\u00e4rgse v\u00f5i kuivusest tingitud nahaketenduse v\u00e4hendamiseks. Toote suurus 57 g.","og_url":"https:\/\/spskincare.ee\/et\/toode\/ensumaatiline-mask-vital-c\/","og_site_name":"SPskincare","article_publisher":"https:\/\/www.facebook.com\/sabina.marahhovskaja","article_modified_time":"2023-07-06T12:44:19+00:00","og_image":[{"width":1000,"height":1000,"url":"https:\/\/spskincare.ee\/wp-content\/uploads\/2023\/06\/\u0443\u043a\u0446.webp","type":"image\/webp"}],"twitter_card":"summary_large_image","twitter_misc":{"Est. reading time":"1 minut"},"schema":{"@context":"https:\/\/schema.org","@graph":[{"@type":"WebPage","@id":"https:\/\/spskincare.ee\/et\/toode\/ensumaatiline-mask-vital-c\/","url":"https:\/\/spskincare.ee\/et\/toode\/ensumaatiline-mask-vital-c\/","name":"VITAL C Ens\u00fcmaatiline mask - SPskincare","isPartOf":{"@id":"https:\/\/spskincare.ee\/et\/#website"},"primaryImageOfPage":{"@id":"https:\/\/spskincare.ee\/et\/toode\/ensumaatiline-mask-vital-c\/#primaryimage"},"image":{"@id":"https:\/\/spskincare.ee\/et\/toode\/ensumaatiline-mask-vital-c\/#primaryimage"},"thumbnailUrl":"https:\/\/spskincare.ee\/wp-content\/uploads\/2023\/06\/\u0443\u043a\u0446.webp","datePublished":"2023-06-23T06:20:35+00:00","dateModified":"2023-07-06T12:44:19+00:00","breadcrumb":{"@id":"https:\/\/spskincare.ee\/et\/toode\/ensumaatiline-mask-vital-c\/#breadcrumb"},"inLanguage":"et","potentialAction":[{"@type":"ReadAction","target":["https:\/\/spskincare.ee\/et\/toode\/ensumaatiline-mask-vital-c\/"]}]},{"@type":"ImageObject","inLanguage":"et","@id":"https:\/\/spskincare.ee\/et\/toode\/ensumaatiline-mask-vital-c\/#primaryimage","url":"https:\/\/spskincare.ee\/wp-content\/uploads\/2023\/06\/\u0443\u043a\u0446.webp","contentUrl":"https:\/\/spskincare.ee\/wp-content\/uploads\/2023\/06\/\u0443\u043a\u0446.webp","width":1000,"height":1000},{"@type":"BreadcrumbList","@id":"https:\/\/spskincare.ee\/et\/toode\/ensumaatiline-mask-vital-c\/#breadcrumb","itemListElement":[{"@type":"ListItem","position":1,"name":"\u0413\u043b\u0430\u0432\u043d\u0430\u044f \u0441\u0442\u0440\u0430\u043d\u0438\u0446\u0430","item":"https:\/\/spskincare.ee\/et\/"},{"@type":"ListItem","position":2,"name":"Shop","item":"https:\/\/spskincare.ee\/shop\/"},{"@type":"ListItem","position":3,"name":"VITAL C Ens\u00fcmaatiline mask"}]},{"@type":"WebSite","@id":"https:\/\/spskincare.ee\/et\/#website","url":"https:\/\/spskincare.ee\/et\/","name":"SPskincare","description":"kosmeetik Tallinnas","publisher":{"@id":"https:\/\/spskincare.ee\/et\/#organization"},"potentialAction":[{"@type":"SearchAction","target":{"@type":"EntryPoint","urlTemplate":"https:\/\/spskincare.ee\/et\/?s={search_term_string}"},"query-input":{"@type":"PropertyValueSpecification","valueRequired":true,"valueName":"search_term_string"}}],"inLanguage":"et"},{"@type":"Organization","@id":"https:\/\/spskincare.ee\/et\/#organization","name":"SPskincare","url":"https:\/\/spskincare.ee\/et\/","logo":{"@type":"ImageObject","inLanguage":"et","@id":"https:\/\/spskincare.ee\/et\/#\/schema\/logo\/image\/","url":"https:\/\/spskincare.ee\/wp-content\/uploads\/2023\/05\/SP_logo_trans.png","contentUrl":"https:\/\/spskincare.ee\/wp-content\/uploads\/2023\/05\/SP_logo_trans.png","width":500,"height":500,"caption":"SPskincare"},"image":{"@id":"https:\/\/spskincare.ee\/et\/#\/schema\/logo\/image\/"},"sameAs":["https:\/\/www.facebook.com\/sabina.marahhovskaja","https:\/\/www.instagram.com\/sabinapuskina.kosmetoloog\/"]}]}},"_links":{"self":[{"href":"https:\/\/spskincare.ee\/et\/wp-json\/wp\/v2\/product\/5890","targetHints":{"allow":["GET"]}}],"collection":[{"href":"https:\/\/spskincare.ee\/et\/wp-json\/wp\/v2\/product"}],"about":[{"href":"https:\/\/spskincare.ee\/et\/wp-json\/wp\/v2\/types\/product"}],"wp:featuredmedia":[{"embeddable":true,"href":"https:\/\/spskincare.ee\/et\/wp-json\/wp\/v2\/media\/5719"}],"wp:attachment":[{"href":"https:\/\/spskincare.ee\/et\/wp-json\/wp\/v2\/media?parent=5890"}],"wp:term":[{"taxonomy":"product_brand","embeddable":true,"href":"https:\/\/spskincare.ee\/et\/wp-json\/wp\/v2\/product_brand?post=5890"},{"taxonomy":"product_cat","embeddable":true,"href":"https:\/\/spskincare.ee\/et\/wp-json\/wp\/v2\/product_cat?post=5890"},{"taxonomy":"product_tag","embeddable":true,"href":"https:\/\/spskincare.ee\/et\/wp-json\/wp\/v2\/product_tag?post=5890"}],"curies":[{"name":"wp","href":"https:\/\/api.w.org\/{rel}","templated":true}]}}