{"id":5891,"date":"2023-06-23T06:12:31","date_gmt":"2023-06-23T06:12:31","guid":{"rendered":"https:\/\/spskincare.ee\/product\/md-protseduurijargne-volumiseeriv-huulepalsam-spf-15\/"},"modified":"2023-07-06T12:46:11","modified_gmt":"2023-07-06T12:46:11","slug":"protseduurijargn-volumiseeriv-huulepalsam","status":"publish","type":"product","link":"https:\/\/spskincare.ee\/et\/toode\/protseduurijargn-volumiseeriv-huulepalsam\/","title":{"rendered":"MD Protseduurij\u00e4rgne vol\u00fcmiseeriv huulepalsam SPF 15"},"content":{"rendered":"<p>Kasutamine:<\/p>\n<p>Kanna huultele nii tihti kui vaja v\u00f5i s\u00fcstimise\/n\u00e4ohoolduse j\u00e4rgselt. Kasutage peale kosmeetilisi protseduure.<\/p>\n<p>Koostis:<\/p>\n<p>AVOBENZONE 3,0 %, HOMOSALATE 10,0 %, OCTISALATE 5,0 %, OCTOCRYLENE 4,0 %, HYDROGENATED POLYISOBUTENE, ETHYLENE\/PROPYLENE\/STYRENE COPOLYMER, PENTAERYTHRITYL TETRAISOSTEARATE, ETHYLHEXYL PALMITATE, PPG-12\/SMDI COPOLYMER, BUTYLENE\/ETHYLENE\/STYRENE COPOLYMER, FLAVOR, LIMONENE, TRIBEHENIN, PHENYL TRIMETHICONE, SORBITAN ISOSTEARATE, SILICA DIMETHYL SILYLATE, PENTAERYTHRITYL TETRA-DI-T-BUTYL HYDROXYHYDROCINNAMATE, BUTYLENE GLYCOL, PENTYLENE GLYCOL, LINALOOL, SODIUM CHONDROITIN SULFATE, ATELOCOLLAGEN, PALMITOYL TRIPEPTIDE-1, PERSEA GRATISSIMA OIL, DIISOPROPYL DIMER DILINOLEATE, TOCOPHERYL ACETATE, TOCOPHEROL, ORYZANOL, UBIQUINONE.<\/p>\n<p>*Toodete koostises v\u00f5ib esineda m\u00f5ningaid muudatusi. T\u00e4pne koostis toote pakendil.<\/p>\n<section class=\"related products \"><\/section>\n","protected":false},"excerpt":{"rendered":"<div class=\"woocommerce-product-details__short-description\">\n<p>Toitev, niisutav ja vol\u00fcmiseeriv huulpalsam p\u00e4ikesekaitsega. Merekollageeni mikrosf\u00e4\u00e4rid lisavad vol\u00fc\u00fcmi ning aitavad v\u00e4hendada huulekortse. Orgaaniline avokaado\u00f5li niisutab, toidab ja lisab s\u00e4ra. Sobib ka s\u00fcstimisj\u00e4rgse punetuse v\u00e4hendamiseks ning s\u00fcstimisj\u00e4rgselt \u00f5rnade huulte kaitseks. V\u00e4lja t\u00f6\u00f6tatud ilukirurgide poolt. Pikendab t\u00e4iteainete toimet.<\/p>\n<p>Toote suurus 15ml.<\/p>\n<section class=\"related products \"><\/section>\n<\/div>\n","protected":false},"featured_media":5717,"template":"","meta":[],"product_brand":[],"product_cat":[106],"product_tag":[115],"class_list":{"0":"post-5891","1":"product","2":"type-product","3":"status-publish","4":"has-post-thumbnail","6":"product_cat-huulepalsamid","7":"product_tag-huulepalsam","9":"first","10":"instock","11":"shipping-taxable","12":"purchasable","13":"product-type-simple"},"yoast_head":"<!-- This site is optimized with the Yoast SEO plugin v26.2 - https:\/\/yoast.com\/wordpress\/plugins\/seo\/ -->\n<title>MD Protseduurij\u00e4rgne vol\u00fcmiseeriv huulepalsam SPF 15 - SPskincare<\/title>\n<meta name=\"robots\" content=\"index, follow, max-snippet:-1, max-image-preview:large, max-video-preview:-1\" \/>\n<link rel=\"canonical\" href=\"https:\/\/spskincare.ee\/et\/toode\/protseduurijargn-volumiseeriv-huulepalsam\/\" \/>\n<meta property=\"og:locale\" content=\"et_EE\" \/>\n<meta property=\"og:type\" content=\"article\" \/>\n<meta property=\"og:title\" content=\"MD Protseduurij\u00e4rgne vol\u00fcmiseeriv huulepalsam SPF 15 - SPskincare\" \/>\n<meta property=\"og:description\" content=\"Toitev, niisutav ja vol\u00fcmiseeriv huulpalsam p\u00e4ikesekaitsega. Merekollageeni mikrosf\u00e4\u00e4rid lisavad vol\u00fc\u00fcmi ning aitavad v\u00e4hendada huulekortse. Orgaaniline avokaado\u00f5li niisutab, toidab ja lisab s\u00e4ra. Sobib ka s\u00fcstimisj\u00e4rgse punetuse v\u00e4hendamiseks ning s\u00fcstimisj\u00e4rgselt \u00f5rnade huulte kaitseks. V\u00e4lja t\u00f6\u00f6tatud ilukirurgide poolt. Pikendab t\u00e4iteainete toimet. Toote suurus 15ml.\" \/>\n<meta property=\"og:url\" content=\"https:\/\/spskincare.ee\/et\/toode\/protseduurijargn-volumiseeriv-huulepalsam\/\" \/>\n<meta property=\"og:site_name\" content=\"SPskincare\" \/>\n<meta property=\"article:publisher\" content=\"https:\/\/www.facebook.com\/sabina.marahhovskaja\" \/>\n<meta property=\"article:modified_time\" content=\"2023-07-06T12:46:11+00:00\" \/>\n<meta property=\"og:image\" content=\"https:\/\/spskincare.ee\/wp-content\/uploads\/2023\/06\/\u0443\u043a\u0446-2.jpeg\" \/>\n\t<meta property=\"og:image:width\" content=\"1600\" \/>\n\t<meta property=\"og:image:height\" content=\"1600\" \/>\n\t<meta property=\"og:image:type\" content=\"image\/jpeg\" \/>\n<meta name=\"twitter:card\" content=\"summary_large_image\" \/>\n<script type=\"application\/ld+json\" class=\"yoast-schema-graph\">{\"@context\":\"https:\/\/schema.org\",\"@graph\":[{\"@type\":\"WebPage\",\"@id\":\"https:\/\/spskincare.ee\/et\/toode\/protseduurijargn-volumiseeriv-huulepalsam\/\",\"url\":\"https:\/\/spskincare.ee\/et\/toode\/protseduurijargn-volumiseeriv-huulepalsam\/\",\"name\":\"MD Protseduurij\u00e4rgne vol\u00fcmiseeriv huulepalsam SPF 15 - SPskincare\",\"isPartOf\":{\"@id\":\"https:\/\/spskincare.ee\/et\/#website\"},\"primaryImageOfPage\":{\"@id\":\"https:\/\/spskincare.ee\/et\/toode\/protseduurijargn-volumiseeriv-huulepalsam\/#primaryimage\"},\"image\":{\"@id\":\"https:\/\/spskincare.ee\/et\/toode\/protseduurijargn-volumiseeriv-huulepalsam\/#primaryimage\"},\"thumbnailUrl\":\"https:\/\/spskincare.ee\/wp-content\/uploads\/2023\/06\/\u0443\u043a\u0446-2.jpeg\",\"datePublished\":\"2023-06-23T06:12:31+00:00\",\"dateModified\":\"2023-07-06T12:46:11+00:00\",\"breadcrumb\":{\"@id\":\"https:\/\/spskincare.ee\/et\/toode\/protseduurijargn-volumiseeriv-huulepalsam\/#breadcrumb\"},\"inLanguage\":\"et\",\"potentialAction\":[{\"@type\":\"ReadAction\",\"target\":[\"https:\/\/spskincare.ee\/et\/toode\/protseduurijargn-volumiseeriv-huulepalsam\/\"]}]},{\"@type\":\"ImageObject\",\"inLanguage\":\"et\",\"@id\":\"https:\/\/spskincare.ee\/et\/toode\/protseduurijargn-volumiseeriv-huulepalsam\/#primaryimage\",\"url\":\"https:\/\/spskincare.ee\/wp-content\/uploads\/2023\/06\/\u0443\u043a\u0446-2.jpeg\",\"contentUrl\":\"https:\/\/spskincare.ee\/wp-content\/uploads\/2023\/06\/\u0443\u043a\u0446-2.jpeg\",\"width\":1600,\"height\":1600},{\"@type\":\"BreadcrumbList\",\"@id\":\"https:\/\/spskincare.ee\/et\/toode\/protseduurijargn-volumiseeriv-huulepalsam\/#breadcrumb\",\"itemListElement\":[{\"@type\":\"ListItem\",\"position\":1,\"name\":\"\u0413\u043b\u0430\u0432\u043d\u0430\u044f \u0441\u0442\u0440\u0430\u043d\u0438\u0446\u0430\",\"item\":\"https:\/\/spskincare.ee\/et\/\"},{\"@type\":\"ListItem\",\"position\":2,\"name\":\"Shop\",\"item\":\"https:\/\/spskincare.ee\/shop\/\"},{\"@type\":\"ListItem\",\"position\":3,\"name\":\"MD Protseduurij\u00e4rgne vol\u00fcmiseeriv huulepalsam SPF 15\"}]},{\"@type\":\"WebSite\",\"@id\":\"https:\/\/spskincare.ee\/et\/#website\",\"url\":\"https:\/\/spskincare.ee\/et\/\",\"name\":\"SPskincare\",\"description\":\"kosmeetik Tallinnas\",\"publisher\":{\"@id\":\"https:\/\/spskincare.ee\/et\/#organization\"},\"potentialAction\":[{\"@type\":\"SearchAction\",\"target\":{\"@type\":\"EntryPoint\",\"urlTemplate\":\"https:\/\/spskincare.ee\/et\/?s={search_term_string}\"},\"query-input\":{\"@type\":\"PropertyValueSpecification\",\"valueRequired\":true,\"valueName\":\"search_term_string\"}}],\"inLanguage\":\"et\"},{\"@type\":\"Organization\",\"@id\":\"https:\/\/spskincare.ee\/et\/#organization\",\"name\":\"SPskincare\",\"url\":\"https:\/\/spskincare.ee\/et\/\",\"logo\":{\"@type\":\"ImageObject\",\"inLanguage\":\"et\",\"@id\":\"https:\/\/spskincare.ee\/et\/#\/schema\/logo\/image\/\",\"url\":\"https:\/\/spskincare.ee\/wp-content\/uploads\/2023\/05\/SP_logo_trans.png\",\"contentUrl\":\"https:\/\/spskincare.ee\/wp-content\/uploads\/2023\/05\/SP_logo_trans.png\",\"width\":500,\"height\":500,\"caption\":\"SPskincare\"},\"image\":{\"@id\":\"https:\/\/spskincare.ee\/et\/#\/schema\/logo\/image\/\"},\"sameAs\":[\"https:\/\/www.facebook.com\/sabina.marahhovskaja\",\"https:\/\/www.instagram.com\/sabinapuskina.kosmetoloog\/\"]}]}<\/script>\n<!-- \/ Yoast SEO plugin. -->","yoast_head_json":{"title":"MD Protseduurij\u00e4rgne vol\u00fcmiseeriv huulepalsam SPF 15 - SPskincare","robots":{"index":"index","follow":"follow","max-snippet":"max-snippet:-1","max-image-preview":"max-image-preview:large","max-video-preview":"max-video-preview:-1"},"canonical":"https:\/\/spskincare.ee\/et\/toode\/protseduurijargn-volumiseeriv-huulepalsam\/","og_locale":"et_EE","og_type":"article","og_title":"MD Protseduurij\u00e4rgne vol\u00fcmiseeriv huulepalsam SPF 15 - SPskincare","og_description":"Toitev, niisutav ja vol\u00fcmiseeriv huulpalsam p\u00e4ikesekaitsega. Merekollageeni mikrosf\u00e4\u00e4rid lisavad vol\u00fc\u00fcmi ning aitavad v\u00e4hendada huulekortse. Orgaaniline avokaado\u00f5li niisutab, toidab ja lisab s\u00e4ra. Sobib ka s\u00fcstimisj\u00e4rgse punetuse v\u00e4hendamiseks ning s\u00fcstimisj\u00e4rgselt \u00f5rnade huulte kaitseks. V\u00e4lja t\u00f6\u00f6tatud ilukirurgide poolt. Pikendab t\u00e4iteainete toimet. Toote suurus 15ml.","og_url":"https:\/\/spskincare.ee\/et\/toode\/protseduurijargn-volumiseeriv-huulepalsam\/","og_site_name":"SPskincare","article_publisher":"https:\/\/www.facebook.com\/sabina.marahhovskaja","article_modified_time":"2023-07-06T12:46:11+00:00","og_image":[{"width":1600,"height":1600,"url":"https:\/\/spskincare.ee\/wp-content\/uploads\/2023\/06\/\u0443\u043a\u0446-2.jpeg","type":"image\/jpeg"}],"twitter_card":"summary_large_image","schema":{"@context":"https:\/\/schema.org","@graph":[{"@type":"WebPage","@id":"https:\/\/spskincare.ee\/et\/toode\/protseduurijargn-volumiseeriv-huulepalsam\/","url":"https:\/\/spskincare.ee\/et\/toode\/protseduurijargn-volumiseeriv-huulepalsam\/","name":"MD Protseduurij\u00e4rgne vol\u00fcmiseeriv huulepalsam SPF 15 - SPskincare","isPartOf":{"@id":"https:\/\/spskincare.ee\/et\/#website"},"primaryImageOfPage":{"@id":"https:\/\/spskincare.ee\/et\/toode\/protseduurijargn-volumiseeriv-huulepalsam\/#primaryimage"},"image":{"@id":"https:\/\/spskincare.ee\/et\/toode\/protseduurijargn-volumiseeriv-huulepalsam\/#primaryimage"},"thumbnailUrl":"https:\/\/spskincare.ee\/wp-content\/uploads\/2023\/06\/\u0443\u043a\u0446-2.jpeg","datePublished":"2023-06-23T06:12:31+00:00","dateModified":"2023-07-06T12:46:11+00:00","breadcrumb":{"@id":"https:\/\/spskincare.ee\/et\/toode\/protseduurijargn-volumiseeriv-huulepalsam\/#breadcrumb"},"inLanguage":"et","potentialAction":[{"@type":"ReadAction","target":["https:\/\/spskincare.ee\/et\/toode\/protseduurijargn-volumiseeriv-huulepalsam\/"]}]},{"@type":"ImageObject","inLanguage":"et","@id":"https:\/\/spskincare.ee\/et\/toode\/protseduurijargn-volumiseeriv-huulepalsam\/#primaryimage","url":"https:\/\/spskincare.ee\/wp-content\/uploads\/2023\/06\/\u0443\u043a\u0446-2.jpeg","contentUrl":"https:\/\/spskincare.ee\/wp-content\/uploads\/2023\/06\/\u0443\u043a\u0446-2.jpeg","width":1600,"height":1600},{"@type":"BreadcrumbList","@id":"https:\/\/spskincare.ee\/et\/toode\/protseduurijargn-volumiseeriv-huulepalsam\/#breadcrumb","itemListElement":[{"@type":"ListItem","position":1,"name":"\u0413\u043b\u0430\u0432\u043d\u0430\u044f \u0441\u0442\u0440\u0430\u043d\u0438\u0446\u0430","item":"https:\/\/spskincare.ee\/et\/"},{"@type":"ListItem","position":2,"name":"Shop","item":"https:\/\/spskincare.ee\/shop\/"},{"@type":"ListItem","position":3,"name":"MD Protseduurij\u00e4rgne vol\u00fcmiseeriv huulepalsam SPF 15"}]},{"@type":"WebSite","@id":"https:\/\/spskincare.ee\/et\/#website","url":"https:\/\/spskincare.ee\/et\/","name":"SPskincare","description":"kosmeetik Tallinnas","publisher":{"@id":"https:\/\/spskincare.ee\/et\/#organization"},"potentialAction":[{"@type":"SearchAction","target":{"@type":"EntryPoint","urlTemplate":"https:\/\/spskincare.ee\/et\/?s={search_term_string}"},"query-input":{"@type":"PropertyValueSpecification","valueRequired":true,"valueName":"search_term_string"}}],"inLanguage":"et"},{"@type":"Organization","@id":"https:\/\/spskincare.ee\/et\/#organization","name":"SPskincare","url":"https:\/\/spskincare.ee\/et\/","logo":{"@type":"ImageObject","inLanguage":"et","@id":"https:\/\/spskincare.ee\/et\/#\/schema\/logo\/image\/","url":"https:\/\/spskincare.ee\/wp-content\/uploads\/2023\/05\/SP_logo_trans.png","contentUrl":"https:\/\/spskincare.ee\/wp-content\/uploads\/2023\/05\/SP_logo_trans.png","width":500,"height":500,"caption":"SPskincare"},"image":{"@id":"https:\/\/spskincare.ee\/et\/#\/schema\/logo\/image\/"},"sameAs":["https:\/\/www.facebook.com\/sabina.marahhovskaja","https:\/\/www.instagram.com\/sabinapuskina.kosmetoloog\/"]}]}},"_links":{"self":[{"href":"https:\/\/spskincare.ee\/et\/wp-json\/wp\/v2\/product\/5891","targetHints":{"allow":["GET"]}}],"collection":[{"href":"https:\/\/spskincare.ee\/et\/wp-json\/wp\/v2\/product"}],"about":[{"href":"https:\/\/spskincare.ee\/et\/wp-json\/wp\/v2\/types\/product"}],"wp:featuredmedia":[{"embeddable":true,"href":"https:\/\/spskincare.ee\/et\/wp-json\/wp\/v2\/media\/5717"}],"wp:attachment":[{"href":"https:\/\/spskincare.ee\/et\/wp-json\/wp\/v2\/media?parent=5891"}],"wp:term":[{"taxonomy":"product_brand","embeddable":true,"href":"https:\/\/spskincare.ee\/et\/wp-json\/wp\/v2\/product_brand?post=5891"},{"taxonomy":"product_cat","embeddable":true,"href":"https:\/\/spskincare.ee\/et\/wp-json\/wp\/v2\/product_cat?post=5891"},{"taxonomy":"product_tag","embeddable":true,"href":"https:\/\/spskincare.ee\/et\/wp-json\/wp\/v2\/product_tag?post=5891"}],"curies":[{"name":"wp","href":"https:\/\/api.w.org\/{rel}","templated":true}]}}