{"id":5895,"date":"2023-06-23T05:52:02","date_gmt":"2023-06-23T05:52:02","guid":{"rendered":"https:\/\/spskincare.ee\/product\/ageless-pinguldav-kreem-silmaumbrusele\/"},"modified":"2023-07-06T12:56:03","modified_gmt":"2023-07-06T12:56:03","slug":"%d0%bb%d0%b8%d1%84%d1%82%d0%b8%d0%bd%d0%b3%d0%be%d0%b2%d1%8b%d0%b9-%d0%ba%d1%80%d0%b5%d0%bc-%d0%b2%d0%be%d0%ba%d1%80%d1%83%d0%b3-%d0%b3%d0%bb%d0%b0%d0%b7-%d1%81-%d1%80%d0%b5%d1%82%d0%b8%d0%bd%d0%be","status":"publish","type":"product","link":"https:\/\/spskincare.ee\/et\/toode\/%d0%bb%d0%b8%d1%84%d1%82%d0%b8%d0%bd%d0%b3%d0%be%d0%b2%d1%8b%d0%b9-%d0%ba%d1%80%d0%b5%d0%bc-%d0%b2%d0%be%d0%ba%d1%80%d1%83%d0%b3-%d0%b3%d0%bb%d0%b0%d0%b7-%d1%81-%d1%80%d0%b5%d1%82%d0%b8%d0%bd%d0%be\/","title":{"rendered":"AGELESS Pinguldav kreem silma\u00fcmbrusele"},"content":{"rendered":"<p>Kasutamine:<\/p>\n<p>Kanna kreemi silmapiirkonnale \u00f5htuti \u00f6iseks paranduseks. Kerge nahapunetus manustamispiirkonnas on normaalne reaktsioon. Kasuta 2-7 korda n\u00e4dalas.<\/p>\n<p>Kui kasutad toodet p\u00e4ikeselisel perioodil siis soovitame parimate tulemuste saavutamiseks p\u00e4evasel ajal kasutada p\u00e4ikesekaitsega p\u00e4eva- v\u00f5i jumestuskreemi.<\/p>\n<p>Koostis:<\/p>\n<p>Aqua, Aloe Barbadensis Leaf Juice, Sodium Hyaluronate, Echinacea Purpurea Extract, Camellia Sinensis Leaf Extract, Hesperidin Methyl Chalcone, Palmitoyl Tetrapeptide-7, Dipeptide-2, Algae Extract, Malus Domestica Fruit Cell Culture Extract, Pullulan, Retinyl Palmitate, Caprylic\/Capric Triglyceride, Glycerin, Simmondsia Chinensis (Jojoba) Seed Oil, Cetearyl Alcohol, Glyceryl Stearate, Peg-100 Stearate, Butyrospermum Parkii (Shea) Butter, Squalane, Glycolic Acid, Imperata Cylindrica Root Extract, Polysorbate 80, Isohexadecane, Sodium Acrylate\/Sodium Acryloyldimethyl Taurate\/Acrylamide Copolymer, Stearic Acid, Mangifera Indica (Mango) Seed Butter, Centella Asiatica Extract, Chamomilla Recutita (Matricaria) Flower Extract, Cucumis Sativus (Cucumber) Fruit Extract, Vitis Vinifera (Grape) Seed Extract, Thioctic Acid, Citric Acid, Hydrolyzed Wheat Protein, Tyrosine, Zea Mays (Corn) Oil, Hydrolyzed Wheat Starch, Phenoxyethanol, Ceteth-10 Phosphate, Dicetyl Phosphate, Hydroxylated Lecithin, Ppg-12\/Smdi Copolymer, Sodium Hydroxide, Beta Vulgaris (Beet) Root Extract, Caprylyl Glycol, Hydrolyzed Corn Starch, Panthenol, Peg-8, Eucalyptus Globulus Leaf Oil, Tocopheryl Acetate, Xanthan Gum, Ethylhexylglycerin, Hexylene Glycol, Linoleic Acid, Disodium Edta, Glycine Soja (Soybean) Sterols, Phospholipids, Glucosamine Hcl, Saccharomyces Cerevisiae Extract, Magnesium Aluminum Silicate, Carbomer, Ascorbyl Palmitate, Butylene Glycol, Lactic Acid, Potassium Sorbate, Biosaccharide Gum-1, Tocopherol, Sodium Benzoate, Copper Pca, Cholecalciferol\/Yeast Polypeptide, Steareth-20<\/p>\n<p>*Toodete koostises v\u00f5ib esineda m\u00f5ningaid muudatusi. T\u00e4pne koostis toote pakendil.<\/p>\n<section class=\"related products \"><\/section>\n","protected":false},"excerpt":{"rendered":"<div class=\"woocommerce-product-details__short-description\">\n<p>\u00d5rnalt magusa, ent v\u00e4rske aroomiga luksuslik kreem silmapiirkonna kortsude ja v\u00e4simuse ilmingutega v\u00f5itlemiseks. Retinool pinguldab ja silub silma\u00fcmbruse nahka ning kummel, roheline tee ja p\u00e4evak\u00fcbar rahustavad v\u00e4sinud silmi ja tumedaid silmaaluseid. Lisakaitset pakuvad taimsed t\u00fcvirakuekstraktid. Pinguldavat efekti silma\u00fcmbruses tunned juba esimesel kasutuskorral.<\/p>\n<p>Toote suurus 15ml.<\/p>\n<\/div>\n<section class=\"related products \"><\/section>\n","protected":false},"featured_media":5704,"template":"","meta":[],"product_brand":[],"product_cat":[108],"product_tag":[113],"class_list":{"0":"post-5895","1":"product","2":"type-product","3":"status-publish","4":"has-post-thumbnail","6":"product_cat-silmakreemid","7":"product_tag-silmakreem","9":"first","10":"instock","11":"shipping-taxable","12":"purchasable","13":"product-type-simple"},"yoast_head":"<!-- This site is optimized with the Yoast SEO plugin v26.2 - https:\/\/yoast.com\/wordpress\/plugins\/seo\/ -->\n<title>AGELESS Pinguldav kreem silma\u00fcmbrusele - SPskincare<\/title>\n<meta name=\"robots\" content=\"index, follow, max-snippet:-1, max-image-preview:large, max-video-preview:-1\" \/>\n<link rel=\"canonical\" href=\"https:\/\/spskincare.ee\/et\/toode\/%d0%bb%d0%b8%d1%84%d1%82%d0%b8%d0%bd%d0%b3%d0%be%d0%b2%d1%8b%d0%b9-%d0%ba%d1%80%d0%b5%d0%bc-%d0%b2%d0%be%d0%ba%d1%80%d1%83%d0%b3-%d0%b3%d0%bb%d0%b0%d0%b7-%d1%81-%d1%80%d0%b5%d1%82%d0%b8%d0%bd%d0%be\/\" \/>\n<meta property=\"og:locale\" content=\"et_EE\" \/>\n<meta property=\"og:type\" content=\"article\" \/>\n<meta property=\"og:title\" content=\"AGELESS Pinguldav kreem silma\u00fcmbrusele - SPskincare\" \/>\n<meta property=\"og:description\" content=\"\u00d5rnalt magusa, ent v\u00e4rske aroomiga luksuslik kreem silmapiirkonna kortsude ja v\u00e4simuse ilmingutega v\u00f5itlemiseks. Retinool pinguldab ja silub silma\u00fcmbruse nahka ning kummel, roheline tee ja p\u00e4evak\u00fcbar rahustavad v\u00e4sinud silmi ja tumedaid silmaaluseid. Lisakaitset pakuvad taimsed t\u00fcvirakuekstraktid. Pinguldavat efekti silma\u00fcmbruses tunned juba esimesel kasutuskorral.  Toote suurus 15ml.\" \/>\n<meta property=\"og:url\" content=\"https:\/\/spskincare.ee\/et\/toode\/%d0%bb%d0%b8%d1%84%d1%82%d0%b8%d0%bd%d0%b3%d0%be%d0%b2%d1%8b%d0%b9-%d0%ba%d1%80%d0%b5%d0%bc-%d0%b2%d0%be%d0%ba%d1%80%d1%83%d0%b3-%d0%b3%d0%bb%d0%b0%d0%b7-%d1%81-%d1%80%d0%b5%d1%82%d0%b8%d0%bd%d0%be\/\" \/>\n<meta property=\"og:site_name\" content=\"SPskincare\" \/>\n<meta property=\"article:publisher\" content=\"https:\/\/www.facebook.com\/sabina.marahhovskaja\" \/>\n<meta property=\"article:modified_time\" content=\"2023-07-06T12:56:03+00:00\" \/>\n<meta property=\"og:image\" content=\"https:\/\/spskincare.ee\/wp-content\/uploads\/2023\/06\/4243.webp\" \/>\n\t<meta property=\"og:image:width\" content=\"1600\" \/>\n\t<meta property=\"og:image:height\" content=\"1600\" \/>\n\t<meta property=\"og:image:type\" content=\"image\/webp\" \/>\n<meta name=\"twitter:card\" content=\"summary_large_image\" \/>\n<meta name=\"twitter:label1\" content=\"Est. reading time\" \/>\n\t<meta name=\"twitter:data1\" content=\"1 minut\" \/>\n<script type=\"application\/ld+json\" class=\"yoast-schema-graph\">{\"@context\":\"https:\/\/schema.org\",\"@graph\":[{\"@type\":\"WebPage\",\"@id\":\"https:\/\/spskincare.ee\/et\/toode\/%d0%bb%d0%b8%d1%84%d1%82%d0%b8%d0%bd%d0%b3%d0%be%d0%b2%d1%8b%d0%b9-%d0%ba%d1%80%d0%b5%d0%bc-%d0%b2%d0%be%d0%ba%d1%80%d1%83%d0%b3-%d0%b3%d0%bb%d0%b0%d0%b7-%d1%81-%d1%80%d0%b5%d1%82%d0%b8%d0%bd%d0%be\/\",\"url\":\"https:\/\/spskincare.ee\/et\/toode\/%d0%bb%d0%b8%d1%84%d1%82%d0%b8%d0%bd%d0%b3%d0%be%d0%b2%d1%8b%d0%b9-%d0%ba%d1%80%d0%b5%d0%bc-%d0%b2%d0%be%d0%ba%d1%80%d1%83%d0%b3-%d0%b3%d0%bb%d0%b0%d0%b7-%d1%81-%d1%80%d0%b5%d1%82%d0%b8%d0%bd%d0%be\/\",\"name\":\"AGELESS Pinguldav kreem silma\u00fcmbrusele - SPskincare\",\"isPartOf\":{\"@id\":\"https:\/\/spskincare.ee\/et\/#website\"},\"primaryImageOfPage\":{\"@id\":\"https:\/\/spskincare.ee\/et\/toode\/%d0%bb%d0%b8%d1%84%d1%82%d0%b8%d0%bd%d0%b3%d0%be%d0%b2%d1%8b%d0%b9-%d0%ba%d1%80%d0%b5%d0%bc-%d0%b2%d0%be%d0%ba%d1%80%d1%83%d0%b3-%d0%b3%d0%bb%d0%b0%d0%b7-%d1%81-%d1%80%d0%b5%d1%82%d0%b8%d0%bd%d0%be\/#primaryimage\"},\"image\":{\"@id\":\"https:\/\/spskincare.ee\/et\/toode\/%d0%bb%d0%b8%d1%84%d1%82%d0%b8%d0%bd%d0%b3%d0%be%d0%b2%d1%8b%d0%b9-%d0%ba%d1%80%d0%b5%d0%bc-%d0%b2%d0%be%d0%ba%d1%80%d1%83%d0%b3-%d0%b3%d0%bb%d0%b0%d0%b7-%d1%81-%d1%80%d0%b5%d1%82%d0%b8%d0%bd%d0%be\/#primaryimage\"},\"thumbnailUrl\":\"https:\/\/spskincare.ee\/wp-content\/uploads\/2023\/06\/4243.webp\",\"datePublished\":\"2023-06-23T05:52:02+00:00\",\"dateModified\":\"2023-07-06T12:56:03+00:00\",\"breadcrumb\":{\"@id\":\"https:\/\/spskincare.ee\/et\/toode\/%d0%bb%d0%b8%d1%84%d1%82%d0%b8%d0%bd%d0%b3%d0%be%d0%b2%d1%8b%d0%b9-%d0%ba%d1%80%d0%b5%d0%bc-%d0%b2%d0%be%d0%ba%d1%80%d1%83%d0%b3-%d0%b3%d0%bb%d0%b0%d0%b7-%d1%81-%d1%80%d0%b5%d1%82%d0%b8%d0%bd%d0%be\/#breadcrumb\"},\"inLanguage\":\"et\",\"potentialAction\":[{\"@type\":\"ReadAction\",\"target\":[\"https:\/\/spskincare.ee\/et\/toode\/%d0%bb%d0%b8%d1%84%d1%82%d0%b8%d0%bd%d0%b3%d0%be%d0%b2%d1%8b%d0%b9-%d0%ba%d1%80%d0%b5%d0%bc-%d0%b2%d0%be%d0%ba%d1%80%d1%83%d0%b3-%d0%b3%d0%bb%d0%b0%d0%b7-%d1%81-%d1%80%d0%b5%d1%82%d0%b8%d0%bd%d0%be\/\"]}]},{\"@type\":\"ImageObject\",\"inLanguage\":\"et\",\"@id\":\"https:\/\/spskincare.ee\/et\/toode\/%d0%bb%d0%b8%d1%84%d1%82%d0%b8%d0%bd%d0%b3%d0%be%d0%b2%d1%8b%d0%b9-%d0%ba%d1%80%d0%b5%d0%bc-%d0%b2%d0%be%d0%ba%d1%80%d1%83%d0%b3-%d0%b3%d0%bb%d0%b0%d0%b7-%d1%81-%d1%80%d0%b5%d1%82%d0%b8%d0%bd%d0%be\/#primaryimage\",\"url\":\"https:\/\/spskincare.ee\/wp-content\/uploads\/2023\/06\/4243.webp\",\"contentUrl\":\"https:\/\/spskincare.ee\/wp-content\/uploads\/2023\/06\/4243.webp\",\"width\":1600,\"height\":1600},{\"@type\":\"BreadcrumbList\",\"@id\":\"https:\/\/spskincare.ee\/et\/toode\/%d0%bb%d0%b8%d1%84%d1%82%d0%b8%d0%bd%d0%b3%d0%be%d0%b2%d1%8b%d0%b9-%d0%ba%d1%80%d0%b5%d0%bc-%d0%b2%d0%be%d0%ba%d1%80%d1%83%d0%b3-%d0%b3%d0%bb%d0%b0%d0%b7-%d1%81-%d1%80%d0%b5%d1%82%d0%b8%d0%bd%d0%be\/#breadcrumb\",\"itemListElement\":[{\"@type\":\"ListItem\",\"position\":1,\"name\":\"\u0413\u043b\u0430\u0432\u043d\u0430\u044f \u0441\u0442\u0440\u0430\u043d\u0438\u0446\u0430\",\"item\":\"https:\/\/spskincare.ee\/et\/\"},{\"@type\":\"ListItem\",\"position\":2,\"name\":\"Shop\",\"item\":\"https:\/\/spskincare.ee\/shop\/\"},{\"@type\":\"ListItem\",\"position\":3,\"name\":\"AGELESS Pinguldav kreem silma\u00fcmbrusele\"}]},{\"@type\":\"WebSite\",\"@id\":\"https:\/\/spskincare.ee\/et\/#website\",\"url\":\"https:\/\/spskincare.ee\/et\/\",\"name\":\"SPskincare\",\"description\":\"kosmeetik Tallinnas\",\"publisher\":{\"@id\":\"https:\/\/spskincare.ee\/et\/#organization\"},\"potentialAction\":[{\"@type\":\"SearchAction\",\"target\":{\"@type\":\"EntryPoint\",\"urlTemplate\":\"https:\/\/spskincare.ee\/et\/?s={search_term_string}\"},\"query-input\":{\"@type\":\"PropertyValueSpecification\",\"valueRequired\":true,\"valueName\":\"search_term_string\"}}],\"inLanguage\":\"et\"},{\"@type\":\"Organization\",\"@id\":\"https:\/\/spskincare.ee\/et\/#organization\",\"name\":\"SPskincare\",\"url\":\"https:\/\/spskincare.ee\/et\/\",\"logo\":{\"@type\":\"ImageObject\",\"inLanguage\":\"et\",\"@id\":\"https:\/\/spskincare.ee\/et\/#\/schema\/logo\/image\/\",\"url\":\"https:\/\/spskincare.ee\/wp-content\/uploads\/2023\/05\/SP_logo_trans.png\",\"contentUrl\":\"https:\/\/spskincare.ee\/wp-content\/uploads\/2023\/05\/SP_logo_trans.png\",\"width\":500,\"height\":500,\"caption\":\"SPskincare\"},\"image\":{\"@id\":\"https:\/\/spskincare.ee\/et\/#\/schema\/logo\/image\/\"},\"sameAs\":[\"https:\/\/www.facebook.com\/sabina.marahhovskaja\",\"https:\/\/www.instagram.com\/sabinapuskina.kosmetoloog\/\"]}]}<\/script>\n<!-- \/ Yoast SEO plugin. -->","yoast_head_json":{"title":"AGELESS Pinguldav kreem silma\u00fcmbrusele - SPskincare","robots":{"index":"index","follow":"follow","max-snippet":"max-snippet:-1","max-image-preview":"max-image-preview:large","max-video-preview":"max-video-preview:-1"},"canonical":"https:\/\/spskincare.ee\/et\/toode\/%d0%bb%d0%b8%d1%84%d1%82%d0%b8%d0%bd%d0%b3%d0%be%d0%b2%d1%8b%d0%b9-%d0%ba%d1%80%d0%b5%d0%bc-%d0%b2%d0%be%d0%ba%d1%80%d1%83%d0%b3-%d0%b3%d0%bb%d0%b0%d0%b7-%d1%81-%d1%80%d0%b5%d1%82%d0%b8%d0%bd%d0%be\/","og_locale":"et_EE","og_type":"article","og_title":"AGELESS Pinguldav kreem silma\u00fcmbrusele - SPskincare","og_description":"\u00d5rnalt magusa, ent v\u00e4rske aroomiga luksuslik kreem silmapiirkonna kortsude ja v\u00e4simuse ilmingutega v\u00f5itlemiseks. Retinool pinguldab ja silub silma\u00fcmbruse nahka ning kummel, roheline tee ja p\u00e4evak\u00fcbar rahustavad v\u00e4sinud silmi ja tumedaid silmaaluseid. Lisakaitset pakuvad taimsed t\u00fcvirakuekstraktid. Pinguldavat efekti silma\u00fcmbruses tunned juba esimesel kasutuskorral.  Toote suurus 15ml.","og_url":"https:\/\/spskincare.ee\/et\/toode\/%d0%bb%d0%b8%d1%84%d1%82%d0%b8%d0%bd%d0%b3%d0%be%d0%b2%d1%8b%d0%b9-%d0%ba%d1%80%d0%b5%d0%bc-%d0%b2%d0%be%d0%ba%d1%80%d1%83%d0%b3-%d0%b3%d0%bb%d0%b0%d0%b7-%d1%81-%d1%80%d0%b5%d1%82%d0%b8%d0%bd%d0%be\/","og_site_name":"SPskincare","article_publisher":"https:\/\/www.facebook.com\/sabina.marahhovskaja","article_modified_time":"2023-07-06T12:56:03+00:00","og_image":[{"width":1600,"height":1600,"url":"https:\/\/spskincare.ee\/wp-content\/uploads\/2023\/06\/4243.webp","type":"image\/webp"}],"twitter_card":"summary_large_image","twitter_misc":{"Est. reading time":"1 minut"},"schema":{"@context":"https:\/\/schema.org","@graph":[{"@type":"WebPage","@id":"https:\/\/spskincare.ee\/et\/toode\/%d0%bb%d0%b8%d1%84%d1%82%d0%b8%d0%bd%d0%b3%d0%be%d0%b2%d1%8b%d0%b9-%d0%ba%d1%80%d0%b5%d0%bc-%d0%b2%d0%be%d0%ba%d1%80%d1%83%d0%b3-%d0%b3%d0%bb%d0%b0%d0%b7-%d1%81-%d1%80%d0%b5%d1%82%d0%b8%d0%bd%d0%be\/","url":"https:\/\/spskincare.ee\/et\/toode\/%d0%bb%d0%b8%d1%84%d1%82%d0%b8%d0%bd%d0%b3%d0%be%d0%b2%d1%8b%d0%b9-%d0%ba%d1%80%d0%b5%d0%bc-%d0%b2%d0%be%d0%ba%d1%80%d1%83%d0%b3-%d0%b3%d0%bb%d0%b0%d0%b7-%d1%81-%d1%80%d0%b5%d1%82%d0%b8%d0%bd%d0%be\/","name":"AGELESS Pinguldav kreem silma\u00fcmbrusele - SPskincare","isPartOf":{"@id":"https:\/\/spskincare.ee\/et\/#website"},"primaryImageOfPage":{"@id":"https:\/\/spskincare.ee\/et\/toode\/%d0%bb%d0%b8%d1%84%d1%82%d0%b8%d0%bd%d0%b3%d0%be%d0%b2%d1%8b%d0%b9-%d0%ba%d1%80%d0%b5%d0%bc-%d0%b2%d0%be%d0%ba%d1%80%d1%83%d0%b3-%d0%b3%d0%bb%d0%b0%d0%b7-%d1%81-%d1%80%d0%b5%d1%82%d0%b8%d0%bd%d0%be\/#primaryimage"},"image":{"@id":"https:\/\/spskincare.ee\/et\/toode\/%d0%bb%d0%b8%d1%84%d1%82%d0%b8%d0%bd%d0%b3%d0%be%d0%b2%d1%8b%d0%b9-%d0%ba%d1%80%d0%b5%d0%bc-%d0%b2%d0%be%d0%ba%d1%80%d1%83%d0%b3-%d0%b3%d0%bb%d0%b0%d0%b7-%d1%81-%d1%80%d0%b5%d1%82%d0%b8%d0%bd%d0%be\/#primaryimage"},"thumbnailUrl":"https:\/\/spskincare.ee\/wp-content\/uploads\/2023\/06\/4243.webp","datePublished":"2023-06-23T05:52:02+00:00","dateModified":"2023-07-06T12:56:03+00:00","breadcrumb":{"@id":"https:\/\/spskincare.ee\/et\/toode\/%d0%bb%d0%b8%d1%84%d1%82%d0%b8%d0%bd%d0%b3%d0%be%d0%b2%d1%8b%d0%b9-%d0%ba%d1%80%d0%b5%d0%bc-%d0%b2%d0%be%d0%ba%d1%80%d1%83%d0%b3-%d0%b3%d0%bb%d0%b0%d0%b7-%d1%81-%d1%80%d0%b5%d1%82%d0%b8%d0%bd%d0%be\/#breadcrumb"},"inLanguage":"et","potentialAction":[{"@type":"ReadAction","target":["https:\/\/spskincare.ee\/et\/toode\/%d0%bb%d0%b8%d1%84%d1%82%d0%b8%d0%bd%d0%b3%d0%be%d0%b2%d1%8b%d0%b9-%d0%ba%d1%80%d0%b5%d0%bc-%d0%b2%d0%be%d0%ba%d1%80%d1%83%d0%b3-%d0%b3%d0%bb%d0%b0%d0%b7-%d1%81-%d1%80%d0%b5%d1%82%d0%b8%d0%bd%d0%be\/"]}]},{"@type":"ImageObject","inLanguage":"et","@id":"https:\/\/spskincare.ee\/et\/toode\/%d0%bb%d0%b8%d1%84%d1%82%d0%b8%d0%bd%d0%b3%d0%be%d0%b2%d1%8b%d0%b9-%d0%ba%d1%80%d0%b5%d0%bc-%d0%b2%d0%be%d0%ba%d1%80%d1%83%d0%b3-%d0%b3%d0%bb%d0%b0%d0%b7-%d1%81-%d1%80%d0%b5%d1%82%d0%b8%d0%bd%d0%be\/#primaryimage","url":"https:\/\/spskincare.ee\/wp-content\/uploads\/2023\/06\/4243.webp","contentUrl":"https:\/\/spskincare.ee\/wp-content\/uploads\/2023\/06\/4243.webp","width":1600,"height":1600},{"@type":"BreadcrumbList","@id":"https:\/\/spskincare.ee\/et\/toode\/%d0%bb%d0%b8%d1%84%d1%82%d0%b8%d0%bd%d0%b3%d0%be%d0%b2%d1%8b%d0%b9-%d0%ba%d1%80%d0%b5%d0%bc-%d0%b2%d0%be%d0%ba%d1%80%d1%83%d0%b3-%d0%b3%d0%bb%d0%b0%d0%b7-%d1%81-%d1%80%d0%b5%d1%82%d0%b8%d0%bd%d0%be\/#breadcrumb","itemListElement":[{"@type":"ListItem","position":1,"name":"\u0413\u043b\u0430\u0432\u043d\u0430\u044f \u0441\u0442\u0440\u0430\u043d\u0438\u0446\u0430","item":"https:\/\/spskincare.ee\/et\/"},{"@type":"ListItem","position":2,"name":"Shop","item":"https:\/\/spskincare.ee\/shop\/"},{"@type":"ListItem","position":3,"name":"AGELESS Pinguldav kreem silma\u00fcmbrusele"}]},{"@type":"WebSite","@id":"https:\/\/spskincare.ee\/et\/#website","url":"https:\/\/spskincare.ee\/et\/","name":"SPskincare","description":"kosmeetik Tallinnas","publisher":{"@id":"https:\/\/spskincare.ee\/et\/#organization"},"potentialAction":[{"@type":"SearchAction","target":{"@type":"EntryPoint","urlTemplate":"https:\/\/spskincare.ee\/et\/?s={search_term_string}"},"query-input":{"@type":"PropertyValueSpecification","valueRequired":true,"valueName":"search_term_string"}}],"inLanguage":"et"},{"@type":"Organization","@id":"https:\/\/spskincare.ee\/et\/#organization","name":"SPskincare","url":"https:\/\/spskincare.ee\/et\/","logo":{"@type":"ImageObject","inLanguage":"et","@id":"https:\/\/spskincare.ee\/et\/#\/schema\/logo\/image\/","url":"https:\/\/spskincare.ee\/wp-content\/uploads\/2023\/05\/SP_logo_trans.png","contentUrl":"https:\/\/spskincare.ee\/wp-content\/uploads\/2023\/05\/SP_logo_trans.png","width":500,"height":500,"caption":"SPskincare"},"image":{"@id":"https:\/\/spskincare.ee\/et\/#\/schema\/logo\/image\/"},"sameAs":["https:\/\/www.facebook.com\/sabina.marahhovskaja","https:\/\/www.instagram.com\/sabinapuskina.kosmetoloog\/"]}]}},"_links":{"self":[{"href":"https:\/\/spskincare.ee\/et\/wp-json\/wp\/v2\/product\/5895","targetHints":{"allow":["GET"]}}],"collection":[{"href":"https:\/\/spskincare.ee\/et\/wp-json\/wp\/v2\/product"}],"about":[{"href":"https:\/\/spskincare.ee\/et\/wp-json\/wp\/v2\/types\/product"}],"wp:featuredmedia":[{"embeddable":true,"href":"https:\/\/spskincare.ee\/et\/wp-json\/wp\/v2\/media\/5704"}],"wp:attachment":[{"href":"https:\/\/spskincare.ee\/et\/wp-json\/wp\/v2\/media?parent=5895"}],"wp:term":[{"taxonomy":"product_brand","embeddable":true,"href":"https:\/\/spskincare.ee\/et\/wp-json\/wp\/v2\/product_brand?post=5895"},{"taxonomy":"product_cat","embeddable":true,"href":"https:\/\/spskincare.ee\/et\/wp-json\/wp\/v2\/product_cat?post=5895"},{"taxonomy":"product_tag","embeddable":true,"href":"https:\/\/spskincare.ee\/et\/wp-json\/wp\/v2\/product_tag?post=5895"}],"curies":[{"name":"wp","href":"https:\/\/api.w.org\/{rel}","templated":true}]}}