{"id":5896,"date":"2023-06-23T05:48:55","date_gmt":"2023-06-23T05:48:55","guid":{"rendered":"https:\/\/spskincare.ee\/product\/the-max-tuvirakuekstraktidega-silmakreem\/"},"modified":"2023-07-06T12:57:25","modified_gmt":"2023-07-06T12:57:25","slug":"%d0%ba%d1%80%d0%b5%d0%bc-%d0%b4%d0%bb%d1%8f-%d0%b2%d0%b5%d0%ba-%d1%81-%d1%8d%d0%ba%d1%81%d1%82%d1%80%d0%b0%d0%ba%d1%82%d0%b0%d0%bc%d0%b8-%d1%80%d0%b0%d1%81%d1%82%d0%b8%d1%82%d0%b5%d0%bb%d1%8c%d0%bd","status":"publish","type":"product","link":"https:\/\/spskincare.ee\/et\/toode\/%d0%ba%d1%80%d0%b5%d0%bc-%d0%b4%d0%bb%d1%8f-%d0%b2%d0%b5%d0%ba-%d1%81-%d1%8d%d0%ba%d1%81%d1%82%d1%80%d0%b0%d0%ba%d1%82%d0%b0%d0%bc%d0%b8-%d1%80%d0%b0%d1%81%d1%82%d0%b8%d1%82%d0%b5%d0%bb%d1%8c%d0%bd\/","title":{"rendered":"THE MAX T\u00fcvirakuekstraktidega silmakreem"},"content":{"rendered":"<p>Kasutamine:<\/p>\n<p>Kanna kreemi silma\u00fcmbrusele hommikul ja \u00f5htul.<\/p>\n<p>Kasuta vaheldumisi ILUMA Jume \u00fchtlustava silmakreemiga, et saavautada parim tulemus v\u00f5itlemaks silmapiirkonna kortsude ja tumedate silmaalustega.<\/p>\n<p>Koostis:<\/p>\n<p>Aqua, Malus Domestica Fruit Cell Culture Extract, Leontopodium Alpinum Meristem Cell Culture, Argania Spinosa Sprout Cell Culture Extract, Dipeptide Diaminobutyroyl Benzylamide Diacetate, Vitis Vinifera Fruit Cell Culture Extract, Sucrose Palmitate, Cetearyl Olivate, Hydrogenated Olive Oil, Glycerin, Sorbitan Olivate, Saccharomyces Cerevisiae Extract, Acetyl Hexapeptide-8, Echinacea Angustifolia Extract, Olea Europaea Fruit Oil, Olea Europaea Oil Unsaponifiables, Albizia Julibrissin Bark Extract, Caprylic\/Capric Triglyceride, Aloe Barbadensis Leaf Extract, Bisabolol, Brassica Campestris\/Aleurites Fordi Oil Copolymer, Butyrospermum Parkii Butter, Palmitoyl Tripeptide-38, Acetyl Octapeptide-3, Tetrahexyldecyl Ascorbate, Sodium Hyaluronate, Glycine Soja Sterols, Palmitoyl Tetrapeptide-7, Palmitoyl Oligopeptide, Chrysin, Dipeptide-2, N-Hydroxysuccinimide, Algae Extract, Hesperidin Methyl Chalcone, Linoleic Acid, Tocopheryl Acetate, Tocopherol, Allantoin, Sodium Polystyrene Sulfonate, Hydroxypropyl Cyclodextrin, Carbomer, Darutoside, Phospholipids, Glyceryl Linoleate, Pullulan, Isomalt, Steareth-20, Citric Acid, Xanthan Gum, Acacia Senegal Gum, Sodium Benzoate, Potassium Sorbate, Triethanolamine, Caprylyl Glycol, Propylene Glycol, Phenoxyethanol, Ethylhexylglycerin<\/p>\n<p>*Toodete koostises v\u00f5ib esineda m\u00f5ningaid muudatusi. T\u00e4pne koostis toote pakendil.<\/p>\n<section class=\"related products \"><\/section>\n","protected":false},"excerpt":{"rendered":"<div class=\"woocommerce-product-details__short-description\">\n<p>K\u00f5rgtehnoloogiline silmakreem, mis aitab v\u00e4hendada vananemise ilminguid ja silma\u00fcmbruse kortse ning v\u00f5itleb turses ja tumedate silmaalustega. Rikkalikku ja siidisesse tekstuuri on p\u00f5imitud nii nahka turgutavad taimsed t\u00fcvirakuekstraktid kui ka silmapiirkonda pinguldavad peptiidid. Vectorize-tehnoloogia annab pikaajalise m\u00f5ju vabastades toimeaineid kuni 48 tunni jooksul. Pinguldust ja \u00fchtlustust vajava silmapiirkonna puhul kasuta vaheldumisi Iluma Jume \u00fchtlustava silmakreemiga.<\/p>\n<p>Toote suurus 15ml.<\/p>\n<\/div>\n","protected":false},"featured_media":5701,"template":"","meta":[],"product_brand":[],"product_cat":[108],"product_tag":[113],"class_list":{"0":"post-5896","1":"product","2":"type-product","3":"status-publish","4":"has-post-thumbnail","6":"product_cat-silmakreemid","7":"product_tag-silmakreem","9":"first","10":"instock","11":"shipping-taxable","12":"purchasable","13":"product-type-simple"},"yoast_head":"<!-- This site is optimized with the Yoast SEO plugin v26.2 - https:\/\/yoast.com\/wordpress\/plugins\/seo\/ -->\n<title>THE MAX T\u00fcvirakuekstraktidega silmakreem - SPskincare<\/title>\n<meta name=\"robots\" content=\"index, follow, max-snippet:-1, max-image-preview:large, max-video-preview:-1\" \/>\n<link rel=\"canonical\" href=\"https:\/\/spskincare.ee\/et\/toode\/%d0%ba%d1%80%d0%b5%d0%bc-%d0%b4%d0%bb%d1%8f-%d0%b2%d0%b5%d0%ba-%d1%81-%d1%8d%d0%ba%d1%81%d1%82%d1%80%d0%b0%d0%ba%d1%82%d0%b0%d0%bc%d0%b8-%d1%80%d0%b0%d1%81%d1%82%d0%b8%d1%82%d0%b5%d0%bb%d1%8c%d0%bd\/\" \/>\n<meta property=\"og:locale\" content=\"et_EE\" \/>\n<meta property=\"og:type\" content=\"article\" \/>\n<meta property=\"og:title\" content=\"THE MAX T\u00fcvirakuekstraktidega silmakreem - SPskincare\" \/>\n<meta property=\"og:description\" content=\"K\u00f5rgtehnoloogiline silmakreem, mis aitab v\u00e4hendada vananemise ilminguid ja silma\u00fcmbruse kortse ning v\u00f5itleb turses ja tumedate silmaalustega. Rikkalikku ja siidisesse tekstuuri on p\u00f5imitud nii nahka turgutavad taimsed t\u00fcvirakuekstraktid kui ka silmapiirkonda pinguldavad peptiidid. Vectorize-tehnoloogia annab pikaajalise m\u00f5ju vabastades toimeaineid kuni 48 tunni jooksul. Pinguldust ja \u00fchtlustust vajava silmapiirkonna puhul kasuta vaheldumisi Iluma Jume \u00fchtlustava silmakreemiga. Toote suurus 15ml.\" \/>\n<meta property=\"og:url\" content=\"https:\/\/spskincare.ee\/et\/toode\/%d0%ba%d1%80%d0%b5%d0%bc-%d0%b4%d0%bb%d1%8f-%d0%b2%d0%b5%d0%ba-%d1%81-%d1%8d%d0%ba%d1%81%d1%82%d1%80%d0%b0%d0%ba%d1%82%d0%b0%d0%bc%d0%b8-%d1%80%d0%b0%d1%81%d1%82%d0%b8%d1%82%d0%b5%d0%bb%d1%8c%d0%bd\/\" \/>\n<meta property=\"og:site_name\" content=\"SPskincare\" \/>\n<meta property=\"article:publisher\" content=\"https:\/\/www.facebook.com\/sabina.marahhovskaja\" \/>\n<meta property=\"article:modified_time\" content=\"2023-07-06T12:57:25+00:00\" \/>\n<meta property=\"og:image\" content=\"https:\/\/spskincare.ee\/wp-content\/uploads\/2023\/06\/54.webp\" \/>\n\t<meta property=\"og:image:width\" content=\"1080\" \/>\n\t<meta property=\"og:image:height\" content=\"1080\" \/>\n\t<meta property=\"og:image:type\" content=\"image\/webp\" \/>\n<meta name=\"twitter:card\" content=\"summary_large_image\" \/>\n<meta name=\"twitter:label1\" content=\"Est. reading time\" \/>\n\t<meta name=\"twitter:data1\" content=\"1 minut\" \/>\n<script type=\"application\/ld+json\" class=\"yoast-schema-graph\">{\"@context\":\"https:\/\/schema.org\",\"@graph\":[{\"@type\":\"WebPage\",\"@id\":\"https:\/\/spskincare.ee\/et\/toode\/%d0%ba%d1%80%d0%b5%d0%bc-%d0%b4%d0%bb%d1%8f-%d0%b2%d0%b5%d0%ba-%d1%81-%d1%8d%d0%ba%d1%81%d1%82%d1%80%d0%b0%d0%ba%d1%82%d0%b0%d0%bc%d0%b8-%d1%80%d0%b0%d1%81%d1%82%d0%b8%d1%82%d0%b5%d0%bb%d1%8c%d0%bd\/\",\"url\":\"https:\/\/spskincare.ee\/et\/toode\/%d0%ba%d1%80%d0%b5%d0%bc-%d0%b4%d0%bb%d1%8f-%d0%b2%d0%b5%d0%ba-%d1%81-%d1%8d%d0%ba%d1%81%d1%82%d1%80%d0%b0%d0%ba%d1%82%d0%b0%d0%bc%d0%b8-%d1%80%d0%b0%d1%81%d1%82%d0%b8%d1%82%d0%b5%d0%bb%d1%8c%d0%bd\/\",\"name\":\"THE MAX T\u00fcvirakuekstraktidega silmakreem - SPskincare\",\"isPartOf\":{\"@id\":\"https:\/\/spskincare.ee\/et\/#website\"},\"primaryImageOfPage\":{\"@id\":\"https:\/\/spskincare.ee\/et\/toode\/%d0%ba%d1%80%d0%b5%d0%bc-%d0%b4%d0%bb%d1%8f-%d0%b2%d0%b5%d0%ba-%d1%81-%d1%8d%d0%ba%d1%81%d1%82%d1%80%d0%b0%d0%ba%d1%82%d0%b0%d0%bc%d0%b8-%d1%80%d0%b0%d1%81%d1%82%d0%b8%d1%82%d0%b5%d0%bb%d1%8c%d0%bd\/#primaryimage\"},\"image\":{\"@id\":\"https:\/\/spskincare.ee\/et\/toode\/%d0%ba%d1%80%d0%b5%d0%bc-%d0%b4%d0%bb%d1%8f-%d0%b2%d0%b5%d0%ba-%d1%81-%d1%8d%d0%ba%d1%81%d1%82%d1%80%d0%b0%d0%ba%d1%82%d0%b0%d0%bc%d0%b8-%d1%80%d0%b0%d1%81%d1%82%d0%b8%d1%82%d0%b5%d0%bb%d1%8c%d0%bd\/#primaryimage\"},\"thumbnailUrl\":\"https:\/\/spskincare.ee\/wp-content\/uploads\/2023\/06\/54.webp\",\"datePublished\":\"2023-06-23T05:48:55+00:00\",\"dateModified\":\"2023-07-06T12:57:25+00:00\",\"breadcrumb\":{\"@id\":\"https:\/\/spskincare.ee\/et\/toode\/%d0%ba%d1%80%d0%b5%d0%bc-%d0%b4%d0%bb%d1%8f-%d0%b2%d0%b5%d0%ba-%d1%81-%d1%8d%d0%ba%d1%81%d1%82%d1%80%d0%b0%d0%ba%d1%82%d0%b0%d0%bc%d0%b8-%d1%80%d0%b0%d1%81%d1%82%d0%b8%d1%82%d0%b5%d0%bb%d1%8c%d0%bd\/#breadcrumb\"},\"inLanguage\":\"et\",\"potentialAction\":[{\"@type\":\"ReadAction\",\"target\":[\"https:\/\/spskincare.ee\/et\/toode\/%d0%ba%d1%80%d0%b5%d0%bc-%d0%b4%d0%bb%d1%8f-%d0%b2%d0%b5%d0%ba-%d1%81-%d1%8d%d0%ba%d1%81%d1%82%d1%80%d0%b0%d0%ba%d1%82%d0%b0%d0%bc%d0%b8-%d1%80%d0%b0%d1%81%d1%82%d0%b8%d1%82%d0%b5%d0%bb%d1%8c%d0%bd\/\"]}]},{\"@type\":\"ImageObject\",\"inLanguage\":\"et\",\"@id\":\"https:\/\/spskincare.ee\/et\/toode\/%d0%ba%d1%80%d0%b5%d0%bc-%d0%b4%d0%bb%d1%8f-%d0%b2%d0%b5%d0%ba-%d1%81-%d1%8d%d0%ba%d1%81%d1%82%d1%80%d0%b0%d0%ba%d1%82%d0%b0%d0%bc%d0%b8-%d1%80%d0%b0%d1%81%d1%82%d0%b8%d1%82%d0%b5%d0%bb%d1%8c%d0%bd\/#primaryimage\",\"url\":\"https:\/\/spskincare.ee\/wp-content\/uploads\/2023\/06\/54.webp\",\"contentUrl\":\"https:\/\/spskincare.ee\/wp-content\/uploads\/2023\/06\/54.webp\",\"width\":1080,\"height\":1080},{\"@type\":\"BreadcrumbList\",\"@id\":\"https:\/\/spskincare.ee\/et\/toode\/%d0%ba%d1%80%d0%b5%d0%bc-%d0%b4%d0%bb%d1%8f-%d0%b2%d0%b5%d0%ba-%d1%81-%d1%8d%d0%ba%d1%81%d1%82%d1%80%d0%b0%d0%ba%d1%82%d0%b0%d0%bc%d0%b8-%d1%80%d0%b0%d1%81%d1%82%d0%b8%d1%82%d0%b5%d0%bb%d1%8c%d0%bd\/#breadcrumb\",\"itemListElement\":[{\"@type\":\"ListItem\",\"position\":1,\"name\":\"\u0413\u043b\u0430\u0432\u043d\u0430\u044f \u0441\u0442\u0440\u0430\u043d\u0438\u0446\u0430\",\"item\":\"https:\/\/spskincare.ee\/et\/\"},{\"@type\":\"ListItem\",\"position\":2,\"name\":\"Shop\",\"item\":\"https:\/\/spskincare.ee\/shop\/\"},{\"@type\":\"ListItem\",\"position\":3,\"name\":\"THE MAX T\u00fcvirakuekstraktidega silmakreem\"}]},{\"@type\":\"WebSite\",\"@id\":\"https:\/\/spskincare.ee\/et\/#website\",\"url\":\"https:\/\/spskincare.ee\/et\/\",\"name\":\"SPskincare\",\"description\":\"kosmeetik Tallinnas\",\"publisher\":{\"@id\":\"https:\/\/spskincare.ee\/et\/#organization\"},\"potentialAction\":[{\"@type\":\"SearchAction\",\"target\":{\"@type\":\"EntryPoint\",\"urlTemplate\":\"https:\/\/spskincare.ee\/et\/?s={search_term_string}\"},\"query-input\":{\"@type\":\"PropertyValueSpecification\",\"valueRequired\":true,\"valueName\":\"search_term_string\"}}],\"inLanguage\":\"et\"},{\"@type\":\"Organization\",\"@id\":\"https:\/\/spskincare.ee\/et\/#organization\",\"name\":\"SPskincare\",\"url\":\"https:\/\/spskincare.ee\/et\/\",\"logo\":{\"@type\":\"ImageObject\",\"inLanguage\":\"et\",\"@id\":\"https:\/\/spskincare.ee\/et\/#\/schema\/logo\/image\/\",\"url\":\"https:\/\/spskincare.ee\/wp-content\/uploads\/2023\/05\/SP_logo_trans.png\",\"contentUrl\":\"https:\/\/spskincare.ee\/wp-content\/uploads\/2023\/05\/SP_logo_trans.png\",\"width\":500,\"height\":500,\"caption\":\"SPskincare\"},\"image\":{\"@id\":\"https:\/\/spskincare.ee\/et\/#\/schema\/logo\/image\/\"},\"sameAs\":[\"https:\/\/www.facebook.com\/sabina.marahhovskaja\",\"https:\/\/www.instagram.com\/sabinapuskina.kosmetoloog\/\"]}]}<\/script>\n<!-- \/ Yoast SEO plugin. -->","yoast_head_json":{"title":"THE MAX T\u00fcvirakuekstraktidega silmakreem - SPskincare","robots":{"index":"index","follow":"follow","max-snippet":"max-snippet:-1","max-image-preview":"max-image-preview:large","max-video-preview":"max-video-preview:-1"},"canonical":"https:\/\/spskincare.ee\/et\/toode\/%d0%ba%d1%80%d0%b5%d0%bc-%d0%b4%d0%bb%d1%8f-%d0%b2%d0%b5%d0%ba-%d1%81-%d1%8d%d0%ba%d1%81%d1%82%d1%80%d0%b0%d0%ba%d1%82%d0%b0%d0%bc%d0%b8-%d1%80%d0%b0%d1%81%d1%82%d0%b8%d1%82%d0%b5%d0%bb%d1%8c%d0%bd\/","og_locale":"et_EE","og_type":"article","og_title":"THE MAX T\u00fcvirakuekstraktidega silmakreem - SPskincare","og_description":"K\u00f5rgtehnoloogiline silmakreem, mis aitab v\u00e4hendada vananemise ilminguid ja silma\u00fcmbruse kortse ning v\u00f5itleb turses ja tumedate silmaalustega. Rikkalikku ja siidisesse tekstuuri on p\u00f5imitud nii nahka turgutavad taimsed t\u00fcvirakuekstraktid kui ka silmapiirkonda pinguldavad peptiidid. Vectorize-tehnoloogia annab pikaajalise m\u00f5ju vabastades toimeaineid kuni 48 tunni jooksul. Pinguldust ja \u00fchtlustust vajava silmapiirkonna puhul kasuta vaheldumisi Iluma Jume \u00fchtlustava silmakreemiga. Toote suurus 15ml.","og_url":"https:\/\/spskincare.ee\/et\/toode\/%d0%ba%d1%80%d0%b5%d0%bc-%d0%b4%d0%bb%d1%8f-%d0%b2%d0%b5%d0%ba-%d1%81-%d1%8d%d0%ba%d1%81%d1%82%d1%80%d0%b0%d0%ba%d1%82%d0%b0%d0%bc%d0%b8-%d1%80%d0%b0%d1%81%d1%82%d0%b8%d1%82%d0%b5%d0%bb%d1%8c%d0%bd\/","og_site_name":"SPskincare","article_publisher":"https:\/\/www.facebook.com\/sabina.marahhovskaja","article_modified_time":"2023-07-06T12:57:25+00:00","og_image":[{"width":1080,"height":1080,"url":"https:\/\/spskincare.ee\/wp-content\/uploads\/2023\/06\/54.webp","type":"image\/webp"}],"twitter_card":"summary_large_image","twitter_misc":{"Est. reading time":"1 minut"},"schema":{"@context":"https:\/\/schema.org","@graph":[{"@type":"WebPage","@id":"https:\/\/spskincare.ee\/et\/toode\/%d0%ba%d1%80%d0%b5%d0%bc-%d0%b4%d0%bb%d1%8f-%d0%b2%d0%b5%d0%ba-%d1%81-%d1%8d%d0%ba%d1%81%d1%82%d1%80%d0%b0%d0%ba%d1%82%d0%b0%d0%bc%d0%b8-%d1%80%d0%b0%d1%81%d1%82%d0%b8%d1%82%d0%b5%d0%bb%d1%8c%d0%bd\/","url":"https:\/\/spskincare.ee\/et\/toode\/%d0%ba%d1%80%d0%b5%d0%bc-%d0%b4%d0%bb%d1%8f-%d0%b2%d0%b5%d0%ba-%d1%81-%d1%8d%d0%ba%d1%81%d1%82%d1%80%d0%b0%d0%ba%d1%82%d0%b0%d0%bc%d0%b8-%d1%80%d0%b0%d1%81%d1%82%d0%b8%d1%82%d0%b5%d0%bb%d1%8c%d0%bd\/","name":"THE MAX T\u00fcvirakuekstraktidega silmakreem - SPskincare","isPartOf":{"@id":"https:\/\/spskincare.ee\/et\/#website"},"primaryImageOfPage":{"@id":"https:\/\/spskincare.ee\/et\/toode\/%d0%ba%d1%80%d0%b5%d0%bc-%d0%b4%d0%bb%d1%8f-%d0%b2%d0%b5%d0%ba-%d1%81-%d1%8d%d0%ba%d1%81%d1%82%d1%80%d0%b0%d0%ba%d1%82%d0%b0%d0%bc%d0%b8-%d1%80%d0%b0%d1%81%d1%82%d0%b8%d1%82%d0%b5%d0%bb%d1%8c%d0%bd\/#primaryimage"},"image":{"@id":"https:\/\/spskincare.ee\/et\/toode\/%d0%ba%d1%80%d0%b5%d0%bc-%d0%b4%d0%bb%d1%8f-%d0%b2%d0%b5%d0%ba-%d1%81-%d1%8d%d0%ba%d1%81%d1%82%d1%80%d0%b0%d0%ba%d1%82%d0%b0%d0%bc%d0%b8-%d1%80%d0%b0%d1%81%d1%82%d0%b8%d1%82%d0%b5%d0%bb%d1%8c%d0%bd\/#primaryimage"},"thumbnailUrl":"https:\/\/spskincare.ee\/wp-content\/uploads\/2023\/06\/54.webp","datePublished":"2023-06-23T05:48:55+00:00","dateModified":"2023-07-06T12:57:25+00:00","breadcrumb":{"@id":"https:\/\/spskincare.ee\/et\/toode\/%d0%ba%d1%80%d0%b5%d0%bc-%d0%b4%d0%bb%d1%8f-%d0%b2%d0%b5%d0%ba-%d1%81-%d1%8d%d0%ba%d1%81%d1%82%d1%80%d0%b0%d0%ba%d1%82%d0%b0%d0%bc%d0%b8-%d1%80%d0%b0%d1%81%d1%82%d0%b8%d1%82%d0%b5%d0%bb%d1%8c%d0%bd\/#breadcrumb"},"inLanguage":"et","potentialAction":[{"@type":"ReadAction","target":["https:\/\/spskincare.ee\/et\/toode\/%d0%ba%d1%80%d0%b5%d0%bc-%d0%b4%d0%bb%d1%8f-%d0%b2%d0%b5%d0%ba-%d1%81-%d1%8d%d0%ba%d1%81%d1%82%d1%80%d0%b0%d0%ba%d1%82%d0%b0%d0%bc%d0%b8-%d1%80%d0%b0%d1%81%d1%82%d0%b8%d1%82%d0%b5%d0%bb%d1%8c%d0%bd\/"]}]},{"@type":"ImageObject","inLanguage":"et","@id":"https:\/\/spskincare.ee\/et\/toode\/%d0%ba%d1%80%d0%b5%d0%bc-%d0%b4%d0%bb%d1%8f-%d0%b2%d0%b5%d0%ba-%d1%81-%d1%8d%d0%ba%d1%81%d1%82%d1%80%d0%b0%d0%ba%d1%82%d0%b0%d0%bc%d0%b8-%d1%80%d0%b0%d1%81%d1%82%d0%b8%d1%82%d0%b5%d0%bb%d1%8c%d0%bd\/#primaryimage","url":"https:\/\/spskincare.ee\/wp-content\/uploads\/2023\/06\/54.webp","contentUrl":"https:\/\/spskincare.ee\/wp-content\/uploads\/2023\/06\/54.webp","width":1080,"height":1080},{"@type":"BreadcrumbList","@id":"https:\/\/spskincare.ee\/et\/toode\/%d0%ba%d1%80%d0%b5%d0%bc-%d0%b4%d0%bb%d1%8f-%d0%b2%d0%b5%d0%ba-%d1%81-%d1%8d%d0%ba%d1%81%d1%82%d1%80%d0%b0%d0%ba%d1%82%d0%b0%d0%bc%d0%b8-%d1%80%d0%b0%d1%81%d1%82%d0%b8%d1%82%d0%b5%d0%bb%d1%8c%d0%bd\/#breadcrumb","itemListElement":[{"@type":"ListItem","position":1,"name":"\u0413\u043b\u0430\u0432\u043d\u0430\u044f \u0441\u0442\u0440\u0430\u043d\u0438\u0446\u0430","item":"https:\/\/spskincare.ee\/et\/"},{"@type":"ListItem","position":2,"name":"Shop","item":"https:\/\/spskincare.ee\/shop\/"},{"@type":"ListItem","position":3,"name":"THE MAX T\u00fcvirakuekstraktidega silmakreem"}]},{"@type":"WebSite","@id":"https:\/\/spskincare.ee\/et\/#website","url":"https:\/\/spskincare.ee\/et\/","name":"SPskincare","description":"kosmeetik Tallinnas","publisher":{"@id":"https:\/\/spskincare.ee\/et\/#organization"},"potentialAction":[{"@type":"SearchAction","target":{"@type":"EntryPoint","urlTemplate":"https:\/\/spskincare.ee\/et\/?s={search_term_string}"},"query-input":{"@type":"PropertyValueSpecification","valueRequired":true,"valueName":"search_term_string"}}],"inLanguage":"et"},{"@type":"Organization","@id":"https:\/\/spskincare.ee\/et\/#organization","name":"SPskincare","url":"https:\/\/spskincare.ee\/et\/","logo":{"@type":"ImageObject","inLanguage":"et","@id":"https:\/\/spskincare.ee\/et\/#\/schema\/logo\/image\/","url":"https:\/\/spskincare.ee\/wp-content\/uploads\/2023\/05\/SP_logo_trans.png","contentUrl":"https:\/\/spskincare.ee\/wp-content\/uploads\/2023\/05\/SP_logo_trans.png","width":500,"height":500,"caption":"SPskincare"},"image":{"@id":"https:\/\/spskincare.ee\/et\/#\/schema\/logo\/image\/"},"sameAs":["https:\/\/www.facebook.com\/sabina.marahhovskaja","https:\/\/www.instagram.com\/sabinapuskina.kosmetoloog\/"]}]}},"_links":{"self":[{"href":"https:\/\/spskincare.ee\/et\/wp-json\/wp\/v2\/product\/5896","targetHints":{"allow":["GET"]}}],"collection":[{"href":"https:\/\/spskincare.ee\/et\/wp-json\/wp\/v2\/product"}],"about":[{"href":"https:\/\/spskincare.ee\/et\/wp-json\/wp\/v2\/types\/product"}],"wp:featuredmedia":[{"embeddable":true,"href":"https:\/\/spskincare.ee\/et\/wp-json\/wp\/v2\/media\/5701"}],"wp:attachment":[{"href":"https:\/\/spskincare.ee\/et\/wp-json\/wp\/v2\/media?parent=5896"}],"wp:term":[{"taxonomy":"product_brand","embeddable":true,"href":"https:\/\/spskincare.ee\/et\/wp-json\/wp\/v2\/product_brand?post=5896"},{"taxonomy":"product_cat","embeddable":true,"href":"https:\/\/spskincare.ee\/et\/wp-json\/wp\/v2\/product_cat?post=5896"},{"taxonomy":"product_tag","embeddable":true,"href":"https:\/\/spskincare.ee\/et\/wp-json\/wp\/v2\/product_tag?post=5896"}],"curies":[{"name":"wp","href":"https:\/\/api.w.org\/{rel}","templated":true}]}}