{"id":5897,"date":"2023-06-23T05:41:14","date_gmt":"2023-06-23T05:41:14","guid":{"rendered":"https:\/\/spskincare.ee\/product\/vital-c-sugavniisutav-silmaumbrusgeel\/"},"modified":"2023-07-06T12:59:29","modified_gmt":"2023-07-06T12:59:29","slug":"%d0%b8%d0%bd%d1%82%d0%b5%d0%bd%d1%81%d0%b8%d0%b2%d0%bd%d0%be-%d1%83%d0%b2%d0%bb%d0%b0%d0%b6%d0%bd%d1%8f%d1%8e%d1%89%d0%b8%d0%b9-%d0%b3%d0%b5%d0%bb%d1%8c-%d0%b4%d0%bb%d1%8f-%d0%b2%d0%b5%d0%ba-vital-c","status":"publish","type":"product","link":"https:\/\/spskincare.ee\/et\/toode\/%d0%b8%d0%bd%d1%82%d0%b5%d0%bd%d1%81%d0%b8%d0%b2%d0%bd%d0%be-%d1%83%d0%b2%d0%bb%d0%b0%d0%b6%d0%bd%d1%8f%d1%8e%d1%89%d0%b8%d0%b9-%d0%b3%d0%b5%d0%bb%d1%8c-%d0%b4%d0%bb%d1%8f-%d0%b2%d0%b5%d0%ba-vital-c\/","title":{"rendered":"VITAL C S\u00fcgavniisutav silma\u00fcmbrusgeel"},"content":{"rendered":"<p>Kasutamine:<\/p>\n<p>Kasuta hommikul ja \u00f5htul. Kanna herne suurune kogus silmade \u00fcmbrusele.<\/p>\n<p>Hoia k\u00fclmikus, et kasutada silmapiirkonna maskina.<\/p>\n<p>Koostis:<\/p>\n<p>Aqua, Sodium Hyaluronate, Palmitoyl Pentapeptide-4, Collagen Recovery Complex (Magnesium Ascorbyl Phosphate, Centella Asiatica Extract, Dipalmitoyl Hydroxyproline, Glycosaminoglycans, Darutoside), Palmitoyl Tripeptide-1, Palmitoyl Tetrapeptide-7, Malus Domestica Fruit Cell Culture Extract, Acetyl Octapeptide-3, Hesperidin Methyl Chalcone, Dipeptide Diaminobutyroyl Benzylamide Diacetate, Glycerin, Echinacea Purpurea Extract, Imperata Cylindrica Root Extract, Polysorbate 20, Palmitoyl Tripeptide-5, Glycine, Potassium Sorbate, Caprylic \/ Capric Triglyceride, Cyclopentasiloxane, Peg-8 \/ Smdi Copolymer, Peg-8 Dimethicone, Acrylates \/ C10-30 Alkyl Acrylate Crosspolymer, Sodium Hydroxide, Caprylyl Glycol, Linoleic Acid, Glycine Soja (Soybean) Sterols, Phospholipids, Ethylhexylglycerin, Hexylene Glycol, Steareth-20, Disodium Edta, Carbomer, Citrus Nobilis (Mandarin Orange) Peel Oil, Butylene Glycol, Peg-8, Xanthan Gum, N-Hydroxysuccinimide, Retinyl Palmitate, Acetyl Hexapeptide-8, Glucose, Dipeptide-2, Chondrus Crispus Extract, Chrysin, Trisodium Edta, Phenoxyethanol, Olea Europaea (Olive) Leaf Extract.<\/p>\n<p>*Toodete koostises v\u00f5ib esineda m\u00f5ningaid muudatusi. T\u00e4pne koostis toote pakendil.<\/p>\n<section class=\"related products \"><\/section>\n","protected":false},"excerpt":{"rendered":"<div class=\"woocommerce-product-details__short-description\">\n<p>S\u00fcgavniisutav silmageel h\u00fcaluroonhappe ja C-vitamiiniga aitab v\u00e4rskendada ja siluda silma\u00fcmbruse \u00f5rna nahka ning v\u00e4hendada tumedaid ringe silmade all. Unikaalne kollageeni taastekompleks pinguldab ja niisutab silmade \u00fcmbrust ning \u00f5untelt p\u00e4rit t\u00fcvirakuekstraktid aitavad v\u00f5idelda vananemise m\u00e4rkidega. Turses silmaaluste puhul soovitame toodet hoida k\u00fclmikus, nii m\u00f5jub geel kui rahustav palsam. S\u00fcgavniisutav silmageel v\u00f5itis 2019. aastal Buduaari ilulemmiku tiitli.<\/p>\n<p>Toote suurus 15ml.<\/p>\n<\/div>\n","protected":false},"featured_media":5700,"template":"","meta":[],"product_brand":[],"product_cat":[108],"product_tag":[113],"class_list":{"0":"post-5897","1":"product","2":"type-product","3":"status-publish","4":"has-post-thumbnail","6":"product_cat-silmakreemid","7":"product_tag-silmakreem","9":"first","10":"instock","11":"shipping-taxable","12":"purchasable","13":"product-type-simple"},"yoast_head":"<!-- This site is optimized with the Yoast SEO plugin v26.2 - https:\/\/yoast.com\/wordpress\/plugins\/seo\/ -->\n<title>VITAL C S\u00fcgavniisutav silma\u00fcmbrusgeel - SPskincare<\/title>\n<meta name=\"robots\" content=\"index, follow, max-snippet:-1, max-image-preview:large, max-video-preview:-1\" \/>\n<link rel=\"canonical\" href=\"https:\/\/spskincare.ee\/et\/toode\/%d0%b8%d0%bd%d1%82%d0%b5%d0%bd%d1%81%d0%b8%d0%b2%d0%bd%d0%be-%d1%83%d0%b2%d0%bb%d0%b0%d0%b6%d0%bd%d1%8f%d1%8e%d1%89%d0%b8%d0%b9-%d0%b3%d0%b5%d0%bb%d1%8c-%d0%b4%d0%bb%d1%8f-%d0%b2%d0%b5%d0%ba-vital-c\/\" \/>\n<meta property=\"og:locale\" content=\"et_EE\" \/>\n<meta property=\"og:type\" content=\"article\" \/>\n<meta property=\"og:title\" content=\"VITAL C S\u00fcgavniisutav silma\u00fcmbrusgeel - SPskincare\" \/>\n<meta property=\"og:description\" content=\"S\u00fcgavniisutav silmageel h\u00fcaluroonhappe ja C-vitamiiniga aitab v\u00e4rskendada ja siluda silma\u00fcmbruse \u00f5rna nahka ning v\u00e4hendada tumedaid ringe silmade all. Unikaalne kollageeni taastekompleks pinguldab ja niisutab silmade \u00fcmbrust ning \u00f5untelt p\u00e4rit t\u00fcvirakuekstraktid aitavad v\u00f5idelda vananemise m\u00e4rkidega. Turses silmaaluste puhul soovitame toodet hoida k\u00fclmikus, nii m\u00f5jub geel kui rahustav palsam. S\u00fcgavniisutav silmageel v\u00f5itis 2019. aastal Buduaari ilulemmiku tiitli.  Toote suurus 15ml.\" \/>\n<meta property=\"og:url\" content=\"https:\/\/spskincare.ee\/et\/toode\/%d0%b8%d0%bd%d1%82%d0%b5%d0%bd%d1%81%d0%b8%d0%b2%d0%bd%d0%be-%d1%83%d0%b2%d0%bb%d0%b0%d0%b6%d0%bd%d1%8f%d1%8e%d1%89%d0%b8%d0%b9-%d0%b3%d0%b5%d0%bb%d1%8c-%d0%b4%d0%bb%d1%8f-%d0%b2%d0%b5%d0%ba-vital-c\/\" \/>\n<meta property=\"og:site_name\" content=\"SPskincare\" \/>\n<meta property=\"article:publisher\" content=\"https:\/\/www.facebook.com\/sabina.marahhovskaja\" \/>\n<meta property=\"article:modified_time\" content=\"2023-07-06T12:59:29+00:00\" \/>\n<meta property=\"og:image\" content=\"https:\/\/spskincare.ee\/wp-content\/uploads\/2023\/06\/B27E5248-7017-4E10-ABC7-37D50CCF1FDC.jpeg\" \/>\n\t<meta property=\"og:image:width\" content=\"1080\" \/>\n\t<meta property=\"og:image:height\" content=\"1080\" \/>\n\t<meta property=\"og:image:type\" content=\"image\/jpeg\" \/>\n<meta name=\"twitter:card\" content=\"summary_large_image\" \/>\n<meta name=\"twitter:label1\" content=\"Est. reading time\" \/>\n\t<meta name=\"twitter:data1\" content=\"1 minut\" \/>\n<script type=\"application\/ld+json\" class=\"yoast-schema-graph\">{\"@context\":\"https:\/\/schema.org\",\"@graph\":[{\"@type\":\"WebPage\",\"@id\":\"https:\/\/spskincare.ee\/et\/toode\/%d0%b8%d0%bd%d1%82%d0%b5%d0%bd%d1%81%d0%b8%d0%b2%d0%bd%d0%be-%d1%83%d0%b2%d0%bb%d0%b0%d0%b6%d0%bd%d1%8f%d1%8e%d1%89%d0%b8%d0%b9-%d0%b3%d0%b5%d0%bb%d1%8c-%d0%b4%d0%bb%d1%8f-%d0%b2%d0%b5%d0%ba-vital-c\/\",\"url\":\"https:\/\/spskincare.ee\/et\/toode\/%d0%b8%d0%bd%d1%82%d0%b5%d0%bd%d1%81%d0%b8%d0%b2%d0%bd%d0%be-%d1%83%d0%b2%d0%bb%d0%b0%d0%b6%d0%bd%d1%8f%d1%8e%d1%89%d0%b8%d0%b9-%d0%b3%d0%b5%d0%bb%d1%8c-%d0%b4%d0%bb%d1%8f-%d0%b2%d0%b5%d0%ba-vital-c\/\",\"name\":\"VITAL C S\u00fcgavniisutav silma\u00fcmbrusgeel - SPskincare\",\"isPartOf\":{\"@id\":\"https:\/\/spskincare.ee\/et\/#website\"},\"primaryImageOfPage\":{\"@id\":\"https:\/\/spskincare.ee\/et\/toode\/%d0%b8%d0%bd%d1%82%d0%b5%d0%bd%d1%81%d0%b8%d0%b2%d0%bd%d0%be-%d1%83%d0%b2%d0%bb%d0%b0%d0%b6%d0%bd%d1%8f%d1%8e%d1%89%d0%b8%d0%b9-%d0%b3%d0%b5%d0%bb%d1%8c-%d0%b4%d0%bb%d1%8f-%d0%b2%d0%b5%d0%ba-vital-c\/#primaryimage\"},\"image\":{\"@id\":\"https:\/\/spskincare.ee\/et\/toode\/%d0%b8%d0%bd%d1%82%d0%b5%d0%bd%d1%81%d0%b8%d0%b2%d0%bd%d0%be-%d1%83%d0%b2%d0%bb%d0%b0%d0%b6%d0%bd%d1%8f%d1%8e%d1%89%d0%b8%d0%b9-%d0%b3%d0%b5%d0%bb%d1%8c-%d0%b4%d0%bb%d1%8f-%d0%b2%d0%b5%d0%ba-vital-c\/#primaryimage\"},\"thumbnailUrl\":\"https:\/\/spskincare.ee\/wp-content\/uploads\/2023\/06\/B27E5248-7017-4E10-ABC7-37D50CCF1FDC.jpeg\",\"datePublished\":\"2023-06-23T05:41:14+00:00\",\"dateModified\":\"2023-07-06T12:59:29+00:00\",\"breadcrumb\":{\"@id\":\"https:\/\/spskincare.ee\/et\/toode\/%d0%b8%d0%bd%d1%82%d0%b5%d0%bd%d1%81%d0%b8%d0%b2%d0%bd%d0%be-%d1%83%d0%b2%d0%bb%d0%b0%d0%b6%d0%bd%d1%8f%d1%8e%d1%89%d0%b8%d0%b9-%d0%b3%d0%b5%d0%bb%d1%8c-%d0%b4%d0%bb%d1%8f-%d0%b2%d0%b5%d0%ba-vital-c\/#breadcrumb\"},\"inLanguage\":\"et\",\"potentialAction\":[{\"@type\":\"ReadAction\",\"target\":[\"https:\/\/spskincare.ee\/et\/toode\/%d0%b8%d0%bd%d1%82%d0%b5%d0%bd%d1%81%d0%b8%d0%b2%d0%bd%d0%be-%d1%83%d0%b2%d0%bb%d0%b0%d0%b6%d0%bd%d1%8f%d1%8e%d1%89%d0%b8%d0%b9-%d0%b3%d0%b5%d0%bb%d1%8c-%d0%b4%d0%bb%d1%8f-%d0%b2%d0%b5%d0%ba-vital-c\/\"]}]},{\"@type\":\"ImageObject\",\"inLanguage\":\"et\",\"@id\":\"https:\/\/spskincare.ee\/et\/toode\/%d0%b8%d0%bd%d1%82%d0%b5%d0%bd%d1%81%d0%b8%d0%b2%d0%bd%d0%be-%d1%83%d0%b2%d0%bb%d0%b0%d0%b6%d0%bd%d1%8f%d1%8e%d1%89%d0%b8%d0%b9-%d0%b3%d0%b5%d0%bb%d1%8c-%d0%b4%d0%bb%d1%8f-%d0%b2%d0%b5%d0%ba-vital-c\/#primaryimage\",\"url\":\"https:\/\/spskincare.ee\/wp-content\/uploads\/2023\/06\/B27E5248-7017-4E10-ABC7-37D50CCF1FDC.jpeg\",\"contentUrl\":\"https:\/\/spskincare.ee\/wp-content\/uploads\/2023\/06\/B27E5248-7017-4E10-ABC7-37D50CCF1FDC.jpeg\",\"width\":1080,\"height\":1080},{\"@type\":\"BreadcrumbList\",\"@id\":\"https:\/\/spskincare.ee\/et\/toode\/%d0%b8%d0%bd%d1%82%d0%b5%d0%bd%d1%81%d0%b8%d0%b2%d0%bd%d0%be-%d1%83%d0%b2%d0%bb%d0%b0%d0%b6%d0%bd%d1%8f%d1%8e%d1%89%d0%b8%d0%b9-%d0%b3%d0%b5%d0%bb%d1%8c-%d0%b4%d0%bb%d1%8f-%d0%b2%d0%b5%d0%ba-vital-c\/#breadcrumb\",\"itemListElement\":[{\"@type\":\"ListItem\",\"position\":1,\"name\":\"\u0413\u043b\u0430\u0432\u043d\u0430\u044f \u0441\u0442\u0440\u0430\u043d\u0438\u0446\u0430\",\"item\":\"https:\/\/spskincare.ee\/et\/\"},{\"@type\":\"ListItem\",\"position\":2,\"name\":\"Shop\",\"item\":\"https:\/\/spskincare.ee\/shop\/\"},{\"@type\":\"ListItem\",\"position\":3,\"name\":\"VITAL C S\u00fcgavniisutav silma\u00fcmbrusgeel\"}]},{\"@type\":\"WebSite\",\"@id\":\"https:\/\/spskincare.ee\/et\/#website\",\"url\":\"https:\/\/spskincare.ee\/et\/\",\"name\":\"SPskincare\",\"description\":\"kosmeetik Tallinnas\",\"publisher\":{\"@id\":\"https:\/\/spskincare.ee\/et\/#organization\"},\"potentialAction\":[{\"@type\":\"SearchAction\",\"target\":{\"@type\":\"EntryPoint\",\"urlTemplate\":\"https:\/\/spskincare.ee\/et\/?s={search_term_string}\"},\"query-input\":{\"@type\":\"PropertyValueSpecification\",\"valueRequired\":true,\"valueName\":\"search_term_string\"}}],\"inLanguage\":\"et\"},{\"@type\":\"Organization\",\"@id\":\"https:\/\/spskincare.ee\/et\/#organization\",\"name\":\"SPskincare\",\"url\":\"https:\/\/spskincare.ee\/et\/\",\"logo\":{\"@type\":\"ImageObject\",\"inLanguage\":\"et\",\"@id\":\"https:\/\/spskincare.ee\/et\/#\/schema\/logo\/image\/\",\"url\":\"https:\/\/spskincare.ee\/wp-content\/uploads\/2023\/05\/SP_logo_trans.png\",\"contentUrl\":\"https:\/\/spskincare.ee\/wp-content\/uploads\/2023\/05\/SP_logo_trans.png\",\"width\":500,\"height\":500,\"caption\":\"SPskincare\"},\"image\":{\"@id\":\"https:\/\/spskincare.ee\/et\/#\/schema\/logo\/image\/\"},\"sameAs\":[\"https:\/\/www.facebook.com\/sabina.marahhovskaja\",\"https:\/\/www.instagram.com\/sabinapuskina.kosmetoloog\/\"]}]}<\/script>\n<!-- \/ Yoast SEO plugin. -->","yoast_head_json":{"title":"VITAL C S\u00fcgavniisutav silma\u00fcmbrusgeel - SPskincare","robots":{"index":"index","follow":"follow","max-snippet":"max-snippet:-1","max-image-preview":"max-image-preview:large","max-video-preview":"max-video-preview:-1"},"canonical":"https:\/\/spskincare.ee\/et\/toode\/%d0%b8%d0%bd%d1%82%d0%b5%d0%bd%d1%81%d0%b8%d0%b2%d0%bd%d0%be-%d1%83%d0%b2%d0%bb%d0%b0%d0%b6%d0%bd%d1%8f%d1%8e%d1%89%d0%b8%d0%b9-%d0%b3%d0%b5%d0%bb%d1%8c-%d0%b4%d0%bb%d1%8f-%d0%b2%d0%b5%d0%ba-vital-c\/","og_locale":"et_EE","og_type":"article","og_title":"VITAL C S\u00fcgavniisutav silma\u00fcmbrusgeel - SPskincare","og_description":"S\u00fcgavniisutav silmageel h\u00fcaluroonhappe ja C-vitamiiniga aitab v\u00e4rskendada ja siluda silma\u00fcmbruse \u00f5rna nahka ning v\u00e4hendada tumedaid ringe silmade all. Unikaalne kollageeni taastekompleks pinguldab ja niisutab silmade \u00fcmbrust ning \u00f5untelt p\u00e4rit t\u00fcvirakuekstraktid aitavad v\u00f5idelda vananemise m\u00e4rkidega. Turses silmaaluste puhul soovitame toodet hoida k\u00fclmikus, nii m\u00f5jub geel kui rahustav palsam. S\u00fcgavniisutav silmageel v\u00f5itis 2019. aastal Buduaari ilulemmiku tiitli.  Toote suurus 15ml.","og_url":"https:\/\/spskincare.ee\/et\/toode\/%d0%b8%d0%bd%d1%82%d0%b5%d0%bd%d1%81%d0%b8%d0%b2%d0%bd%d0%be-%d1%83%d0%b2%d0%bb%d0%b0%d0%b6%d0%bd%d1%8f%d1%8e%d1%89%d0%b8%d0%b9-%d0%b3%d0%b5%d0%bb%d1%8c-%d0%b4%d0%bb%d1%8f-%d0%b2%d0%b5%d0%ba-vital-c\/","og_site_name":"SPskincare","article_publisher":"https:\/\/www.facebook.com\/sabina.marahhovskaja","article_modified_time":"2023-07-06T12:59:29+00:00","og_image":[{"width":1080,"height":1080,"url":"https:\/\/spskincare.ee\/wp-content\/uploads\/2023\/06\/B27E5248-7017-4E10-ABC7-37D50CCF1FDC.jpeg","type":"image\/jpeg"}],"twitter_card":"summary_large_image","twitter_misc":{"Est. reading time":"1 minut"},"schema":{"@context":"https:\/\/schema.org","@graph":[{"@type":"WebPage","@id":"https:\/\/spskincare.ee\/et\/toode\/%d0%b8%d0%bd%d1%82%d0%b5%d0%bd%d1%81%d0%b8%d0%b2%d0%bd%d0%be-%d1%83%d0%b2%d0%bb%d0%b0%d0%b6%d0%bd%d1%8f%d1%8e%d1%89%d0%b8%d0%b9-%d0%b3%d0%b5%d0%bb%d1%8c-%d0%b4%d0%bb%d1%8f-%d0%b2%d0%b5%d0%ba-vital-c\/","url":"https:\/\/spskincare.ee\/et\/toode\/%d0%b8%d0%bd%d1%82%d0%b5%d0%bd%d1%81%d0%b8%d0%b2%d0%bd%d0%be-%d1%83%d0%b2%d0%bb%d0%b0%d0%b6%d0%bd%d1%8f%d1%8e%d1%89%d0%b8%d0%b9-%d0%b3%d0%b5%d0%bb%d1%8c-%d0%b4%d0%bb%d1%8f-%d0%b2%d0%b5%d0%ba-vital-c\/","name":"VITAL C S\u00fcgavniisutav silma\u00fcmbrusgeel - SPskincare","isPartOf":{"@id":"https:\/\/spskincare.ee\/et\/#website"},"primaryImageOfPage":{"@id":"https:\/\/spskincare.ee\/et\/toode\/%d0%b8%d0%bd%d1%82%d0%b5%d0%bd%d1%81%d0%b8%d0%b2%d0%bd%d0%be-%d1%83%d0%b2%d0%bb%d0%b0%d0%b6%d0%bd%d1%8f%d1%8e%d1%89%d0%b8%d0%b9-%d0%b3%d0%b5%d0%bb%d1%8c-%d0%b4%d0%bb%d1%8f-%d0%b2%d0%b5%d0%ba-vital-c\/#primaryimage"},"image":{"@id":"https:\/\/spskincare.ee\/et\/toode\/%d0%b8%d0%bd%d1%82%d0%b5%d0%bd%d1%81%d0%b8%d0%b2%d0%bd%d0%be-%d1%83%d0%b2%d0%bb%d0%b0%d0%b6%d0%bd%d1%8f%d1%8e%d1%89%d0%b8%d0%b9-%d0%b3%d0%b5%d0%bb%d1%8c-%d0%b4%d0%bb%d1%8f-%d0%b2%d0%b5%d0%ba-vital-c\/#primaryimage"},"thumbnailUrl":"https:\/\/spskincare.ee\/wp-content\/uploads\/2023\/06\/B27E5248-7017-4E10-ABC7-37D50CCF1FDC.jpeg","datePublished":"2023-06-23T05:41:14+00:00","dateModified":"2023-07-06T12:59:29+00:00","breadcrumb":{"@id":"https:\/\/spskincare.ee\/et\/toode\/%d0%b8%d0%bd%d1%82%d0%b5%d0%bd%d1%81%d0%b8%d0%b2%d0%bd%d0%be-%d1%83%d0%b2%d0%bb%d0%b0%d0%b6%d0%bd%d1%8f%d1%8e%d1%89%d0%b8%d0%b9-%d0%b3%d0%b5%d0%bb%d1%8c-%d0%b4%d0%bb%d1%8f-%d0%b2%d0%b5%d0%ba-vital-c\/#breadcrumb"},"inLanguage":"et","potentialAction":[{"@type":"ReadAction","target":["https:\/\/spskincare.ee\/et\/toode\/%d0%b8%d0%bd%d1%82%d0%b5%d0%bd%d1%81%d0%b8%d0%b2%d0%bd%d0%be-%d1%83%d0%b2%d0%bb%d0%b0%d0%b6%d0%bd%d1%8f%d1%8e%d1%89%d0%b8%d0%b9-%d0%b3%d0%b5%d0%bb%d1%8c-%d0%b4%d0%bb%d1%8f-%d0%b2%d0%b5%d0%ba-vital-c\/"]}]},{"@type":"ImageObject","inLanguage":"et","@id":"https:\/\/spskincare.ee\/et\/toode\/%d0%b8%d0%bd%d1%82%d0%b5%d0%bd%d1%81%d0%b8%d0%b2%d0%bd%d0%be-%d1%83%d0%b2%d0%bb%d0%b0%d0%b6%d0%bd%d1%8f%d1%8e%d1%89%d0%b8%d0%b9-%d0%b3%d0%b5%d0%bb%d1%8c-%d0%b4%d0%bb%d1%8f-%d0%b2%d0%b5%d0%ba-vital-c\/#primaryimage","url":"https:\/\/spskincare.ee\/wp-content\/uploads\/2023\/06\/B27E5248-7017-4E10-ABC7-37D50CCF1FDC.jpeg","contentUrl":"https:\/\/spskincare.ee\/wp-content\/uploads\/2023\/06\/B27E5248-7017-4E10-ABC7-37D50CCF1FDC.jpeg","width":1080,"height":1080},{"@type":"BreadcrumbList","@id":"https:\/\/spskincare.ee\/et\/toode\/%d0%b8%d0%bd%d1%82%d0%b5%d0%bd%d1%81%d0%b8%d0%b2%d0%bd%d0%be-%d1%83%d0%b2%d0%bb%d0%b0%d0%b6%d0%bd%d1%8f%d1%8e%d1%89%d0%b8%d0%b9-%d0%b3%d0%b5%d0%bb%d1%8c-%d0%b4%d0%bb%d1%8f-%d0%b2%d0%b5%d0%ba-vital-c\/#breadcrumb","itemListElement":[{"@type":"ListItem","position":1,"name":"\u0413\u043b\u0430\u0432\u043d\u0430\u044f \u0441\u0442\u0440\u0430\u043d\u0438\u0446\u0430","item":"https:\/\/spskincare.ee\/et\/"},{"@type":"ListItem","position":2,"name":"Shop","item":"https:\/\/spskincare.ee\/shop\/"},{"@type":"ListItem","position":3,"name":"VITAL C S\u00fcgavniisutav silma\u00fcmbrusgeel"}]},{"@type":"WebSite","@id":"https:\/\/spskincare.ee\/et\/#website","url":"https:\/\/spskincare.ee\/et\/","name":"SPskincare","description":"kosmeetik Tallinnas","publisher":{"@id":"https:\/\/spskincare.ee\/et\/#organization"},"potentialAction":[{"@type":"SearchAction","target":{"@type":"EntryPoint","urlTemplate":"https:\/\/spskincare.ee\/et\/?s={search_term_string}"},"query-input":{"@type":"PropertyValueSpecification","valueRequired":true,"valueName":"search_term_string"}}],"inLanguage":"et"},{"@type":"Organization","@id":"https:\/\/spskincare.ee\/et\/#organization","name":"SPskincare","url":"https:\/\/spskincare.ee\/et\/","logo":{"@type":"ImageObject","inLanguage":"et","@id":"https:\/\/spskincare.ee\/et\/#\/schema\/logo\/image\/","url":"https:\/\/spskincare.ee\/wp-content\/uploads\/2023\/05\/SP_logo_trans.png","contentUrl":"https:\/\/spskincare.ee\/wp-content\/uploads\/2023\/05\/SP_logo_trans.png","width":500,"height":500,"caption":"SPskincare"},"image":{"@id":"https:\/\/spskincare.ee\/et\/#\/schema\/logo\/image\/"},"sameAs":["https:\/\/www.facebook.com\/sabina.marahhovskaja","https:\/\/www.instagram.com\/sabinapuskina.kosmetoloog\/"]}]}},"_links":{"self":[{"href":"https:\/\/spskincare.ee\/et\/wp-json\/wp\/v2\/product\/5897","targetHints":{"allow":["GET"]}}],"collection":[{"href":"https:\/\/spskincare.ee\/et\/wp-json\/wp\/v2\/product"}],"about":[{"href":"https:\/\/spskincare.ee\/et\/wp-json\/wp\/v2\/types\/product"}],"wp:featuredmedia":[{"embeddable":true,"href":"https:\/\/spskincare.ee\/et\/wp-json\/wp\/v2\/media\/5700"}],"wp:attachment":[{"href":"https:\/\/spskincare.ee\/et\/wp-json\/wp\/v2\/media?parent=5897"}],"wp:term":[{"taxonomy":"product_brand","embeddable":true,"href":"https:\/\/spskincare.ee\/et\/wp-json\/wp\/v2\/product_brand?post=5897"},{"taxonomy":"product_cat","embeddable":true,"href":"https:\/\/spskincare.ee\/et\/wp-json\/wp\/v2\/product_cat?post=5897"},{"taxonomy":"product_tag","embeddable":true,"href":"https:\/\/spskincare.ee\/et\/wp-json\/wp\/v2\/product_tag?post=5897"}],"curies":[{"name":"wp","href":"https:\/\/api.w.org\/{rel}","templated":true}]}}