{"id":5898,"date":"2023-06-23T05:37:18","date_gmt":"2023-06-23T05:37:18","guid":{"rendered":"https:\/\/spskincare.ee\/product\/md-noorendav-ookreem\/"},"modified":"2023-07-06T13:01:35","modified_gmt":"2023-07-06T13:01:35","slug":"%d0%be%d0%bc%d0%be%d0%bb%d0%b0%d0%b6%d0%b8%d0%b2%d0%b0%d1%8e%d1%89%d0%b8%d0%b9-%d0%bd%d0%be%d1%87%d0%bd%d0%be%d0%b9-%d0%ba%d1%80%d0%b5%d0%bc-md","status":"publish","type":"product","link":"https:\/\/spskincare.ee\/et\/toode\/%d0%be%d0%bc%d0%be%d0%bb%d0%b0%d0%b6%d0%b8%d0%b2%d0%b0%d1%8e%d1%89%d0%b8%d0%b9-%d0%bd%d0%be%d1%87%d0%bd%d0%be%d0%b9-%d0%ba%d1%80%d0%b5%d0%bc-md\/","title":{"rendered":"MD Noorendav \u00f6\u00f6kreem"},"content":{"rendered":"<p>Kasutamine:<\/p>\n<p>Ainult \u00f5htul! Kanna puhastatud nahale. Kui kasutad toodet p\u00e4ikeselisel perioodil siis soovitame parimate tulemuste saavutamiseks p\u00e4evasel ajal kasutada p\u00e4ikesekaitsega p\u00e4eva- v\u00f5i jumestuskreemi.<\/p>\n<p>NB! Tegemist on tugevatoimelise tootega, mis v\u00f5ib naha pinnal tekitada kuivust ning \u00e4rritust. Eriti ettevaatlik tuleks toote esmakordsel kasutamisel olla kevadperioodil, kui kogu organism pole veel talvest taastunud ning nahas v\u00f5ib olla vedelikuvaegus. Eriti ettevaatlik tuleks toote esmakordsel kasutamisel olla kevadperioodil, kui kogu organism pole veel talvest taastunud ning nahas v\u00f5ib olla vedelikuvaegus. Soovitame toodet nahale tutvustada j\u00e4rk-j\u00e4rgult alustades esmalt k\u00e4eseljast.<\/p>\n<p>Koostis:<\/p>\n<p>WATER (AQUA), GLYCERIN, CETEARYL ALCOHOL, DIMETHICONE, CAPRYLIC\/CAPRIC TRIGLYCERIDE, C12-15 ALKYL BENZOATE, GLYCOLIC ACID, TETRAHEXYLDECYL ASCORBATE, GLYCERYL STEARATE, PEG-100 STEARATE, BUTYLENE GLYCOL, CETYL ALCOHOL, STEARIC ACID, PHENOXYETHANOL, CETEARETH-20, YEAST EXTRACT, PPG-12\/SDMI COPOLYMER, RETINOL, MAGNESIUM ALUMINUM SILICATE, STEARYL ALCOHOL, POLYSORBATE 20, POLYSORBATE 60, GLYCINE SOJA STEROLS, LINOLEIC ACID, PHOSPHOLIPIDS, DIPOTASSIUM GLYCYRRHIZATE, KOJIC ACID, PEG-20, PROPYLENE GLYCOL, CITRUS AURANTIUM DULCIS PEEL OIL, XANTHAN GUM, SUCROSE TRISTEARATE, CITRUS RETICULATA PEEL OIL, DISODIUM EDTA, ETHYLHEXYLGLYCERIN, TOCOPHERYL ACETATE, DIPEPTIDE DIAMINOBUTYROYL BENZYLAMIDE DIACETATE, HYDROLYZED SOY PROTEIN, PALMITOYL TRIPEPTIDE-5, POTASSIUM SORBATE, SOY AMINO ACIDS, RUMEX OCCIDENTALIS EXTRACT, SODIUM BENZOATE, SODIUM HYALURONATE, CAMELLIA SINENSIS LEAF EXTRACT, TOCOPHEROL, CITRIC ACID, SODIUM HYDROXIDE<\/p>\n<p>*Toodete koostises v\u00f5ib esineda m\u00f5ningaid muudatusi. T\u00e4pne koostis toote pakendil.<\/p>\n<section class=\"related products \"><\/section>\n","protected":false},"excerpt":{"rendered":"<div class=\"woocommerce-product-details__short-description\">\n<p>MD Noorendav \u00f6\u00f6kreem on kontsentreeritud segu retinoolist, gl\u00fckoolhappest ja rasvlahustuvast C-vitamiinist. \u00d6\u00f6kreemis on kasutusel s\u00fcgavimenduv ning ajapikku vabanev kapseldatud retinool, millel on v\u00e4ga tugev kortsude ja kurdude vastane m\u00f5ju. Aktiivained j\u00f5uavad s\u00fcgavamate nahakihtideni t\u00e4nu Image uuenduslikule imendumismehhanismile. Kontsentreeritud koostise t\u00f5ttu soovitame enne toote tellimist konsulteerida oma kosmeetiku v\u00f5i Image Skincare spetsialistiga.<\/p>\n<p>Toote suurus 30 ml.<\/p>\n<\/div>\n","protected":false},"featured_media":5699,"template":"","meta":[],"product_brand":[],"product_cat":[102],"product_tag":[104],"class_list":{"0":"post-5898","1":"product","2":"type-product","3":"status-publish","4":"has-post-thumbnail","6":"product_cat-ookreemid","7":"product_tag-ookreem","9":"first","10":"instock","11":"shipping-taxable","12":"purchasable","13":"product-type-simple"},"yoast_head":"<!-- This site is optimized with the Yoast SEO plugin v26.2 - https:\/\/yoast.com\/wordpress\/plugins\/seo\/ -->\n<title>MD Noorendav \u00f6\u00f6kreem - SPskincare<\/title>\n<meta name=\"robots\" content=\"index, follow, max-snippet:-1, max-image-preview:large, max-video-preview:-1\" \/>\n<link rel=\"canonical\" href=\"https:\/\/spskincare.ee\/et\/toode\/%d0%be%d0%bc%d0%be%d0%bb%d0%b0%d0%b6%d0%b8%d0%b2%d0%b0%d1%8e%d1%89%d0%b8%d0%b9-%d0%bd%d0%be%d1%87%d0%bd%d0%be%d0%b9-%d0%ba%d1%80%d0%b5%d0%bc-md\/\" \/>\n<meta property=\"og:locale\" content=\"et_EE\" \/>\n<meta property=\"og:type\" content=\"article\" \/>\n<meta property=\"og:title\" content=\"MD Noorendav \u00f6\u00f6kreem - SPskincare\" \/>\n<meta property=\"og:description\" content=\"MD Noorendav \u00f6\u00f6kreem on kontsentreeritud segu retinoolist, gl\u00fckoolhappest ja rasvlahustuvast C-vitamiinist. \u00d6\u00f6kreemis on kasutusel s\u00fcgavimenduv ning ajapikku vabanev kapseldatud retinool, millel on v\u00e4ga tugev kortsude ja kurdude vastane m\u00f5ju. Aktiivained j\u00f5uavad s\u00fcgavamate nahakihtideni t\u00e4nu Image uuenduslikule imendumismehhanismile. Kontsentreeritud koostise t\u00f5ttu soovitame enne toote tellimist konsulteerida oma kosmeetiku v\u00f5i Image Skincare spetsialistiga.  Toote suurus 30 ml.\" \/>\n<meta property=\"og:url\" content=\"https:\/\/spskincare.ee\/et\/toode\/%d0%be%d0%bc%d0%be%d0%bb%d0%b0%d0%b6%d0%b8%d0%b2%d0%b0%d1%8e%d1%89%d0%b8%d0%b9-%d0%bd%d0%be%d1%87%d0%bd%d0%be%d0%b9-%d0%ba%d1%80%d0%b5%d0%bc-md\/\" \/>\n<meta property=\"og:site_name\" content=\"SPskincare\" \/>\n<meta property=\"article:publisher\" content=\"https:\/\/www.facebook.com\/sabina.marahhovskaja\" \/>\n<meta property=\"article:modified_time\" content=\"2023-07-06T13:01:35+00:00\" \/>\n<meta property=\"og:image\" content=\"https:\/\/spskincare.ee\/wp-content\/uploads\/2023\/06\/980998.png\" \/>\n\t<meta property=\"og:image:width\" content=\"1498\" \/>\n\t<meta property=\"og:image:height\" content=\"1494\" \/>\n\t<meta property=\"og:image:type\" content=\"image\/png\" \/>\n<meta name=\"twitter:card\" content=\"summary_large_image\" \/>\n<meta name=\"twitter:label1\" content=\"Est. reading time\" \/>\n\t<meta name=\"twitter:data1\" content=\"1 minut\" \/>\n<script type=\"application\/ld+json\" class=\"yoast-schema-graph\">{\"@context\":\"https:\/\/schema.org\",\"@graph\":[{\"@type\":\"WebPage\",\"@id\":\"https:\/\/spskincare.ee\/et\/toode\/%d0%be%d0%bc%d0%be%d0%bb%d0%b0%d0%b6%d0%b8%d0%b2%d0%b0%d1%8e%d1%89%d0%b8%d0%b9-%d0%bd%d0%be%d1%87%d0%bd%d0%be%d0%b9-%d0%ba%d1%80%d0%b5%d0%bc-md\/\",\"url\":\"https:\/\/spskincare.ee\/et\/toode\/%d0%be%d0%bc%d0%be%d0%bb%d0%b0%d0%b6%d0%b8%d0%b2%d0%b0%d1%8e%d1%89%d0%b8%d0%b9-%d0%bd%d0%be%d1%87%d0%bd%d0%be%d0%b9-%d0%ba%d1%80%d0%b5%d0%bc-md\/\",\"name\":\"MD Noorendav \u00f6\u00f6kreem - SPskincare\",\"isPartOf\":{\"@id\":\"https:\/\/spskincare.ee\/et\/#website\"},\"primaryImageOfPage\":{\"@id\":\"https:\/\/spskincare.ee\/et\/toode\/%d0%be%d0%bc%d0%be%d0%bb%d0%b0%d0%b6%d0%b8%d0%b2%d0%b0%d1%8e%d1%89%d0%b8%d0%b9-%d0%bd%d0%be%d1%87%d0%bd%d0%be%d0%b9-%d0%ba%d1%80%d0%b5%d0%bc-md\/#primaryimage\"},\"image\":{\"@id\":\"https:\/\/spskincare.ee\/et\/toode\/%d0%be%d0%bc%d0%be%d0%bb%d0%b0%d0%b6%d0%b8%d0%b2%d0%b0%d1%8e%d1%89%d0%b8%d0%b9-%d0%bd%d0%be%d1%87%d0%bd%d0%be%d0%b9-%d0%ba%d1%80%d0%b5%d0%bc-md\/#primaryimage\"},\"thumbnailUrl\":\"https:\/\/spskincare.ee\/wp-content\/uploads\/2023\/06\/980998.png\",\"datePublished\":\"2023-06-23T05:37:18+00:00\",\"dateModified\":\"2023-07-06T13:01:35+00:00\",\"breadcrumb\":{\"@id\":\"https:\/\/spskincare.ee\/et\/toode\/%d0%be%d0%bc%d0%be%d0%bb%d0%b0%d0%b6%d0%b8%d0%b2%d0%b0%d1%8e%d1%89%d0%b8%d0%b9-%d0%bd%d0%be%d1%87%d0%bd%d0%be%d0%b9-%d0%ba%d1%80%d0%b5%d0%bc-md\/#breadcrumb\"},\"inLanguage\":\"et\",\"potentialAction\":[{\"@type\":\"ReadAction\",\"target\":[\"https:\/\/spskincare.ee\/et\/toode\/%d0%be%d0%bc%d0%be%d0%bb%d0%b0%d0%b6%d0%b8%d0%b2%d0%b0%d1%8e%d1%89%d0%b8%d0%b9-%d0%bd%d0%be%d1%87%d0%bd%d0%be%d0%b9-%d0%ba%d1%80%d0%b5%d0%bc-md\/\"]}]},{\"@type\":\"ImageObject\",\"inLanguage\":\"et\",\"@id\":\"https:\/\/spskincare.ee\/et\/toode\/%d0%be%d0%bc%d0%be%d0%bb%d0%b0%d0%b6%d0%b8%d0%b2%d0%b0%d1%8e%d1%89%d0%b8%d0%b9-%d0%bd%d0%be%d1%87%d0%bd%d0%be%d0%b9-%d0%ba%d1%80%d0%b5%d0%bc-md\/#primaryimage\",\"url\":\"https:\/\/spskincare.ee\/wp-content\/uploads\/2023\/06\/980998.png\",\"contentUrl\":\"https:\/\/spskincare.ee\/wp-content\/uploads\/2023\/06\/980998.png\",\"width\":1498,\"height\":1494},{\"@type\":\"BreadcrumbList\",\"@id\":\"https:\/\/spskincare.ee\/et\/toode\/%d0%be%d0%bc%d0%be%d0%bb%d0%b0%d0%b6%d0%b8%d0%b2%d0%b0%d1%8e%d1%89%d0%b8%d0%b9-%d0%bd%d0%be%d1%87%d0%bd%d0%be%d0%b9-%d0%ba%d1%80%d0%b5%d0%bc-md\/#breadcrumb\",\"itemListElement\":[{\"@type\":\"ListItem\",\"position\":1,\"name\":\"\u0413\u043b\u0430\u0432\u043d\u0430\u044f \u0441\u0442\u0440\u0430\u043d\u0438\u0446\u0430\",\"item\":\"https:\/\/spskincare.ee\/et\/\"},{\"@type\":\"ListItem\",\"position\":2,\"name\":\"Shop\",\"item\":\"https:\/\/spskincare.ee\/shop\/\"},{\"@type\":\"ListItem\",\"position\":3,\"name\":\"MD Noorendav \u00f6\u00f6kreem\"}]},{\"@type\":\"WebSite\",\"@id\":\"https:\/\/spskincare.ee\/et\/#website\",\"url\":\"https:\/\/spskincare.ee\/et\/\",\"name\":\"SPskincare\",\"description\":\"kosmeetik Tallinnas\",\"publisher\":{\"@id\":\"https:\/\/spskincare.ee\/et\/#organization\"},\"potentialAction\":[{\"@type\":\"SearchAction\",\"target\":{\"@type\":\"EntryPoint\",\"urlTemplate\":\"https:\/\/spskincare.ee\/et\/?s={search_term_string}\"},\"query-input\":{\"@type\":\"PropertyValueSpecification\",\"valueRequired\":true,\"valueName\":\"search_term_string\"}}],\"inLanguage\":\"et\"},{\"@type\":\"Organization\",\"@id\":\"https:\/\/spskincare.ee\/et\/#organization\",\"name\":\"SPskincare\",\"url\":\"https:\/\/spskincare.ee\/et\/\",\"logo\":{\"@type\":\"ImageObject\",\"inLanguage\":\"et\",\"@id\":\"https:\/\/spskincare.ee\/et\/#\/schema\/logo\/image\/\",\"url\":\"https:\/\/spskincare.ee\/wp-content\/uploads\/2023\/05\/SP_logo_trans.png\",\"contentUrl\":\"https:\/\/spskincare.ee\/wp-content\/uploads\/2023\/05\/SP_logo_trans.png\",\"width\":500,\"height\":500,\"caption\":\"SPskincare\"},\"image\":{\"@id\":\"https:\/\/spskincare.ee\/et\/#\/schema\/logo\/image\/\"},\"sameAs\":[\"https:\/\/www.facebook.com\/sabina.marahhovskaja\",\"https:\/\/www.instagram.com\/sabinapuskina.kosmetoloog\/\"]}]}<\/script>\n<!-- \/ Yoast SEO plugin. -->","yoast_head_json":{"title":"MD Noorendav \u00f6\u00f6kreem - SPskincare","robots":{"index":"index","follow":"follow","max-snippet":"max-snippet:-1","max-image-preview":"max-image-preview:large","max-video-preview":"max-video-preview:-1"},"canonical":"https:\/\/spskincare.ee\/et\/toode\/%d0%be%d0%bc%d0%be%d0%bb%d0%b0%d0%b6%d0%b8%d0%b2%d0%b0%d1%8e%d1%89%d0%b8%d0%b9-%d0%bd%d0%be%d1%87%d0%bd%d0%be%d0%b9-%d0%ba%d1%80%d0%b5%d0%bc-md\/","og_locale":"et_EE","og_type":"article","og_title":"MD Noorendav \u00f6\u00f6kreem - SPskincare","og_description":"MD Noorendav \u00f6\u00f6kreem on kontsentreeritud segu retinoolist, gl\u00fckoolhappest ja rasvlahustuvast C-vitamiinist. \u00d6\u00f6kreemis on kasutusel s\u00fcgavimenduv ning ajapikku vabanev kapseldatud retinool, millel on v\u00e4ga tugev kortsude ja kurdude vastane m\u00f5ju. Aktiivained j\u00f5uavad s\u00fcgavamate nahakihtideni t\u00e4nu Image uuenduslikule imendumismehhanismile. Kontsentreeritud koostise t\u00f5ttu soovitame enne toote tellimist konsulteerida oma kosmeetiku v\u00f5i Image Skincare spetsialistiga.  Toote suurus 30 ml.","og_url":"https:\/\/spskincare.ee\/et\/toode\/%d0%be%d0%bc%d0%be%d0%bb%d0%b0%d0%b6%d0%b8%d0%b2%d0%b0%d1%8e%d1%89%d0%b8%d0%b9-%d0%bd%d0%be%d1%87%d0%bd%d0%be%d0%b9-%d0%ba%d1%80%d0%b5%d0%bc-md\/","og_site_name":"SPskincare","article_publisher":"https:\/\/www.facebook.com\/sabina.marahhovskaja","article_modified_time":"2023-07-06T13:01:35+00:00","og_image":[{"width":1498,"height":1494,"url":"https:\/\/spskincare.ee\/wp-content\/uploads\/2023\/06\/980998.png","type":"image\/png"}],"twitter_card":"summary_large_image","twitter_misc":{"Est. reading time":"1 minut"},"schema":{"@context":"https:\/\/schema.org","@graph":[{"@type":"WebPage","@id":"https:\/\/spskincare.ee\/et\/toode\/%d0%be%d0%bc%d0%be%d0%bb%d0%b0%d0%b6%d0%b8%d0%b2%d0%b0%d1%8e%d1%89%d0%b8%d0%b9-%d0%bd%d0%be%d1%87%d0%bd%d0%be%d0%b9-%d0%ba%d1%80%d0%b5%d0%bc-md\/","url":"https:\/\/spskincare.ee\/et\/toode\/%d0%be%d0%bc%d0%be%d0%bb%d0%b0%d0%b6%d0%b8%d0%b2%d0%b0%d1%8e%d1%89%d0%b8%d0%b9-%d0%bd%d0%be%d1%87%d0%bd%d0%be%d0%b9-%d0%ba%d1%80%d0%b5%d0%bc-md\/","name":"MD Noorendav \u00f6\u00f6kreem - SPskincare","isPartOf":{"@id":"https:\/\/spskincare.ee\/et\/#website"},"primaryImageOfPage":{"@id":"https:\/\/spskincare.ee\/et\/toode\/%d0%be%d0%bc%d0%be%d0%bb%d0%b0%d0%b6%d0%b8%d0%b2%d0%b0%d1%8e%d1%89%d0%b8%d0%b9-%d0%bd%d0%be%d1%87%d0%bd%d0%be%d0%b9-%d0%ba%d1%80%d0%b5%d0%bc-md\/#primaryimage"},"image":{"@id":"https:\/\/spskincare.ee\/et\/toode\/%d0%be%d0%bc%d0%be%d0%bb%d0%b0%d0%b6%d0%b8%d0%b2%d0%b0%d1%8e%d1%89%d0%b8%d0%b9-%d0%bd%d0%be%d1%87%d0%bd%d0%be%d0%b9-%d0%ba%d1%80%d0%b5%d0%bc-md\/#primaryimage"},"thumbnailUrl":"https:\/\/spskincare.ee\/wp-content\/uploads\/2023\/06\/980998.png","datePublished":"2023-06-23T05:37:18+00:00","dateModified":"2023-07-06T13:01:35+00:00","breadcrumb":{"@id":"https:\/\/spskincare.ee\/et\/toode\/%d0%be%d0%bc%d0%be%d0%bb%d0%b0%d0%b6%d0%b8%d0%b2%d0%b0%d1%8e%d1%89%d0%b8%d0%b9-%d0%bd%d0%be%d1%87%d0%bd%d0%be%d0%b9-%d0%ba%d1%80%d0%b5%d0%bc-md\/#breadcrumb"},"inLanguage":"et","potentialAction":[{"@type":"ReadAction","target":["https:\/\/spskincare.ee\/et\/toode\/%d0%be%d0%bc%d0%be%d0%bb%d0%b0%d0%b6%d0%b8%d0%b2%d0%b0%d1%8e%d1%89%d0%b8%d0%b9-%d0%bd%d0%be%d1%87%d0%bd%d0%be%d0%b9-%d0%ba%d1%80%d0%b5%d0%bc-md\/"]}]},{"@type":"ImageObject","inLanguage":"et","@id":"https:\/\/spskincare.ee\/et\/toode\/%d0%be%d0%bc%d0%be%d0%bb%d0%b0%d0%b6%d0%b8%d0%b2%d0%b0%d1%8e%d1%89%d0%b8%d0%b9-%d0%bd%d0%be%d1%87%d0%bd%d0%be%d0%b9-%d0%ba%d1%80%d0%b5%d0%bc-md\/#primaryimage","url":"https:\/\/spskincare.ee\/wp-content\/uploads\/2023\/06\/980998.png","contentUrl":"https:\/\/spskincare.ee\/wp-content\/uploads\/2023\/06\/980998.png","width":1498,"height":1494},{"@type":"BreadcrumbList","@id":"https:\/\/spskincare.ee\/et\/toode\/%d0%be%d0%bc%d0%be%d0%bb%d0%b0%d0%b6%d0%b8%d0%b2%d0%b0%d1%8e%d1%89%d0%b8%d0%b9-%d0%bd%d0%be%d1%87%d0%bd%d0%be%d0%b9-%d0%ba%d1%80%d0%b5%d0%bc-md\/#breadcrumb","itemListElement":[{"@type":"ListItem","position":1,"name":"\u0413\u043b\u0430\u0432\u043d\u0430\u044f \u0441\u0442\u0440\u0430\u043d\u0438\u0446\u0430","item":"https:\/\/spskincare.ee\/et\/"},{"@type":"ListItem","position":2,"name":"Shop","item":"https:\/\/spskincare.ee\/shop\/"},{"@type":"ListItem","position":3,"name":"MD Noorendav \u00f6\u00f6kreem"}]},{"@type":"WebSite","@id":"https:\/\/spskincare.ee\/et\/#website","url":"https:\/\/spskincare.ee\/et\/","name":"SPskincare","description":"kosmeetik Tallinnas","publisher":{"@id":"https:\/\/spskincare.ee\/et\/#organization"},"potentialAction":[{"@type":"SearchAction","target":{"@type":"EntryPoint","urlTemplate":"https:\/\/spskincare.ee\/et\/?s={search_term_string}"},"query-input":{"@type":"PropertyValueSpecification","valueRequired":true,"valueName":"search_term_string"}}],"inLanguage":"et"},{"@type":"Organization","@id":"https:\/\/spskincare.ee\/et\/#organization","name":"SPskincare","url":"https:\/\/spskincare.ee\/et\/","logo":{"@type":"ImageObject","inLanguage":"et","@id":"https:\/\/spskincare.ee\/et\/#\/schema\/logo\/image\/","url":"https:\/\/spskincare.ee\/wp-content\/uploads\/2023\/05\/SP_logo_trans.png","contentUrl":"https:\/\/spskincare.ee\/wp-content\/uploads\/2023\/05\/SP_logo_trans.png","width":500,"height":500,"caption":"SPskincare"},"image":{"@id":"https:\/\/spskincare.ee\/et\/#\/schema\/logo\/image\/"},"sameAs":["https:\/\/www.facebook.com\/sabina.marahhovskaja","https:\/\/www.instagram.com\/sabinapuskina.kosmetoloog\/"]}]}},"_links":{"self":[{"href":"https:\/\/spskincare.ee\/et\/wp-json\/wp\/v2\/product\/5898","targetHints":{"allow":["GET"]}}],"collection":[{"href":"https:\/\/spskincare.ee\/et\/wp-json\/wp\/v2\/product"}],"about":[{"href":"https:\/\/spskincare.ee\/et\/wp-json\/wp\/v2\/types\/product"}],"wp:featuredmedia":[{"embeddable":true,"href":"https:\/\/spskincare.ee\/et\/wp-json\/wp\/v2\/media\/5699"}],"wp:attachment":[{"href":"https:\/\/spskincare.ee\/et\/wp-json\/wp\/v2\/media?parent=5898"}],"wp:term":[{"taxonomy":"product_brand","embeddable":true,"href":"https:\/\/spskincare.ee\/et\/wp-json\/wp\/v2\/product_brand?post=5898"},{"taxonomy":"product_cat","embeddable":true,"href":"https:\/\/spskincare.ee\/et\/wp-json\/wp\/v2\/product_cat?post=5898"},{"taxonomy":"product_tag","embeddable":true,"href":"https:\/\/spskincare.ee\/et\/wp-json\/wp\/v2\/product_tag?post=5898"}],"curies":[{"name":"wp","href":"https:\/\/api.w.org\/{rel}","templated":true}]}}