{"id":5903,"date":"2023-06-21T06:43:09","date_gmt":"2023-06-21T06:43:09","guid":{"rendered":"https:\/\/spskincare.ee\/product\/vital-c-niisutav-keha-ja-katekreem\/"},"modified":"2023-07-06T13:09:44","modified_gmt":"2023-07-06T13:09:44","slug":"%d1%83%d0%b2%d0%bb%d0%b0%d0%b6%d0%bd%d1%8f%d1%8e%d1%89%d0%b8%d0%b9-%d0%ba%d1%80%d0%b5%d0%bc-%d0%b4%d0%bb%d1%8f-%d1%80%d1%83%d0%ba-%d0%b8-%d1%82%d0%b5%d0%bb%d0%b0-vital-c","status":"publish","type":"product","link":"https:\/\/spskincare.ee\/et\/toode\/%d1%83%d0%b2%d0%bb%d0%b0%d0%b6%d0%bd%d1%8f%d1%8e%d1%89%d0%b8%d0%b9-%d0%ba%d1%80%d0%b5%d0%bc-%d0%b4%d0%bb%d1%8f-%d1%80%d1%83%d0%ba-%d0%b8-%d1%82%d0%b5%d0%bb%d0%b0-vital-c\/","title":{"rendered":"VITAL C Niisutav keha- ja k\u00e4tekreem"},"content":{"rendered":"<p>Kasutamine:<\/p>\n<p>Kasuta nii tihti, kui soovid. Soovi korral sega kreemile paar tilka Vital C Niisutavat n\u00e4o\u00f5li luksuslikuks ja aroomaatseks massa\u017eiks.<\/p>\n<p>Koostis:<\/p>\n<p>Aqua, Isostearyl Neopentanoate, Glycerin (Organic), Caprylic\/Capric Triglyceride, Polysorbate 80, Isohexadecane, Sodium Acrylate\/Sodium Acryloyldimethyl Taurate\/Acrylamide Copolymer, Cetyl Alcohol, C12-15 Alkyl Benzoate, Glyceryl Stearate, Peg-100 Stearate, Beta Vulgaris (Beet) Root Extract, Cyclopentasiloxane, Hydrolyzed Corn Starch, Aloe Barbadensis Leaf Juice (Organic), Ceramide Np, Tetrahexyldecyl Ascorbate, Tocopheryl Acetate, Macadamia Integrifolia Seed Oil, Hibiscus Sabdariffa Flower Extract, Vitis Vinifera (Grape) Seed Extract, Butyrospermum Parkii (Shea) Butter Extract (Organic), Simmondsia Chinensis (Jojoba) Seed Oil (Organic), Sodium Hyaluronate, Ascorbic Acid, Ascorbyl Palmitate, Resveratrol, Superoxide Dismutase, Phenoxyethanol, Magnesium Ascorbyl Phosphate, Panthenol, Stearic Acid, Dipotassium Glycyrrhizate, Butylene Glycol, Caprylyl Glycol, Dimethicone, Squalane, Linoleic Acid, Citrus Aurantium Dulcis (Orange) Peel Oil, Retinyl Palmitate, Glycine Soja (Soybean) Sterols, Phospholipids, Tocopherol, Ethylhexylglycerin, Hexylene Glycol, Phytic Acid, Glycine Soja (Soybean) Oil, Allantoin, Disodium Edta, Propylene Glycol, Lactic Acid, Yeast Polysaccharides, Sodium Hydroxymethylglycinate, Sodium Dna, Superoxide Dismutase.<\/p>\n<p>*Toote koostises v\u00f5ib esineda m\u00f5ningaid muudatusi. T\u00e4pne koostis toote pakendil.<\/p>\n<section class=\"related products \"><\/section>\n","protected":false},"excerpt":{"rendered":"<div class=\"woocommerce-product-details__short-description\">\n<div class=\"woocommerce-product-details__short-description\">\n<p>Nahka niisutav ja hooldav kehakreem, mis pakatab C-vitamiinist ja toitvatest ekstraktidest. K\u00fcllusliku niisutuse eest hoolitsevad makadaamia-, viinamarjaseemne- ja jojoba\u00f5li ning sheav\u00f5i ja h\u00fcaluroonhape.<\/p>\n<\/div>\n<p>Toote suurus 170 g.<\/p>\n<\/div>\n","protected":false},"featured_media":5778,"template":"","meta":[],"product_brand":[],"product_cat":[109],"product_tag":[120],"class_list":{"0":"post-5903","1":"product","2":"type-product","3":"status-publish","4":"has-post-thumbnail","6":"product_cat-kehakreemid","7":"product_tag-keha-kreem","9":"first","10":"instock","11":"shipping-taxable","12":"purchasable","13":"product-type-simple"},"yoast_head":"<!-- This site is optimized with the Yoast SEO plugin v26.2 - https:\/\/yoast.com\/wordpress\/plugins\/seo\/ -->\n<title>VITAL C Niisutav keha- ja k\u00e4tekreem - SPskincare<\/title>\n<meta name=\"robots\" content=\"index, follow, max-snippet:-1, max-image-preview:large, max-video-preview:-1\" \/>\n<link rel=\"canonical\" href=\"https:\/\/spskincare.ee\/et\/toode\/%d1%83%d0%b2%d0%bb%d0%b0%d0%b6%d0%bd%d1%8f%d1%8e%d1%89%d0%b8%d0%b9-%d0%ba%d1%80%d0%b5%d0%bc-%d0%b4%d0%bb%d1%8f-%d1%80%d1%83%d0%ba-%d0%b8-%d1%82%d0%b5%d0%bb%d0%b0-vital-c\/\" \/>\n<meta property=\"og:locale\" content=\"et_EE\" \/>\n<meta property=\"og:type\" content=\"article\" \/>\n<meta property=\"og:title\" content=\"VITAL C Niisutav keha- ja k\u00e4tekreem - SPskincare\" \/>\n<meta property=\"og:description\" content=\"Nahka niisutav ja hooldav kehakreem, mis pakatab C-vitamiinist ja toitvatest ekstraktidest. K\u00fcllusliku niisutuse eest hoolitsevad makadaamia-, viinamarjaseemne- ja jojoba\u00f5li ning sheav\u00f5i ja h\u00fcaluroonhape.  Toote suurus 170 g.\" \/>\n<meta property=\"og:url\" content=\"https:\/\/spskincare.ee\/et\/toode\/%d1%83%d0%b2%d0%bb%d0%b0%d0%b6%d0%bd%d1%8f%d1%8e%d1%89%d0%b8%d0%b9-%d0%ba%d1%80%d0%b5%d0%bc-%d0%b4%d0%bb%d1%8f-%d1%80%d1%83%d0%ba-%d0%b8-%d1%82%d0%b5%d0%bb%d0%b0-vital-c\/\" \/>\n<meta property=\"og:site_name\" content=\"SPskincare\" \/>\n<meta property=\"article:publisher\" content=\"https:\/\/www.facebook.com\/sabina.marahhovskaja\" \/>\n<meta property=\"article:modified_time\" content=\"2023-07-06T13:09:44+00:00\" \/>\n<meta property=\"og:image\" content=\"https:\/\/spskincare.ee\/wp-content\/uploads\/2023\/06\/katekreem.webp\" \/>\n\t<meta property=\"og:image:width\" content=\"1600\" \/>\n\t<meta property=\"og:image:height\" content=\"1600\" \/>\n\t<meta property=\"og:image:type\" content=\"image\/webp\" \/>\n<meta name=\"twitter:card\" content=\"summary_large_image\" \/>\n<meta name=\"twitter:label1\" content=\"Est. reading time\" \/>\n\t<meta name=\"twitter:data1\" content=\"1 minut\" \/>\n<script type=\"application\/ld+json\" class=\"yoast-schema-graph\">{\"@context\":\"https:\/\/schema.org\",\"@graph\":[{\"@type\":\"WebPage\",\"@id\":\"https:\/\/spskincare.ee\/et\/toode\/%d1%83%d0%b2%d0%bb%d0%b0%d0%b6%d0%bd%d1%8f%d1%8e%d1%89%d0%b8%d0%b9-%d0%ba%d1%80%d0%b5%d0%bc-%d0%b4%d0%bb%d1%8f-%d1%80%d1%83%d0%ba-%d0%b8-%d1%82%d0%b5%d0%bb%d0%b0-vital-c\/\",\"url\":\"https:\/\/spskincare.ee\/et\/toode\/%d1%83%d0%b2%d0%bb%d0%b0%d0%b6%d0%bd%d1%8f%d1%8e%d1%89%d0%b8%d0%b9-%d0%ba%d1%80%d0%b5%d0%bc-%d0%b4%d0%bb%d1%8f-%d1%80%d1%83%d0%ba-%d0%b8-%d1%82%d0%b5%d0%bb%d0%b0-vital-c\/\",\"name\":\"VITAL C Niisutav keha- ja k\u00e4tekreem - SPskincare\",\"isPartOf\":{\"@id\":\"https:\/\/spskincare.ee\/et\/#website\"},\"primaryImageOfPage\":{\"@id\":\"https:\/\/spskincare.ee\/et\/toode\/%d1%83%d0%b2%d0%bb%d0%b0%d0%b6%d0%bd%d1%8f%d1%8e%d1%89%d0%b8%d0%b9-%d0%ba%d1%80%d0%b5%d0%bc-%d0%b4%d0%bb%d1%8f-%d1%80%d1%83%d0%ba-%d0%b8-%d1%82%d0%b5%d0%bb%d0%b0-vital-c\/#primaryimage\"},\"image\":{\"@id\":\"https:\/\/spskincare.ee\/et\/toode\/%d1%83%d0%b2%d0%bb%d0%b0%d0%b6%d0%bd%d1%8f%d1%8e%d1%89%d0%b8%d0%b9-%d0%ba%d1%80%d0%b5%d0%bc-%d0%b4%d0%bb%d1%8f-%d1%80%d1%83%d0%ba-%d0%b8-%d1%82%d0%b5%d0%bb%d0%b0-vital-c\/#primaryimage\"},\"thumbnailUrl\":\"https:\/\/spskincare.ee\/wp-content\/uploads\/2023\/06\/katekreem.webp\",\"datePublished\":\"2023-06-21T06:43:09+00:00\",\"dateModified\":\"2023-07-06T13:09:44+00:00\",\"breadcrumb\":{\"@id\":\"https:\/\/spskincare.ee\/et\/toode\/%d1%83%d0%b2%d0%bb%d0%b0%d0%b6%d0%bd%d1%8f%d1%8e%d1%89%d0%b8%d0%b9-%d0%ba%d1%80%d0%b5%d0%bc-%d0%b4%d0%bb%d1%8f-%d1%80%d1%83%d0%ba-%d0%b8-%d1%82%d0%b5%d0%bb%d0%b0-vital-c\/#breadcrumb\"},\"inLanguage\":\"et\",\"potentialAction\":[{\"@type\":\"ReadAction\",\"target\":[\"https:\/\/spskincare.ee\/et\/toode\/%d1%83%d0%b2%d0%bb%d0%b0%d0%b6%d0%bd%d1%8f%d1%8e%d1%89%d0%b8%d0%b9-%d0%ba%d1%80%d0%b5%d0%bc-%d0%b4%d0%bb%d1%8f-%d1%80%d1%83%d0%ba-%d0%b8-%d1%82%d0%b5%d0%bb%d0%b0-vital-c\/\"]}]},{\"@type\":\"ImageObject\",\"inLanguage\":\"et\",\"@id\":\"https:\/\/spskincare.ee\/et\/toode\/%d1%83%d0%b2%d0%bb%d0%b0%d0%b6%d0%bd%d1%8f%d1%8e%d1%89%d0%b8%d0%b9-%d0%ba%d1%80%d0%b5%d0%bc-%d0%b4%d0%bb%d1%8f-%d1%80%d1%83%d0%ba-%d0%b8-%d1%82%d0%b5%d0%bb%d0%b0-vital-c\/#primaryimage\",\"url\":\"https:\/\/spskincare.ee\/wp-content\/uploads\/2023\/06\/katekreem.webp\",\"contentUrl\":\"https:\/\/spskincare.ee\/wp-content\/uploads\/2023\/06\/katekreem.webp\",\"width\":1600,\"height\":1600},{\"@type\":\"BreadcrumbList\",\"@id\":\"https:\/\/spskincare.ee\/et\/toode\/%d1%83%d0%b2%d0%bb%d0%b0%d0%b6%d0%bd%d1%8f%d1%8e%d1%89%d0%b8%d0%b9-%d0%ba%d1%80%d0%b5%d0%bc-%d0%b4%d0%bb%d1%8f-%d1%80%d1%83%d0%ba-%d0%b8-%d1%82%d0%b5%d0%bb%d0%b0-vital-c\/#breadcrumb\",\"itemListElement\":[{\"@type\":\"ListItem\",\"position\":1,\"name\":\"\u0413\u043b\u0430\u0432\u043d\u0430\u044f \u0441\u0442\u0440\u0430\u043d\u0438\u0446\u0430\",\"item\":\"https:\/\/spskincare.ee\/et\/\"},{\"@type\":\"ListItem\",\"position\":2,\"name\":\"Shop\",\"item\":\"https:\/\/spskincare.ee\/shop\/\"},{\"@type\":\"ListItem\",\"position\":3,\"name\":\"VITAL C Niisutav keha- ja k\u00e4tekreem\"}]},{\"@type\":\"WebSite\",\"@id\":\"https:\/\/spskincare.ee\/et\/#website\",\"url\":\"https:\/\/spskincare.ee\/et\/\",\"name\":\"SPskincare\",\"description\":\"kosmeetik Tallinnas\",\"publisher\":{\"@id\":\"https:\/\/spskincare.ee\/et\/#organization\"},\"potentialAction\":[{\"@type\":\"SearchAction\",\"target\":{\"@type\":\"EntryPoint\",\"urlTemplate\":\"https:\/\/spskincare.ee\/et\/?s={search_term_string}\"},\"query-input\":{\"@type\":\"PropertyValueSpecification\",\"valueRequired\":true,\"valueName\":\"search_term_string\"}}],\"inLanguage\":\"et\"},{\"@type\":\"Organization\",\"@id\":\"https:\/\/spskincare.ee\/et\/#organization\",\"name\":\"SPskincare\",\"url\":\"https:\/\/spskincare.ee\/et\/\",\"logo\":{\"@type\":\"ImageObject\",\"inLanguage\":\"et\",\"@id\":\"https:\/\/spskincare.ee\/et\/#\/schema\/logo\/image\/\",\"url\":\"https:\/\/spskincare.ee\/wp-content\/uploads\/2023\/05\/SP_logo_trans.png\",\"contentUrl\":\"https:\/\/spskincare.ee\/wp-content\/uploads\/2023\/05\/SP_logo_trans.png\",\"width\":500,\"height\":500,\"caption\":\"SPskincare\"},\"image\":{\"@id\":\"https:\/\/spskincare.ee\/et\/#\/schema\/logo\/image\/\"},\"sameAs\":[\"https:\/\/www.facebook.com\/sabina.marahhovskaja\",\"https:\/\/www.instagram.com\/sabinapuskina.kosmetoloog\/\"]}]}<\/script>\n<!-- \/ Yoast SEO plugin. -->","yoast_head_json":{"title":"VITAL C Niisutav keha- ja k\u00e4tekreem - SPskincare","robots":{"index":"index","follow":"follow","max-snippet":"max-snippet:-1","max-image-preview":"max-image-preview:large","max-video-preview":"max-video-preview:-1"},"canonical":"https:\/\/spskincare.ee\/et\/toode\/%d1%83%d0%b2%d0%bb%d0%b0%d0%b6%d0%bd%d1%8f%d1%8e%d1%89%d0%b8%d0%b9-%d0%ba%d1%80%d0%b5%d0%bc-%d0%b4%d0%bb%d1%8f-%d1%80%d1%83%d0%ba-%d0%b8-%d1%82%d0%b5%d0%bb%d0%b0-vital-c\/","og_locale":"et_EE","og_type":"article","og_title":"VITAL C Niisutav keha- ja k\u00e4tekreem - SPskincare","og_description":"Nahka niisutav ja hooldav kehakreem, mis pakatab C-vitamiinist ja toitvatest ekstraktidest. K\u00fcllusliku niisutuse eest hoolitsevad makadaamia-, viinamarjaseemne- ja jojoba\u00f5li ning sheav\u00f5i ja h\u00fcaluroonhape.  Toote suurus 170 g.","og_url":"https:\/\/spskincare.ee\/et\/toode\/%d1%83%d0%b2%d0%bb%d0%b0%d0%b6%d0%bd%d1%8f%d1%8e%d1%89%d0%b8%d0%b9-%d0%ba%d1%80%d0%b5%d0%bc-%d0%b4%d0%bb%d1%8f-%d1%80%d1%83%d0%ba-%d0%b8-%d1%82%d0%b5%d0%bb%d0%b0-vital-c\/","og_site_name":"SPskincare","article_publisher":"https:\/\/www.facebook.com\/sabina.marahhovskaja","article_modified_time":"2023-07-06T13:09:44+00:00","og_image":[{"width":1600,"height":1600,"url":"https:\/\/spskincare.ee\/wp-content\/uploads\/2023\/06\/katekreem.webp","type":"image\/webp"}],"twitter_card":"summary_large_image","twitter_misc":{"Est. reading time":"1 minut"},"schema":{"@context":"https:\/\/schema.org","@graph":[{"@type":"WebPage","@id":"https:\/\/spskincare.ee\/et\/toode\/%d1%83%d0%b2%d0%bb%d0%b0%d0%b6%d0%bd%d1%8f%d1%8e%d1%89%d0%b8%d0%b9-%d0%ba%d1%80%d0%b5%d0%bc-%d0%b4%d0%bb%d1%8f-%d1%80%d1%83%d0%ba-%d0%b8-%d1%82%d0%b5%d0%bb%d0%b0-vital-c\/","url":"https:\/\/spskincare.ee\/et\/toode\/%d1%83%d0%b2%d0%bb%d0%b0%d0%b6%d0%bd%d1%8f%d1%8e%d1%89%d0%b8%d0%b9-%d0%ba%d1%80%d0%b5%d0%bc-%d0%b4%d0%bb%d1%8f-%d1%80%d1%83%d0%ba-%d0%b8-%d1%82%d0%b5%d0%bb%d0%b0-vital-c\/","name":"VITAL C Niisutav keha- ja k\u00e4tekreem - SPskincare","isPartOf":{"@id":"https:\/\/spskincare.ee\/et\/#website"},"primaryImageOfPage":{"@id":"https:\/\/spskincare.ee\/et\/toode\/%d1%83%d0%b2%d0%bb%d0%b0%d0%b6%d0%bd%d1%8f%d1%8e%d1%89%d0%b8%d0%b9-%d0%ba%d1%80%d0%b5%d0%bc-%d0%b4%d0%bb%d1%8f-%d1%80%d1%83%d0%ba-%d0%b8-%d1%82%d0%b5%d0%bb%d0%b0-vital-c\/#primaryimage"},"image":{"@id":"https:\/\/spskincare.ee\/et\/toode\/%d1%83%d0%b2%d0%bb%d0%b0%d0%b6%d0%bd%d1%8f%d1%8e%d1%89%d0%b8%d0%b9-%d0%ba%d1%80%d0%b5%d0%bc-%d0%b4%d0%bb%d1%8f-%d1%80%d1%83%d0%ba-%d0%b8-%d1%82%d0%b5%d0%bb%d0%b0-vital-c\/#primaryimage"},"thumbnailUrl":"https:\/\/spskincare.ee\/wp-content\/uploads\/2023\/06\/katekreem.webp","datePublished":"2023-06-21T06:43:09+00:00","dateModified":"2023-07-06T13:09:44+00:00","breadcrumb":{"@id":"https:\/\/spskincare.ee\/et\/toode\/%d1%83%d0%b2%d0%bb%d0%b0%d0%b6%d0%bd%d1%8f%d1%8e%d1%89%d0%b8%d0%b9-%d0%ba%d1%80%d0%b5%d0%bc-%d0%b4%d0%bb%d1%8f-%d1%80%d1%83%d0%ba-%d0%b8-%d1%82%d0%b5%d0%bb%d0%b0-vital-c\/#breadcrumb"},"inLanguage":"et","potentialAction":[{"@type":"ReadAction","target":["https:\/\/spskincare.ee\/et\/toode\/%d1%83%d0%b2%d0%bb%d0%b0%d0%b6%d0%bd%d1%8f%d1%8e%d1%89%d0%b8%d0%b9-%d0%ba%d1%80%d0%b5%d0%bc-%d0%b4%d0%bb%d1%8f-%d1%80%d1%83%d0%ba-%d0%b8-%d1%82%d0%b5%d0%bb%d0%b0-vital-c\/"]}]},{"@type":"ImageObject","inLanguage":"et","@id":"https:\/\/spskincare.ee\/et\/toode\/%d1%83%d0%b2%d0%bb%d0%b0%d0%b6%d0%bd%d1%8f%d1%8e%d1%89%d0%b8%d0%b9-%d0%ba%d1%80%d0%b5%d0%bc-%d0%b4%d0%bb%d1%8f-%d1%80%d1%83%d0%ba-%d0%b8-%d1%82%d0%b5%d0%bb%d0%b0-vital-c\/#primaryimage","url":"https:\/\/spskincare.ee\/wp-content\/uploads\/2023\/06\/katekreem.webp","contentUrl":"https:\/\/spskincare.ee\/wp-content\/uploads\/2023\/06\/katekreem.webp","width":1600,"height":1600},{"@type":"BreadcrumbList","@id":"https:\/\/spskincare.ee\/et\/toode\/%d1%83%d0%b2%d0%bb%d0%b0%d0%b6%d0%bd%d1%8f%d1%8e%d1%89%d0%b8%d0%b9-%d0%ba%d1%80%d0%b5%d0%bc-%d0%b4%d0%bb%d1%8f-%d1%80%d1%83%d0%ba-%d0%b8-%d1%82%d0%b5%d0%bb%d0%b0-vital-c\/#breadcrumb","itemListElement":[{"@type":"ListItem","position":1,"name":"\u0413\u043b\u0430\u0432\u043d\u0430\u044f \u0441\u0442\u0440\u0430\u043d\u0438\u0446\u0430","item":"https:\/\/spskincare.ee\/et\/"},{"@type":"ListItem","position":2,"name":"Shop","item":"https:\/\/spskincare.ee\/shop\/"},{"@type":"ListItem","position":3,"name":"VITAL C Niisutav keha- ja k\u00e4tekreem"}]},{"@type":"WebSite","@id":"https:\/\/spskincare.ee\/et\/#website","url":"https:\/\/spskincare.ee\/et\/","name":"SPskincare","description":"kosmeetik Tallinnas","publisher":{"@id":"https:\/\/spskincare.ee\/et\/#organization"},"potentialAction":[{"@type":"SearchAction","target":{"@type":"EntryPoint","urlTemplate":"https:\/\/spskincare.ee\/et\/?s={search_term_string}"},"query-input":{"@type":"PropertyValueSpecification","valueRequired":true,"valueName":"search_term_string"}}],"inLanguage":"et"},{"@type":"Organization","@id":"https:\/\/spskincare.ee\/et\/#organization","name":"SPskincare","url":"https:\/\/spskincare.ee\/et\/","logo":{"@type":"ImageObject","inLanguage":"et","@id":"https:\/\/spskincare.ee\/et\/#\/schema\/logo\/image\/","url":"https:\/\/spskincare.ee\/wp-content\/uploads\/2023\/05\/SP_logo_trans.png","contentUrl":"https:\/\/spskincare.ee\/wp-content\/uploads\/2023\/05\/SP_logo_trans.png","width":500,"height":500,"caption":"SPskincare"},"image":{"@id":"https:\/\/spskincare.ee\/et\/#\/schema\/logo\/image\/"},"sameAs":["https:\/\/www.facebook.com\/sabina.marahhovskaja","https:\/\/www.instagram.com\/sabinapuskina.kosmetoloog\/"]}]}},"_links":{"self":[{"href":"https:\/\/spskincare.ee\/et\/wp-json\/wp\/v2\/product\/5903","targetHints":{"allow":["GET"]}}],"collection":[{"href":"https:\/\/spskincare.ee\/et\/wp-json\/wp\/v2\/product"}],"about":[{"href":"https:\/\/spskincare.ee\/et\/wp-json\/wp\/v2\/types\/product"}],"wp:featuredmedia":[{"embeddable":true,"href":"https:\/\/spskincare.ee\/et\/wp-json\/wp\/v2\/media\/5778"}],"wp:attachment":[{"href":"https:\/\/spskincare.ee\/et\/wp-json\/wp\/v2\/media?parent=5903"}],"wp:term":[{"taxonomy":"product_brand","embeddable":true,"href":"https:\/\/spskincare.ee\/et\/wp-json\/wp\/v2\/product_brand?post=5903"},{"taxonomy":"product_cat","embeddable":true,"href":"https:\/\/spskincare.ee\/et\/wp-json\/wp\/v2\/product_cat?post=5903"},{"taxonomy":"product_tag","embeddable":true,"href":"https:\/\/spskincare.ee\/et\/wp-json\/wp\/v2\/product_tag?post=5903"}],"curies":[{"name":"wp","href":"https:\/\/api.w.org\/{rel}","templated":true}]}}