{"id":5907,"date":"2023-06-20T18:37:05","date_gmt":"2023-06-20T18:37:05","guid":{"rendered":"https:\/\/spskincare.ee\/product\/md-niisutav-paevakreem-spf-50\/"},"modified":"2023-07-06T13:15:57","modified_gmt":"2023-07-06T13:15:57","slug":"%d1%83%d0%b2%d0%bb%d0%b0%d0%b6%d0%bd%d1%8f%d1%8e%d1%89%d0%b8%d0%b9-%d0%b4%d0%bd%d0%b5%d0%b2%d0%bd%d0%be%d0%b9-%d0%ba%d1%80%d0%b5%d0%bc-md-spf-50","status":"publish","type":"product","link":"https:\/\/spskincare.ee\/et\/toode\/%d1%83%d0%b2%d0%bb%d0%b0%d0%b6%d0%bd%d1%8f%d1%8e%d1%89%d0%b8%d0%b9-%d0%b4%d0%bd%d0%b5%d0%b2%d0%bd%d0%be%d0%b9-%d0%ba%d1%80%d0%b5%d0%bc-md-spf-50\/","title":{"rendered":"MD Niisutav p\u00e4evakreem SPF 50"},"content":{"rendered":"<p>Kasutamine:<br \/>\nKanna puhastatud nahale igal hommikul p\u00e4evaseks kaitseks ja niisutuseks. P\u00e4ikese k\u00e4es viibides kasuta iga kahe tunni tagant v\u00f5i vastavalt vajadusele. V\u00e4ldi kreemi sattumist silma.<\/p>\n<p>Koostis:<\/p>\n<p>HOMOSALATE 10,0%, OCTISALATE 5,0%, OCTOCRYLENE 6,0%, ZINC OXIDE 9,0%, AQUA\/WATER\/EAU, CAPRYLIC\/CAPRIC TRIGLYCERIDE, GLYCERIN, CYCLOPENTASILOXANE, CETYL PEG\/PPG-10\/1 DIMETHICONE, THERMUS THERMOPHILLUS FERMENT, POLYACRYLATE-13, CETEARYL ETHYLHEXANOATE, PHENOXYETHANOL, POLYISOBUTENE, POLYGLYCERYL-6 POLYRICINOLEATE, LECITHIN, ISOSTEARIC ACID, POLYGLYCERYL-3 POLYRICINOLEATE, POLYHYDROXYSTEARIC ACID, SODIUM CHLORIDE, CETEARYL DIMETHICONE, MARRUBIUM VULGARE EXTRACT, HELIANTHUS ANNUUS (SUNFLOWER) SEED OIL, XANTHAN GUM, POLYGLYCERYL-2 ISOSTEARATE, CITRUS AURANTIUM DULCIS (ORANGE) PEEL OIL, DISTEARDIMONIUM HECTORITE, POLYSORBATE 20, LIMONENE, SORBITAN ISOSTEARATE, ETHYLHEXYLGLYCERIN, PANTHENOL, DISODIUM EDTA, SODIUM HYALURONATE, MELANIN, ERYTHRITOL, CITRIC ACID, GLUCOSE, POTASSIUM SORBATE, HYDROLYZED PEA PROTEIN, TOCOPHEROL, PEG-8\/SMDI COPOLYMER, TETRAHEXYLDECYL ASCORBATE, TOCOPHERYL ACETATE, BAROSMA BETULINA (BUCHU) LEAF OIL, VANILLA PLANIFOLIA FRUIT EXTRACT, SODIUM BENZOATE, HOMARINE HCL, PENTAERYTHRITYL TETRA-DI-T-BUTYL HYDROXYHYDROCINNAMATE, SODIUM SUCCINATE, MALUS DOMESTICA FRUIT CELL CULTURE EXTRACT, ARABIDOPSIS THALIANA (THALE CRESS) EXTRACT, MICROCOCCUS LYSATE, PLANKTON EXTRACT, ERGOTHIONEINE<\/p>\n<p>*Toodete koostises v\u00f5ib esineda m\u00f5ningaid muudatusi. T\u00e4pne koostis toote pakendil.<\/p>\n<section class=\"related products \"><\/section>\n","protected":false},"excerpt":{"rendered":"<div class=\"woocommerce-product-details__short-description\">\n<p>Igap\u00e4evaseks kasutamiseks m\u00f5eldud p\u00e4evakreem, mis kaitseb nahka nii UV-kiirguse kui ka ekraanidelt kiirgava sinise valguse eest. \u00d5huline ja mitterasune koostis j\u00e4tab jume matiks ning seet\u00f5ttu sobib kreem ka ideaalselt meigi alusp\u00f5hjaks. Kaitset vananemise m\u00e4rkide eest pakuvad nii DNA-kaitsekompleks kui ka \u00f5untelt p\u00e4rinevad t\u00fcvirakuekstraktid. P\u00e4evakreem sobib nii igap\u00e4evaseks kaitseks kui ka p\u00e4ikese k\u00e4es viibides. NB! Tugeva p\u00e4ikese k\u00e4es viibides uuenda kreemi iga 2 tunni j\u00e4rel!<\/p>\n<p>Toote suurus 59 ml.<\/p>\n<\/div>\n","protected":false},"featured_media":5667,"template":"","meta":[],"product_brand":[],"product_cat":[101],"product_tag":[103],"class_list":{"0":"post-5907","1":"product","2":"type-product","3":"status-publish","4":"has-post-thumbnail","6":"product_cat-paevakreemid","7":"product_tag-paevakreem","9":"first","10":"instock","11":"shipping-taxable","12":"purchasable","13":"product-type-simple"},"yoast_head":"<!-- This site is optimized with the Yoast SEO plugin v26.2 - https:\/\/yoast.com\/wordpress\/plugins\/seo\/ -->\n<title>MD Niisutav p\u00e4evakreem SPF 50 - SPskincare<\/title>\n<meta name=\"robots\" content=\"index, follow, max-snippet:-1, max-image-preview:large, max-video-preview:-1\" \/>\n<link rel=\"canonical\" href=\"https:\/\/spskincare.ee\/et\/toode\/%d1%83%d0%b2%d0%bb%d0%b0%d0%b6%d0%bd%d1%8f%d1%8e%d1%89%d0%b8%d0%b9-%d0%b4%d0%bd%d0%b5%d0%b2%d0%bd%d0%be%d0%b9-%d0%ba%d1%80%d0%b5%d0%bc-md-spf-50\/\" \/>\n<meta property=\"og:locale\" content=\"et_EE\" \/>\n<meta property=\"og:type\" content=\"article\" \/>\n<meta property=\"og:title\" content=\"MD Niisutav p\u00e4evakreem SPF 50 - SPskincare\" \/>\n<meta property=\"og:description\" content=\"Igap\u00e4evaseks kasutamiseks m\u00f5eldud p\u00e4evakreem, mis kaitseb nahka nii UV-kiirguse kui ka ekraanidelt kiirgava sinise valguse eest. \u00d5huline ja mitterasune koostis j\u00e4tab jume matiks ning seet\u00f5ttu sobib kreem ka ideaalselt meigi alusp\u00f5hjaks. Kaitset vananemise m\u00e4rkide eest pakuvad nii DNA-kaitsekompleks kui ka \u00f5untelt p\u00e4rinevad t\u00fcvirakuekstraktid. P\u00e4evakreem sobib nii igap\u00e4evaseks kaitseks kui ka p\u00e4ikese k\u00e4es viibides. NB! Tugeva p\u00e4ikese k\u00e4es viibides uuenda kreemi iga 2 tunni j\u00e4rel! Toote suurus 59 ml.\" \/>\n<meta property=\"og:url\" content=\"https:\/\/spskincare.ee\/et\/toode\/%d1%83%d0%b2%d0%bb%d0%b0%d0%b6%d0%bd%d1%8f%d1%8e%d1%89%d0%b8%d0%b9-%d0%b4%d0%bd%d0%b5%d0%b2%d0%bd%d0%be%d0%b9-%d0%ba%d1%80%d0%b5%d0%bc-md-spf-50\/\" \/>\n<meta property=\"og:site_name\" content=\"SPskincare\" \/>\n<meta property=\"article:publisher\" content=\"https:\/\/www.facebook.com\/sabina.marahhovskaja\" \/>\n<meta property=\"article:modified_time\" content=\"2023-07-06T13:15:57+00:00\" \/>\n<meta property=\"og:image\" content=\"https:\/\/spskincare.ee\/wp-content\/uploads\/2023\/06\/49637AD4-CDAC-48B0-9BF8-5F00A60345CB.jpeg\" \/>\n\t<meta property=\"og:image:width\" content=\"1600\" \/>\n\t<meta property=\"og:image:height\" content=\"1600\" \/>\n\t<meta property=\"og:image:type\" content=\"image\/jpeg\" \/>\n<meta name=\"twitter:card\" content=\"summary_large_image\" \/>\n<meta name=\"twitter:label1\" content=\"Est. reading time\" \/>\n\t<meta name=\"twitter:data1\" content=\"1 minut\" \/>\n<script type=\"application\/ld+json\" class=\"yoast-schema-graph\">{\"@context\":\"https:\/\/schema.org\",\"@graph\":[{\"@type\":\"WebPage\",\"@id\":\"https:\/\/spskincare.ee\/et\/toode\/%d1%83%d0%b2%d0%bb%d0%b0%d0%b6%d0%bd%d1%8f%d1%8e%d1%89%d0%b8%d0%b9-%d0%b4%d0%bd%d0%b5%d0%b2%d0%bd%d0%be%d0%b9-%d0%ba%d1%80%d0%b5%d0%bc-md-spf-50\/\",\"url\":\"https:\/\/spskincare.ee\/et\/toode\/%d1%83%d0%b2%d0%bb%d0%b0%d0%b6%d0%bd%d1%8f%d1%8e%d1%89%d0%b8%d0%b9-%d0%b4%d0%bd%d0%b5%d0%b2%d0%bd%d0%be%d0%b9-%d0%ba%d1%80%d0%b5%d0%bc-md-spf-50\/\",\"name\":\"MD Niisutav p\u00e4evakreem SPF 50 - SPskincare\",\"isPartOf\":{\"@id\":\"https:\/\/spskincare.ee\/et\/#website\"},\"primaryImageOfPage\":{\"@id\":\"https:\/\/spskincare.ee\/et\/toode\/%d1%83%d0%b2%d0%bb%d0%b0%d0%b6%d0%bd%d1%8f%d1%8e%d1%89%d0%b8%d0%b9-%d0%b4%d0%bd%d0%b5%d0%b2%d0%bd%d0%be%d0%b9-%d0%ba%d1%80%d0%b5%d0%bc-md-spf-50\/#primaryimage\"},\"image\":{\"@id\":\"https:\/\/spskincare.ee\/et\/toode\/%d1%83%d0%b2%d0%bb%d0%b0%d0%b6%d0%bd%d1%8f%d1%8e%d1%89%d0%b8%d0%b9-%d0%b4%d0%bd%d0%b5%d0%b2%d0%bd%d0%be%d0%b9-%d0%ba%d1%80%d0%b5%d0%bc-md-spf-50\/#primaryimage\"},\"thumbnailUrl\":\"https:\/\/spskincare.ee\/wp-content\/uploads\/2023\/06\/49637AD4-CDAC-48B0-9BF8-5F00A60345CB.jpeg\",\"datePublished\":\"2023-06-20T18:37:05+00:00\",\"dateModified\":\"2023-07-06T13:15:57+00:00\",\"breadcrumb\":{\"@id\":\"https:\/\/spskincare.ee\/et\/toode\/%d1%83%d0%b2%d0%bb%d0%b0%d0%b6%d0%bd%d1%8f%d1%8e%d1%89%d0%b8%d0%b9-%d0%b4%d0%bd%d0%b5%d0%b2%d0%bd%d0%be%d0%b9-%d0%ba%d1%80%d0%b5%d0%bc-md-spf-50\/#breadcrumb\"},\"inLanguage\":\"et\",\"potentialAction\":[{\"@type\":\"ReadAction\",\"target\":[\"https:\/\/spskincare.ee\/et\/toode\/%d1%83%d0%b2%d0%bb%d0%b0%d0%b6%d0%bd%d1%8f%d1%8e%d1%89%d0%b8%d0%b9-%d0%b4%d0%bd%d0%b5%d0%b2%d0%bd%d0%be%d0%b9-%d0%ba%d1%80%d0%b5%d0%bc-md-spf-50\/\"]}]},{\"@type\":\"ImageObject\",\"inLanguage\":\"et\",\"@id\":\"https:\/\/spskincare.ee\/et\/toode\/%d1%83%d0%b2%d0%bb%d0%b0%d0%b6%d0%bd%d1%8f%d1%8e%d1%89%d0%b8%d0%b9-%d0%b4%d0%bd%d0%b5%d0%b2%d0%bd%d0%be%d0%b9-%d0%ba%d1%80%d0%b5%d0%bc-md-spf-50\/#primaryimage\",\"url\":\"https:\/\/spskincare.ee\/wp-content\/uploads\/2023\/06\/49637AD4-CDAC-48B0-9BF8-5F00A60345CB.jpeg\",\"contentUrl\":\"https:\/\/spskincare.ee\/wp-content\/uploads\/2023\/06\/49637AD4-CDAC-48B0-9BF8-5F00A60345CB.jpeg\",\"width\":1600,\"height\":1600},{\"@type\":\"BreadcrumbList\",\"@id\":\"https:\/\/spskincare.ee\/et\/toode\/%d1%83%d0%b2%d0%bb%d0%b0%d0%b6%d0%bd%d1%8f%d1%8e%d1%89%d0%b8%d0%b9-%d0%b4%d0%bd%d0%b5%d0%b2%d0%bd%d0%be%d0%b9-%d0%ba%d1%80%d0%b5%d0%bc-md-spf-50\/#breadcrumb\",\"itemListElement\":[{\"@type\":\"ListItem\",\"position\":1,\"name\":\"\u0413\u043b\u0430\u0432\u043d\u0430\u044f \u0441\u0442\u0440\u0430\u043d\u0438\u0446\u0430\",\"item\":\"https:\/\/spskincare.ee\/et\/\"},{\"@type\":\"ListItem\",\"position\":2,\"name\":\"Shop\",\"item\":\"https:\/\/spskincare.ee\/shop\/\"},{\"@type\":\"ListItem\",\"position\":3,\"name\":\"MD Niisutav p\u00e4evakreem SPF 50\"}]},{\"@type\":\"WebSite\",\"@id\":\"https:\/\/spskincare.ee\/et\/#website\",\"url\":\"https:\/\/spskincare.ee\/et\/\",\"name\":\"SPskincare\",\"description\":\"kosmeetik Tallinnas\",\"publisher\":{\"@id\":\"https:\/\/spskincare.ee\/et\/#organization\"},\"potentialAction\":[{\"@type\":\"SearchAction\",\"target\":{\"@type\":\"EntryPoint\",\"urlTemplate\":\"https:\/\/spskincare.ee\/et\/?s={search_term_string}\"},\"query-input\":{\"@type\":\"PropertyValueSpecification\",\"valueRequired\":true,\"valueName\":\"search_term_string\"}}],\"inLanguage\":\"et\"},{\"@type\":\"Organization\",\"@id\":\"https:\/\/spskincare.ee\/et\/#organization\",\"name\":\"SPskincare\",\"url\":\"https:\/\/spskincare.ee\/et\/\",\"logo\":{\"@type\":\"ImageObject\",\"inLanguage\":\"et\",\"@id\":\"https:\/\/spskincare.ee\/et\/#\/schema\/logo\/image\/\",\"url\":\"https:\/\/spskincare.ee\/wp-content\/uploads\/2023\/05\/SP_logo_trans.png\",\"contentUrl\":\"https:\/\/spskincare.ee\/wp-content\/uploads\/2023\/05\/SP_logo_trans.png\",\"width\":500,\"height\":500,\"caption\":\"SPskincare\"},\"image\":{\"@id\":\"https:\/\/spskincare.ee\/et\/#\/schema\/logo\/image\/\"},\"sameAs\":[\"https:\/\/www.facebook.com\/sabina.marahhovskaja\",\"https:\/\/www.instagram.com\/sabinapuskina.kosmetoloog\/\"]}]}<\/script>\n<!-- \/ Yoast SEO plugin. -->","yoast_head_json":{"title":"MD Niisutav p\u00e4evakreem SPF 50 - SPskincare","robots":{"index":"index","follow":"follow","max-snippet":"max-snippet:-1","max-image-preview":"max-image-preview:large","max-video-preview":"max-video-preview:-1"},"canonical":"https:\/\/spskincare.ee\/et\/toode\/%d1%83%d0%b2%d0%bb%d0%b0%d0%b6%d0%bd%d1%8f%d1%8e%d1%89%d0%b8%d0%b9-%d0%b4%d0%bd%d0%b5%d0%b2%d0%bd%d0%be%d0%b9-%d0%ba%d1%80%d0%b5%d0%bc-md-spf-50\/","og_locale":"et_EE","og_type":"article","og_title":"MD Niisutav p\u00e4evakreem SPF 50 - SPskincare","og_description":"Igap\u00e4evaseks kasutamiseks m\u00f5eldud p\u00e4evakreem, mis kaitseb nahka nii UV-kiirguse kui ka ekraanidelt kiirgava sinise valguse eest. \u00d5huline ja mitterasune koostis j\u00e4tab jume matiks ning seet\u00f5ttu sobib kreem ka ideaalselt meigi alusp\u00f5hjaks. Kaitset vananemise m\u00e4rkide eest pakuvad nii DNA-kaitsekompleks kui ka \u00f5untelt p\u00e4rinevad t\u00fcvirakuekstraktid. P\u00e4evakreem sobib nii igap\u00e4evaseks kaitseks kui ka p\u00e4ikese k\u00e4es viibides. NB! Tugeva p\u00e4ikese k\u00e4es viibides uuenda kreemi iga 2 tunni j\u00e4rel! Toote suurus 59 ml.","og_url":"https:\/\/spskincare.ee\/et\/toode\/%d1%83%d0%b2%d0%bb%d0%b0%d0%b6%d0%bd%d1%8f%d1%8e%d1%89%d0%b8%d0%b9-%d0%b4%d0%bd%d0%b5%d0%b2%d0%bd%d0%be%d0%b9-%d0%ba%d1%80%d0%b5%d0%bc-md-spf-50\/","og_site_name":"SPskincare","article_publisher":"https:\/\/www.facebook.com\/sabina.marahhovskaja","article_modified_time":"2023-07-06T13:15:57+00:00","og_image":[{"width":1600,"height":1600,"url":"https:\/\/spskincare.ee\/wp-content\/uploads\/2023\/06\/49637AD4-CDAC-48B0-9BF8-5F00A60345CB.jpeg","type":"image\/jpeg"}],"twitter_card":"summary_large_image","twitter_misc":{"Est. reading time":"1 minut"},"schema":{"@context":"https:\/\/schema.org","@graph":[{"@type":"WebPage","@id":"https:\/\/spskincare.ee\/et\/toode\/%d1%83%d0%b2%d0%bb%d0%b0%d0%b6%d0%bd%d1%8f%d1%8e%d1%89%d0%b8%d0%b9-%d0%b4%d0%bd%d0%b5%d0%b2%d0%bd%d0%be%d0%b9-%d0%ba%d1%80%d0%b5%d0%bc-md-spf-50\/","url":"https:\/\/spskincare.ee\/et\/toode\/%d1%83%d0%b2%d0%bb%d0%b0%d0%b6%d0%bd%d1%8f%d1%8e%d1%89%d0%b8%d0%b9-%d0%b4%d0%bd%d0%b5%d0%b2%d0%bd%d0%be%d0%b9-%d0%ba%d1%80%d0%b5%d0%bc-md-spf-50\/","name":"MD Niisutav p\u00e4evakreem SPF 50 - SPskincare","isPartOf":{"@id":"https:\/\/spskincare.ee\/et\/#website"},"primaryImageOfPage":{"@id":"https:\/\/spskincare.ee\/et\/toode\/%d1%83%d0%b2%d0%bb%d0%b0%d0%b6%d0%bd%d1%8f%d1%8e%d1%89%d0%b8%d0%b9-%d0%b4%d0%bd%d0%b5%d0%b2%d0%bd%d0%be%d0%b9-%d0%ba%d1%80%d0%b5%d0%bc-md-spf-50\/#primaryimage"},"image":{"@id":"https:\/\/spskincare.ee\/et\/toode\/%d1%83%d0%b2%d0%bb%d0%b0%d0%b6%d0%bd%d1%8f%d1%8e%d1%89%d0%b8%d0%b9-%d0%b4%d0%bd%d0%b5%d0%b2%d0%bd%d0%be%d0%b9-%d0%ba%d1%80%d0%b5%d0%bc-md-spf-50\/#primaryimage"},"thumbnailUrl":"https:\/\/spskincare.ee\/wp-content\/uploads\/2023\/06\/49637AD4-CDAC-48B0-9BF8-5F00A60345CB.jpeg","datePublished":"2023-06-20T18:37:05+00:00","dateModified":"2023-07-06T13:15:57+00:00","breadcrumb":{"@id":"https:\/\/spskincare.ee\/et\/toode\/%d1%83%d0%b2%d0%bb%d0%b0%d0%b6%d0%bd%d1%8f%d1%8e%d1%89%d0%b8%d0%b9-%d0%b4%d0%bd%d0%b5%d0%b2%d0%bd%d0%be%d0%b9-%d0%ba%d1%80%d0%b5%d0%bc-md-spf-50\/#breadcrumb"},"inLanguage":"et","potentialAction":[{"@type":"ReadAction","target":["https:\/\/spskincare.ee\/et\/toode\/%d1%83%d0%b2%d0%bb%d0%b0%d0%b6%d0%bd%d1%8f%d1%8e%d1%89%d0%b8%d0%b9-%d0%b4%d0%bd%d0%b5%d0%b2%d0%bd%d0%be%d0%b9-%d0%ba%d1%80%d0%b5%d0%bc-md-spf-50\/"]}]},{"@type":"ImageObject","inLanguage":"et","@id":"https:\/\/spskincare.ee\/et\/toode\/%d1%83%d0%b2%d0%bb%d0%b0%d0%b6%d0%bd%d1%8f%d1%8e%d1%89%d0%b8%d0%b9-%d0%b4%d0%bd%d0%b5%d0%b2%d0%bd%d0%be%d0%b9-%d0%ba%d1%80%d0%b5%d0%bc-md-spf-50\/#primaryimage","url":"https:\/\/spskincare.ee\/wp-content\/uploads\/2023\/06\/49637AD4-CDAC-48B0-9BF8-5F00A60345CB.jpeg","contentUrl":"https:\/\/spskincare.ee\/wp-content\/uploads\/2023\/06\/49637AD4-CDAC-48B0-9BF8-5F00A60345CB.jpeg","width":1600,"height":1600},{"@type":"BreadcrumbList","@id":"https:\/\/spskincare.ee\/et\/toode\/%d1%83%d0%b2%d0%bb%d0%b0%d0%b6%d0%bd%d1%8f%d1%8e%d1%89%d0%b8%d0%b9-%d0%b4%d0%bd%d0%b5%d0%b2%d0%bd%d0%be%d0%b9-%d0%ba%d1%80%d0%b5%d0%bc-md-spf-50\/#breadcrumb","itemListElement":[{"@type":"ListItem","position":1,"name":"\u0413\u043b\u0430\u0432\u043d\u0430\u044f \u0441\u0442\u0440\u0430\u043d\u0438\u0446\u0430","item":"https:\/\/spskincare.ee\/et\/"},{"@type":"ListItem","position":2,"name":"Shop","item":"https:\/\/spskincare.ee\/shop\/"},{"@type":"ListItem","position":3,"name":"MD Niisutav p\u00e4evakreem SPF 50"}]},{"@type":"WebSite","@id":"https:\/\/spskincare.ee\/et\/#website","url":"https:\/\/spskincare.ee\/et\/","name":"SPskincare","description":"kosmeetik Tallinnas","publisher":{"@id":"https:\/\/spskincare.ee\/et\/#organization"},"potentialAction":[{"@type":"SearchAction","target":{"@type":"EntryPoint","urlTemplate":"https:\/\/spskincare.ee\/et\/?s={search_term_string}"},"query-input":{"@type":"PropertyValueSpecification","valueRequired":true,"valueName":"search_term_string"}}],"inLanguage":"et"},{"@type":"Organization","@id":"https:\/\/spskincare.ee\/et\/#organization","name":"SPskincare","url":"https:\/\/spskincare.ee\/et\/","logo":{"@type":"ImageObject","inLanguage":"et","@id":"https:\/\/spskincare.ee\/et\/#\/schema\/logo\/image\/","url":"https:\/\/spskincare.ee\/wp-content\/uploads\/2023\/05\/SP_logo_trans.png","contentUrl":"https:\/\/spskincare.ee\/wp-content\/uploads\/2023\/05\/SP_logo_trans.png","width":500,"height":500,"caption":"SPskincare"},"image":{"@id":"https:\/\/spskincare.ee\/et\/#\/schema\/logo\/image\/"},"sameAs":["https:\/\/www.facebook.com\/sabina.marahhovskaja","https:\/\/www.instagram.com\/sabinapuskina.kosmetoloog\/"]}]}},"_links":{"self":[{"href":"https:\/\/spskincare.ee\/et\/wp-json\/wp\/v2\/product\/5907","targetHints":{"allow":["GET"]}}],"collection":[{"href":"https:\/\/spskincare.ee\/et\/wp-json\/wp\/v2\/product"}],"about":[{"href":"https:\/\/spskincare.ee\/et\/wp-json\/wp\/v2\/types\/product"}],"wp:featuredmedia":[{"embeddable":true,"href":"https:\/\/spskincare.ee\/et\/wp-json\/wp\/v2\/media\/5667"}],"wp:attachment":[{"href":"https:\/\/spskincare.ee\/et\/wp-json\/wp\/v2\/media?parent=5907"}],"wp:term":[{"taxonomy":"product_brand","embeddable":true,"href":"https:\/\/spskincare.ee\/et\/wp-json\/wp\/v2\/product_brand?post=5907"},{"taxonomy":"product_cat","embeddable":true,"href":"https:\/\/spskincare.ee\/et\/wp-json\/wp\/v2\/product_cat?post=5907"},{"taxonomy":"product_tag","embeddable":true,"href":"https:\/\/spskincare.ee\/et\/wp-json\/wp\/v2\/product_tag?post=5907"}],"curies":[{"name":"wp","href":"https:\/\/api.w.org\/{rel}","templated":true}]}}