{"id":5911,"date":"2023-06-20T05:34:38","date_gmt":"2023-06-20T05:34:38","guid":{"rendered":"https:\/\/spskincare.ee\/product\/vital-c-sugavniisutav-naokreem\/"},"modified":"2023-07-06T13:19:36","modified_gmt":"2023-07-06T13:19:36","slug":"%d1%83%d0%b2%d0%bb%d0%b0%d0%b6%d0%bd%d1%8f%d1%8e%d1%89%d0%b8%d0%b9-%d0%b8-%d0%bc%d0%b0%d1%82%d0%b8%d1%80%d1%83%d1%8e%d1%89%d0%b8%d0%b9-%d0%b4%d0%bd%d0%b5%d0%b2%d0%bd%d0%be%d0%b9-%d0%ba%d1%80%d0%b5","status":"publish","type":"product","link":"https:\/\/spskincare.ee\/et\/toode\/%d1%83%d0%b2%d0%bb%d0%b0%d0%b6%d0%bd%d1%8f%d1%8e%d1%89%d0%b8%d0%b9-%d0%b8-%d0%bc%d0%b0%d1%82%d0%b8%d1%80%d1%83%d1%8e%d1%89%d0%b8%d0%b9-%d0%b4%d0%bd%d0%b5%d0%b2%d0%bd%d0%be%d0%b9-%d0%ba%d1%80%d0%b5\/","title":{"rendered":"VITAL C S\u00fcgavniisutav n\u00e4okreem"},"content":{"rendered":"<p>Kasutamine:<\/p>\n<p>Kasuta hommikul ja \u00f5htul v\u00f5i vastavalt vajadusele.<\/p>\n<p>Sega I Conceal jumestustoodetega, et saavutada maksimaalne niisutus ja kaunis jume.<\/p>\n<p>Koostis:<\/p>\n<p>Aqua, Glycerin, Caprylic\/Capric Triglyceride, Olea Europaea (Olive) Oil, Hyaluronic Acid, Butyrospermum Parkii (Shea) Butter, Ppg-3 Benzyl Elther Myristate, Di-C12-15 Alkyl Fumarate, Erythritol, Homarine Hcl, Palmitoyl Oligopeptide, Palmitoyl Tetrapeptide-7, Biotin, Yeast Extract, Vitis Vinifera (Grape) Seed Extract, Tocopheryl Acetate, Retinyl Palmitate, Ascorbic Acid, Tetrahexyldecyl Ascorbate, Mannitol, Glyceryl Stearate, Peg-100 Stearate, Peg-8, Ceramide 2, Polysorbate 20, Citrus Aurantium Dulcis (Orange) Peel Oil, Acrylates\/C10-30 Alkyl Acrylate, Crosspolymer, Carbomer, Sodium Ascorbyl Phosphate, Disodium Edta, Phenoxyethanol, Ethylhexylglycerin, Sodium Hydroxide.<\/p>\n<p>*Toote koostises v\u00f5ib esineda m\u00f5ningaid muudatusi. T\u00e4pne koostis toote pakendil.<\/p>\n","protected":false},"excerpt":{"rendered":"<div class=\"woocommerce-product-details__short-description\">\n<div class=\"woocommerce-product-details__short-description\">\n<p>Siidine n\u00e4okreem, mis tagab s\u00fcgava niisutuse ka k\u00f5ige kuivemale nahale ning sobib kasutamiseks nii p\u00e4evaks kui \u00f6\u00f6ks. K\u00fcllusliku niisutuse ja kreemitamise j\u00e4rgselt \u00fclimalt pehme naha tagab kombinatsioon sheav\u00f5ist ja h\u00fcaluroonhappest.C-vitamiini kompleks aitab \u00fchtlustada jume ning rahustada ka punetusele kalduvat nahka.<\/p>\n<\/div>\n<p>Toote suurus 50 ml.<\/p>\n<\/div>\n","protected":false},"featured_media":5660,"template":"","meta":[],"product_brand":[],"product_cat":[101],"product_tag":[117],"class_list":{"0":"post-5911","1":"product","2":"type-product","3":"status-publish","4":"has-post-thumbnail","6":"product_cat-paevakreemid","7":"product_tag-seerum","9":"first","10":"instock","11":"shipping-taxable","12":"purchasable","13":"product-type-simple"},"yoast_head":"<!-- This site is optimized with the Yoast SEO plugin v26.2 - https:\/\/yoast.com\/wordpress\/plugins\/seo\/ -->\n<title>VITAL C S\u00fcgavniisutav n\u00e4okreem - SPskincare<\/title>\n<meta name=\"robots\" content=\"index, follow, max-snippet:-1, max-image-preview:large, max-video-preview:-1\" \/>\n<link rel=\"canonical\" href=\"https:\/\/spskincare.ee\/et\/toode\/%d1%83%d0%b2%d0%bb%d0%b0%d0%b6%d0%bd%d1%8f%d1%8e%d1%89%d0%b8%d0%b9-%d0%b8-%d0%bc%d0%b0%d1%82%d0%b8%d1%80%d1%83%d1%8e%d1%89%d0%b8%d0%b9-%d0%b4%d0%bd%d0%b5%d0%b2%d0%bd%d0%be%d0%b9-%d0%ba%d1%80%d0%b5\/\" \/>\n<meta property=\"og:locale\" content=\"et_EE\" \/>\n<meta property=\"og:type\" content=\"article\" \/>\n<meta property=\"og:title\" content=\"VITAL C S\u00fcgavniisutav n\u00e4okreem - SPskincare\" \/>\n<meta property=\"og:description\" content=\"Siidine n\u00e4okreem, mis tagab s\u00fcgava niisutuse ka k\u00f5ige kuivemale nahale ning sobib kasutamiseks nii p\u00e4evaks kui \u00f6\u00f6ks. K\u00fcllusliku niisutuse ja kreemitamise j\u00e4rgselt \u00fclimalt pehme naha tagab kombinatsioon sheav\u00f5ist ja h\u00fcaluroonhappest.C-vitamiini kompleks aitab \u00fchtlustada jume ning rahustada ka punetusele kalduvat nahka.  Toote suurus 50 ml.\" \/>\n<meta property=\"og:url\" content=\"https:\/\/spskincare.ee\/et\/toode\/%d1%83%d0%b2%d0%bb%d0%b0%d0%b6%d0%bd%d1%8f%d1%8e%d1%89%d0%b8%d0%b9-%d0%b8-%d0%bc%d0%b0%d1%82%d0%b8%d1%80%d1%83%d1%8e%d1%89%d0%b8%d0%b9-%d0%b4%d0%bd%d0%b5%d0%b2%d0%bd%d0%be%d0%b9-%d0%ba%d1%80%d0%b5\/\" \/>\n<meta property=\"og:site_name\" content=\"SPskincare\" \/>\n<meta property=\"article:publisher\" content=\"https:\/\/www.facebook.com\/sabina.marahhovskaja\" \/>\n<meta property=\"article:modified_time\" content=\"2023-07-06T13:19:36+00:00\" \/>\n<meta property=\"og:image\" content=\"https:\/\/spskincare.ee\/wp-content\/uploads\/2023\/06\/68C9D0E0-1EDA-4E1F-B838-FA4851B3EFE9.jpeg\" \/>\n\t<meta property=\"og:image:width\" content=\"1600\" \/>\n\t<meta property=\"og:image:height\" content=\"1600\" \/>\n\t<meta property=\"og:image:type\" content=\"image\/jpeg\" \/>\n<meta name=\"twitter:card\" content=\"summary_large_image\" \/>\n<meta name=\"twitter:label1\" content=\"Est. reading time\" \/>\n\t<meta name=\"twitter:data1\" content=\"1 minut\" \/>\n<script type=\"application\/ld+json\" class=\"yoast-schema-graph\">{\"@context\":\"https:\/\/schema.org\",\"@graph\":[{\"@type\":\"WebPage\",\"@id\":\"https:\/\/spskincare.ee\/et\/toode\/%d1%83%d0%b2%d0%bb%d0%b0%d0%b6%d0%bd%d1%8f%d1%8e%d1%89%d0%b8%d0%b9-%d0%b8-%d0%bc%d0%b0%d1%82%d0%b8%d1%80%d1%83%d1%8e%d1%89%d0%b8%d0%b9-%d0%b4%d0%bd%d0%b5%d0%b2%d0%bd%d0%be%d0%b9-%d0%ba%d1%80%d0%b5\/\",\"url\":\"https:\/\/spskincare.ee\/et\/toode\/%d1%83%d0%b2%d0%bb%d0%b0%d0%b6%d0%bd%d1%8f%d1%8e%d1%89%d0%b8%d0%b9-%d0%b8-%d0%bc%d0%b0%d1%82%d0%b8%d1%80%d1%83%d1%8e%d1%89%d0%b8%d0%b9-%d0%b4%d0%bd%d0%b5%d0%b2%d0%bd%d0%be%d0%b9-%d0%ba%d1%80%d0%b5\/\",\"name\":\"VITAL C S\u00fcgavniisutav n\u00e4okreem - SPskincare\",\"isPartOf\":{\"@id\":\"https:\/\/spskincare.ee\/et\/#website\"},\"primaryImageOfPage\":{\"@id\":\"https:\/\/spskincare.ee\/et\/toode\/%d1%83%d0%b2%d0%bb%d0%b0%d0%b6%d0%bd%d1%8f%d1%8e%d1%89%d0%b8%d0%b9-%d0%b8-%d0%bc%d0%b0%d1%82%d0%b8%d1%80%d1%83%d1%8e%d1%89%d0%b8%d0%b9-%d0%b4%d0%bd%d0%b5%d0%b2%d0%bd%d0%be%d0%b9-%d0%ba%d1%80%d0%b5\/#primaryimage\"},\"image\":{\"@id\":\"https:\/\/spskincare.ee\/et\/toode\/%d1%83%d0%b2%d0%bb%d0%b0%d0%b6%d0%bd%d1%8f%d1%8e%d1%89%d0%b8%d0%b9-%d0%b8-%d0%bc%d0%b0%d1%82%d0%b8%d1%80%d1%83%d1%8e%d1%89%d0%b8%d0%b9-%d0%b4%d0%bd%d0%b5%d0%b2%d0%bd%d0%be%d0%b9-%d0%ba%d1%80%d0%b5\/#primaryimage\"},\"thumbnailUrl\":\"https:\/\/spskincare.ee\/wp-content\/uploads\/2023\/06\/68C9D0E0-1EDA-4E1F-B838-FA4851B3EFE9.jpeg\",\"datePublished\":\"2023-06-20T05:34:38+00:00\",\"dateModified\":\"2023-07-06T13:19:36+00:00\",\"breadcrumb\":{\"@id\":\"https:\/\/spskincare.ee\/et\/toode\/%d1%83%d0%b2%d0%bb%d0%b0%d0%b6%d0%bd%d1%8f%d1%8e%d1%89%d0%b8%d0%b9-%d0%b8-%d0%bc%d0%b0%d1%82%d0%b8%d1%80%d1%83%d1%8e%d1%89%d0%b8%d0%b9-%d0%b4%d0%bd%d0%b5%d0%b2%d0%bd%d0%be%d0%b9-%d0%ba%d1%80%d0%b5\/#breadcrumb\"},\"inLanguage\":\"et\",\"potentialAction\":[{\"@type\":\"ReadAction\",\"target\":[\"https:\/\/spskincare.ee\/et\/toode\/%d1%83%d0%b2%d0%bb%d0%b0%d0%b6%d0%bd%d1%8f%d1%8e%d1%89%d0%b8%d0%b9-%d0%b8-%d0%bc%d0%b0%d1%82%d0%b8%d1%80%d1%83%d1%8e%d1%89%d0%b8%d0%b9-%d0%b4%d0%bd%d0%b5%d0%b2%d0%bd%d0%be%d0%b9-%d0%ba%d1%80%d0%b5\/\"]}]},{\"@type\":\"ImageObject\",\"inLanguage\":\"et\",\"@id\":\"https:\/\/spskincare.ee\/et\/toode\/%d1%83%d0%b2%d0%bb%d0%b0%d0%b6%d0%bd%d1%8f%d1%8e%d1%89%d0%b8%d0%b9-%d0%b8-%d0%bc%d0%b0%d1%82%d0%b8%d1%80%d1%83%d1%8e%d1%89%d0%b8%d0%b9-%d0%b4%d0%bd%d0%b5%d0%b2%d0%bd%d0%be%d0%b9-%d0%ba%d1%80%d0%b5\/#primaryimage\",\"url\":\"https:\/\/spskincare.ee\/wp-content\/uploads\/2023\/06\/68C9D0E0-1EDA-4E1F-B838-FA4851B3EFE9.jpeg\",\"contentUrl\":\"https:\/\/spskincare.ee\/wp-content\/uploads\/2023\/06\/68C9D0E0-1EDA-4E1F-B838-FA4851B3EFE9.jpeg\",\"width\":1600,\"height\":1600},{\"@type\":\"BreadcrumbList\",\"@id\":\"https:\/\/spskincare.ee\/et\/toode\/%d1%83%d0%b2%d0%bb%d0%b0%d0%b6%d0%bd%d1%8f%d1%8e%d1%89%d0%b8%d0%b9-%d0%b8-%d0%bc%d0%b0%d1%82%d0%b8%d1%80%d1%83%d1%8e%d1%89%d0%b8%d0%b9-%d0%b4%d0%bd%d0%b5%d0%b2%d0%bd%d0%be%d0%b9-%d0%ba%d1%80%d0%b5\/#breadcrumb\",\"itemListElement\":[{\"@type\":\"ListItem\",\"position\":1,\"name\":\"\u0413\u043b\u0430\u0432\u043d\u0430\u044f \u0441\u0442\u0440\u0430\u043d\u0438\u0446\u0430\",\"item\":\"https:\/\/spskincare.ee\/et\/\"},{\"@type\":\"ListItem\",\"position\":2,\"name\":\"Shop\",\"item\":\"https:\/\/spskincare.ee\/shop\/\"},{\"@type\":\"ListItem\",\"position\":3,\"name\":\"VITAL C S\u00fcgavniisutav n\u00e4okreem\"}]},{\"@type\":\"WebSite\",\"@id\":\"https:\/\/spskincare.ee\/et\/#website\",\"url\":\"https:\/\/spskincare.ee\/et\/\",\"name\":\"SPskincare\",\"description\":\"kosmeetik Tallinnas\",\"publisher\":{\"@id\":\"https:\/\/spskincare.ee\/et\/#organization\"},\"potentialAction\":[{\"@type\":\"SearchAction\",\"target\":{\"@type\":\"EntryPoint\",\"urlTemplate\":\"https:\/\/spskincare.ee\/et\/?s={search_term_string}\"},\"query-input\":{\"@type\":\"PropertyValueSpecification\",\"valueRequired\":true,\"valueName\":\"search_term_string\"}}],\"inLanguage\":\"et\"},{\"@type\":\"Organization\",\"@id\":\"https:\/\/spskincare.ee\/et\/#organization\",\"name\":\"SPskincare\",\"url\":\"https:\/\/spskincare.ee\/et\/\",\"logo\":{\"@type\":\"ImageObject\",\"inLanguage\":\"et\",\"@id\":\"https:\/\/spskincare.ee\/et\/#\/schema\/logo\/image\/\",\"url\":\"https:\/\/spskincare.ee\/wp-content\/uploads\/2023\/05\/SP_logo_trans.png\",\"contentUrl\":\"https:\/\/spskincare.ee\/wp-content\/uploads\/2023\/05\/SP_logo_trans.png\",\"width\":500,\"height\":500,\"caption\":\"SPskincare\"},\"image\":{\"@id\":\"https:\/\/spskincare.ee\/et\/#\/schema\/logo\/image\/\"},\"sameAs\":[\"https:\/\/www.facebook.com\/sabina.marahhovskaja\",\"https:\/\/www.instagram.com\/sabinapuskina.kosmetoloog\/\"]}]}<\/script>\n<!-- \/ Yoast SEO plugin. -->","yoast_head_json":{"title":"VITAL C S\u00fcgavniisutav n\u00e4okreem - SPskincare","robots":{"index":"index","follow":"follow","max-snippet":"max-snippet:-1","max-image-preview":"max-image-preview:large","max-video-preview":"max-video-preview:-1"},"canonical":"https:\/\/spskincare.ee\/et\/toode\/%d1%83%d0%b2%d0%bb%d0%b0%d0%b6%d0%bd%d1%8f%d1%8e%d1%89%d0%b8%d0%b9-%d0%b8-%d0%bc%d0%b0%d1%82%d0%b8%d1%80%d1%83%d1%8e%d1%89%d0%b8%d0%b9-%d0%b4%d0%bd%d0%b5%d0%b2%d0%bd%d0%be%d0%b9-%d0%ba%d1%80%d0%b5\/","og_locale":"et_EE","og_type":"article","og_title":"VITAL C S\u00fcgavniisutav n\u00e4okreem - SPskincare","og_description":"Siidine n\u00e4okreem, mis tagab s\u00fcgava niisutuse ka k\u00f5ige kuivemale nahale ning sobib kasutamiseks nii p\u00e4evaks kui \u00f6\u00f6ks. K\u00fcllusliku niisutuse ja kreemitamise j\u00e4rgselt \u00fclimalt pehme naha tagab kombinatsioon sheav\u00f5ist ja h\u00fcaluroonhappest.C-vitamiini kompleks aitab \u00fchtlustada jume ning rahustada ka punetusele kalduvat nahka.  Toote suurus 50 ml.","og_url":"https:\/\/spskincare.ee\/et\/toode\/%d1%83%d0%b2%d0%bb%d0%b0%d0%b6%d0%bd%d1%8f%d1%8e%d1%89%d0%b8%d0%b9-%d0%b8-%d0%bc%d0%b0%d1%82%d0%b8%d1%80%d1%83%d1%8e%d1%89%d0%b8%d0%b9-%d0%b4%d0%bd%d0%b5%d0%b2%d0%bd%d0%be%d0%b9-%d0%ba%d1%80%d0%b5\/","og_site_name":"SPskincare","article_publisher":"https:\/\/www.facebook.com\/sabina.marahhovskaja","article_modified_time":"2023-07-06T13:19:36+00:00","og_image":[{"width":1600,"height":1600,"url":"https:\/\/spskincare.ee\/wp-content\/uploads\/2023\/06\/68C9D0E0-1EDA-4E1F-B838-FA4851B3EFE9.jpeg","type":"image\/jpeg"}],"twitter_card":"summary_large_image","twitter_misc":{"Est. reading time":"1 minut"},"schema":{"@context":"https:\/\/schema.org","@graph":[{"@type":"WebPage","@id":"https:\/\/spskincare.ee\/et\/toode\/%d1%83%d0%b2%d0%bb%d0%b0%d0%b6%d0%bd%d1%8f%d1%8e%d1%89%d0%b8%d0%b9-%d0%b8-%d0%bc%d0%b0%d1%82%d0%b8%d1%80%d1%83%d1%8e%d1%89%d0%b8%d0%b9-%d0%b4%d0%bd%d0%b5%d0%b2%d0%bd%d0%be%d0%b9-%d0%ba%d1%80%d0%b5\/","url":"https:\/\/spskincare.ee\/et\/toode\/%d1%83%d0%b2%d0%bb%d0%b0%d0%b6%d0%bd%d1%8f%d1%8e%d1%89%d0%b8%d0%b9-%d0%b8-%d0%bc%d0%b0%d1%82%d0%b8%d1%80%d1%83%d1%8e%d1%89%d0%b8%d0%b9-%d0%b4%d0%bd%d0%b5%d0%b2%d0%bd%d0%be%d0%b9-%d0%ba%d1%80%d0%b5\/","name":"VITAL C S\u00fcgavniisutav n\u00e4okreem - SPskincare","isPartOf":{"@id":"https:\/\/spskincare.ee\/et\/#website"},"primaryImageOfPage":{"@id":"https:\/\/spskincare.ee\/et\/toode\/%d1%83%d0%b2%d0%bb%d0%b0%d0%b6%d0%bd%d1%8f%d1%8e%d1%89%d0%b8%d0%b9-%d0%b8-%d0%bc%d0%b0%d1%82%d0%b8%d1%80%d1%83%d1%8e%d1%89%d0%b8%d0%b9-%d0%b4%d0%bd%d0%b5%d0%b2%d0%bd%d0%be%d0%b9-%d0%ba%d1%80%d0%b5\/#primaryimage"},"image":{"@id":"https:\/\/spskincare.ee\/et\/toode\/%d1%83%d0%b2%d0%bb%d0%b0%d0%b6%d0%bd%d1%8f%d1%8e%d1%89%d0%b8%d0%b9-%d0%b8-%d0%bc%d0%b0%d1%82%d0%b8%d1%80%d1%83%d1%8e%d1%89%d0%b8%d0%b9-%d0%b4%d0%bd%d0%b5%d0%b2%d0%bd%d0%be%d0%b9-%d0%ba%d1%80%d0%b5\/#primaryimage"},"thumbnailUrl":"https:\/\/spskincare.ee\/wp-content\/uploads\/2023\/06\/68C9D0E0-1EDA-4E1F-B838-FA4851B3EFE9.jpeg","datePublished":"2023-06-20T05:34:38+00:00","dateModified":"2023-07-06T13:19:36+00:00","breadcrumb":{"@id":"https:\/\/spskincare.ee\/et\/toode\/%d1%83%d0%b2%d0%bb%d0%b0%d0%b6%d0%bd%d1%8f%d1%8e%d1%89%d0%b8%d0%b9-%d0%b8-%d0%bc%d0%b0%d1%82%d0%b8%d1%80%d1%83%d1%8e%d1%89%d0%b8%d0%b9-%d0%b4%d0%bd%d0%b5%d0%b2%d0%bd%d0%be%d0%b9-%d0%ba%d1%80%d0%b5\/#breadcrumb"},"inLanguage":"et","potentialAction":[{"@type":"ReadAction","target":["https:\/\/spskincare.ee\/et\/toode\/%d1%83%d0%b2%d0%bb%d0%b0%d0%b6%d0%bd%d1%8f%d1%8e%d1%89%d0%b8%d0%b9-%d0%b8-%d0%bc%d0%b0%d1%82%d0%b8%d1%80%d1%83%d1%8e%d1%89%d0%b8%d0%b9-%d0%b4%d0%bd%d0%b5%d0%b2%d0%bd%d0%be%d0%b9-%d0%ba%d1%80%d0%b5\/"]}]},{"@type":"ImageObject","inLanguage":"et","@id":"https:\/\/spskincare.ee\/et\/toode\/%d1%83%d0%b2%d0%bb%d0%b0%d0%b6%d0%bd%d1%8f%d1%8e%d1%89%d0%b8%d0%b9-%d0%b8-%d0%bc%d0%b0%d1%82%d0%b8%d1%80%d1%83%d1%8e%d1%89%d0%b8%d0%b9-%d0%b4%d0%bd%d0%b5%d0%b2%d0%bd%d0%be%d0%b9-%d0%ba%d1%80%d0%b5\/#primaryimage","url":"https:\/\/spskincare.ee\/wp-content\/uploads\/2023\/06\/68C9D0E0-1EDA-4E1F-B838-FA4851B3EFE9.jpeg","contentUrl":"https:\/\/spskincare.ee\/wp-content\/uploads\/2023\/06\/68C9D0E0-1EDA-4E1F-B838-FA4851B3EFE9.jpeg","width":1600,"height":1600},{"@type":"BreadcrumbList","@id":"https:\/\/spskincare.ee\/et\/toode\/%d1%83%d0%b2%d0%bb%d0%b0%d0%b6%d0%bd%d1%8f%d1%8e%d1%89%d0%b8%d0%b9-%d0%b8-%d0%bc%d0%b0%d1%82%d0%b8%d1%80%d1%83%d1%8e%d1%89%d0%b8%d0%b9-%d0%b4%d0%bd%d0%b5%d0%b2%d0%bd%d0%be%d0%b9-%d0%ba%d1%80%d0%b5\/#breadcrumb","itemListElement":[{"@type":"ListItem","position":1,"name":"\u0413\u043b\u0430\u0432\u043d\u0430\u044f \u0441\u0442\u0440\u0430\u043d\u0438\u0446\u0430","item":"https:\/\/spskincare.ee\/et\/"},{"@type":"ListItem","position":2,"name":"Shop","item":"https:\/\/spskincare.ee\/shop\/"},{"@type":"ListItem","position":3,"name":"VITAL C S\u00fcgavniisutav n\u00e4okreem"}]},{"@type":"WebSite","@id":"https:\/\/spskincare.ee\/et\/#website","url":"https:\/\/spskincare.ee\/et\/","name":"SPskincare","description":"kosmeetik Tallinnas","publisher":{"@id":"https:\/\/spskincare.ee\/et\/#organization"},"potentialAction":[{"@type":"SearchAction","target":{"@type":"EntryPoint","urlTemplate":"https:\/\/spskincare.ee\/et\/?s={search_term_string}"},"query-input":{"@type":"PropertyValueSpecification","valueRequired":true,"valueName":"search_term_string"}}],"inLanguage":"et"},{"@type":"Organization","@id":"https:\/\/spskincare.ee\/et\/#organization","name":"SPskincare","url":"https:\/\/spskincare.ee\/et\/","logo":{"@type":"ImageObject","inLanguage":"et","@id":"https:\/\/spskincare.ee\/et\/#\/schema\/logo\/image\/","url":"https:\/\/spskincare.ee\/wp-content\/uploads\/2023\/05\/SP_logo_trans.png","contentUrl":"https:\/\/spskincare.ee\/wp-content\/uploads\/2023\/05\/SP_logo_trans.png","width":500,"height":500,"caption":"SPskincare"},"image":{"@id":"https:\/\/spskincare.ee\/et\/#\/schema\/logo\/image\/"},"sameAs":["https:\/\/www.facebook.com\/sabina.marahhovskaja","https:\/\/www.instagram.com\/sabinapuskina.kosmetoloog\/"]}]}},"_links":{"self":[{"href":"https:\/\/spskincare.ee\/et\/wp-json\/wp\/v2\/product\/5911","targetHints":{"allow":["GET"]}}],"collection":[{"href":"https:\/\/spskincare.ee\/et\/wp-json\/wp\/v2\/product"}],"about":[{"href":"https:\/\/spskincare.ee\/et\/wp-json\/wp\/v2\/types\/product"}],"wp:featuredmedia":[{"embeddable":true,"href":"https:\/\/spskincare.ee\/et\/wp-json\/wp\/v2\/media\/5660"}],"wp:attachment":[{"href":"https:\/\/spskincare.ee\/et\/wp-json\/wp\/v2\/media?parent=5911"}],"wp:term":[{"taxonomy":"product_brand","embeddable":true,"href":"https:\/\/spskincare.ee\/et\/wp-json\/wp\/v2\/product_brand?post=5911"},{"taxonomy":"product_cat","embeddable":true,"href":"https:\/\/spskincare.ee\/et\/wp-json\/wp\/v2\/product_cat?post=5911"},{"taxonomy":"product_tag","embeddable":true,"href":"https:\/\/spskincare.ee\/et\/wp-json\/wp\/v2\/product_tag?post=5911"}],"curies":[{"name":"wp","href":"https:\/\/api.w.org\/{rel}","templated":true}]}}