{"id":5913,"date":"2023-06-20T05:31:34","date_gmt":"2023-06-20T05:31:34","guid":{"rendered":"https:\/\/spskincare.ee\/product\/the-max-tuvirakuekstraktidega-seerum\/"},"modified":"2023-07-06T13:20:26","modified_gmt":"2023-07-06T13:20:26","slug":"%d1%81%d0%b5%d1%80%d1%83%d0%bc-%d1%81-%d1%8d%d0%ba%d1%81%d1%82%d1%80%d0%b0%d0%ba%d1%82%d0%b0%d0%bc%d0%b8-%d1%80%d0%b0%d1%81%d1%82%d0%b8%d1%82%d0%b5%d0%bb%d1%8c%d0%bd%d1%8b%d1%85-%d1%81%d1%82%d0%b2","status":"publish","type":"product","link":"https:\/\/spskincare.ee\/et\/toode\/%d1%81%d0%b5%d1%80%d1%83%d0%bc-%d1%81-%d1%8d%d0%ba%d1%81%d1%82%d1%80%d0%b0%d0%ba%d1%82%d0%b0%d0%bc%d0%b8-%d1%80%d0%b0%d1%81%d1%82%d0%b8%d1%82%d0%b5%d0%bb%d1%8c%d0%bd%d1%8b%d1%85-%d1%81%d1%82%d0%b2\/","title":{"rendered":"THE MAX T\u00fcvirakuekstraktidega seerum"},"content":{"rendered":"<p>Kasutamine:<\/p>\n<p>Kasuta seerumit hommikul ja \u00f5htul puhtal nahal. Enne kasutamist loksutada!<\/p>\n<p>Kui p\u00e4rast seerumi kasutamist l\u00e4hed \u00f5ue, kasuta p\u00e4ikesekaitsekreemi. Kuna aitab miimikakortsude vastu, on v\u00e4ga hea kasutamiseks p\u00e4rast Botoxit.<\/p>\n<p>Koostis:<\/p>\n<p>Aqua, Acetyl Hexapeptide-8, Sucrose Palmitate, Polysorbate 20, Tocopheryl Acetate, Malus Domestica Fruit Cell Culture Extract, Plankton Extract, Sodium Hyaluronate, Hydrolyzed Rice Bran Protein, Imperata Cylindrica Root Extract, Tetrahexyldecyl Ascorbate, Palmitoyl Tripeptide-1, Algae Extract, Camellia Sinensis (Green Tea) Leaf Extract, Spiraea Ulmaria Flower Extract, Centella Asiatica Extract, Echinacea Purpurea Extract, Phaseolus Radiatus L. Callus Extract, Acetyl Octapeptide-3, Leontopodium Alpinum Meristem Cell Culture, Macrocystis Pyrifera Extract, Argania Spinosa Sprout Cell Culture Extract, Superoxide Dismutase, Palmitoyl Tripeptide-38, Hydroxypropyl Cyclodextrin, Hydrolyzed Wheat Protein, Arabidopsis Extract, Lecithin, Phospholipids, Butylene Glycol, Peg-8 Smdi Copolymer, Pullulan, Glycine Soja (Soybean) Protein, Isomalt, Propylene Glycol, Glyceryl Polymethacrylate, Sodium Dextran Sulfate, Citric Acid, Pvp, Disodium Edta, Xanthan Gum, Sodium Benzoate, Potassium Sorbate, Hydroxyethylcellulose, Phenoxyethanol<\/p>\n<p>*T\u00e4pne koostis toote pakendil.<\/p>\n","protected":false},"excerpt":{"rendered":"<div class=\"woocommerce-product-details__short-description\">\n<div class=\"woocommerce-product-details__short-description\">\n<p>S\u00fcgavniisutav ja vananemise m\u00e4rkidega v\u00f5itlev k\u00f5rgtehnoloogiline seerum. Taimsete t\u00fcvirakkude ekstraktid kaitsevad nahka keskkonnam\u00f5jude eest juba rakutasandil ja v\u00e4hendavad miimikakortse ning isegi silmade \u00fcmber tekkivaid kanavarbaid. Naha pinguldamise eest kannab hoolt unikaalne pol\u00fcpeptiidide kompleks.<\/p>\n<p>Vectorize-tehnoloogia v\u00f5imaldab kreemi aktiivainetel nahas vallanduda kuni 48 tunni jooksul.<\/p>\n<\/div>\n<p>Toote suurus 30 ml.<\/p>\n<\/div>\n","protected":false},"featured_media":5655,"template":"","meta":[],"product_brand":[],"product_cat":[105],"product_tag":[117],"class_list":{"0":"post-5913","1":"product","2":"type-product","3":"status-publish","4":"has-post-thumbnail","6":"product_cat-seerumid","7":"product_tag-seerum","9":"first","10":"instock","11":"shipping-taxable","12":"purchasable","13":"product-type-simple"},"yoast_head":"<!-- This site is optimized with the Yoast SEO plugin v26.2 - https:\/\/yoast.com\/wordpress\/plugins\/seo\/ -->\n<title>THE MAX T\u00fcvirakuekstraktidega seerum - SPskincare<\/title>\n<meta name=\"robots\" content=\"index, follow, max-snippet:-1, max-image-preview:large, max-video-preview:-1\" \/>\n<link rel=\"canonical\" href=\"https:\/\/spskincare.ee\/et\/toode\/%d1%81%d0%b5%d1%80%d1%83%d0%bc-%d1%81-%d1%8d%d0%ba%d1%81%d1%82%d1%80%d0%b0%d0%ba%d1%82%d0%b0%d0%bc%d0%b8-%d1%80%d0%b0%d1%81%d1%82%d0%b8%d1%82%d0%b5%d0%bb%d1%8c%d0%bd%d1%8b%d1%85-%d1%81%d1%82%d0%b2\/\" \/>\n<meta property=\"og:locale\" content=\"et_EE\" \/>\n<meta property=\"og:type\" content=\"article\" \/>\n<meta property=\"og:title\" content=\"THE MAX T\u00fcvirakuekstraktidega seerum - SPskincare\" \/>\n<meta property=\"og:description\" content=\"S\u00fcgavniisutav ja vananemise m\u00e4rkidega v\u00f5itlev k\u00f5rgtehnoloogiline seerum. Taimsete t\u00fcvirakkude ekstraktid kaitsevad nahka keskkonnam\u00f5jude eest juba rakutasandil ja v\u00e4hendavad miimikakortse ning isegi silmade \u00fcmber tekkivaid kanavarbaid. Naha pinguldamise eest kannab hoolt unikaalne pol\u00fcpeptiidide kompleks. Vectorize-tehnoloogia v\u00f5imaldab kreemi aktiivainetel nahas vallanduda kuni 48 tunni jooksul.  Toote suurus 30 ml.\" \/>\n<meta property=\"og:url\" content=\"https:\/\/spskincare.ee\/et\/toode\/%d1%81%d0%b5%d1%80%d1%83%d0%bc-%d1%81-%d1%8d%d0%ba%d1%81%d1%82%d1%80%d0%b0%d0%ba%d1%82%d0%b0%d0%bc%d0%b8-%d1%80%d0%b0%d1%81%d1%82%d0%b8%d1%82%d0%b5%d0%bb%d1%8c%d0%bd%d1%8b%d1%85-%d1%81%d1%82%d0%b2\/\" \/>\n<meta property=\"og:site_name\" content=\"SPskincare\" \/>\n<meta property=\"article:publisher\" content=\"https:\/\/www.facebook.com\/sabina.marahhovskaja\" \/>\n<meta property=\"article:modified_time\" content=\"2023-07-06T13:20:26+00:00\" \/>\n<meta property=\"og:image\" content=\"https:\/\/spskincare.ee\/wp-content\/uploads\/2023\/06\/57ACFB9B-4B07-428E-91EC-F19F38DE9D8C.jpeg\" \/>\n\t<meta property=\"og:image:width\" content=\"1000\" \/>\n\t<meta property=\"og:image:height\" content=\"1000\" \/>\n\t<meta property=\"og:image:type\" content=\"image\/jpeg\" \/>\n<meta name=\"twitter:card\" content=\"summary_large_image\" \/>\n<meta name=\"twitter:label1\" content=\"Est. reading time\" \/>\n\t<meta name=\"twitter:data1\" content=\"1 minut\" \/>\n<script type=\"application\/ld+json\" class=\"yoast-schema-graph\">{\"@context\":\"https:\/\/schema.org\",\"@graph\":[{\"@type\":\"WebPage\",\"@id\":\"https:\/\/spskincare.ee\/et\/toode\/%d1%81%d0%b5%d1%80%d1%83%d0%bc-%d1%81-%d1%8d%d0%ba%d1%81%d1%82%d1%80%d0%b0%d0%ba%d1%82%d0%b0%d0%bc%d0%b8-%d1%80%d0%b0%d1%81%d1%82%d0%b8%d1%82%d0%b5%d0%bb%d1%8c%d0%bd%d1%8b%d1%85-%d1%81%d1%82%d0%b2\/\",\"url\":\"https:\/\/spskincare.ee\/et\/toode\/%d1%81%d0%b5%d1%80%d1%83%d0%bc-%d1%81-%d1%8d%d0%ba%d1%81%d1%82%d1%80%d0%b0%d0%ba%d1%82%d0%b0%d0%bc%d0%b8-%d1%80%d0%b0%d1%81%d1%82%d0%b8%d1%82%d0%b5%d0%bb%d1%8c%d0%bd%d1%8b%d1%85-%d1%81%d1%82%d0%b2\/\",\"name\":\"THE MAX T\u00fcvirakuekstraktidega seerum - SPskincare\",\"isPartOf\":{\"@id\":\"https:\/\/spskincare.ee\/et\/#website\"},\"primaryImageOfPage\":{\"@id\":\"https:\/\/spskincare.ee\/et\/toode\/%d1%81%d0%b5%d1%80%d1%83%d0%bc-%d1%81-%d1%8d%d0%ba%d1%81%d1%82%d1%80%d0%b0%d0%ba%d1%82%d0%b0%d0%bc%d0%b8-%d1%80%d0%b0%d1%81%d1%82%d0%b8%d1%82%d0%b5%d0%bb%d1%8c%d0%bd%d1%8b%d1%85-%d1%81%d1%82%d0%b2\/#primaryimage\"},\"image\":{\"@id\":\"https:\/\/spskincare.ee\/et\/toode\/%d1%81%d0%b5%d1%80%d1%83%d0%bc-%d1%81-%d1%8d%d0%ba%d1%81%d1%82%d1%80%d0%b0%d0%ba%d1%82%d0%b0%d0%bc%d0%b8-%d1%80%d0%b0%d1%81%d1%82%d0%b8%d1%82%d0%b5%d0%bb%d1%8c%d0%bd%d1%8b%d1%85-%d1%81%d1%82%d0%b2\/#primaryimage\"},\"thumbnailUrl\":\"https:\/\/spskincare.ee\/wp-content\/uploads\/2023\/06\/57ACFB9B-4B07-428E-91EC-F19F38DE9D8C.jpeg\",\"datePublished\":\"2023-06-20T05:31:34+00:00\",\"dateModified\":\"2023-07-06T13:20:26+00:00\",\"breadcrumb\":{\"@id\":\"https:\/\/spskincare.ee\/et\/toode\/%d1%81%d0%b5%d1%80%d1%83%d0%bc-%d1%81-%d1%8d%d0%ba%d1%81%d1%82%d1%80%d0%b0%d0%ba%d1%82%d0%b0%d0%bc%d0%b8-%d1%80%d0%b0%d1%81%d1%82%d0%b8%d1%82%d0%b5%d0%bb%d1%8c%d0%bd%d1%8b%d1%85-%d1%81%d1%82%d0%b2\/#breadcrumb\"},\"inLanguage\":\"et\",\"potentialAction\":[{\"@type\":\"ReadAction\",\"target\":[\"https:\/\/spskincare.ee\/et\/toode\/%d1%81%d0%b5%d1%80%d1%83%d0%bc-%d1%81-%d1%8d%d0%ba%d1%81%d1%82%d1%80%d0%b0%d0%ba%d1%82%d0%b0%d0%bc%d0%b8-%d1%80%d0%b0%d1%81%d1%82%d0%b8%d1%82%d0%b5%d0%bb%d1%8c%d0%bd%d1%8b%d1%85-%d1%81%d1%82%d0%b2\/\"]}]},{\"@type\":\"ImageObject\",\"inLanguage\":\"et\",\"@id\":\"https:\/\/spskincare.ee\/et\/toode\/%d1%81%d0%b5%d1%80%d1%83%d0%bc-%d1%81-%d1%8d%d0%ba%d1%81%d1%82%d1%80%d0%b0%d0%ba%d1%82%d0%b0%d0%bc%d0%b8-%d1%80%d0%b0%d1%81%d1%82%d0%b8%d1%82%d0%b5%d0%bb%d1%8c%d0%bd%d1%8b%d1%85-%d1%81%d1%82%d0%b2\/#primaryimage\",\"url\":\"https:\/\/spskincare.ee\/wp-content\/uploads\/2023\/06\/57ACFB9B-4B07-428E-91EC-F19F38DE9D8C.jpeg\",\"contentUrl\":\"https:\/\/spskincare.ee\/wp-content\/uploads\/2023\/06\/57ACFB9B-4B07-428E-91EC-F19F38DE9D8C.jpeg\",\"width\":1000,\"height\":1000},{\"@type\":\"BreadcrumbList\",\"@id\":\"https:\/\/spskincare.ee\/et\/toode\/%d1%81%d0%b5%d1%80%d1%83%d0%bc-%d1%81-%d1%8d%d0%ba%d1%81%d1%82%d1%80%d0%b0%d0%ba%d1%82%d0%b0%d0%bc%d0%b8-%d1%80%d0%b0%d1%81%d1%82%d0%b8%d1%82%d0%b5%d0%bb%d1%8c%d0%bd%d1%8b%d1%85-%d1%81%d1%82%d0%b2\/#breadcrumb\",\"itemListElement\":[{\"@type\":\"ListItem\",\"position\":1,\"name\":\"\u0413\u043b\u0430\u0432\u043d\u0430\u044f \u0441\u0442\u0440\u0430\u043d\u0438\u0446\u0430\",\"item\":\"https:\/\/spskincare.ee\/et\/\"},{\"@type\":\"ListItem\",\"position\":2,\"name\":\"Shop\",\"item\":\"https:\/\/spskincare.ee\/shop\/\"},{\"@type\":\"ListItem\",\"position\":3,\"name\":\"THE MAX T\u00fcvirakuekstraktidega seerum\"}]},{\"@type\":\"WebSite\",\"@id\":\"https:\/\/spskincare.ee\/et\/#website\",\"url\":\"https:\/\/spskincare.ee\/et\/\",\"name\":\"SPskincare\",\"description\":\"kosmeetik Tallinnas\",\"publisher\":{\"@id\":\"https:\/\/spskincare.ee\/et\/#organization\"},\"potentialAction\":[{\"@type\":\"SearchAction\",\"target\":{\"@type\":\"EntryPoint\",\"urlTemplate\":\"https:\/\/spskincare.ee\/et\/?s={search_term_string}\"},\"query-input\":{\"@type\":\"PropertyValueSpecification\",\"valueRequired\":true,\"valueName\":\"search_term_string\"}}],\"inLanguage\":\"et\"},{\"@type\":\"Organization\",\"@id\":\"https:\/\/spskincare.ee\/et\/#organization\",\"name\":\"SPskincare\",\"url\":\"https:\/\/spskincare.ee\/et\/\",\"logo\":{\"@type\":\"ImageObject\",\"inLanguage\":\"et\",\"@id\":\"https:\/\/spskincare.ee\/et\/#\/schema\/logo\/image\/\",\"url\":\"https:\/\/spskincare.ee\/wp-content\/uploads\/2023\/05\/SP_logo_trans.png\",\"contentUrl\":\"https:\/\/spskincare.ee\/wp-content\/uploads\/2023\/05\/SP_logo_trans.png\",\"width\":500,\"height\":500,\"caption\":\"SPskincare\"},\"image\":{\"@id\":\"https:\/\/spskincare.ee\/et\/#\/schema\/logo\/image\/\"},\"sameAs\":[\"https:\/\/www.facebook.com\/sabina.marahhovskaja\",\"https:\/\/www.instagram.com\/sabinapuskina.kosmetoloog\/\"]}]}<\/script>\n<!-- \/ Yoast SEO plugin. -->","yoast_head_json":{"title":"THE MAX T\u00fcvirakuekstraktidega seerum - SPskincare","robots":{"index":"index","follow":"follow","max-snippet":"max-snippet:-1","max-image-preview":"max-image-preview:large","max-video-preview":"max-video-preview:-1"},"canonical":"https:\/\/spskincare.ee\/et\/toode\/%d1%81%d0%b5%d1%80%d1%83%d0%bc-%d1%81-%d1%8d%d0%ba%d1%81%d1%82%d1%80%d0%b0%d0%ba%d1%82%d0%b0%d0%bc%d0%b8-%d1%80%d0%b0%d1%81%d1%82%d0%b8%d1%82%d0%b5%d0%bb%d1%8c%d0%bd%d1%8b%d1%85-%d1%81%d1%82%d0%b2\/","og_locale":"et_EE","og_type":"article","og_title":"THE MAX T\u00fcvirakuekstraktidega seerum - SPskincare","og_description":"S\u00fcgavniisutav ja vananemise m\u00e4rkidega v\u00f5itlev k\u00f5rgtehnoloogiline seerum. Taimsete t\u00fcvirakkude ekstraktid kaitsevad nahka keskkonnam\u00f5jude eest juba rakutasandil ja v\u00e4hendavad miimikakortse ning isegi silmade \u00fcmber tekkivaid kanavarbaid. Naha pinguldamise eest kannab hoolt unikaalne pol\u00fcpeptiidide kompleks. Vectorize-tehnoloogia v\u00f5imaldab kreemi aktiivainetel nahas vallanduda kuni 48 tunni jooksul.  Toote suurus 30 ml.","og_url":"https:\/\/spskincare.ee\/et\/toode\/%d1%81%d0%b5%d1%80%d1%83%d0%bc-%d1%81-%d1%8d%d0%ba%d1%81%d1%82%d1%80%d0%b0%d0%ba%d1%82%d0%b0%d0%bc%d0%b8-%d1%80%d0%b0%d1%81%d1%82%d0%b8%d1%82%d0%b5%d0%bb%d1%8c%d0%bd%d1%8b%d1%85-%d1%81%d1%82%d0%b2\/","og_site_name":"SPskincare","article_publisher":"https:\/\/www.facebook.com\/sabina.marahhovskaja","article_modified_time":"2023-07-06T13:20:26+00:00","og_image":[{"width":1000,"height":1000,"url":"https:\/\/spskincare.ee\/wp-content\/uploads\/2023\/06\/57ACFB9B-4B07-428E-91EC-F19F38DE9D8C.jpeg","type":"image\/jpeg"}],"twitter_card":"summary_large_image","twitter_misc":{"Est. reading time":"1 minut"},"schema":{"@context":"https:\/\/schema.org","@graph":[{"@type":"WebPage","@id":"https:\/\/spskincare.ee\/et\/toode\/%d1%81%d0%b5%d1%80%d1%83%d0%bc-%d1%81-%d1%8d%d0%ba%d1%81%d1%82%d1%80%d0%b0%d0%ba%d1%82%d0%b0%d0%bc%d0%b8-%d1%80%d0%b0%d1%81%d1%82%d0%b8%d1%82%d0%b5%d0%bb%d1%8c%d0%bd%d1%8b%d1%85-%d1%81%d1%82%d0%b2\/","url":"https:\/\/spskincare.ee\/et\/toode\/%d1%81%d0%b5%d1%80%d1%83%d0%bc-%d1%81-%d1%8d%d0%ba%d1%81%d1%82%d1%80%d0%b0%d0%ba%d1%82%d0%b0%d0%bc%d0%b8-%d1%80%d0%b0%d1%81%d1%82%d0%b8%d1%82%d0%b5%d0%bb%d1%8c%d0%bd%d1%8b%d1%85-%d1%81%d1%82%d0%b2\/","name":"THE MAX T\u00fcvirakuekstraktidega seerum - SPskincare","isPartOf":{"@id":"https:\/\/spskincare.ee\/et\/#website"},"primaryImageOfPage":{"@id":"https:\/\/spskincare.ee\/et\/toode\/%d1%81%d0%b5%d1%80%d1%83%d0%bc-%d1%81-%d1%8d%d0%ba%d1%81%d1%82%d1%80%d0%b0%d0%ba%d1%82%d0%b0%d0%bc%d0%b8-%d1%80%d0%b0%d1%81%d1%82%d0%b8%d1%82%d0%b5%d0%bb%d1%8c%d0%bd%d1%8b%d1%85-%d1%81%d1%82%d0%b2\/#primaryimage"},"image":{"@id":"https:\/\/spskincare.ee\/et\/toode\/%d1%81%d0%b5%d1%80%d1%83%d0%bc-%d1%81-%d1%8d%d0%ba%d1%81%d1%82%d1%80%d0%b0%d0%ba%d1%82%d0%b0%d0%bc%d0%b8-%d1%80%d0%b0%d1%81%d1%82%d0%b8%d1%82%d0%b5%d0%bb%d1%8c%d0%bd%d1%8b%d1%85-%d1%81%d1%82%d0%b2\/#primaryimage"},"thumbnailUrl":"https:\/\/spskincare.ee\/wp-content\/uploads\/2023\/06\/57ACFB9B-4B07-428E-91EC-F19F38DE9D8C.jpeg","datePublished":"2023-06-20T05:31:34+00:00","dateModified":"2023-07-06T13:20:26+00:00","breadcrumb":{"@id":"https:\/\/spskincare.ee\/et\/toode\/%d1%81%d0%b5%d1%80%d1%83%d0%bc-%d1%81-%d1%8d%d0%ba%d1%81%d1%82%d1%80%d0%b0%d0%ba%d1%82%d0%b0%d0%bc%d0%b8-%d1%80%d0%b0%d1%81%d1%82%d0%b8%d1%82%d0%b5%d0%bb%d1%8c%d0%bd%d1%8b%d1%85-%d1%81%d1%82%d0%b2\/#breadcrumb"},"inLanguage":"et","potentialAction":[{"@type":"ReadAction","target":["https:\/\/spskincare.ee\/et\/toode\/%d1%81%d0%b5%d1%80%d1%83%d0%bc-%d1%81-%d1%8d%d0%ba%d1%81%d1%82%d1%80%d0%b0%d0%ba%d1%82%d0%b0%d0%bc%d0%b8-%d1%80%d0%b0%d1%81%d1%82%d0%b8%d1%82%d0%b5%d0%bb%d1%8c%d0%bd%d1%8b%d1%85-%d1%81%d1%82%d0%b2\/"]}]},{"@type":"ImageObject","inLanguage":"et","@id":"https:\/\/spskincare.ee\/et\/toode\/%d1%81%d0%b5%d1%80%d1%83%d0%bc-%d1%81-%d1%8d%d0%ba%d1%81%d1%82%d1%80%d0%b0%d0%ba%d1%82%d0%b0%d0%bc%d0%b8-%d1%80%d0%b0%d1%81%d1%82%d0%b8%d1%82%d0%b5%d0%bb%d1%8c%d0%bd%d1%8b%d1%85-%d1%81%d1%82%d0%b2\/#primaryimage","url":"https:\/\/spskincare.ee\/wp-content\/uploads\/2023\/06\/57ACFB9B-4B07-428E-91EC-F19F38DE9D8C.jpeg","contentUrl":"https:\/\/spskincare.ee\/wp-content\/uploads\/2023\/06\/57ACFB9B-4B07-428E-91EC-F19F38DE9D8C.jpeg","width":1000,"height":1000},{"@type":"BreadcrumbList","@id":"https:\/\/spskincare.ee\/et\/toode\/%d1%81%d0%b5%d1%80%d1%83%d0%bc-%d1%81-%d1%8d%d0%ba%d1%81%d1%82%d1%80%d0%b0%d0%ba%d1%82%d0%b0%d0%bc%d0%b8-%d1%80%d0%b0%d1%81%d1%82%d0%b8%d1%82%d0%b5%d0%bb%d1%8c%d0%bd%d1%8b%d1%85-%d1%81%d1%82%d0%b2\/#breadcrumb","itemListElement":[{"@type":"ListItem","position":1,"name":"\u0413\u043b\u0430\u0432\u043d\u0430\u044f \u0441\u0442\u0440\u0430\u043d\u0438\u0446\u0430","item":"https:\/\/spskincare.ee\/et\/"},{"@type":"ListItem","position":2,"name":"Shop","item":"https:\/\/spskincare.ee\/shop\/"},{"@type":"ListItem","position":3,"name":"THE MAX T\u00fcvirakuekstraktidega seerum"}]},{"@type":"WebSite","@id":"https:\/\/spskincare.ee\/et\/#website","url":"https:\/\/spskincare.ee\/et\/","name":"SPskincare","description":"kosmeetik Tallinnas","publisher":{"@id":"https:\/\/spskincare.ee\/et\/#organization"},"potentialAction":[{"@type":"SearchAction","target":{"@type":"EntryPoint","urlTemplate":"https:\/\/spskincare.ee\/et\/?s={search_term_string}"},"query-input":{"@type":"PropertyValueSpecification","valueRequired":true,"valueName":"search_term_string"}}],"inLanguage":"et"},{"@type":"Organization","@id":"https:\/\/spskincare.ee\/et\/#organization","name":"SPskincare","url":"https:\/\/spskincare.ee\/et\/","logo":{"@type":"ImageObject","inLanguage":"et","@id":"https:\/\/spskincare.ee\/et\/#\/schema\/logo\/image\/","url":"https:\/\/spskincare.ee\/wp-content\/uploads\/2023\/05\/SP_logo_trans.png","contentUrl":"https:\/\/spskincare.ee\/wp-content\/uploads\/2023\/05\/SP_logo_trans.png","width":500,"height":500,"caption":"SPskincare"},"image":{"@id":"https:\/\/spskincare.ee\/et\/#\/schema\/logo\/image\/"},"sameAs":["https:\/\/www.facebook.com\/sabina.marahhovskaja","https:\/\/www.instagram.com\/sabinapuskina.kosmetoloog\/"]}]}},"_links":{"self":[{"href":"https:\/\/spskincare.ee\/et\/wp-json\/wp\/v2\/product\/5913","targetHints":{"allow":["GET"]}}],"collection":[{"href":"https:\/\/spskincare.ee\/et\/wp-json\/wp\/v2\/product"}],"about":[{"href":"https:\/\/spskincare.ee\/et\/wp-json\/wp\/v2\/types\/product"}],"wp:featuredmedia":[{"embeddable":true,"href":"https:\/\/spskincare.ee\/et\/wp-json\/wp\/v2\/media\/5655"}],"wp:attachment":[{"href":"https:\/\/spskincare.ee\/et\/wp-json\/wp\/v2\/media?parent=5913"}],"wp:term":[{"taxonomy":"product_brand","embeddable":true,"href":"https:\/\/spskincare.ee\/et\/wp-json\/wp\/v2\/product_brand?post=5913"},{"taxonomy":"product_cat","embeddable":true,"href":"https:\/\/spskincare.ee\/et\/wp-json\/wp\/v2\/product_cat?post=5913"},{"taxonomy":"product_tag","embeddable":true,"href":"https:\/\/spskincare.ee\/et\/wp-json\/wp\/v2\/product_tag?post=5913"}],"curies":[{"name":"wp","href":"https:\/\/api.w.org\/{rel}","templated":true}]}}