{"id":5914,"date":"2023-06-20T05:26:10","date_gmt":"2023-06-20T05:26:10","guid":{"rendered":"https:\/\/spskincare.ee\/product\/md-korrigeeriv-c-vitamiini-seerum\/"},"modified":"2023-06-20T05:26:10","modified_gmt":"2023-06-20T05:26:10","slug":"md-%d0%b2%d0%be%d1%81%d1%81%d1%82%d0%b0%d0%bd%d0%b0%d0%b2%d0%bb%d0%b8%d0%b2%d0%b0%d1%8e%d1%89%d0%b8%d0%b9-%d1%81%d0%b5%d1%80%d1%83%d0%bc-%d1%81-%d0%b2%d0%b8%d1%82%d0%b0%d0%bc%d0%b8%d0%bd%d0%be%d0%bc","status":"publish","type":"product","link":"https:\/\/spskincare.ee\/et\/toode\/md-%d0%b2%d0%be%d1%81%d1%81%d1%82%d0%b0%d0%bd%d0%b0%d0%b2%d0%bb%d0%b8%d0%b2%d0%b0%d1%8e%d1%89%d0%b8%d0%b9-%d1%81%d0%b5%d1%80%d1%83%d0%bc-%d1%81-%d0%b2%d0%b8%d1%82%d0%b0%d0%bc%d0%b8%d0%bd%d0%be%d0%bc\/","title":{"rendered":"MD Korrigeeriv C-vitamiini seerum"},"content":{"rendered":"<p>Kasutamine:<\/p>\n<p>Kasuta seerumit hommikul ja \u00f5htul puhtal nahal. Enne kasutamist loksutada!<\/p>\n<p>IMAGE\u2019I SOOVITUS<\/p>\n<p>Probleemse naha korral v\u00f5ib MD Korrigeerivat C-vitamiini seerumit kasutada lokaalselt p\u00f5letikukolletel.<\/p>\n<p>Kasuta p\u00e4evasel ajal p\u00e4rast seerumit kindlasti ka p\u00e4ikesekaitsega p\u00e4evakreemi \u2013 nii hoiad nahka parima tervise juures. \u00d5htuse ilurutiini puhul kanna p\u00e4rast seerumit nahale \u00f6\u00f6kreem \u2013 nii maksimeerid naha \u00f6ist taastumist.<\/p>\n<p>Koostis:<\/p>\n<p>CAPRYLIC\/CAPRIC TRIGLYCERIDE, SQUALANE, MORINGA OLEIFERA SEED OIL, VITIS VINIFERA (GRAPE) SEED OIL, HIPPOPHAE RHAMNOIDES OIL, TETRAHEXYLDECYL ASCORBATE, CITRUS AURANTIUM DULCIS OIL, RETINOL, POLYSORBATE 20, RETINYL PALMITATE, TOCOPHEROL, ARGANIA SPINOSA KERNEL OIL, HELIANTHUS ANNUUS (SUNFLOWER) SEED OIL, PERSEA GRATISSIMA (AVOCADO) OIL<\/p>\n<p>*T\u00e4pne koostis toote pakendil.<\/p>\n<p>Tootmiseks ja pakendamiseks vajalikud materjalid p\u00e4rinevad vastutustundlikult majandatud metsadest ning vastavad FSC standardile.<\/p>\n","protected":false},"excerpt":{"rendered":"<div class=\"woocommerce-product-details__short-description\">\n<div class=\"woocommerce-product-details__short-description\">\n<p>Image Skincare k\u00f5ige k\u00f5rgtehnoloogilisem seerum! Korrigeerivas C-vitamiini seerumis on kombineeritud C-vitamiini ning h\u00fcaluroonhapete parimad omadused tagamaks pingul ja kaunilt s\u00e4rav nahk. Kusjuures C-vitamiini pinguldava ja jume \u00fchtlustava m\u00f5ju v\u00f5imendamiseks on kasutusel superantioks\u00fcdandid feluurhape ning atset\u00fc\u00fcltsingeroon.<\/p>\n<p>Kohese siluva ja niisutava efekti eest kannab hoolt uuenduslik h\u00fcaluroonhappe kompleks, mis v\u00e4hendab veekadu ka k\u00f5ige s\u00fcgavamates nahakihtides.<\/p>\n<ul>\n<li>20% C-vitamiin (tetraheks\u00fc\u00fcldek\u00fc\u00fclaskorbaat) \u2013 pinguldab ja \u00fchtlustab jume.<\/li>\n<li>Feruulhape ja atset\u00fc\u00fcltsingeroon \u2013 superantioks\u00fcdandid, v\u00f5imendavad C-vitamiini m\u00f5ju.<\/li>\n<li>7 erineva molekulaarmassiga h\u00fcaluroonhappe kompleks \u2013 pindmiseks ja s\u00fcgavniisutuseks.<\/li>\n<li>Kookose ekstrakt \u2013 toidab ja niisutab nahka<\/li>\n<li>Apelsinikoore \u00f5li \u2013 ergutab naha vereringlust ja v\u00e4rskendab nahka.<\/li>\n<li>Pelargooni \u00f5li \u2013 pinguldab nahka ja eemaldab surnud naharakud.<\/li>\n<\/ul>\n<\/div>\n<p>Toote suurus 30 ml.<\/p>\n<\/div>\n","protected":false},"featured_media":5654,"template":"","meta":[],"product_brand":[],"product_cat":[105],"product_tag":[117],"class_list":{"0":"post-5914","1":"product","2":"type-product","3":"status-publish","4":"has-post-thumbnail","6":"product_cat-seerumid","7":"product_tag-seerum","9":"first","10":"instock","11":"shipping-taxable","12":"purchasable","13":"product-type-simple"},"yoast_head":"<!-- This site is optimized with the Yoast SEO plugin v26.2 - https:\/\/yoast.com\/wordpress\/plugins\/seo\/ -->\n<title>MD Korrigeeriv C-vitamiini seerum - SPskincare<\/title>\n<meta name=\"robots\" content=\"index, follow, max-snippet:-1, max-image-preview:large, max-video-preview:-1\" \/>\n<link rel=\"canonical\" href=\"https:\/\/spskincare.ee\/et\/toode\/md-%d0%b2%d0%be%d1%81%d1%81%d1%82%d0%b0%d0%bd%d0%b0%d0%b2%d0%bb%d0%b8%d0%b2%d0%b0%d1%8e%d1%89%d0%b8%d0%b9-%d1%81%d0%b5%d1%80%d1%83%d0%bc-%d1%81-%d0%b2%d0%b8%d1%82%d0%b0%d0%bc%d0%b8%d0%bd%d0%be%d0%bc\/\" \/>\n<meta property=\"og:locale\" content=\"et_EE\" \/>\n<meta property=\"og:type\" content=\"article\" \/>\n<meta property=\"og:title\" content=\"MD Korrigeeriv C-vitamiini seerum - SPskincare\" \/>\n<meta property=\"og:description\" content=\"Image Skincare k\u00f5ige k\u00f5rgtehnoloogilisem seerum! Korrigeerivas C-vitamiini seerumis on kombineeritud C-vitamiini ning h\u00fcaluroonhapete parimad omadused tagamaks pingul ja kaunilt s\u00e4rav nahk. Kusjuures C-vitamiini pinguldava ja jume \u00fchtlustava m\u00f5ju v\u00f5imendamiseks on kasutusel superantioks\u00fcdandid feluurhape ning atset\u00fc\u00fcltsingeroon. Kohese siluva ja niisutava efekti eest kannab hoolt uuenduslik h\u00fcaluroonhappe kompleks, mis v\u00e4hendab veekadu ka k\u00f5ige s\u00fcgavamates nahakihtides.  20% C-vitamiin (tetraheks\u00fc\u00fcldek\u00fc\u00fclaskorbaat) \u2013 pinguldab ja \u00fchtlustab jume.  Feruulhape ja atset\u00fc\u00fcltsingeroon \u2013 superantioks\u00fcdandid, v\u00f5imendavad C-vitamiini m\u00f5ju.  7 erineva molekulaarmassiga h\u00fcaluroonhappe kompleks \u2013 pindmiseks ja s\u00fcgavniisutuseks.  Kookose ekstrakt \u2013 toidab ja niisutab nahka  Apelsinikoore \u00f5li \u2013 ergutab naha vereringlust ja v\u00e4rskendab nahka.  Pelargooni \u00f5li \u2013 pinguldab nahka ja eemaldab surnud naharakud.  Toote suurus 30 ml.\" \/>\n<meta property=\"og:url\" content=\"https:\/\/spskincare.ee\/et\/toode\/md-%d0%b2%d0%be%d1%81%d1%81%d1%82%d0%b0%d0%bd%d0%b0%d0%b2%d0%bb%d0%b8%d0%b2%d0%b0%d1%8e%d1%89%d0%b8%d0%b9-%d1%81%d0%b5%d1%80%d1%83%d0%bc-%d1%81-%d0%b2%d0%b8%d1%82%d0%b0%d0%bc%d0%b8%d0%bd%d0%be%d0%bc\/\" \/>\n<meta property=\"og:site_name\" content=\"SPskincare\" \/>\n<meta property=\"article:publisher\" content=\"https:\/\/www.facebook.com\/sabina.marahhovskaja\" \/>\n<meta property=\"og:image\" content=\"https:\/\/spskincare.ee\/wp-content\/uploads\/2023\/06\/56.png\" \/>\n\t<meta property=\"og:image:width\" content=\"1388\" \/>\n\t<meta property=\"og:image:height\" content=\"1384\" \/>\n\t<meta property=\"og:image:type\" content=\"image\/png\" \/>\n<meta name=\"twitter:card\" content=\"summary_large_image\" \/>\n<meta name=\"twitter:label1\" content=\"Est. reading time\" \/>\n\t<meta name=\"twitter:data1\" content=\"1 minut\" \/>\n<script type=\"application\/ld+json\" class=\"yoast-schema-graph\">{\"@context\":\"https:\/\/schema.org\",\"@graph\":[{\"@type\":\"WebPage\",\"@id\":\"https:\/\/spskincare.ee\/et\/toode\/md-%d0%b2%d0%be%d1%81%d1%81%d1%82%d0%b0%d0%bd%d0%b0%d0%b2%d0%bb%d0%b8%d0%b2%d0%b0%d1%8e%d1%89%d0%b8%d0%b9-%d1%81%d0%b5%d1%80%d1%83%d0%bc-%d1%81-%d0%b2%d0%b8%d1%82%d0%b0%d0%bc%d0%b8%d0%bd%d0%be%d0%bc\/\",\"url\":\"https:\/\/spskincare.ee\/et\/toode\/md-%d0%b2%d0%be%d1%81%d1%81%d1%82%d0%b0%d0%bd%d0%b0%d0%b2%d0%bb%d0%b8%d0%b2%d0%b0%d1%8e%d1%89%d0%b8%d0%b9-%d1%81%d0%b5%d1%80%d1%83%d0%bc-%d1%81-%d0%b2%d0%b8%d1%82%d0%b0%d0%bc%d0%b8%d0%bd%d0%be%d0%bc\/\",\"name\":\"MD Korrigeeriv C-vitamiini seerum - SPskincare\",\"isPartOf\":{\"@id\":\"https:\/\/spskincare.ee\/et\/#website\"},\"primaryImageOfPage\":{\"@id\":\"https:\/\/spskincare.ee\/et\/toode\/md-%d0%b2%d0%be%d1%81%d1%81%d1%82%d0%b0%d0%bd%d0%b0%d0%b2%d0%bb%d0%b8%d0%b2%d0%b0%d1%8e%d1%89%d0%b8%d0%b9-%d1%81%d0%b5%d1%80%d1%83%d0%bc-%d1%81-%d0%b2%d0%b8%d1%82%d0%b0%d0%bc%d0%b8%d0%bd%d0%be%d0%bc\/#primaryimage\"},\"image\":{\"@id\":\"https:\/\/spskincare.ee\/et\/toode\/md-%d0%b2%d0%be%d1%81%d1%81%d1%82%d0%b0%d0%bd%d0%b0%d0%b2%d0%bb%d0%b8%d0%b2%d0%b0%d1%8e%d1%89%d0%b8%d0%b9-%d1%81%d0%b5%d1%80%d1%83%d0%bc-%d1%81-%d0%b2%d0%b8%d1%82%d0%b0%d0%bc%d0%b8%d0%bd%d0%be%d0%bc\/#primaryimage\"},\"thumbnailUrl\":\"https:\/\/spskincare.ee\/wp-content\/uploads\/2023\/06\/56.png\",\"datePublished\":\"2023-06-20T05:26:10+00:00\",\"breadcrumb\":{\"@id\":\"https:\/\/spskincare.ee\/et\/toode\/md-%d0%b2%d0%be%d1%81%d1%81%d1%82%d0%b0%d0%bd%d0%b0%d0%b2%d0%bb%d0%b8%d0%b2%d0%b0%d1%8e%d1%89%d0%b8%d0%b9-%d1%81%d0%b5%d1%80%d1%83%d0%bc-%d1%81-%d0%b2%d0%b8%d1%82%d0%b0%d0%bc%d0%b8%d0%bd%d0%be%d0%bc\/#breadcrumb\"},\"inLanguage\":\"et\",\"potentialAction\":[{\"@type\":\"ReadAction\",\"target\":[\"https:\/\/spskincare.ee\/et\/toode\/md-%d0%b2%d0%be%d1%81%d1%81%d1%82%d0%b0%d0%bd%d0%b0%d0%b2%d0%bb%d0%b8%d0%b2%d0%b0%d1%8e%d1%89%d0%b8%d0%b9-%d1%81%d0%b5%d1%80%d1%83%d0%bc-%d1%81-%d0%b2%d0%b8%d1%82%d0%b0%d0%bc%d0%b8%d0%bd%d0%be%d0%bc\/\"]}]},{\"@type\":\"ImageObject\",\"inLanguage\":\"et\",\"@id\":\"https:\/\/spskincare.ee\/et\/toode\/md-%d0%b2%d0%be%d1%81%d1%81%d1%82%d0%b0%d0%bd%d0%b0%d0%b2%d0%bb%d0%b8%d0%b2%d0%b0%d1%8e%d1%89%d0%b8%d0%b9-%d1%81%d0%b5%d1%80%d1%83%d0%bc-%d1%81-%d0%b2%d0%b8%d1%82%d0%b0%d0%bc%d0%b8%d0%bd%d0%be%d0%bc\/#primaryimage\",\"url\":\"https:\/\/spskincare.ee\/wp-content\/uploads\/2023\/06\/56.png\",\"contentUrl\":\"https:\/\/spskincare.ee\/wp-content\/uploads\/2023\/06\/56.png\",\"width\":1388,\"height\":1384},{\"@type\":\"BreadcrumbList\",\"@id\":\"https:\/\/spskincare.ee\/et\/toode\/md-%d0%b2%d0%be%d1%81%d1%81%d1%82%d0%b0%d0%bd%d0%b0%d0%b2%d0%bb%d0%b8%d0%b2%d0%b0%d1%8e%d1%89%d0%b8%d0%b9-%d1%81%d0%b5%d1%80%d1%83%d0%bc-%d1%81-%d0%b2%d0%b8%d1%82%d0%b0%d0%bc%d0%b8%d0%bd%d0%be%d0%bc\/#breadcrumb\",\"itemListElement\":[{\"@type\":\"ListItem\",\"position\":1,\"name\":\"\u0413\u043b\u0430\u0432\u043d\u0430\u044f \u0441\u0442\u0440\u0430\u043d\u0438\u0446\u0430\",\"item\":\"https:\/\/spskincare.ee\/et\/\"},{\"@type\":\"ListItem\",\"position\":2,\"name\":\"Shop\",\"item\":\"https:\/\/spskincare.ee\/shop\/\"},{\"@type\":\"ListItem\",\"position\":3,\"name\":\"MD Korrigeeriv C-vitamiini seerum\"}]},{\"@type\":\"WebSite\",\"@id\":\"https:\/\/spskincare.ee\/et\/#website\",\"url\":\"https:\/\/spskincare.ee\/et\/\",\"name\":\"SPskincare\",\"description\":\"kosmeetik Tallinnas\",\"publisher\":{\"@id\":\"https:\/\/spskincare.ee\/et\/#organization\"},\"potentialAction\":[{\"@type\":\"SearchAction\",\"target\":{\"@type\":\"EntryPoint\",\"urlTemplate\":\"https:\/\/spskincare.ee\/et\/?s={search_term_string}\"},\"query-input\":{\"@type\":\"PropertyValueSpecification\",\"valueRequired\":true,\"valueName\":\"search_term_string\"}}],\"inLanguage\":\"et\"},{\"@type\":\"Organization\",\"@id\":\"https:\/\/spskincare.ee\/et\/#organization\",\"name\":\"SPskincare\",\"url\":\"https:\/\/spskincare.ee\/et\/\",\"logo\":{\"@type\":\"ImageObject\",\"inLanguage\":\"et\",\"@id\":\"https:\/\/spskincare.ee\/et\/#\/schema\/logo\/image\/\",\"url\":\"https:\/\/spskincare.ee\/wp-content\/uploads\/2023\/05\/SP_logo_trans.png\",\"contentUrl\":\"https:\/\/spskincare.ee\/wp-content\/uploads\/2023\/05\/SP_logo_trans.png\",\"width\":500,\"height\":500,\"caption\":\"SPskincare\"},\"image\":{\"@id\":\"https:\/\/spskincare.ee\/et\/#\/schema\/logo\/image\/\"},\"sameAs\":[\"https:\/\/www.facebook.com\/sabina.marahhovskaja\",\"https:\/\/www.instagram.com\/sabinapuskina.kosmetoloog\/\"]}]}<\/script>\n<!-- \/ Yoast SEO plugin. -->","yoast_head_json":{"title":"MD Korrigeeriv C-vitamiini seerum - SPskincare","robots":{"index":"index","follow":"follow","max-snippet":"max-snippet:-1","max-image-preview":"max-image-preview:large","max-video-preview":"max-video-preview:-1"},"canonical":"https:\/\/spskincare.ee\/et\/toode\/md-%d0%b2%d0%be%d1%81%d1%81%d1%82%d0%b0%d0%bd%d0%b0%d0%b2%d0%bb%d0%b8%d0%b2%d0%b0%d1%8e%d1%89%d0%b8%d0%b9-%d1%81%d0%b5%d1%80%d1%83%d0%bc-%d1%81-%d0%b2%d0%b8%d1%82%d0%b0%d0%bc%d0%b8%d0%bd%d0%be%d0%bc\/","og_locale":"et_EE","og_type":"article","og_title":"MD Korrigeeriv C-vitamiini seerum - SPskincare","og_description":"Image Skincare k\u00f5ige k\u00f5rgtehnoloogilisem seerum! Korrigeerivas C-vitamiini seerumis on kombineeritud C-vitamiini ning h\u00fcaluroonhapete parimad omadused tagamaks pingul ja kaunilt s\u00e4rav nahk. Kusjuures C-vitamiini pinguldava ja jume \u00fchtlustava m\u00f5ju v\u00f5imendamiseks on kasutusel superantioks\u00fcdandid feluurhape ning atset\u00fc\u00fcltsingeroon. Kohese siluva ja niisutava efekti eest kannab hoolt uuenduslik h\u00fcaluroonhappe kompleks, mis v\u00e4hendab veekadu ka k\u00f5ige s\u00fcgavamates nahakihtides.  20% C-vitamiin (tetraheks\u00fc\u00fcldek\u00fc\u00fclaskorbaat) \u2013 pinguldab ja \u00fchtlustab jume.  Feruulhape ja atset\u00fc\u00fcltsingeroon \u2013 superantioks\u00fcdandid, v\u00f5imendavad C-vitamiini m\u00f5ju.  7 erineva molekulaarmassiga h\u00fcaluroonhappe kompleks \u2013 pindmiseks ja s\u00fcgavniisutuseks.  Kookose ekstrakt \u2013 toidab ja niisutab nahka  Apelsinikoore \u00f5li \u2013 ergutab naha vereringlust ja v\u00e4rskendab nahka.  Pelargooni \u00f5li \u2013 pinguldab nahka ja eemaldab surnud naharakud.  Toote suurus 30 ml.","og_url":"https:\/\/spskincare.ee\/et\/toode\/md-%d0%b2%d0%be%d1%81%d1%81%d1%82%d0%b0%d0%bd%d0%b0%d0%b2%d0%bb%d0%b8%d0%b2%d0%b0%d1%8e%d1%89%d0%b8%d0%b9-%d1%81%d0%b5%d1%80%d1%83%d0%bc-%d1%81-%d0%b2%d0%b8%d1%82%d0%b0%d0%bc%d0%b8%d0%bd%d0%be%d0%bc\/","og_site_name":"SPskincare","article_publisher":"https:\/\/www.facebook.com\/sabina.marahhovskaja","og_image":[{"width":1388,"height":1384,"url":"https:\/\/spskincare.ee\/wp-content\/uploads\/2023\/06\/56.png","type":"image\/png"}],"twitter_card":"summary_large_image","twitter_misc":{"Est. reading time":"1 minut"},"schema":{"@context":"https:\/\/schema.org","@graph":[{"@type":"WebPage","@id":"https:\/\/spskincare.ee\/et\/toode\/md-%d0%b2%d0%be%d1%81%d1%81%d1%82%d0%b0%d0%bd%d0%b0%d0%b2%d0%bb%d0%b8%d0%b2%d0%b0%d1%8e%d1%89%d0%b8%d0%b9-%d1%81%d0%b5%d1%80%d1%83%d0%bc-%d1%81-%d0%b2%d0%b8%d1%82%d0%b0%d0%bc%d0%b8%d0%bd%d0%be%d0%bc\/","url":"https:\/\/spskincare.ee\/et\/toode\/md-%d0%b2%d0%be%d1%81%d1%81%d1%82%d0%b0%d0%bd%d0%b0%d0%b2%d0%bb%d0%b8%d0%b2%d0%b0%d1%8e%d1%89%d0%b8%d0%b9-%d1%81%d0%b5%d1%80%d1%83%d0%bc-%d1%81-%d0%b2%d0%b8%d1%82%d0%b0%d0%bc%d0%b8%d0%bd%d0%be%d0%bc\/","name":"MD Korrigeeriv C-vitamiini seerum - SPskincare","isPartOf":{"@id":"https:\/\/spskincare.ee\/et\/#website"},"primaryImageOfPage":{"@id":"https:\/\/spskincare.ee\/et\/toode\/md-%d0%b2%d0%be%d1%81%d1%81%d1%82%d0%b0%d0%bd%d0%b0%d0%b2%d0%bb%d0%b8%d0%b2%d0%b0%d1%8e%d1%89%d0%b8%d0%b9-%d1%81%d0%b5%d1%80%d1%83%d0%bc-%d1%81-%d0%b2%d0%b8%d1%82%d0%b0%d0%bc%d0%b8%d0%bd%d0%be%d0%bc\/#primaryimage"},"image":{"@id":"https:\/\/spskincare.ee\/et\/toode\/md-%d0%b2%d0%be%d1%81%d1%81%d1%82%d0%b0%d0%bd%d0%b0%d0%b2%d0%bb%d0%b8%d0%b2%d0%b0%d1%8e%d1%89%d0%b8%d0%b9-%d1%81%d0%b5%d1%80%d1%83%d0%bc-%d1%81-%d0%b2%d0%b8%d1%82%d0%b0%d0%bc%d0%b8%d0%bd%d0%be%d0%bc\/#primaryimage"},"thumbnailUrl":"https:\/\/spskincare.ee\/wp-content\/uploads\/2023\/06\/56.png","datePublished":"2023-06-20T05:26:10+00:00","breadcrumb":{"@id":"https:\/\/spskincare.ee\/et\/toode\/md-%d0%b2%d0%be%d1%81%d1%81%d1%82%d0%b0%d0%bd%d0%b0%d0%b2%d0%bb%d0%b8%d0%b2%d0%b0%d1%8e%d1%89%d0%b8%d0%b9-%d1%81%d0%b5%d1%80%d1%83%d0%bc-%d1%81-%d0%b2%d0%b8%d1%82%d0%b0%d0%bc%d0%b8%d0%bd%d0%be%d0%bc\/#breadcrumb"},"inLanguage":"et","potentialAction":[{"@type":"ReadAction","target":["https:\/\/spskincare.ee\/et\/toode\/md-%d0%b2%d0%be%d1%81%d1%81%d1%82%d0%b0%d0%bd%d0%b0%d0%b2%d0%bb%d0%b8%d0%b2%d0%b0%d1%8e%d1%89%d0%b8%d0%b9-%d1%81%d0%b5%d1%80%d1%83%d0%bc-%d1%81-%d0%b2%d0%b8%d1%82%d0%b0%d0%bc%d0%b8%d0%bd%d0%be%d0%bc\/"]}]},{"@type":"ImageObject","inLanguage":"et","@id":"https:\/\/spskincare.ee\/et\/toode\/md-%d0%b2%d0%be%d1%81%d1%81%d1%82%d0%b0%d0%bd%d0%b0%d0%b2%d0%bb%d0%b8%d0%b2%d0%b0%d1%8e%d1%89%d0%b8%d0%b9-%d1%81%d0%b5%d1%80%d1%83%d0%bc-%d1%81-%d0%b2%d0%b8%d1%82%d0%b0%d0%bc%d0%b8%d0%bd%d0%be%d0%bc\/#primaryimage","url":"https:\/\/spskincare.ee\/wp-content\/uploads\/2023\/06\/56.png","contentUrl":"https:\/\/spskincare.ee\/wp-content\/uploads\/2023\/06\/56.png","width":1388,"height":1384},{"@type":"BreadcrumbList","@id":"https:\/\/spskincare.ee\/et\/toode\/md-%d0%b2%d0%be%d1%81%d1%81%d1%82%d0%b0%d0%bd%d0%b0%d0%b2%d0%bb%d0%b8%d0%b2%d0%b0%d1%8e%d1%89%d0%b8%d0%b9-%d1%81%d0%b5%d1%80%d1%83%d0%bc-%d1%81-%d0%b2%d0%b8%d1%82%d0%b0%d0%bc%d0%b8%d0%bd%d0%be%d0%bc\/#breadcrumb","itemListElement":[{"@type":"ListItem","position":1,"name":"\u0413\u043b\u0430\u0432\u043d\u0430\u044f \u0441\u0442\u0440\u0430\u043d\u0438\u0446\u0430","item":"https:\/\/spskincare.ee\/et\/"},{"@type":"ListItem","position":2,"name":"Shop","item":"https:\/\/spskincare.ee\/shop\/"},{"@type":"ListItem","position":3,"name":"MD Korrigeeriv C-vitamiini seerum"}]},{"@type":"WebSite","@id":"https:\/\/spskincare.ee\/et\/#website","url":"https:\/\/spskincare.ee\/et\/","name":"SPskincare","description":"kosmeetik Tallinnas","publisher":{"@id":"https:\/\/spskincare.ee\/et\/#organization"},"potentialAction":[{"@type":"SearchAction","target":{"@type":"EntryPoint","urlTemplate":"https:\/\/spskincare.ee\/et\/?s={search_term_string}"},"query-input":{"@type":"PropertyValueSpecification","valueRequired":true,"valueName":"search_term_string"}}],"inLanguage":"et"},{"@type":"Organization","@id":"https:\/\/spskincare.ee\/et\/#organization","name":"SPskincare","url":"https:\/\/spskincare.ee\/et\/","logo":{"@type":"ImageObject","inLanguage":"et","@id":"https:\/\/spskincare.ee\/et\/#\/schema\/logo\/image\/","url":"https:\/\/spskincare.ee\/wp-content\/uploads\/2023\/05\/SP_logo_trans.png","contentUrl":"https:\/\/spskincare.ee\/wp-content\/uploads\/2023\/05\/SP_logo_trans.png","width":500,"height":500,"caption":"SPskincare"},"image":{"@id":"https:\/\/spskincare.ee\/et\/#\/schema\/logo\/image\/"},"sameAs":["https:\/\/www.facebook.com\/sabina.marahhovskaja","https:\/\/www.instagram.com\/sabinapuskina.kosmetoloog\/"]}]}},"_links":{"self":[{"href":"https:\/\/spskincare.ee\/et\/wp-json\/wp\/v2\/product\/5914","targetHints":{"allow":["GET"]}}],"collection":[{"href":"https:\/\/spskincare.ee\/et\/wp-json\/wp\/v2\/product"}],"about":[{"href":"https:\/\/spskincare.ee\/et\/wp-json\/wp\/v2\/types\/product"}],"wp:featuredmedia":[{"embeddable":true,"href":"https:\/\/spskincare.ee\/et\/wp-json\/wp\/v2\/media\/5654"}],"wp:attachment":[{"href":"https:\/\/spskincare.ee\/et\/wp-json\/wp\/v2\/media?parent=5914"}],"wp:term":[{"taxonomy":"product_brand","embeddable":true,"href":"https:\/\/spskincare.ee\/et\/wp-json\/wp\/v2\/product_brand?post=5914"},{"taxonomy":"product_cat","embeddable":true,"href":"https:\/\/spskincare.ee\/et\/wp-json\/wp\/v2\/product_cat?post=5914"},{"taxonomy":"product_tag","embeddable":true,"href":"https:\/\/spskincare.ee\/et\/wp-json\/wp\/v2\/product_tag?post=5914"}],"curies":[{"name":"wp","href":"https:\/\/api.w.org\/{rel}","templated":true}]}}