{"id":5915,"date":"2023-06-20T05:20:32","date_gmt":"2023-06-20T05:20:32","guid":{"rendered":"https:\/\/spskincare.ee\/product\/clear-cell-rahustav-ja-matistav-seerum-probleemsele-nahale\/"},"modified":"2023-06-20T05:20:32","modified_gmt":"2023-06-20T05:20:32","slug":"%d1%83%d1%81%d0%bf%d0%be%d0%ba%d0%b0%d0%b8%d0%b2%d0%b0%d1%8e%d1%89%d0%b8%d0%b9-%d0%b8-%d0%bc%d0%b0%d1%82%d0%b8%d1%80%d1%83%d1%8e%d1%89%d0%b8%d0%b9-%d1%81%d0%b5%d1%80%d1%83%d0%bc-%d0%b4%d0%bb%d1%8f","status":"publish","type":"product","link":"https:\/\/spskincare.ee\/et\/toode\/%d1%83%d1%81%d0%bf%d0%be%d0%ba%d0%b0%d0%b8%d0%b2%d0%b0%d1%8e%d1%89%d0%b8%d0%b9-%d0%b8-%d0%bc%d0%b0%d1%82%d0%b8%d1%80%d1%83%d1%8e%d1%89%d0%b8%d0%b9-%d1%81%d0%b5%d1%80%d1%83%d0%bc-%d0%b4%d0%bb%d1%8f\/","title":{"rendered":"CLEAR CELL Rahustav ja matistav seerum probleemsele nahale"},"content":{"rendered":"<p>Kasutamine:<br \/>\nKanna hommikul \u00f5huke kitht puhastatud nahale. Kui nahk vajab p\u00e4eva jooksul lisaniisutust kanna toodet uuesti n\u00e4ole. Sobib igap\u00e4evaseks kasutamiseks. Kasuta vaheldumisi VITAL C Niisuta vavananemisvastase seerumiga, et rasusele ning aknele kalduvale nahale lisaniisutust ja turgutust pakkuda.<\/p>\n<p>Koostis:<\/p>\n<p>Aqua (Water \/ Eau), Glycerin, Oligopeptide-10, Stearyl Glycyrrhetinate, Camellia Sinensis Leaf, Sodium Hydroxide, Aloe Barbadensis Leaf Juice (Organic), Boswellia Serrata Extract, Honey Extract, Oryza Sativa (Rice) Bran Extract, Portulaca Oleracea Extract, Pyridoxine Cyclic Phosphate, Hydroxyethyl Urea, Lavandula Angustifolia (Lavender), Hexylene Glycol, Silica, Phenoxyethanol, Butylene Glycol, Acrylates \/ C10-30 Alkyl Acrylate Crosspolymer, Allantoin, Xanthan Gum, Disodium Edta, Ethylhexylglycerin<\/p>\n<p>*Toodete koostises v\u00f5ib esineda m\u00f5ningaid muudatusi. T\u00e4pne koostis toote pakendil.<\/p>\n","protected":false},"excerpt":{"rendered":"<div class=\"woocommerce-product-details__short-description\">\n<p>Probleemset ja liigrasust nahka rahustav ja niisutav \u00f5livaba seerum, mis imeb naha pinnal oleva rasu, j\u00e4ttes jume kauniks ja matiks. Unikaalne ja patenteeritud Granactive Acne kompleks aitab p\u00e4rssida aknebakterite paljunemist.<\/p>\n<p>M\u00fcndileht ja aaloe lehe mahl aitavad nahka niisutada ning v\u00e4hendada punetust ja rahustada p\u00f5letikukoldeid.<\/p>\n<p>Toote suurus 28 g.<\/p>\n<\/div>\n","protected":false},"featured_media":5652,"template":"","meta":[],"product_brand":[],"product_cat":[105],"product_tag":[117],"class_list":{"0":"post-5915","1":"product","2":"type-product","3":"status-publish","4":"has-post-thumbnail","6":"product_cat-seerumid","7":"product_tag-seerum","9":"first","10":"instock","11":"shipping-taxable","12":"purchasable","13":"product-type-simple"},"yoast_head":"<!-- This site is optimized with the Yoast SEO plugin v26.2 - https:\/\/yoast.com\/wordpress\/plugins\/seo\/ -->\n<title>CLEAR CELL Rahustav ja matistav seerum probleemsele nahale - SPskincare<\/title>\n<meta name=\"robots\" content=\"index, follow, max-snippet:-1, max-image-preview:large, max-video-preview:-1\" \/>\n<link rel=\"canonical\" href=\"https:\/\/spskincare.ee\/et\/toode\/%d1%83%d1%81%d0%bf%d0%be%d0%ba%d0%b0%d0%b8%d0%b2%d0%b0%d1%8e%d1%89%d0%b8%d0%b9-%d0%b8-%d0%bc%d0%b0%d1%82%d0%b8%d1%80%d1%83%d1%8e%d1%89%d0%b8%d0%b9-%d1%81%d0%b5%d1%80%d1%83%d0%bc-%d0%b4%d0%bb%d1%8f\/\" \/>\n<meta property=\"og:locale\" content=\"et_EE\" \/>\n<meta property=\"og:type\" content=\"article\" \/>\n<meta property=\"og:title\" content=\"CLEAR CELL Rahustav ja matistav seerum probleemsele nahale - SPskincare\" \/>\n<meta property=\"og:description\" content=\"Probleemset ja liigrasust nahka rahustav ja niisutav \u00f5livaba seerum, mis imeb naha pinnal oleva rasu, j\u00e4ttes jume kauniks ja matiks. Unikaalne ja patenteeritud Granactive Acne kompleks aitab p\u00e4rssida aknebakterite paljunemist. M\u00fcndileht ja aaloe lehe mahl aitavad nahka niisutada ning v\u00e4hendada punetust ja rahustada p\u00f5letikukoldeid. Toote suurus 28 g.\" \/>\n<meta property=\"og:url\" content=\"https:\/\/spskincare.ee\/et\/toode\/%d1%83%d1%81%d0%bf%d0%be%d0%ba%d0%b0%d0%b8%d0%b2%d0%b0%d1%8e%d1%89%d0%b8%d0%b9-%d0%b8-%d0%bc%d0%b0%d1%82%d0%b8%d1%80%d1%83%d1%8e%d1%89%d0%b8%d0%b9-%d1%81%d0%b5%d1%80%d1%83%d0%bc-%d0%b4%d0%bb%d1%8f\/\" \/>\n<meta property=\"og:site_name\" content=\"SPskincare\" \/>\n<meta property=\"article:publisher\" content=\"https:\/\/www.facebook.com\/sabina.marahhovskaja\" \/>\n<meta property=\"og:image\" content=\"https:\/\/spskincare.ee\/wp-content\/uploads\/2023\/06\/434.png\" \/>\n\t<meta property=\"og:image:width\" content=\"1481\" \/>\n\t<meta property=\"og:image:height\" content=\"1486\" \/>\n\t<meta property=\"og:image:type\" content=\"image\/png\" \/>\n<meta name=\"twitter:card\" content=\"summary_large_image\" \/>\n<meta name=\"twitter:label1\" content=\"Est. reading time\" \/>\n\t<meta name=\"twitter:data1\" content=\"1 minut\" \/>\n<script type=\"application\/ld+json\" class=\"yoast-schema-graph\">{\"@context\":\"https:\/\/schema.org\",\"@graph\":[{\"@type\":\"WebPage\",\"@id\":\"https:\/\/spskincare.ee\/et\/toode\/%d1%83%d1%81%d0%bf%d0%be%d0%ba%d0%b0%d0%b8%d0%b2%d0%b0%d1%8e%d1%89%d0%b8%d0%b9-%d0%b8-%d0%bc%d0%b0%d1%82%d0%b8%d1%80%d1%83%d1%8e%d1%89%d0%b8%d0%b9-%d1%81%d0%b5%d1%80%d1%83%d0%bc-%d0%b4%d0%bb%d1%8f\/\",\"url\":\"https:\/\/spskincare.ee\/et\/toode\/%d1%83%d1%81%d0%bf%d0%be%d0%ba%d0%b0%d0%b8%d0%b2%d0%b0%d1%8e%d1%89%d0%b8%d0%b9-%d0%b8-%d0%bc%d0%b0%d1%82%d0%b8%d1%80%d1%83%d1%8e%d1%89%d0%b8%d0%b9-%d1%81%d0%b5%d1%80%d1%83%d0%bc-%d0%b4%d0%bb%d1%8f\/\",\"name\":\"CLEAR CELL Rahustav ja matistav seerum probleemsele nahale - SPskincare\",\"isPartOf\":{\"@id\":\"https:\/\/spskincare.ee\/et\/#website\"},\"primaryImageOfPage\":{\"@id\":\"https:\/\/spskincare.ee\/et\/toode\/%d1%83%d1%81%d0%bf%d0%be%d0%ba%d0%b0%d0%b8%d0%b2%d0%b0%d1%8e%d1%89%d0%b8%d0%b9-%d0%b8-%d0%bc%d0%b0%d1%82%d0%b8%d1%80%d1%83%d1%8e%d1%89%d0%b8%d0%b9-%d1%81%d0%b5%d1%80%d1%83%d0%bc-%d0%b4%d0%bb%d1%8f\/#primaryimage\"},\"image\":{\"@id\":\"https:\/\/spskincare.ee\/et\/toode\/%d1%83%d1%81%d0%bf%d0%be%d0%ba%d0%b0%d0%b8%d0%b2%d0%b0%d1%8e%d1%89%d0%b8%d0%b9-%d0%b8-%d0%bc%d0%b0%d1%82%d0%b8%d1%80%d1%83%d1%8e%d1%89%d0%b8%d0%b9-%d1%81%d0%b5%d1%80%d1%83%d0%bc-%d0%b4%d0%bb%d1%8f\/#primaryimage\"},\"thumbnailUrl\":\"https:\/\/spskincare.ee\/wp-content\/uploads\/2023\/06\/434.png\",\"datePublished\":\"2023-06-20T05:20:32+00:00\",\"breadcrumb\":{\"@id\":\"https:\/\/spskincare.ee\/et\/toode\/%d1%83%d1%81%d0%bf%d0%be%d0%ba%d0%b0%d0%b8%d0%b2%d0%b0%d1%8e%d1%89%d0%b8%d0%b9-%d0%b8-%d0%bc%d0%b0%d1%82%d0%b8%d1%80%d1%83%d1%8e%d1%89%d0%b8%d0%b9-%d1%81%d0%b5%d1%80%d1%83%d0%bc-%d0%b4%d0%bb%d1%8f\/#breadcrumb\"},\"inLanguage\":\"et\",\"potentialAction\":[{\"@type\":\"ReadAction\",\"target\":[\"https:\/\/spskincare.ee\/et\/toode\/%d1%83%d1%81%d0%bf%d0%be%d0%ba%d0%b0%d0%b8%d0%b2%d0%b0%d1%8e%d1%89%d0%b8%d0%b9-%d0%b8-%d0%bc%d0%b0%d1%82%d0%b8%d1%80%d1%83%d1%8e%d1%89%d0%b8%d0%b9-%d1%81%d0%b5%d1%80%d1%83%d0%bc-%d0%b4%d0%bb%d1%8f\/\"]}]},{\"@type\":\"ImageObject\",\"inLanguage\":\"et\",\"@id\":\"https:\/\/spskincare.ee\/et\/toode\/%d1%83%d1%81%d0%bf%d0%be%d0%ba%d0%b0%d0%b8%d0%b2%d0%b0%d1%8e%d1%89%d0%b8%d0%b9-%d0%b8-%d0%bc%d0%b0%d1%82%d0%b8%d1%80%d1%83%d1%8e%d1%89%d0%b8%d0%b9-%d1%81%d0%b5%d1%80%d1%83%d0%bc-%d0%b4%d0%bb%d1%8f\/#primaryimage\",\"url\":\"https:\/\/spskincare.ee\/wp-content\/uploads\/2023\/06\/434.png\",\"contentUrl\":\"https:\/\/spskincare.ee\/wp-content\/uploads\/2023\/06\/434.png\",\"width\":1481,\"height\":1486},{\"@type\":\"BreadcrumbList\",\"@id\":\"https:\/\/spskincare.ee\/et\/toode\/%d1%83%d1%81%d0%bf%d0%be%d0%ba%d0%b0%d0%b8%d0%b2%d0%b0%d1%8e%d1%89%d0%b8%d0%b9-%d0%b8-%d0%bc%d0%b0%d1%82%d0%b8%d1%80%d1%83%d1%8e%d1%89%d0%b8%d0%b9-%d1%81%d0%b5%d1%80%d1%83%d0%bc-%d0%b4%d0%bb%d1%8f\/#breadcrumb\",\"itemListElement\":[{\"@type\":\"ListItem\",\"position\":1,\"name\":\"\u0413\u043b\u0430\u0432\u043d\u0430\u044f \u0441\u0442\u0440\u0430\u043d\u0438\u0446\u0430\",\"item\":\"https:\/\/spskincare.ee\/et\/\"},{\"@type\":\"ListItem\",\"position\":2,\"name\":\"Shop\",\"item\":\"https:\/\/spskincare.ee\/shop\/\"},{\"@type\":\"ListItem\",\"position\":3,\"name\":\"CLEAR CELL Rahustav ja matistav seerum probleemsele nahale\"}]},{\"@type\":\"WebSite\",\"@id\":\"https:\/\/spskincare.ee\/et\/#website\",\"url\":\"https:\/\/spskincare.ee\/et\/\",\"name\":\"SPskincare\",\"description\":\"kosmeetik Tallinnas\",\"publisher\":{\"@id\":\"https:\/\/spskincare.ee\/et\/#organization\"},\"potentialAction\":[{\"@type\":\"SearchAction\",\"target\":{\"@type\":\"EntryPoint\",\"urlTemplate\":\"https:\/\/spskincare.ee\/et\/?s={search_term_string}\"},\"query-input\":{\"@type\":\"PropertyValueSpecification\",\"valueRequired\":true,\"valueName\":\"search_term_string\"}}],\"inLanguage\":\"et\"},{\"@type\":\"Organization\",\"@id\":\"https:\/\/spskincare.ee\/et\/#organization\",\"name\":\"SPskincare\",\"url\":\"https:\/\/spskincare.ee\/et\/\",\"logo\":{\"@type\":\"ImageObject\",\"inLanguage\":\"et\",\"@id\":\"https:\/\/spskincare.ee\/et\/#\/schema\/logo\/image\/\",\"url\":\"https:\/\/spskincare.ee\/wp-content\/uploads\/2023\/05\/SP_logo_trans.png\",\"contentUrl\":\"https:\/\/spskincare.ee\/wp-content\/uploads\/2023\/05\/SP_logo_trans.png\",\"width\":500,\"height\":500,\"caption\":\"SPskincare\"},\"image\":{\"@id\":\"https:\/\/spskincare.ee\/et\/#\/schema\/logo\/image\/\"},\"sameAs\":[\"https:\/\/www.facebook.com\/sabina.marahhovskaja\",\"https:\/\/www.instagram.com\/sabinapuskina.kosmetoloog\/\"]}]}<\/script>\n<!-- \/ Yoast SEO plugin. -->","yoast_head_json":{"title":"CLEAR CELL Rahustav ja matistav seerum probleemsele nahale - SPskincare","robots":{"index":"index","follow":"follow","max-snippet":"max-snippet:-1","max-image-preview":"max-image-preview:large","max-video-preview":"max-video-preview:-1"},"canonical":"https:\/\/spskincare.ee\/et\/toode\/%d1%83%d1%81%d0%bf%d0%be%d0%ba%d0%b0%d0%b8%d0%b2%d0%b0%d1%8e%d1%89%d0%b8%d0%b9-%d0%b8-%d0%bc%d0%b0%d1%82%d0%b8%d1%80%d1%83%d1%8e%d1%89%d0%b8%d0%b9-%d1%81%d0%b5%d1%80%d1%83%d0%bc-%d0%b4%d0%bb%d1%8f\/","og_locale":"et_EE","og_type":"article","og_title":"CLEAR CELL Rahustav ja matistav seerum probleemsele nahale - SPskincare","og_description":"Probleemset ja liigrasust nahka rahustav ja niisutav \u00f5livaba seerum, mis imeb naha pinnal oleva rasu, j\u00e4ttes jume kauniks ja matiks. Unikaalne ja patenteeritud Granactive Acne kompleks aitab p\u00e4rssida aknebakterite paljunemist. M\u00fcndileht ja aaloe lehe mahl aitavad nahka niisutada ning v\u00e4hendada punetust ja rahustada p\u00f5letikukoldeid. Toote suurus 28 g.","og_url":"https:\/\/spskincare.ee\/et\/toode\/%d1%83%d1%81%d0%bf%d0%be%d0%ba%d0%b0%d0%b8%d0%b2%d0%b0%d1%8e%d1%89%d0%b8%d0%b9-%d0%b8-%d0%bc%d0%b0%d1%82%d0%b8%d1%80%d1%83%d1%8e%d1%89%d0%b8%d0%b9-%d1%81%d0%b5%d1%80%d1%83%d0%bc-%d0%b4%d0%bb%d1%8f\/","og_site_name":"SPskincare","article_publisher":"https:\/\/www.facebook.com\/sabina.marahhovskaja","og_image":[{"width":1481,"height":1486,"url":"https:\/\/spskincare.ee\/wp-content\/uploads\/2023\/06\/434.png","type":"image\/png"}],"twitter_card":"summary_large_image","twitter_misc":{"Est. reading time":"1 minut"},"schema":{"@context":"https:\/\/schema.org","@graph":[{"@type":"WebPage","@id":"https:\/\/spskincare.ee\/et\/toode\/%d1%83%d1%81%d0%bf%d0%be%d0%ba%d0%b0%d0%b8%d0%b2%d0%b0%d1%8e%d1%89%d0%b8%d0%b9-%d0%b8-%d0%bc%d0%b0%d1%82%d0%b8%d1%80%d1%83%d1%8e%d1%89%d0%b8%d0%b9-%d1%81%d0%b5%d1%80%d1%83%d0%bc-%d0%b4%d0%bb%d1%8f\/","url":"https:\/\/spskincare.ee\/et\/toode\/%d1%83%d1%81%d0%bf%d0%be%d0%ba%d0%b0%d0%b8%d0%b2%d0%b0%d1%8e%d1%89%d0%b8%d0%b9-%d0%b8-%d0%bc%d0%b0%d1%82%d0%b8%d1%80%d1%83%d1%8e%d1%89%d0%b8%d0%b9-%d1%81%d0%b5%d1%80%d1%83%d0%bc-%d0%b4%d0%bb%d1%8f\/","name":"CLEAR CELL Rahustav ja matistav seerum probleemsele nahale - SPskincare","isPartOf":{"@id":"https:\/\/spskincare.ee\/et\/#website"},"primaryImageOfPage":{"@id":"https:\/\/spskincare.ee\/et\/toode\/%d1%83%d1%81%d0%bf%d0%be%d0%ba%d0%b0%d0%b8%d0%b2%d0%b0%d1%8e%d1%89%d0%b8%d0%b9-%d0%b8-%d0%bc%d0%b0%d1%82%d0%b8%d1%80%d1%83%d1%8e%d1%89%d0%b8%d0%b9-%d1%81%d0%b5%d1%80%d1%83%d0%bc-%d0%b4%d0%bb%d1%8f\/#primaryimage"},"image":{"@id":"https:\/\/spskincare.ee\/et\/toode\/%d1%83%d1%81%d0%bf%d0%be%d0%ba%d0%b0%d0%b8%d0%b2%d0%b0%d1%8e%d1%89%d0%b8%d0%b9-%d0%b8-%d0%bc%d0%b0%d1%82%d0%b8%d1%80%d1%83%d1%8e%d1%89%d0%b8%d0%b9-%d1%81%d0%b5%d1%80%d1%83%d0%bc-%d0%b4%d0%bb%d1%8f\/#primaryimage"},"thumbnailUrl":"https:\/\/spskincare.ee\/wp-content\/uploads\/2023\/06\/434.png","datePublished":"2023-06-20T05:20:32+00:00","breadcrumb":{"@id":"https:\/\/spskincare.ee\/et\/toode\/%d1%83%d1%81%d0%bf%d0%be%d0%ba%d0%b0%d0%b8%d0%b2%d0%b0%d1%8e%d1%89%d0%b8%d0%b9-%d0%b8-%d0%bc%d0%b0%d1%82%d0%b8%d1%80%d1%83%d1%8e%d1%89%d0%b8%d0%b9-%d1%81%d0%b5%d1%80%d1%83%d0%bc-%d0%b4%d0%bb%d1%8f\/#breadcrumb"},"inLanguage":"et","potentialAction":[{"@type":"ReadAction","target":["https:\/\/spskincare.ee\/et\/toode\/%d1%83%d1%81%d0%bf%d0%be%d0%ba%d0%b0%d0%b8%d0%b2%d0%b0%d1%8e%d1%89%d0%b8%d0%b9-%d0%b8-%d0%bc%d0%b0%d1%82%d0%b8%d1%80%d1%83%d1%8e%d1%89%d0%b8%d0%b9-%d1%81%d0%b5%d1%80%d1%83%d0%bc-%d0%b4%d0%bb%d1%8f\/"]}]},{"@type":"ImageObject","inLanguage":"et","@id":"https:\/\/spskincare.ee\/et\/toode\/%d1%83%d1%81%d0%bf%d0%be%d0%ba%d0%b0%d0%b8%d0%b2%d0%b0%d1%8e%d1%89%d0%b8%d0%b9-%d0%b8-%d0%bc%d0%b0%d1%82%d0%b8%d1%80%d1%83%d1%8e%d1%89%d0%b8%d0%b9-%d1%81%d0%b5%d1%80%d1%83%d0%bc-%d0%b4%d0%bb%d1%8f\/#primaryimage","url":"https:\/\/spskincare.ee\/wp-content\/uploads\/2023\/06\/434.png","contentUrl":"https:\/\/spskincare.ee\/wp-content\/uploads\/2023\/06\/434.png","width":1481,"height":1486},{"@type":"BreadcrumbList","@id":"https:\/\/spskincare.ee\/et\/toode\/%d1%83%d1%81%d0%bf%d0%be%d0%ba%d0%b0%d0%b8%d0%b2%d0%b0%d1%8e%d1%89%d0%b8%d0%b9-%d0%b8-%d0%bc%d0%b0%d1%82%d0%b8%d1%80%d1%83%d1%8e%d1%89%d0%b8%d0%b9-%d1%81%d0%b5%d1%80%d1%83%d0%bc-%d0%b4%d0%bb%d1%8f\/#breadcrumb","itemListElement":[{"@type":"ListItem","position":1,"name":"\u0413\u043b\u0430\u0432\u043d\u0430\u044f \u0441\u0442\u0440\u0430\u043d\u0438\u0446\u0430","item":"https:\/\/spskincare.ee\/et\/"},{"@type":"ListItem","position":2,"name":"Shop","item":"https:\/\/spskincare.ee\/shop\/"},{"@type":"ListItem","position":3,"name":"CLEAR CELL Rahustav ja matistav seerum probleemsele nahale"}]},{"@type":"WebSite","@id":"https:\/\/spskincare.ee\/et\/#website","url":"https:\/\/spskincare.ee\/et\/","name":"SPskincare","description":"kosmeetik Tallinnas","publisher":{"@id":"https:\/\/spskincare.ee\/et\/#organization"},"potentialAction":[{"@type":"SearchAction","target":{"@type":"EntryPoint","urlTemplate":"https:\/\/spskincare.ee\/et\/?s={search_term_string}"},"query-input":{"@type":"PropertyValueSpecification","valueRequired":true,"valueName":"search_term_string"}}],"inLanguage":"et"},{"@type":"Organization","@id":"https:\/\/spskincare.ee\/et\/#organization","name":"SPskincare","url":"https:\/\/spskincare.ee\/et\/","logo":{"@type":"ImageObject","inLanguage":"et","@id":"https:\/\/spskincare.ee\/et\/#\/schema\/logo\/image\/","url":"https:\/\/spskincare.ee\/wp-content\/uploads\/2023\/05\/SP_logo_trans.png","contentUrl":"https:\/\/spskincare.ee\/wp-content\/uploads\/2023\/05\/SP_logo_trans.png","width":500,"height":500,"caption":"SPskincare"},"image":{"@id":"https:\/\/spskincare.ee\/et\/#\/schema\/logo\/image\/"},"sameAs":["https:\/\/www.facebook.com\/sabina.marahhovskaja","https:\/\/www.instagram.com\/sabinapuskina.kosmetoloog\/"]}]}},"_links":{"self":[{"href":"https:\/\/spskincare.ee\/et\/wp-json\/wp\/v2\/product\/5915","targetHints":{"allow":["GET"]}}],"collection":[{"href":"https:\/\/spskincare.ee\/et\/wp-json\/wp\/v2\/product"}],"about":[{"href":"https:\/\/spskincare.ee\/et\/wp-json\/wp\/v2\/types\/product"}],"wp:featuredmedia":[{"embeddable":true,"href":"https:\/\/spskincare.ee\/et\/wp-json\/wp\/v2\/media\/5652"}],"wp:attachment":[{"href":"https:\/\/spskincare.ee\/et\/wp-json\/wp\/v2\/media?parent=5915"}],"wp:term":[{"taxonomy":"product_brand","embeddable":true,"href":"https:\/\/spskincare.ee\/et\/wp-json\/wp\/v2\/product_brand?post=5915"},{"taxonomy":"product_cat","embeddable":true,"href":"https:\/\/spskincare.ee\/et\/wp-json\/wp\/v2\/product_cat?post=5915"},{"taxonomy":"product_tag","embeddable":true,"href":"https:\/\/spskincare.ee\/et\/wp-json\/wp\/v2\/product_tag?post=5915"}],"curies":[{"name":"wp","href":"https:\/\/api.w.org\/{rel}","templated":true}]}}